{"id":16024,"date":"2021-03-24T12:43:09","date_gmt":"2021-03-24T11:43:09","guid":{"rendered":"https:\/\/www.stonecity.cz\/produkt\/black-slate-qua-36\/"},"modified":"2021-03-24T12:43:09","modified_gmt":"2021-03-24T11:43:09","slug":"stone-tile-athena-qua-06","status":"publish","type":"product","link":"https:\/\/www.stonecity.cz\/en\/produkt\/stone-tile-athena-qua-06\/","title":{"rendered":"Black Slate QUA-36"},"content":{"rendered":"<p>Back Slate is a natural stone that is quarried in Greek quarries in the foothills of Paggaio-Kavala.<br \/>\nBlack Slate is a stone tile with irregular shapes, natural surface, high frost resistance, high hardness and high resistance to weathering and weathering.<br \/>\nHand-cut slate has an irregular shape of individual stones, top and bottom side with rough surface and stone thickness 1-3 cm<\/p>\n<p>It is thanks to the handmade work that the final product is original and different from ordinary cut tiles. It gives the stone a unique natural beauty and room for creative laying solutions.<br \/>\nYou can be sure that no one will have the same tiles as yours!<\/p>\n<p>Dimensions: thickness 1-3 cm<br \/>\nPacking: 10 m2 including joint\/450 kg<\/p>\n<p>Use: Outdoor paving, around swimming pools, corridors, terraces, pavements, squares, indoor paving, fireplace cladding, facade cladding, garden<\/p>\n<p>Easy installation and minimal maintenance.<\/p>\n<p><strong><a href=\"https:\/\/www.stonecity.cz\/wp-content\/uploads\/2021\/03\/Katalogovy-list-Black-Slate-QUA-36.pdf\">Catalogue sheet Black Slate QUA-36<\/a><\/strong><\/p>\n","protected":false},"excerpt":{"rendered":"<p>Back Slate is a natural stone that is quarried in Greek quarries in the foothills of Paggaio-Kavala. Black Slate is a stone tile with irregular shapes, natural surface, high frost resistance, high hardness and high resistance to weathering and weathering. Hand-cut slate has an irregular shape of individual stones, top and bottom side with rough [&#8230;]\n","protected":false},"featured_media":13757,"template":"","meta":[],"product_cat":[2040,2032,2034,1916,1922,1924],"product_tag":[1741,1744,1752,1751],"class_list":{"0":"post-16024","1":"product","2":"type-product","3":"status-publish","4":"has-post-thumbnail","6":"product_cat-stone-veneer","7":"product_cat-natural-stone-en","8":"product_cat-slate-en","9":"product_cat-pavements","10":"product_cat-natural-stone","11":"product_cat-slate","12":"product_tag-facade-cladding","13":"product_tag-suitable-for-outdoors","14":"product_tag-suitable-for-the-garden-en","15":"product_tag-suitable-for-the-terrace","16":"pa_baleni-pallet-10m2-450-kg-7-10-pcs-m2","18":"first","19":"instock","20":"purchasable","21":"product-type-simple"},"yoast_head":"<!-- This site is optimized with the Yoast SEO plugin v26.8 - https:\/\/yoast.com\/product\/yoast-seo-wordpress\/ -->\n<title>Black Slate QUA-36 - Stonecity.cz<\/title>\n<meta name=\"robots\" content=\"index, follow, max-snippet:-1, max-image-preview:large, max-video-preview:-1\" \/>\n<link rel=\"canonical\" href=\"https:\/\/www.stonecity.cz\/en\/produkt\/stone-tile-athena-qua-06\/\" \/>\n<meta property=\"og:locale\" content=\"en_US\" \/>\n<meta property=\"og:type\" content=\"article\" \/>\n<meta property=\"og:title\" content=\"Black Slate QUA-36 - Stonecity.cz\" \/>\n<meta property=\"og:description\" content=\"Back Slate is a natural stone that is quarried in Greek quarries in the foothills of Paggaio-Kavala. Black Slate is a stone tile with irregular shapes, natural surface, high frost resistance, high hardness and high resistance to weathering and weathering. Hand-cut slate has an irregular shape of individual stones, top and bottom side with rough [...]\" \/>\n<meta property=\"og:url\" content=\"https:\/\/www.stonecity.cz\/en\/produkt\/stone-tile-athena-qua-06\/\" \/>\n<meta property=\"og:site_name\" content=\"Stonecity.cz\" \/>\n<meta property=\"og:image\" content=\"https:\/\/www.stonecity.cz\/wp-content\/uploads\/2021\/03\/Black-Slate.jpg\" \/>\n\t<meta property=\"og:image:width\" content=\"1000\" \/>\n\t<meta property=\"og:image:height\" content=\"687\" \/>\n\t<meta property=\"og:image:type\" content=\"image\/jpeg\" \/>\n<meta name=\"twitter:card\" content=\"summary_large_image\" \/>\n<meta name=\"twitter:label1\" content=\"Est. reading time\" \/>\n\t<meta name=\"twitter:data1\" content=\"1 minute\" \/>\n<script type=\"application\/ld+json\" class=\"yoast-schema-graph\">{\"@context\":\"https:\/\/schema.org\",\"@graph\":[{\"@type\":\"WebPage\",\"@id\":\"https:\/\/www.stonecity.cz\/en\/produkt\/stone-tile-athena-qua-06\/\",\"url\":\"https:\/\/www.stonecity.cz\/en\/produkt\/stone-tile-athena-qua-06\/\",\"name\":\"Black Slate QUA-36 - Stonecity.cz\",\"isPartOf\":{\"@id\":\"https:\/\/www.stonecity.cz\/en\/#website\"},\"primaryImageOfPage\":{\"@id\":\"https:\/\/www.stonecity.cz\/en\/produkt\/stone-tile-athena-qua-06\/#primaryimage\"},\"image\":{\"@id\":\"https:\/\/www.stonecity.cz\/en\/produkt\/stone-tile-athena-qua-06\/#primaryimage\"},\"thumbnailUrl\":\"https:\/\/www.stonecity.cz\/wp-content\/uploads\/2021\/03\/Black-Slate.jpg\",\"datePublished\":\"2021-03-24T11:43:09+00:00\",\"breadcrumb\":{\"@id\":\"https:\/\/www.stonecity.cz\/en\/produkt\/stone-tile-athena-qua-06\/#breadcrumb\"},\"inLanguage\":\"en-US\",\"potentialAction\":[{\"@type\":\"ReadAction\",\"target\":[\"https:\/\/www.stonecity.cz\/en\/produkt\/stone-tile-athena-qua-06\/\"]}]},{\"@type\":\"ImageObject\",\"inLanguage\":\"en-US\",\"@id\":\"https:\/\/www.stonecity.cz\/en\/produkt\/stone-tile-athena-qua-06\/#primaryimage\",\"url\":\"https:\/\/www.stonecity.cz\/wp-content\/uploads\/2021\/03\/Black-Slate.jpg\",\"contentUrl\":\"https:\/\/www.stonecity.cz\/wp-content\/uploads\/2021\/03\/Black-Slate.jpg\",\"width\":1000,\"height\":687},{\"@type\":\"BreadcrumbList\",\"@id\":\"https:\/\/www.stonecity.cz\/en\/produkt\/stone-tile-athena-qua-06\/#breadcrumb\",\"itemListElement\":[{\"@type\":\"ListItem\",\"position\":1,\"name\":\"Dom\u016f\",\"item\":\"https:\/\/www.stonecity.cz\/en\/\"},{\"@type\":\"ListItem\",\"position\":2,\"name\":\"Shop\",\"item\":\"https:\/\/www.stonecity.cz\/en\/shop\/\"},{\"@type\":\"ListItem\",\"position\":3,\"name\":\"Black Slate QUA-36\"}]},{\"@type\":\"WebSite\",\"@id\":\"https:\/\/www.stonecity.cz\/en\/#website\",\"url\":\"https:\/\/www.stonecity.cz\/en\/\",\"name\":\"Stonecity.cz\",\"description\":\"Dla\u017eba, obklady, um\u011bl\u00fd i p\u0159\u00edrodn\u00ed k\u00e1men\",\"potentialAction\":[{\"@type\":\"SearchAction\",\"target\":{\"@type\":\"EntryPoint\",\"urlTemplate\":\"https:\/\/www.stonecity.cz\/en\/?s={search_term_string}\"},\"query-input\":{\"@type\":\"PropertyValueSpecification\",\"valueRequired\":true,\"valueName\":\"search_term_string\"}}],\"inLanguage\":\"en-US\"}]}<\/script>\n<!-- \/ Yoast SEO plugin. -->","yoast_head_json":{"title":"Black Slate QUA-36 - Stonecity.cz","robots":{"index":"index","follow":"follow","max-snippet":"max-snippet:-1","max-image-preview":"max-image-preview:large","max-video-preview":"max-video-preview:-1"},"canonical":"https:\/\/www.stonecity.cz\/en\/produkt\/stone-tile-athena-qua-06\/","og_locale":"en_US","og_type":"article","og_title":"Black Slate QUA-36 - Stonecity.cz","og_description":"Back Slate is a natural stone that is quarried in Greek quarries in the foothills of Paggaio-Kavala. Black Slate is a stone tile with irregular shapes, natural surface, high frost resistance, high hardness and high resistance to weathering and weathering. Hand-cut slate has an irregular shape of individual stones, top and bottom side with rough [...]","og_url":"https:\/\/www.stonecity.cz\/en\/produkt\/stone-tile-athena-qua-06\/","og_site_name":"Stonecity.cz","og_image":[{"width":1000,"height":687,"url":"https:\/\/www.stonecity.cz\/wp-content\/uploads\/2021\/03\/Black-Slate.jpg","type":"image\/jpeg"}],"twitter_card":"summary_large_image","twitter_misc":{"Est. reading time":"1 minute"},"schema":{"@context":"https:\/\/schema.org","@graph":[{"@type":"WebPage","@id":"https:\/\/www.stonecity.cz\/en\/produkt\/stone-tile-athena-qua-06\/","url":"https:\/\/www.stonecity.cz\/en\/produkt\/stone-tile-athena-qua-06\/","name":"Black Slate QUA-36 - Stonecity.cz","isPartOf":{"@id":"https:\/\/www.stonecity.cz\/en\/#website"},"primaryImageOfPage":{"@id":"https:\/\/www.stonecity.cz\/en\/produkt\/stone-tile-athena-qua-06\/#primaryimage"},"image":{"@id":"https:\/\/www.stonecity.cz\/en\/produkt\/stone-tile-athena-qua-06\/#primaryimage"},"thumbnailUrl":"https:\/\/www.stonecity.cz\/wp-content\/uploads\/2021\/03\/Black-Slate.jpg","datePublished":"2021-03-24T11:43:09+00:00","breadcrumb":{"@id":"https:\/\/www.stonecity.cz\/en\/produkt\/stone-tile-athena-qua-06\/#breadcrumb"},"inLanguage":"en-US","potentialAction":[{"@type":"ReadAction","target":["https:\/\/www.stonecity.cz\/en\/produkt\/stone-tile-athena-qua-06\/"]}]},{"@type":"ImageObject","inLanguage":"en-US","@id":"https:\/\/www.stonecity.cz\/en\/produkt\/stone-tile-athena-qua-06\/#primaryimage","url":"https:\/\/www.stonecity.cz\/wp-content\/uploads\/2021\/03\/Black-Slate.jpg","contentUrl":"https:\/\/www.stonecity.cz\/wp-content\/uploads\/2021\/03\/Black-Slate.jpg","width":1000,"height":687},{"@type":"BreadcrumbList","@id":"https:\/\/www.stonecity.cz\/en\/produkt\/stone-tile-athena-qua-06\/#breadcrumb","itemListElement":[{"@type":"ListItem","position":1,"name":"Dom\u016f","item":"https:\/\/www.stonecity.cz\/en\/"},{"@type":"ListItem","position":2,"name":"Shop","item":"https:\/\/www.stonecity.cz\/en\/shop\/"},{"@type":"ListItem","position":3,"name":"Black Slate QUA-36"}]},{"@type":"WebSite","@id":"https:\/\/www.stonecity.cz\/en\/#website","url":"https:\/\/www.stonecity.cz\/en\/","name":"Stonecity.cz","description":"Dla\u017eba, obklady, um\u011bl\u00fd i p\u0159\u00edrodn\u00ed k\u00e1men","potentialAction":[{"@type":"SearchAction","target":{"@type":"EntryPoint","urlTemplate":"https:\/\/www.stonecity.cz\/en\/?s={search_term_string}"},"query-input":{"@type":"PropertyValueSpecification","valueRequired":true,"valueName":"search_term_string"}}],"inLanguage":"en-US"}]}},"_links":{"self":[{"href":"https:\/\/www.stonecity.cz\/en\/wp-json\/wp\/v2\/product\/16024","targetHints":{"allow":["GET"]}}],"collection":[{"href":"https:\/\/www.stonecity.cz\/en\/wp-json\/wp\/v2\/product"}],"about":[{"href":"https:\/\/www.stonecity.cz\/en\/wp-json\/wp\/v2\/types\/product"}],"wp:featuredmedia":[{"embeddable":true,"href":"https:\/\/www.stonecity.cz\/en\/wp-json\/wp\/v2\/media\/13757"}],"wp:attachment":[{"href":"https:\/\/www.stonecity.cz\/en\/wp-json\/wp\/v2\/media?parent=16024"}],"wp:term":[{"taxonomy":"product_cat","embeddable":true,"href":"https:\/\/www.stonecity.cz\/en\/wp-json\/wp\/v2\/product_cat?post=16024"},{"taxonomy":"product_tag","embeddable":true,"href":"https:\/\/www.stonecity.cz\/en\/wp-json\/wp\/v2\/product_tag?post=16024"}],"curies":[{"name":"wp","href":"https:\/\/api.w.org\/{rel}","templated":true}]}}