{"id":16047,"date":"2021-03-19T13:46:59","date_gmt":"2021-03-19T12:46:59","guid":{"rendered":"https:\/\/www.stonecity.cz\/produkt\/grand-canyon-slate-stone-veneer-bc-16\/"},"modified":"2021-03-19T13:46:59","modified_gmt":"2021-03-19T12:46:59","slug":"stone-dyke-grand-canyon-slate","status":"publish","type":"product","link":"https:\/\/www.stonecity.cz\/en\/produkt\/stone-dyke-grand-canyon-slate\/","title":{"rendered":"Grand Canyon Slate stone veneer BC-16"},"content":{"rendered":"<div style=\"width: 848px;\" class=\"wp-video\"><!--[if lt IE 9]><script>document.createElement('video');<\/script><![endif]-->\n<video class=\"wp-video-shortcode\" id=\"video-16047-1\" width=\"848\" height=\"480\" preload=\"metadata\" controls=\"controls\"><source type=\"video\/mp4\" src=\"https:\/\/www.stonecity.cz\/wp-content\/uploads\/2021\/03\/Kamenna-dyha-Grand-Canyon.mp4?_=1\" \/><a href=\"https:\/\/www.stonecity.cz\/wp-content\/uploads\/2021\/03\/Kamenna-dyha-Grand-Canyon.mp4\">https:\/\/www.stonecity.cz\/wp-content\/uploads\/2021\/03\/Kamenna-dyha-Grand-Canyon.mp4<\/a><\/video><\/div>\n<p>Natural stone wallpaper suitable for external and internal use.<\/p>\n<p>&nbsp;<\/p>\n","protected":false},"excerpt":{"rendered":"<p>Natural stone wallpaper suitable for external and internal use. &nbsp;<\/p>\n","protected":false},"featured_media":14244,"template":"","meta":[],"product_cat":[2040,2032,2034,2028,2030],"product_tag":[1741,1745,1744,1748,1746,1747,1749],"class_list":{"0":"post-16047","1":"product","2":"type-product","3":"status-publish","4":"has-post-thumbnail","6":"product_cat-stone-veneer","7":"product_cat-natural-stone-en","8":"product_cat-slate-en","9":"product_cat-stone-wallpaper","10":"product_cat-stone-wallpaper-tiles","11":"product_tag-facade-cladding","12":"product_tag-suitable-for-indoors","13":"product_tag-suitable-for-outdoors","14":"product_tag-suitable-for-sauna","15":"product_tag-suitable-for-the-bathroom","16":"product_tag-suitable-for-the-kitchen","17":"product_tag-suitable-for-wellness","18":"pa_baleni-carton-25-pcs","19":"pa_tloustka-3mm-en","21":"first","22":"instock","23":"taxable","24":"shipping-taxable","25":"purchasable","26":"product-type-simple"},"yoast_head":"<!-- This site is optimized with the Yoast SEO plugin v26.8 - https:\/\/yoast.com\/product\/yoast-seo-wordpress\/ -->\n<title>Grand Canyon Slate stone veneer BC-16 - Stonecity.cz<\/title>\n<meta name=\"robots\" content=\"index, follow, max-snippet:-1, max-image-preview:large, max-video-preview:-1\" \/>\n<link rel=\"canonical\" href=\"https:\/\/www.stonecity.cz\/en\/produkt\/stone-dyke-grand-canyon-slate\/\" \/>\n<meta property=\"og:locale\" content=\"en_US\" \/>\n<meta property=\"og:type\" content=\"article\" \/>\n<meta property=\"og:title\" content=\"Grand Canyon Slate stone veneer BC-16 - Stonecity.cz\" \/>\n<meta property=\"og:description\" content=\"Natural stone wallpaper suitable for external and internal use. &nbsp;\" \/>\n<meta property=\"og:url\" content=\"https:\/\/www.stonecity.cz\/en\/produkt\/stone-dyke-grand-canyon-slate\/\" \/>\n<meta property=\"og:site_name\" content=\"Stonecity.cz\" \/>\n<meta property=\"og:image\" content=\"https:\/\/www.stonecity.cz\/wp-content\/uploads\/2021\/03\/Kamenna-dyha-Grand-Canyon-1-1.jpg\" \/>\n\t<meta property=\"og:image:width\" content=\"966\" \/>\n\t<meta property=\"og:image:height\" content=\"1911\" \/>\n\t<meta property=\"og:image:type\" content=\"image\/jpeg\" \/>\n<meta name=\"twitter:card\" content=\"summary_large_image\" \/>\n<script type=\"application\/ld+json\" class=\"yoast-schema-graph\">{\"@context\":\"https:\/\/schema.org\",\"@graph\":[{\"@type\":\"WebPage\",\"@id\":\"https:\/\/www.stonecity.cz\/en\/produkt\/stone-dyke-grand-canyon-slate\/\",\"url\":\"https:\/\/www.stonecity.cz\/en\/produkt\/stone-dyke-grand-canyon-slate\/\",\"name\":\"Grand Canyon Slate stone veneer BC-16 - Stonecity.cz\",\"isPartOf\":{\"@id\":\"https:\/\/www.stonecity.cz\/en\/#website\"},\"primaryImageOfPage\":{\"@id\":\"https:\/\/www.stonecity.cz\/en\/produkt\/stone-dyke-grand-canyon-slate\/#primaryimage\"},\"image\":{\"@id\":\"https:\/\/www.stonecity.cz\/en\/produkt\/stone-dyke-grand-canyon-slate\/#primaryimage\"},\"thumbnailUrl\":\"https:\/\/www.stonecity.cz\/wp-content\/uploads\/2021\/03\/Kamenna-dyha-Grand-Canyon-1-1.jpg\",\"datePublished\":\"2021-03-19T12:46:59+00:00\",\"breadcrumb\":{\"@id\":\"https:\/\/www.stonecity.cz\/en\/produkt\/stone-dyke-grand-canyon-slate\/#breadcrumb\"},\"inLanguage\":\"en-US\",\"potentialAction\":[{\"@type\":\"ReadAction\",\"target\":[\"https:\/\/www.stonecity.cz\/en\/produkt\/stone-dyke-grand-canyon-slate\/\"]}]},{\"@type\":\"ImageObject\",\"inLanguage\":\"en-US\",\"@id\":\"https:\/\/www.stonecity.cz\/en\/produkt\/stone-dyke-grand-canyon-slate\/#primaryimage\",\"url\":\"https:\/\/www.stonecity.cz\/wp-content\/uploads\/2021\/03\/Kamenna-dyha-Grand-Canyon-1-1.jpg\",\"contentUrl\":\"https:\/\/www.stonecity.cz\/wp-content\/uploads\/2021\/03\/Kamenna-dyha-Grand-Canyon-1-1.jpg\",\"width\":966,\"height\":1911},{\"@type\":\"BreadcrumbList\",\"@id\":\"https:\/\/www.stonecity.cz\/en\/produkt\/stone-dyke-grand-canyon-slate\/#breadcrumb\",\"itemListElement\":[{\"@type\":\"ListItem\",\"position\":1,\"name\":\"Dom\u016f\",\"item\":\"https:\/\/www.stonecity.cz\/en\/\"},{\"@type\":\"ListItem\",\"position\":2,\"name\":\"Shop\",\"item\":\"https:\/\/www.stonecity.cz\/en\/shop\/\"},{\"@type\":\"ListItem\",\"position\":3,\"name\":\"Grand Canyon Slate stone veneer BC-16\"}]},{\"@type\":\"WebSite\",\"@id\":\"https:\/\/www.stonecity.cz\/en\/#website\",\"url\":\"https:\/\/www.stonecity.cz\/en\/\",\"name\":\"Stonecity.cz\",\"description\":\"Dla\u017eba, obklady, um\u011bl\u00fd i p\u0159\u00edrodn\u00ed k\u00e1men\",\"potentialAction\":[{\"@type\":\"SearchAction\",\"target\":{\"@type\":\"EntryPoint\",\"urlTemplate\":\"https:\/\/www.stonecity.cz\/en\/?s={search_term_string}\"},\"query-input\":{\"@type\":\"PropertyValueSpecification\",\"valueRequired\":true,\"valueName\":\"search_term_string\"}}],\"inLanguage\":\"en-US\"}]}<\/script>\n<!-- \/ Yoast SEO plugin. -->","yoast_head_json":{"title":"Grand Canyon Slate stone veneer BC-16 - Stonecity.cz","robots":{"index":"index","follow":"follow","max-snippet":"max-snippet:-1","max-image-preview":"max-image-preview:large","max-video-preview":"max-video-preview:-1"},"canonical":"https:\/\/www.stonecity.cz\/en\/produkt\/stone-dyke-grand-canyon-slate\/","og_locale":"en_US","og_type":"article","og_title":"Grand Canyon Slate stone veneer BC-16 - Stonecity.cz","og_description":"Natural stone wallpaper suitable for external and internal use. &nbsp;","og_url":"https:\/\/www.stonecity.cz\/en\/produkt\/stone-dyke-grand-canyon-slate\/","og_site_name":"Stonecity.cz","og_image":[{"width":966,"height":1911,"url":"https:\/\/www.stonecity.cz\/wp-content\/uploads\/2021\/03\/Kamenna-dyha-Grand-Canyon-1-1.jpg","type":"image\/jpeg"}],"twitter_card":"summary_large_image","schema":{"@context":"https:\/\/schema.org","@graph":[{"@type":"WebPage","@id":"https:\/\/www.stonecity.cz\/en\/produkt\/stone-dyke-grand-canyon-slate\/","url":"https:\/\/www.stonecity.cz\/en\/produkt\/stone-dyke-grand-canyon-slate\/","name":"Grand Canyon Slate stone veneer BC-16 - Stonecity.cz","isPartOf":{"@id":"https:\/\/www.stonecity.cz\/en\/#website"},"primaryImageOfPage":{"@id":"https:\/\/www.stonecity.cz\/en\/produkt\/stone-dyke-grand-canyon-slate\/#primaryimage"},"image":{"@id":"https:\/\/www.stonecity.cz\/en\/produkt\/stone-dyke-grand-canyon-slate\/#primaryimage"},"thumbnailUrl":"https:\/\/www.stonecity.cz\/wp-content\/uploads\/2021\/03\/Kamenna-dyha-Grand-Canyon-1-1.jpg","datePublished":"2021-03-19T12:46:59+00:00","breadcrumb":{"@id":"https:\/\/www.stonecity.cz\/en\/produkt\/stone-dyke-grand-canyon-slate\/#breadcrumb"},"inLanguage":"en-US","potentialAction":[{"@type":"ReadAction","target":["https:\/\/www.stonecity.cz\/en\/produkt\/stone-dyke-grand-canyon-slate\/"]}]},{"@type":"ImageObject","inLanguage":"en-US","@id":"https:\/\/www.stonecity.cz\/en\/produkt\/stone-dyke-grand-canyon-slate\/#primaryimage","url":"https:\/\/www.stonecity.cz\/wp-content\/uploads\/2021\/03\/Kamenna-dyha-Grand-Canyon-1-1.jpg","contentUrl":"https:\/\/www.stonecity.cz\/wp-content\/uploads\/2021\/03\/Kamenna-dyha-Grand-Canyon-1-1.jpg","width":966,"height":1911},{"@type":"BreadcrumbList","@id":"https:\/\/www.stonecity.cz\/en\/produkt\/stone-dyke-grand-canyon-slate\/#breadcrumb","itemListElement":[{"@type":"ListItem","position":1,"name":"Dom\u016f","item":"https:\/\/www.stonecity.cz\/en\/"},{"@type":"ListItem","position":2,"name":"Shop","item":"https:\/\/www.stonecity.cz\/en\/shop\/"},{"@type":"ListItem","position":3,"name":"Grand Canyon Slate stone veneer BC-16"}]},{"@type":"WebSite","@id":"https:\/\/www.stonecity.cz\/en\/#website","url":"https:\/\/www.stonecity.cz\/en\/","name":"Stonecity.cz","description":"Dla\u017eba, obklady, um\u011bl\u00fd i p\u0159\u00edrodn\u00ed k\u00e1men","potentialAction":[{"@type":"SearchAction","target":{"@type":"EntryPoint","urlTemplate":"https:\/\/www.stonecity.cz\/en\/?s={search_term_string}"},"query-input":{"@type":"PropertyValueSpecification","valueRequired":true,"valueName":"search_term_string"}}],"inLanguage":"en-US"}]}},"_links":{"self":[{"href":"https:\/\/www.stonecity.cz\/en\/wp-json\/wp\/v2\/product\/16047","targetHints":{"allow":["GET"]}}],"collection":[{"href":"https:\/\/www.stonecity.cz\/en\/wp-json\/wp\/v2\/product"}],"about":[{"href":"https:\/\/www.stonecity.cz\/en\/wp-json\/wp\/v2\/types\/product"}],"wp:featuredmedia":[{"embeddable":true,"href":"https:\/\/www.stonecity.cz\/en\/wp-json\/wp\/v2\/media\/14244"}],"wp:attachment":[{"href":"https:\/\/www.stonecity.cz\/en\/wp-json\/wp\/v2\/media?parent=16047"}],"wp:term":[{"taxonomy":"product_cat","embeddable":true,"href":"https:\/\/www.stonecity.cz\/en\/wp-json\/wp\/v2\/product_cat?post=16047"},{"taxonomy":"product_tag","embeddable":true,"href":"https:\/\/www.stonecity.cz\/en\/wp-json\/wp\/v2\/product_tag?post=16047"}],"curies":[{"name":"wp","href":"https:\/\/api.w.org\/{rel}","templated":true}]}}