{"id":16051,"date":"2021-02-15T08:11:05","date_gmt":"2021-02-15T07:11:05","guid":{"rendered":"https:\/\/www.stonecity.cz\/produkt\/sandstone-tiles-focus-grey-pi-06-07-08\/"},"modified":"2021-02-15T08:11:05","modified_gmt":"2021-02-15T07:11:05","slug":"stone-tile-focus-grey","status":"publish","type":"product","link":"https:\/\/www.stonecity.cz\/en\/produkt\/stone-tile-focus-grey\/","title":{"rendered":"Sandstone tiles Focus Grey &#8211; (PI-06, 07, 08)"},"content":{"rendered":"<p>Stone pavement made of split sandstone.<\/p>\n<p>Surface: chipped edges, natural surface<\/p>\n<p>Thickness: 2.2 cm, calibrated<\/p>\n<p>Dimensions:<\/p>\n<ul>\n<li>60&#215;90 (PI-07)<\/li>\n<li>60&#215;60 (PI-06)<\/li>\n<li><span style=\"color: #555555; font-size: 14.4px;\">Roman pattern: 60&#215;90 cm\/ 60&#215;60 cm\/ 60&#215;29 cm\/ 29&#215;29 cm (PI-08)<br \/>\n<\/span><\/li>\n<\/ul>\n","protected":false},"excerpt":{"rendered":"<p>Stone pavement made of split sandstone. Surface: chipped edges, natural surface Thickness: 2.2 cm, calibrated Dimensions: 60&#215;90 (PI-07) 60&#215;60 (PI-06) Roman pattern: 60&#215;90 cm\/ 60&#215;60 cm\/ 60&#215;29 cm\/ 29&#215;29 cm (PI-08)<\/p>\n","protected":false},"featured_media":18984,"template":"","meta":[],"product_cat":[3271,1916,1922,1948],"product_tag":[1743,1745,1744,1748,1751,1749],"class_list":{"0":"post-16051","1":"product","2":"type-product","3":"status-publish","4":"has-post-thumbnail","6":"product_cat-historic-and-rustic-paving","7":"product_cat-pavements","8":"product_cat-natural-stone","9":"product_cat-sandstone","10":"product_tag-out","11":"product_tag-suitable-for-indoors","12":"product_tag-suitable-for-outdoors","13":"product_tag-suitable-for-sauna","14":"product_tag-suitable-for-the-terrace","15":"product_tag-suitable-for-wellness","16":"pa_barva-grey-en-2","17":"pa_tloustka-2-2-cm","19":"first","20":"instock","21":"taxable","22":"shipping-taxable","23":"purchasable","24":"product-type-variable","25":"has-default-attributes"},"yoast_head":"<!-- This site is optimized with the Yoast SEO plugin v26.8 - https:\/\/yoast.com\/product\/yoast-seo-wordpress\/ -->\n<title>Sandstone tiles Focus Grey - (PI-06, 07, 08) - Stonecity.cz<\/title>\n<meta name=\"robots\" content=\"index, follow, max-snippet:-1, max-image-preview:large, max-video-preview:-1\" \/>\n<link rel=\"canonical\" href=\"https:\/\/www.stonecity.cz\/en\/produkt\/stone-tile-focus-grey\/\" \/>\n<meta property=\"og:locale\" content=\"en_US\" \/>\n<meta property=\"og:type\" content=\"article\" \/>\n<meta property=\"og:title\" content=\"Sandstone tiles Focus Grey - (PI-06, 07, 08) - Stonecity.cz\" \/>\n<meta property=\"og:description\" content=\"Stone pavement made of split sandstone. Surface: chipped edges, natural surface Thickness: 2.2 cm, calibrated Dimensions: 60&#215;90 (PI-07) 60&#215;60 (PI-06) Roman pattern: 60&#215;90 cm\/ 60&#215;60 cm\/ 60&#215;29 cm\/ 29&#215;29 cm (PI-08)\" \/>\n<meta property=\"og:url\" content=\"https:\/\/www.stonecity.cz\/en\/produkt\/stone-tile-focus-grey\/\" \/>\n<meta property=\"og:site_name\" content=\"Stonecity.cz\" \/>\n<meta property=\"og:image\" content=\"https:\/\/www.stonecity.cz\/wp-content\/uploads\/2021\/02\/Autumn-Grey_1.jpg\" \/>\n\t<meta property=\"og:image:width\" content=\"980\" \/>\n\t<meta property=\"og:image:height\" content=\"570\" \/>\n\t<meta property=\"og:image:type\" content=\"image\/jpeg\" \/>\n<meta name=\"twitter:card\" content=\"summary_large_image\" \/>\n<script type=\"application\/ld+json\" class=\"yoast-schema-graph\">{\"@context\":\"https:\/\/schema.org\",\"@graph\":[{\"@type\":\"WebPage\",\"@id\":\"https:\/\/www.stonecity.cz\/en\/produkt\/stone-tile-focus-grey\/\",\"url\":\"https:\/\/www.stonecity.cz\/en\/produkt\/stone-tile-focus-grey\/\",\"name\":\"Sandstone tiles Focus Grey - (PI-06, 07, 08) - Stonecity.cz\",\"isPartOf\":{\"@id\":\"https:\/\/www.stonecity.cz\/en\/#website\"},\"primaryImageOfPage\":{\"@id\":\"https:\/\/www.stonecity.cz\/en\/produkt\/stone-tile-focus-grey\/#primaryimage\"},\"image\":{\"@id\":\"https:\/\/www.stonecity.cz\/en\/produkt\/stone-tile-focus-grey\/#primaryimage\"},\"thumbnailUrl\":\"https:\/\/www.stonecity.cz\/wp-content\/uploads\/2021\/02\/IMG-20250206-WA0013.jpg\",\"datePublished\":\"2021-02-15T07:11:05+00:00\",\"breadcrumb\":{\"@id\":\"https:\/\/www.stonecity.cz\/en\/produkt\/stone-tile-focus-grey\/#breadcrumb\"},\"inLanguage\":\"en-US\",\"potentialAction\":[{\"@type\":\"ReadAction\",\"target\":[\"https:\/\/www.stonecity.cz\/en\/produkt\/stone-tile-focus-grey\/\"]}]},{\"@type\":\"ImageObject\",\"inLanguage\":\"en-US\",\"@id\":\"https:\/\/www.stonecity.cz\/en\/produkt\/stone-tile-focus-grey\/#primaryimage\",\"url\":\"https:\/\/www.stonecity.cz\/wp-content\/uploads\/2021\/02\/IMG-20250206-WA0013.jpg\",\"contentUrl\":\"https:\/\/www.stonecity.cz\/wp-content\/uploads\/2021\/02\/IMG-20250206-WA0013.jpg\",\"width\":1600,\"height\":1200},{\"@type\":\"BreadcrumbList\",\"@id\":\"https:\/\/www.stonecity.cz\/en\/produkt\/stone-tile-focus-grey\/#breadcrumb\",\"itemListElement\":[{\"@type\":\"ListItem\",\"position\":1,\"name\":\"Dom\u016f\",\"item\":\"https:\/\/www.stonecity.cz\/en\/\"},{\"@type\":\"ListItem\",\"position\":2,\"name\":\"Shop\",\"item\":\"https:\/\/www.stonecity.cz\/en\/shop\/\"},{\"@type\":\"ListItem\",\"position\":3,\"name\":\"Sandstone tiles Focus Grey &#8211; (PI-06, 07, 08)\"}]},{\"@type\":\"WebSite\",\"@id\":\"https:\/\/www.stonecity.cz\/en\/#website\",\"url\":\"https:\/\/www.stonecity.cz\/en\/\",\"name\":\"Stonecity.cz\",\"description\":\"Dla\u017eba, obklady, um\u011bl\u00fd i p\u0159\u00edrodn\u00ed k\u00e1men\",\"potentialAction\":[{\"@type\":\"SearchAction\",\"target\":{\"@type\":\"EntryPoint\",\"urlTemplate\":\"https:\/\/www.stonecity.cz\/en\/?s={search_term_string}\"},\"query-input\":{\"@type\":\"PropertyValueSpecification\",\"valueRequired\":true,\"valueName\":\"search_term_string\"}}],\"inLanguage\":\"en-US\"}]}<\/script>\n<!-- \/ Yoast SEO plugin. -->","yoast_head_json":{"title":"Sandstone tiles Focus Grey - (PI-06, 07, 08) - Stonecity.cz","robots":{"index":"index","follow":"follow","max-snippet":"max-snippet:-1","max-image-preview":"max-image-preview:large","max-video-preview":"max-video-preview:-1"},"canonical":"https:\/\/www.stonecity.cz\/en\/produkt\/stone-tile-focus-grey\/","og_locale":"en_US","og_type":"article","og_title":"Sandstone tiles Focus Grey - (PI-06, 07, 08) - Stonecity.cz","og_description":"Stone pavement made of split sandstone. Surface: chipped edges, natural surface Thickness: 2.2 cm, calibrated Dimensions: 60&#215;90 (PI-07) 60&#215;60 (PI-06) Roman pattern: 60&#215;90 cm\/ 60&#215;60 cm\/ 60&#215;29 cm\/ 29&#215;29 cm (PI-08)","og_url":"https:\/\/www.stonecity.cz\/en\/produkt\/stone-tile-focus-grey\/","og_site_name":"Stonecity.cz","og_image":[{"width":980,"height":570,"url":"https:\/\/www.stonecity.cz\/wp-content\/uploads\/2021\/02\/Autumn-Grey_1.jpg","type":"image\/jpeg"}],"twitter_card":"summary_large_image","schema":{"@context":"https:\/\/schema.org","@graph":[{"@type":"WebPage","@id":"https:\/\/www.stonecity.cz\/en\/produkt\/stone-tile-focus-grey\/","url":"https:\/\/www.stonecity.cz\/en\/produkt\/stone-tile-focus-grey\/","name":"Sandstone tiles Focus Grey - (PI-06, 07, 08) - Stonecity.cz","isPartOf":{"@id":"https:\/\/www.stonecity.cz\/en\/#website"},"primaryImageOfPage":{"@id":"https:\/\/www.stonecity.cz\/en\/produkt\/stone-tile-focus-grey\/#primaryimage"},"image":{"@id":"https:\/\/www.stonecity.cz\/en\/produkt\/stone-tile-focus-grey\/#primaryimage"},"thumbnailUrl":"https:\/\/www.stonecity.cz\/wp-content\/uploads\/2021\/02\/IMG-20250206-WA0013.jpg","datePublished":"2021-02-15T07:11:05+00:00","breadcrumb":{"@id":"https:\/\/www.stonecity.cz\/en\/produkt\/stone-tile-focus-grey\/#breadcrumb"},"inLanguage":"en-US","potentialAction":[{"@type":"ReadAction","target":["https:\/\/www.stonecity.cz\/en\/produkt\/stone-tile-focus-grey\/"]}]},{"@type":"ImageObject","inLanguage":"en-US","@id":"https:\/\/www.stonecity.cz\/en\/produkt\/stone-tile-focus-grey\/#primaryimage","url":"https:\/\/www.stonecity.cz\/wp-content\/uploads\/2021\/02\/IMG-20250206-WA0013.jpg","contentUrl":"https:\/\/www.stonecity.cz\/wp-content\/uploads\/2021\/02\/IMG-20250206-WA0013.jpg","width":1600,"height":1200},{"@type":"BreadcrumbList","@id":"https:\/\/www.stonecity.cz\/en\/produkt\/stone-tile-focus-grey\/#breadcrumb","itemListElement":[{"@type":"ListItem","position":1,"name":"Dom\u016f","item":"https:\/\/www.stonecity.cz\/en\/"},{"@type":"ListItem","position":2,"name":"Shop","item":"https:\/\/www.stonecity.cz\/en\/shop\/"},{"@type":"ListItem","position":3,"name":"Sandstone tiles Focus Grey &#8211; (PI-06, 07, 08)"}]},{"@type":"WebSite","@id":"https:\/\/www.stonecity.cz\/en\/#website","url":"https:\/\/www.stonecity.cz\/en\/","name":"Stonecity.cz","description":"Dla\u017eba, obklady, um\u011bl\u00fd i p\u0159\u00edrodn\u00ed k\u00e1men","potentialAction":[{"@type":"SearchAction","target":{"@type":"EntryPoint","urlTemplate":"https:\/\/www.stonecity.cz\/en\/?s={search_term_string}"},"query-input":{"@type":"PropertyValueSpecification","valueRequired":true,"valueName":"search_term_string"}}],"inLanguage":"en-US"}]}},"_links":{"self":[{"href":"https:\/\/www.stonecity.cz\/en\/wp-json\/wp\/v2\/product\/16051","targetHints":{"allow":["GET"]}}],"collection":[{"href":"https:\/\/www.stonecity.cz\/en\/wp-json\/wp\/v2\/product"}],"about":[{"href":"https:\/\/www.stonecity.cz\/en\/wp-json\/wp\/v2\/types\/product"}],"wp:featuredmedia":[{"embeddable":true,"href":"https:\/\/www.stonecity.cz\/en\/wp-json\/wp\/v2\/media\/18984"}],"wp:attachment":[{"href":"https:\/\/www.stonecity.cz\/en\/wp-json\/wp\/v2\/media?parent=16051"}],"wp:term":[{"taxonomy":"product_cat","embeddable":true,"href":"https:\/\/www.stonecity.cz\/en\/wp-json\/wp\/v2\/product_cat?post=16051"},{"taxonomy":"product_tag","embeddable":true,"href":"https:\/\/www.stonecity.cz\/en\/wp-json\/wp\/v2\/product_tag?post=16051"}],"curies":[{"name":"wp","href":"https:\/\/api.w.org\/{rel}","templated":true}]}}