{"id":16111,"date":"2021-01-27T14:30:16","date_gmt":"2021-01-27T13:30:16","guid":{"rendered":"https:\/\/www.stonecity.cz\/produkt\/stone-paving-granite\/"},"modified":"2021-01-27T14:30:16","modified_gmt":"2021-01-27T13:30:16","slug":"stone-glazed-glass-gr-82","status":"publish","type":"product","link":"https:\/\/www.stonecity.cz\/en\/produkt\/stone-glazed-glass-gr-82\/","title":{"rendered":"Stone paving granite"},"content":{"rendered":"<p>Stone granite tiles in white, in a combination of white and black shades.<br \/>\nTiles with a tan surface and cut edges will stand out in pools, terraces and gardens.<\/p>\n<p>This stone paving is extremely resistant to weathering, the need for maintenance is minimal.<\/p>\n<p>GR-82-02: tanned top, cut edges, 60x60x2cm &#8211; 1pc=0,36m2, packed in a box 50pcs=18m2 (approx. 900kg)<\/p>\n<p>GR-82-04: tanned top, cut edges, 60x30x2cm &#8211; 1pc=0,18m2, packed in a box 50pcs=9m2 (approx. 450kg)<\/p>\n<p><iframe loading=\"lazy\" title=\"STONE CITY  -  granit\/\u017eula GR-82-04\" width=\"1020\" height=\"574\" src=\"https:\/\/www.youtube.com\/embed\/2SwRlw4XTSk?feature=oembed\" frameborder=\"0\" allow=\"accelerometer; autoplay; clipboard-write; encrypted-media; gyroscope; picture-in-picture; web-share\" allowfullscreen><\/iframe><\/p>\n","protected":false},"excerpt":{"rendered":"<p>Stone granite tiles in white, in a combination of white and black shades. Tiles with a tan surface and cut edges will stand out in pools, terraces and gardens. This stone paving is extremely resistant to weathering, the need for maintenance is minimal. GR-82-02: tanned top, cut edges, 60x60x2cm &#8211; 1pc=0,36m2, packed in a box [&#8230;]\n","protected":false},"featured_media":15592,"template":"","meta":[],"product_cat":[2032,2050,1916,1922,1944],"product_tag":[1745,1744,1746,1751],"class_list":{"0":"post-16111","1":"product","2":"type-product","3":"status-publish","4":"has-post-thumbnail","6":"product_cat-natural-stone-en","7":"product_cat-granite-en","8":"product_cat-pavements","9":"product_cat-natural-stone","10":"product_cat-granite","11":"product_tag-suitable-for-indoors","12":"product_tag-suitable-for-outdoors","13":"product_tag-suitable-for-the-bathroom","14":"product_tag-suitable-for-the-terrace","16":"first","17":"instock","18":"purchasable","19":"product-type-variable","20":"has-default-attributes"},"yoast_head":"<!-- This site is optimized with the Yoast SEO plugin v26.8 - https:\/\/yoast.com\/product\/yoast-seo-wordpress\/ -->\n<title>Stone paving granite - Stonecity.cz<\/title>\n<meta name=\"robots\" content=\"index, follow, max-snippet:-1, max-image-preview:large, max-video-preview:-1\" \/>\n<link rel=\"canonical\" href=\"https:\/\/www.stonecity.cz\/en\/produkt\/stone-glazed-glass-gr-82\/\" \/>\n<meta property=\"og:locale\" content=\"en_US\" \/>\n<meta property=\"og:type\" content=\"article\" \/>\n<meta property=\"og:title\" content=\"Stone paving granite - Stonecity.cz\" \/>\n<meta property=\"og:description\" content=\"Stone granite tiles in white, in a combination of white and black shades. Tiles with a tan surface and cut edges will stand out in pools, terraces and gardens. This stone paving is extremely resistant to weathering, the need for maintenance is minimal. GR-82-02: tanned top, cut edges, 60x60x2cm &#8211; 1pc=0,36m2, packed in a box [...]\" \/>\n<meta property=\"og:url\" content=\"https:\/\/www.stonecity.cz\/en\/produkt\/stone-glazed-glass-gr-82\/\" \/>\n<meta property=\"og:site_name\" content=\"Stonecity.cz\" \/>\n<meta property=\"og:image\" content=\"https:\/\/www.stonecity.cz\/wp-content\/uploads\/2021\/01\/STONE-CITY-zula-GR-82-04-1.jpg\" \/>\n\t<meta property=\"og:image:width\" content=\"768\" \/>\n\t<meta property=\"og:image:height\" content=\"1024\" \/>\n\t<meta property=\"og:image:type\" content=\"image\/jpeg\" \/>\n<meta name=\"twitter:card\" content=\"summary_large_image\" \/>\n<script type=\"application\/ld+json\" class=\"yoast-schema-graph\">{\"@context\":\"https:\/\/schema.org\",\"@graph\":[{\"@type\":\"WebPage\",\"@id\":\"https:\/\/www.stonecity.cz\/en\/produkt\/stone-glazed-glass-gr-82\/\",\"url\":\"https:\/\/www.stonecity.cz\/en\/produkt\/stone-glazed-glass-gr-82\/\",\"name\":\"Stone paving granite - Stonecity.cz\",\"isPartOf\":{\"@id\":\"https:\/\/www.stonecity.cz\/en\/#website\"},\"primaryImageOfPage\":{\"@id\":\"https:\/\/www.stonecity.cz\/en\/produkt\/stone-glazed-glass-gr-82\/#primaryimage\"},\"image\":{\"@id\":\"https:\/\/www.stonecity.cz\/en\/produkt\/stone-glazed-glass-gr-82\/#primaryimage\"},\"thumbnailUrl\":\"https:\/\/www.stonecity.cz\/wp-content\/uploads\/2021\/01\/STONE-CITY-zula-GR-82-04-1.jpg\",\"datePublished\":\"2021-01-27T13:30:16+00:00\",\"breadcrumb\":{\"@id\":\"https:\/\/www.stonecity.cz\/en\/produkt\/stone-glazed-glass-gr-82\/#breadcrumb\"},\"inLanguage\":\"en-US\",\"potentialAction\":[{\"@type\":\"ReadAction\",\"target\":[\"https:\/\/www.stonecity.cz\/en\/produkt\/stone-glazed-glass-gr-82\/\"]}]},{\"@type\":\"ImageObject\",\"inLanguage\":\"en-US\",\"@id\":\"https:\/\/www.stonecity.cz\/en\/produkt\/stone-glazed-glass-gr-82\/#primaryimage\",\"url\":\"https:\/\/www.stonecity.cz\/wp-content\/uploads\/2021\/01\/STONE-CITY-zula-GR-82-04-1.jpg\",\"contentUrl\":\"https:\/\/www.stonecity.cz\/wp-content\/uploads\/2021\/01\/STONE-CITY-zula-GR-82-04-1.jpg\",\"width\":768,\"height\":1024},{\"@type\":\"BreadcrumbList\",\"@id\":\"https:\/\/www.stonecity.cz\/en\/produkt\/stone-glazed-glass-gr-82\/#breadcrumb\",\"itemListElement\":[{\"@type\":\"ListItem\",\"position\":1,\"name\":\"Dom\u016f\",\"item\":\"https:\/\/www.stonecity.cz\/en\/\"},{\"@type\":\"ListItem\",\"position\":2,\"name\":\"Shop\",\"item\":\"https:\/\/www.stonecity.cz\/en\/shop\/\"},{\"@type\":\"ListItem\",\"position\":3,\"name\":\"Stone paving granite\"}]},{\"@type\":\"WebSite\",\"@id\":\"https:\/\/www.stonecity.cz\/en\/#website\",\"url\":\"https:\/\/www.stonecity.cz\/en\/\",\"name\":\"Stonecity.cz\",\"description\":\"Dla\u017eba, obklady, um\u011bl\u00fd i p\u0159\u00edrodn\u00ed k\u00e1men\",\"potentialAction\":[{\"@type\":\"SearchAction\",\"target\":{\"@type\":\"EntryPoint\",\"urlTemplate\":\"https:\/\/www.stonecity.cz\/en\/?s={search_term_string}\"},\"query-input\":{\"@type\":\"PropertyValueSpecification\",\"valueRequired\":true,\"valueName\":\"search_term_string\"}}],\"inLanguage\":\"en-US\"}]}<\/script>\n<!-- \/ Yoast SEO plugin. -->","yoast_head_json":{"title":"Stone paving granite - Stonecity.cz","robots":{"index":"index","follow":"follow","max-snippet":"max-snippet:-1","max-image-preview":"max-image-preview:large","max-video-preview":"max-video-preview:-1"},"canonical":"https:\/\/www.stonecity.cz\/en\/produkt\/stone-glazed-glass-gr-82\/","og_locale":"en_US","og_type":"article","og_title":"Stone paving granite - Stonecity.cz","og_description":"Stone granite tiles in white, in a combination of white and black shades. Tiles with a tan surface and cut edges will stand out in pools, terraces and gardens. This stone paving is extremely resistant to weathering, the need for maintenance is minimal. GR-82-02: tanned top, cut edges, 60x60x2cm &#8211; 1pc=0,36m2, packed in a box [...]","og_url":"https:\/\/www.stonecity.cz\/en\/produkt\/stone-glazed-glass-gr-82\/","og_site_name":"Stonecity.cz","og_image":[{"width":768,"height":1024,"url":"https:\/\/www.stonecity.cz\/wp-content\/uploads\/2021\/01\/STONE-CITY-zula-GR-82-04-1.jpg","type":"image\/jpeg"}],"twitter_card":"summary_large_image","schema":{"@context":"https:\/\/schema.org","@graph":[{"@type":"WebPage","@id":"https:\/\/www.stonecity.cz\/en\/produkt\/stone-glazed-glass-gr-82\/","url":"https:\/\/www.stonecity.cz\/en\/produkt\/stone-glazed-glass-gr-82\/","name":"Stone paving granite - Stonecity.cz","isPartOf":{"@id":"https:\/\/www.stonecity.cz\/en\/#website"},"primaryImageOfPage":{"@id":"https:\/\/www.stonecity.cz\/en\/produkt\/stone-glazed-glass-gr-82\/#primaryimage"},"image":{"@id":"https:\/\/www.stonecity.cz\/en\/produkt\/stone-glazed-glass-gr-82\/#primaryimage"},"thumbnailUrl":"https:\/\/www.stonecity.cz\/wp-content\/uploads\/2021\/01\/STONE-CITY-zula-GR-82-04-1.jpg","datePublished":"2021-01-27T13:30:16+00:00","breadcrumb":{"@id":"https:\/\/www.stonecity.cz\/en\/produkt\/stone-glazed-glass-gr-82\/#breadcrumb"},"inLanguage":"en-US","potentialAction":[{"@type":"ReadAction","target":["https:\/\/www.stonecity.cz\/en\/produkt\/stone-glazed-glass-gr-82\/"]}]},{"@type":"ImageObject","inLanguage":"en-US","@id":"https:\/\/www.stonecity.cz\/en\/produkt\/stone-glazed-glass-gr-82\/#primaryimage","url":"https:\/\/www.stonecity.cz\/wp-content\/uploads\/2021\/01\/STONE-CITY-zula-GR-82-04-1.jpg","contentUrl":"https:\/\/www.stonecity.cz\/wp-content\/uploads\/2021\/01\/STONE-CITY-zula-GR-82-04-1.jpg","width":768,"height":1024},{"@type":"BreadcrumbList","@id":"https:\/\/www.stonecity.cz\/en\/produkt\/stone-glazed-glass-gr-82\/#breadcrumb","itemListElement":[{"@type":"ListItem","position":1,"name":"Dom\u016f","item":"https:\/\/www.stonecity.cz\/en\/"},{"@type":"ListItem","position":2,"name":"Shop","item":"https:\/\/www.stonecity.cz\/en\/shop\/"},{"@type":"ListItem","position":3,"name":"Stone paving granite"}]},{"@type":"WebSite","@id":"https:\/\/www.stonecity.cz\/en\/#website","url":"https:\/\/www.stonecity.cz\/en\/","name":"Stonecity.cz","description":"Dla\u017eba, obklady, um\u011bl\u00fd i p\u0159\u00edrodn\u00ed k\u00e1men","potentialAction":[{"@type":"SearchAction","target":{"@type":"EntryPoint","urlTemplate":"https:\/\/www.stonecity.cz\/en\/?s={search_term_string}"},"query-input":{"@type":"PropertyValueSpecification","valueRequired":true,"valueName":"search_term_string"}}],"inLanguage":"en-US"}]}},"_links":{"self":[{"href":"https:\/\/www.stonecity.cz\/en\/wp-json\/wp\/v2\/product\/16111","targetHints":{"allow":["GET"]}}],"collection":[{"href":"https:\/\/www.stonecity.cz\/en\/wp-json\/wp\/v2\/product"}],"about":[{"href":"https:\/\/www.stonecity.cz\/en\/wp-json\/wp\/v2\/types\/product"}],"wp:featuredmedia":[{"embeddable":true,"href":"https:\/\/www.stonecity.cz\/en\/wp-json\/wp\/v2\/media\/15592"}],"wp:attachment":[{"href":"https:\/\/www.stonecity.cz\/en\/wp-json\/wp\/v2\/media?parent=16111"}],"wp:term":[{"taxonomy":"product_cat","embeddable":true,"href":"https:\/\/www.stonecity.cz\/en\/wp-json\/wp\/v2\/product_cat?post=16111"},{"taxonomy":"product_tag","embeddable":true,"href":"https:\/\/www.stonecity.cz\/en\/wp-json\/wp\/v2\/product_tag?post=16111"}],"curies":[{"name":"wp","href":"https:\/\/api.w.org\/{rel}","templated":true}]}}