{"id":16342,"date":"2020-11-25T15:04:53","date_gmt":"2020-11-25T14:04:53","guid":{"rendered":"https:\/\/www.stonecity.cz\/produkt\/pebbles-acropolis\/"},"modified":"2020-11-25T15:04:53","modified_gmt":"2020-11-25T14:04:53","slug":"oblazky-acropolis","status":"publish","type":"product","link":"https:\/\/www.stonecity.cz\/en\/produkt\/oblazky-acropolis\/","title":{"rendered":"Pebbles Acropolis"},"content":{"rendered":"<p>Stone pebbles in shades of grey to blue.<br \/>\nPebbles are used for decorative purposes in gardens, patios or courtyards.<br \/>\nBut they also stand out beautifully indoors.<br \/>\nPebbles are hardy.<br \/>\nYou can choose from several different sizes.<\/p>\n<p>Packaging: bag 20 kg or big bag 1400-1600 kg<\/p>\n<p>Size 1-3 cm: 68 kg (i.e. 3.5 packs) needed to cover 1 m2<\/p>\n<p>Size 3-6 cm: 135 kg (i.e. 7 packs) needed to cover 1 m2<\/p>\n<p>Size 6-10 cm: 220 kg (i.e. 11 packs) needed to cover 1 m2<\/p>\n<p>&nbsp;<\/p>\n<p>&nbsp;<\/p>\n","protected":false},"excerpt":{"rendered":"<p>Stone pebbles in shades of grey to blue. Pebbles are used for decorative purposes in gardens, patios or courtyards. But they also stand out beautifully indoors. Pebbles are hardy. You can choose from several different sizes. Packaging: bag 20 kg or big bag 1400-1600 kg Size 1-3 cm: 68 kg (i.e. 3.5 packs) needed to [&#8230;]\n","protected":false},"featured_media":12875,"template":"","meta":[],"product_cat":[2044],"product_tag":[1745,1744,1752,1751],"class_list":{"0":"post-16342","1":"product","2":"type-product","3":"status-publish","4":"has-post-thumbnail","6":"product_cat-stone-pebbles","7":"product_tag-suitable-for-indoors","8":"product_tag-suitable-for-outdoors","9":"product_tag-suitable-for-the-garden-en","10":"product_tag-suitable-for-the-terrace","11":"pa_baleni-bag-20-kg-72-pcs-on-pallet","12":"pa_baleni-big-bag-1400-1600-en","13":"pa_barva-blue","14":"pa_barva-brown","15":"pa_barva-grey-en-2","17":"first","18":"instock","19":"taxable","20":"shipping-taxable","21":"purchasable","22":"product-type-variable","23":"has-default-attributes"},"yoast_head":"<!-- This site is optimized with the Yoast SEO plugin v26.8 - https:\/\/yoast.com\/product\/yoast-seo-wordpress\/ -->\n<title>Pebbles Acropolis - Stonecity.cz<\/title>\n<meta name=\"robots\" content=\"index, follow, max-snippet:-1, max-image-preview:large, max-video-preview:-1\" \/>\n<link rel=\"canonical\" href=\"https:\/\/www.stonecity.cz\/en\/produkt\/oblazky-acropolis\/\" \/>\n<meta property=\"og:locale\" content=\"en_US\" \/>\n<meta property=\"og:type\" content=\"article\" \/>\n<meta property=\"og:title\" content=\"Pebbles Acropolis - Stonecity.cz\" \/>\n<meta property=\"og:description\" content=\"Stone pebbles in shades of grey to blue. Pebbles are used for decorative purposes in gardens, patios or courtyards. But they also stand out beautifully indoors. Pebbles are hardy. You can choose from several different sizes. Packaging: bag 20 kg or big bag 1400-1600 kg Size 1-3 cm: 68 kg (i.e. 3.5 packs) needed to [...]\" \/>\n<meta property=\"og:url\" content=\"https:\/\/www.stonecity.cz\/en\/produkt\/oblazky-acropolis\/\" \/>\n<meta property=\"og:site_name\" content=\"Stonecity.cz\" \/>\n<meta property=\"og:image\" content=\"https:\/\/www.stonecity.cz\/wp-content\/uploads\/2020\/11\/Pebbles-Akropolis.jpg\" \/>\n\t<meta property=\"og:image:width\" content=\"1000\" \/>\n\t<meta property=\"og:image:height\" content=\"689\" \/>\n\t<meta property=\"og:image:type\" content=\"image\/jpeg\" \/>\n<meta name=\"twitter:card\" content=\"summary_large_image\" \/>\n<script type=\"application\/ld+json\" class=\"yoast-schema-graph\">{\"@context\":\"https:\/\/schema.org\",\"@graph\":[{\"@type\":\"WebPage\",\"@id\":\"https:\/\/www.stonecity.cz\/en\/produkt\/oblazky-acropolis\/\",\"url\":\"https:\/\/www.stonecity.cz\/en\/produkt\/oblazky-acropolis\/\",\"name\":\"Pebbles Acropolis - Stonecity.cz\",\"isPartOf\":{\"@id\":\"https:\/\/www.stonecity.cz\/en\/#website\"},\"primaryImageOfPage\":{\"@id\":\"https:\/\/www.stonecity.cz\/en\/produkt\/oblazky-acropolis\/#primaryimage\"},\"image\":{\"@id\":\"https:\/\/www.stonecity.cz\/en\/produkt\/oblazky-acropolis\/#primaryimage\"},\"thumbnailUrl\":\"https:\/\/www.stonecity.cz\/wp-content\/uploads\/2020\/11\/Pebbles-Akropolis.jpg\",\"datePublished\":\"2020-11-25T14:04:53+00:00\",\"breadcrumb\":{\"@id\":\"https:\/\/www.stonecity.cz\/en\/produkt\/oblazky-acropolis\/#breadcrumb\"},\"inLanguage\":\"en-US\",\"potentialAction\":[{\"@type\":\"ReadAction\",\"target\":[\"https:\/\/www.stonecity.cz\/en\/produkt\/oblazky-acropolis\/\"]}]},{\"@type\":\"ImageObject\",\"inLanguage\":\"en-US\",\"@id\":\"https:\/\/www.stonecity.cz\/en\/produkt\/oblazky-acropolis\/#primaryimage\",\"url\":\"https:\/\/www.stonecity.cz\/wp-content\/uploads\/2020\/11\/Pebbles-Akropolis.jpg\",\"contentUrl\":\"https:\/\/www.stonecity.cz\/wp-content\/uploads\/2020\/11\/Pebbles-Akropolis.jpg\",\"width\":1000,\"height\":689},{\"@type\":\"BreadcrumbList\",\"@id\":\"https:\/\/www.stonecity.cz\/en\/produkt\/oblazky-acropolis\/#breadcrumb\",\"itemListElement\":[{\"@type\":\"ListItem\",\"position\":1,\"name\":\"Dom\u016f\",\"item\":\"https:\/\/www.stonecity.cz\/en\/\"},{\"@type\":\"ListItem\",\"position\":2,\"name\":\"Shop\",\"item\":\"https:\/\/www.stonecity.cz\/en\/shop\/\"},{\"@type\":\"ListItem\",\"position\":3,\"name\":\"Pebbles Acropolis\"}]},{\"@type\":\"WebSite\",\"@id\":\"https:\/\/www.stonecity.cz\/en\/#website\",\"url\":\"https:\/\/www.stonecity.cz\/en\/\",\"name\":\"Stonecity.cz\",\"description\":\"Dla\u017eba, obklady, um\u011bl\u00fd i p\u0159\u00edrodn\u00ed k\u00e1men\",\"potentialAction\":[{\"@type\":\"SearchAction\",\"target\":{\"@type\":\"EntryPoint\",\"urlTemplate\":\"https:\/\/www.stonecity.cz\/en\/?s={search_term_string}\"},\"query-input\":{\"@type\":\"PropertyValueSpecification\",\"valueRequired\":true,\"valueName\":\"search_term_string\"}}],\"inLanguage\":\"en-US\"}]}<\/script>\n<!-- \/ Yoast SEO plugin. -->","yoast_head_json":{"title":"Pebbles Acropolis - Stonecity.cz","robots":{"index":"index","follow":"follow","max-snippet":"max-snippet:-1","max-image-preview":"max-image-preview:large","max-video-preview":"max-video-preview:-1"},"canonical":"https:\/\/www.stonecity.cz\/en\/produkt\/oblazky-acropolis\/","og_locale":"en_US","og_type":"article","og_title":"Pebbles Acropolis - Stonecity.cz","og_description":"Stone pebbles in shades of grey to blue. Pebbles are used for decorative purposes in gardens, patios or courtyards. But they also stand out beautifully indoors. Pebbles are hardy. You can choose from several different sizes. Packaging: bag 20 kg or big bag 1400-1600 kg Size 1-3 cm: 68 kg (i.e. 3.5 packs) needed to [...]","og_url":"https:\/\/www.stonecity.cz\/en\/produkt\/oblazky-acropolis\/","og_site_name":"Stonecity.cz","og_image":[{"width":1000,"height":689,"url":"https:\/\/www.stonecity.cz\/wp-content\/uploads\/2020\/11\/Pebbles-Akropolis.jpg","type":"image\/jpeg"}],"twitter_card":"summary_large_image","schema":{"@context":"https:\/\/schema.org","@graph":[{"@type":"WebPage","@id":"https:\/\/www.stonecity.cz\/en\/produkt\/oblazky-acropolis\/","url":"https:\/\/www.stonecity.cz\/en\/produkt\/oblazky-acropolis\/","name":"Pebbles Acropolis - Stonecity.cz","isPartOf":{"@id":"https:\/\/www.stonecity.cz\/en\/#website"},"primaryImageOfPage":{"@id":"https:\/\/www.stonecity.cz\/en\/produkt\/oblazky-acropolis\/#primaryimage"},"image":{"@id":"https:\/\/www.stonecity.cz\/en\/produkt\/oblazky-acropolis\/#primaryimage"},"thumbnailUrl":"https:\/\/www.stonecity.cz\/wp-content\/uploads\/2020\/11\/Pebbles-Akropolis.jpg","datePublished":"2020-11-25T14:04:53+00:00","breadcrumb":{"@id":"https:\/\/www.stonecity.cz\/en\/produkt\/oblazky-acropolis\/#breadcrumb"},"inLanguage":"en-US","potentialAction":[{"@type":"ReadAction","target":["https:\/\/www.stonecity.cz\/en\/produkt\/oblazky-acropolis\/"]}]},{"@type":"ImageObject","inLanguage":"en-US","@id":"https:\/\/www.stonecity.cz\/en\/produkt\/oblazky-acropolis\/#primaryimage","url":"https:\/\/www.stonecity.cz\/wp-content\/uploads\/2020\/11\/Pebbles-Akropolis.jpg","contentUrl":"https:\/\/www.stonecity.cz\/wp-content\/uploads\/2020\/11\/Pebbles-Akropolis.jpg","width":1000,"height":689},{"@type":"BreadcrumbList","@id":"https:\/\/www.stonecity.cz\/en\/produkt\/oblazky-acropolis\/#breadcrumb","itemListElement":[{"@type":"ListItem","position":1,"name":"Dom\u016f","item":"https:\/\/www.stonecity.cz\/en\/"},{"@type":"ListItem","position":2,"name":"Shop","item":"https:\/\/www.stonecity.cz\/en\/shop\/"},{"@type":"ListItem","position":3,"name":"Pebbles Acropolis"}]},{"@type":"WebSite","@id":"https:\/\/www.stonecity.cz\/en\/#website","url":"https:\/\/www.stonecity.cz\/en\/","name":"Stonecity.cz","description":"Dla\u017eba, obklady, um\u011bl\u00fd i p\u0159\u00edrodn\u00ed k\u00e1men","potentialAction":[{"@type":"SearchAction","target":{"@type":"EntryPoint","urlTemplate":"https:\/\/www.stonecity.cz\/en\/?s={search_term_string}"},"query-input":{"@type":"PropertyValueSpecification","valueRequired":true,"valueName":"search_term_string"}}],"inLanguage":"en-US"}]}},"_links":{"self":[{"href":"https:\/\/www.stonecity.cz\/en\/wp-json\/wp\/v2\/product\/16342","targetHints":{"allow":["GET"]}}],"collection":[{"href":"https:\/\/www.stonecity.cz\/en\/wp-json\/wp\/v2\/product"}],"about":[{"href":"https:\/\/www.stonecity.cz\/en\/wp-json\/wp\/v2\/types\/product"}],"wp:featuredmedia":[{"embeddable":true,"href":"https:\/\/www.stonecity.cz\/en\/wp-json\/wp\/v2\/media\/12875"}],"wp:attachment":[{"href":"https:\/\/www.stonecity.cz\/en\/wp-json\/wp\/v2\/media?parent=16342"}],"wp:term":[{"taxonomy":"product_cat","embeddable":true,"href":"https:\/\/www.stonecity.cz\/en\/wp-json\/wp\/v2\/product_cat?post=16342"},{"taxonomy":"product_tag","embeddable":true,"href":"https:\/\/www.stonecity.cz\/en\/wp-json\/wp\/v2\/product_tag?post=16342"}],"curies":[{"name":"wp","href":"https:\/\/api.w.org\/{rel}","templated":true}]}}