{"id":16416,"date":"2020-10-06T10:02:19","date_gmt":"2020-10-06T08:02:19","guid":{"rendered":"https:\/\/www.stonecity.cz\/produkt\/duomo-sabbia\/"},"modified":"2020-10-06T10:02:19","modified_gmt":"2020-10-06T08:02:19","slug":"duomo-sabbia","status":"publish","type":"product","link":"https:\/\/www.stonecity.cz\/en\/produkt\/duomo-sabbia\/","title":{"rendered":"Duomo Sabbia"},"content":{"rendered":"<p>Ceramic tiles guarantee high quality and elegance with timeless design.<br \/>\nThey are scratch resistant, easy to maintain, long lasting, do not change their appearance over the years and are available in a variety of variations.<\/p>\n<p>Why choose ceramic tiles?<br \/>\n&#8211; timeless design<br \/>\n&#8211; long service life<br \/>\n&#8211; does not change its appearance over the years<br \/>\n&#8211; low maintenance costs<br \/>\n&#8211; large selection of surfaces and colours<br \/>\n&#8211; hardiness<br \/>\n&#8211; resistance to temperature changes<br \/>\n&#8211; resistance to chemicals and salt<br \/>\n&#8211; easy maintenance<br \/>\n&#8211; easy and quick installation<\/p>\n<p><strong>All ceramic tiles can be ordered with pool edging in the same decor and colour.<\/strong><\/p>\n","protected":false},"excerpt":{"rendered":"<p>Ceramic tiles guarantee high quality and elegance with timeless design. They are scratch resistant, easy to maintain, long lasting, do not change their appearance over the years and are available in a variety of variations. Why choose ceramic tiles? &#8211; timeless design &#8211; long service life &#8211; does not change its appearance over the years [&#8230;]\n","protected":false},"featured_media":12711,"template":"","meta":[],"product_cat":[1916,1938,1962],"product_tag":[1744,1752,1751,1749],"class_list":{"0":"post-16416","1":"product","2":"type-product","3":"status-publish","4":"has-post-thumbnail","6":"product_cat-pavements","7":"product_cat-outdoor-ceramic-tiles","8":"product_cat-duomo-en","9":"product_tag-suitable-for-outdoors","10":"product_tag-suitable-for-the-garden-en","11":"product_tag-suitable-for-the-terrace","12":"product_tag-suitable-for-wellness","13":"pa_baleni-pallet-2592-m2-1170-kg","14":"pa_mj-m2-1-m2-en","15":"pa_tloustka-2-cm-en","17":"first","18":"instock","19":"purchasable","20":"product-type-variable"},"yoast_head":"<!-- This site is optimized with the Yoast SEO plugin v26.8 - https:\/\/yoast.com\/product\/yoast-seo-wordpress\/ -->\n<title>Duomo Sabbia - Stonecity.cz<\/title>\n<meta name=\"robots\" content=\"index, follow, max-snippet:-1, max-image-preview:large, max-video-preview:-1\" \/>\n<link rel=\"canonical\" href=\"https:\/\/www.stonecity.cz\/en\/produkt\/duomo-sabbia\/\" \/>\n<meta property=\"og:locale\" content=\"en_US\" \/>\n<meta property=\"og:type\" content=\"article\" \/>\n<meta property=\"og:title\" content=\"Duomo Sabbia - Stonecity.cz\" \/>\n<meta property=\"og:description\" content=\"Ceramic tiles guarantee high quality and elegance with timeless design. They are scratch resistant, easy to maintain, long lasting, do not change their appearance over the years and are available in a variety of variations. Why choose ceramic tiles? &#8211; timeless design &#8211; long service life &#8211; does not change its appearance over the years [...]\" \/>\n<meta property=\"og:url\" content=\"https:\/\/www.stonecity.cz\/en\/produkt\/duomo-sabbia\/\" \/>\n<meta property=\"og:site_name\" content=\"Stonecity.cz\" \/>\n<meta property=\"og:image\" content=\"https:\/\/www.stonecity.cz\/wp-content\/uploads\/2020\/10\/DUOMO-SABBIA-60x90-1.jpg\" \/>\n\t<meta property=\"og:image:width\" content=\"1200\" \/>\n\t<meta property=\"og:image:height\" content=\"602\" \/>\n\t<meta property=\"og:image:type\" content=\"image\/jpeg\" \/>\n<meta name=\"twitter:card\" content=\"summary_large_image\" \/>\n<meta name=\"twitter:label1\" content=\"Est. reading time\" \/>\n\t<meta name=\"twitter:data1\" content=\"1 minute\" \/>\n<script type=\"application\/ld+json\" class=\"yoast-schema-graph\">{\"@context\":\"https:\/\/schema.org\",\"@graph\":[{\"@type\":\"WebPage\",\"@id\":\"https:\/\/www.stonecity.cz\/en\/produkt\/duomo-sabbia\/\",\"url\":\"https:\/\/www.stonecity.cz\/en\/produkt\/duomo-sabbia\/\",\"name\":\"Duomo Sabbia - Stonecity.cz\",\"isPartOf\":{\"@id\":\"https:\/\/www.stonecity.cz\/en\/#website\"},\"primaryImageOfPage\":{\"@id\":\"https:\/\/www.stonecity.cz\/en\/produkt\/duomo-sabbia\/#primaryimage\"},\"image\":{\"@id\":\"https:\/\/www.stonecity.cz\/en\/produkt\/duomo-sabbia\/#primaryimage\"},\"thumbnailUrl\":\"https:\/\/www.stonecity.cz\/wp-content\/uploads\/2020\/10\/DUOMO-SABBIA-60x90-1.jpg\",\"datePublished\":\"2020-10-06T08:02:19+00:00\",\"breadcrumb\":{\"@id\":\"https:\/\/www.stonecity.cz\/en\/produkt\/duomo-sabbia\/#breadcrumb\"},\"inLanguage\":\"en-US\",\"potentialAction\":[{\"@type\":\"ReadAction\",\"target\":[\"https:\/\/www.stonecity.cz\/en\/produkt\/duomo-sabbia\/\"]}]},{\"@type\":\"ImageObject\",\"inLanguage\":\"en-US\",\"@id\":\"https:\/\/www.stonecity.cz\/en\/produkt\/duomo-sabbia\/#primaryimage\",\"url\":\"https:\/\/www.stonecity.cz\/wp-content\/uploads\/2020\/10\/DUOMO-SABBIA-60x90-1.jpg\",\"contentUrl\":\"https:\/\/www.stonecity.cz\/wp-content\/uploads\/2020\/10\/DUOMO-SABBIA-60x90-1.jpg\",\"width\":1200,\"height\":602},{\"@type\":\"BreadcrumbList\",\"@id\":\"https:\/\/www.stonecity.cz\/en\/produkt\/duomo-sabbia\/#breadcrumb\",\"itemListElement\":[{\"@type\":\"ListItem\",\"position\":1,\"name\":\"Dom\u016f\",\"item\":\"https:\/\/www.stonecity.cz\/en\/\"},{\"@type\":\"ListItem\",\"position\":2,\"name\":\"Shop\",\"item\":\"https:\/\/www.stonecity.cz\/en\/shop\/\"},{\"@type\":\"ListItem\",\"position\":3,\"name\":\"Duomo Sabbia\"}]},{\"@type\":\"WebSite\",\"@id\":\"https:\/\/www.stonecity.cz\/en\/#website\",\"url\":\"https:\/\/www.stonecity.cz\/en\/\",\"name\":\"Stonecity.cz\",\"description\":\"Dla\u017eba, obklady, um\u011bl\u00fd i p\u0159\u00edrodn\u00ed k\u00e1men\",\"potentialAction\":[{\"@type\":\"SearchAction\",\"target\":{\"@type\":\"EntryPoint\",\"urlTemplate\":\"https:\/\/www.stonecity.cz\/en\/?s={search_term_string}\"},\"query-input\":{\"@type\":\"PropertyValueSpecification\",\"valueRequired\":true,\"valueName\":\"search_term_string\"}}],\"inLanguage\":\"en-US\"}]}<\/script>\n<!-- \/ Yoast SEO plugin. -->","yoast_head_json":{"title":"Duomo Sabbia - Stonecity.cz","robots":{"index":"index","follow":"follow","max-snippet":"max-snippet:-1","max-image-preview":"max-image-preview:large","max-video-preview":"max-video-preview:-1"},"canonical":"https:\/\/www.stonecity.cz\/en\/produkt\/duomo-sabbia\/","og_locale":"en_US","og_type":"article","og_title":"Duomo Sabbia - Stonecity.cz","og_description":"Ceramic tiles guarantee high quality and elegance with timeless design. They are scratch resistant, easy to maintain, long lasting, do not change their appearance over the years and are available in a variety of variations. Why choose ceramic tiles? &#8211; timeless design &#8211; long service life &#8211; does not change its appearance over the years [...]","og_url":"https:\/\/www.stonecity.cz\/en\/produkt\/duomo-sabbia\/","og_site_name":"Stonecity.cz","og_image":[{"width":1200,"height":602,"url":"https:\/\/www.stonecity.cz\/wp-content\/uploads\/2020\/10\/DUOMO-SABBIA-60x90-1.jpg","type":"image\/jpeg"}],"twitter_card":"summary_large_image","twitter_misc":{"Est. reading time":"1 minute"},"schema":{"@context":"https:\/\/schema.org","@graph":[{"@type":"WebPage","@id":"https:\/\/www.stonecity.cz\/en\/produkt\/duomo-sabbia\/","url":"https:\/\/www.stonecity.cz\/en\/produkt\/duomo-sabbia\/","name":"Duomo Sabbia - Stonecity.cz","isPartOf":{"@id":"https:\/\/www.stonecity.cz\/en\/#website"},"primaryImageOfPage":{"@id":"https:\/\/www.stonecity.cz\/en\/produkt\/duomo-sabbia\/#primaryimage"},"image":{"@id":"https:\/\/www.stonecity.cz\/en\/produkt\/duomo-sabbia\/#primaryimage"},"thumbnailUrl":"https:\/\/www.stonecity.cz\/wp-content\/uploads\/2020\/10\/DUOMO-SABBIA-60x90-1.jpg","datePublished":"2020-10-06T08:02:19+00:00","breadcrumb":{"@id":"https:\/\/www.stonecity.cz\/en\/produkt\/duomo-sabbia\/#breadcrumb"},"inLanguage":"en-US","potentialAction":[{"@type":"ReadAction","target":["https:\/\/www.stonecity.cz\/en\/produkt\/duomo-sabbia\/"]}]},{"@type":"ImageObject","inLanguage":"en-US","@id":"https:\/\/www.stonecity.cz\/en\/produkt\/duomo-sabbia\/#primaryimage","url":"https:\/\/www.stonecity.cz\/wp-content\/uploads\/2020\/10\/DUOMO-SABBIA-60x90-1.jpg","contentUrl":"https:\/\/www.stonecity.cz\/wp-content\/uploads\/2020\/10\/DUOMO-SABBIA-60x90-1.jpg","width":1200,"height":602},{"@type":"BreadcrumbList","@id":"https:\/\/www.stonecity.cz\/en\/produkt\/duomo-sabbia\/#breadcrumb","itemListElement":[{"@type":"ListItem","position":1,"name":"Dom\u016f","item":"https:\/\/www.stonecity.cz\/en\/"},{"@type":"ListItem","position":2,"name":"Shop","item":"https:\/\/www.stonecity.cz\/en\/shop\/"},{"@type":"ListItem","position":3,"name":"Duomo Sabbia"}]},{"@type":"WebSite","@id":"https:\/\/www.stonecity.cz\/en\/#website","url":"https:\/\/www.stonecity.cz\/en\/","name":"Stonecity.cz","description":"Dla\u017eba, obklady, um\u011bl\u00fd i p\u0159\u00edrodn\u00ed k\u00e1men","potentialAction":[{"@type":"SearchAction","target":{"@type":"EntryPoint","urlTemplate":"https:\/\/www.stonecity.cz\/en\/?s={search_term_string}"},"query-input":{"@type":"PropertyValueSpecification","valueRequired":true,"valueName":"search_term_string"}}],"inLanguage":"en-US"}]}},"_links":{"self":[{"href":"https:\/\/www.stonecity.cz\/en\/wp-json\/wp\/v2\/product\/16416","targetHints":{"allow":["GET"]}}],"collection":[{"href":"https:\/\/www.stonecity.cz\/en\/wp-json\/wp\/v2\/product"}],"about":[{"href":"https:\/\/www.stonecity.cz\/en\/wp-json\/wp\/v2\/types\/product"}],"wp:featuredmedia":[{"embeddable":true,"href":"https:\/\/www.stonecity.cz\/en\/wp-json\/wp\/v2\/media\/12711"}],"wp:attachment":[{"href":"https:\/\/www.stonecity.cz\/en\/wp-json\/wp\/v2\/media?parent=16416"}],"wp:term":[{"taxonomy":"product_cat","embeddable":true,"href":"https:\/\/www.stonecity.cz\/en\/wp-json\/wp\/v2\/product_cat?post=16416"},{"taxonomy":"product_tag","embeddable":true,"href":"https:\/\/www.stonecity.cz\/en\/wp-json\/wp\/v2\/product_tag?post=16416"}],"curies":[{"name":"wp","href":"https:\/\/api.w.org\/{rel}","templated":true}]}}