{"id":16480,"date":"2020-09-22T12:07:00","date_gmt":"2020-09-22T10:07:00","guid":{"rendered":"https:\/\/www.stonecity.cz\/produkt\/acapulco-stone-tiles-bc-12\/"},"modified":"2020-09-22T12:07:00","modified_gmt":"2020-09-22T10:07:00","slug":"stone-cladding-acapulco-bc-12","status":"publish","type":"product","link":"https:\/\/www.stonecity.cz\/en\/produkt\/stone-cladding-acapulco-bc-12\/","title":{"rendered":"Acapulco stone tiles BC-12"},"content":{"rendered":"<p>Acapulco tile is a natural stone tile made of quartzite.<br \/>\nThe colour shades from grey to brown and orange give the stone an overall natural feel.<br \/>\nThe beauty of this stone tile stands out both indoors and outdoors.<\/p>\n<p>The Z-shaped tile format makes it easy to install, and the tile does not need to be paired.<\/p>\n<p>&nbsp;<\/p>\n<p>&nbsp;<\/p>\n","protected":false},"excerpt":{"rendered":"<p>Acapulco tile is a natural stone tile made of quartzite. The colour shades from grey to brown and orange give the stone an overall natural feel. The beauty of this stone tile stands out both indoors and outdoors. The Z-shaped tile format makes it easy to install, and the tile does not need to be [&#8230;]\n","protected":false},"featured_media":12567,"template":"","meta":[],"product_cat":[2040,2032,2038],"product_tag":[1741,1745,1744,1748,1747,1751,1749],"class_list":{"0":"post-16480","1":"product","2":"type-product","3":"status-publish","4":"has-post-thumbnail","6":"product_cat-stone-veneer","7":"product_cat-natural-stone-en","8":"product_cat-quarzit-en","9":"product_tag-facade-cladding","10":"product_tag-suitable-for-indoors","11":"product_tag-suitable-for-outdoors","12":"product_tag-suitable-for-sauna","13":"product_tag-suitable-for-the-kitchen","14":"product_tag-suitable-for-the-terrace","15":"product_tag-suitable-for-wellness","16":"pa_baleni-box-1232m2-850-kg-28-boxes","17":"pa_baleni-boxes-4pcs-044-m2","18":"pa_tloustka-25-55cm-en","20":"first","21":"instock","22":"taxable","23":"shipping-taxable","24":"purchasable","25":"product-type-simple"},"yoast_head":"<!-- This site is optimized with the Yoast SEO plugin v26.8 - https:\/\/yoast.com\/product\/yoast-seo-wordpress\/ -->\n<title>Acapulco stone tiles BC-12 - Stonecity.cz<\/title>\n<meta name=\"robots\" content=\"index, follow, max-snippet:-1, max-image-preview:large, max-video-preview:-1\" \/>\n<link rel=\"canonical\" href=\"https:\/\/www.stonecity.cz\/en\/produkt\/stone-cladding-acapulco-bc-12\/\" \/>\n<meta property=\"og:locale\" content=\"en_US\" \/>\n<meta property=\"og:type\" content=\"article\" \/>\n<meta property=\"og:title\" content=\"Acapulco stone tiles BC-12 - Stonecity.cz\" \/>\n<meta property=\"og:description\" content=\"Acapulco tile is a natural stone tile made of quartzite. The colour shades from grey to brown and orange give the stone an overall natural feel. The beauty of this stone tile stands out both indoors and outdoors. The Z-shaped tile format makes it easy to install, and the tile does not need to be [...]\" \/>\n<meta property=\"og:url\" content=\"https:\/\/www.stonecity.cz\/en\/produkt\/stone-cladding-acapulco-bc-12\/\" \/>\n<meta property=\"og:site_name\" content=\"Stonecity.cz\" \/>\n<meta property=\"og:image\" content=\"https:\/\/www.stonecity.cz\/wp-content\/uploads\/2020\/09\/BC-12.jpg\" \/>\n\t<meta property=\"og:image:width\" content=\"2016\" \/>\n\t<meta property=\"og:image:height\" content=\"1512\" \/>\n\t<meta property=\"og:image:type\" content=\"image\/jpeg\" \/>\n<meta name=\"twitter:card\" content=\"summary_large_image\" \/>\n<script type=\"application\/ld+json\" class=\"yoast-schema-graph\">{\"@context\":\"https:\/\/schema.org\",\"@graph\":[{\"@type\":\"WebPage\",\"@id\":\"https:\/\/www.stonecity.cz\/en\/produkt\/stone-cladding-acapulco-bc-12\/\",\"url\":\"https:\/\/www.stonecity.cz\/en\/produkt\/stone-cladding-acapulco-bc-12\/\",\"name\":\"Acapulco stone tiles BC-12 - Stonecity.cz\",\"isPartOf\":{\"@id\":\"https:\/\/www.stonecity.cz\/en\/#website\"},\"primaryImageOfPage\":{\"@id\":\"https:\/\/www.stonecity.cz\/en\/produkt\/stone-cladding-acapulco-bc-12\/#primaryimage\"},\"image\":{\"@id\":\"https:\/\/www.stonecity.cz\/en\/produkt\/stone-cladding-acapulco-bc-12\/#primaryimage\"},\"thumbnailUrl\":\"https:\/\/www.stonecity.cz\/wp-content\/uploads\/2020\/09\/BC-12.jpg\",\"datePublished\":\"2020-09-22T10:07:00+00:00\",\"breadcrumb\":{\"@id\":\"https:\/\/www.stonecity.cz\/en\/produkt\/stone-cladding-acapulco-bc-12\/#breadcrumb\"},\"inLanguage\":\"en-US\",\"potentialAction\":[{\"@type\":\"ReadAction\",\"target\":[\"https:\/\/www.stonecity.cz\/en\/produkt\/stone-cladding-acapulco-bc-12\/\"]}]},{\"@type\":\"ImageObject\",\"inLanguage\":\"en-US\",\"@id\":\"https:\/\/www.stonecity.cz\/en\/produkt\/stone-cladding-acapulco-bc-12\/#primaryimage\",\"url\":\"https:\/\/www.stonecity.cz\/wp-content\/uploads\/2020\/09\/BC-12.jpg\",\"contentUrl\":\"https:\/\/www.stonecity.cz\/wp-content\/uploads\/2020\/09\/BC-12.jpg\",\"width\":2016,\"height\":1512,\"caption\":\"Quartzite Acapulco\"},{\"@type\":\"BreadcrumbList\",\"@id\":\"https:\/\/www.stonecity.cz\/en\/produkt\/stone-cladding-acapulco-bc-12\/#breadcrumb\",\"itemListElement\":[{\"@type\":\"ListItem\",\"position\":1,\"name\":\"Dom\u016f\",\"item\":\"https:\/\/www.stonecity.cz\/en\/\"},{\"@type\":\"ListItem\",\"position\":2,\"name\":\"Shop\",\"item\":\"https:\/\/www.stonecity.cz\/en\/shop\/\"},{\"@type\":\"ListItem\",\"position\":3,\"name\":\"Acapulco stone tiles BC-12\"}]},{\"@type\":\"WebSite\",\"@id\":\"https:\/\/www.stonecity.cz\/en\/#website\",\"url\":\"https:\/\/www.stonecity.cz\/en\/\",\"name\":\"Stonecity.cz\",\"description\":\"Dla\u017eba, obklady, um\u011bl\u00fd i p\u0159\u00edrodn\u00ed k\u00e1men\",\"potentialAction\":[{\"@type\":\"SearchAction\",\"target\":{\"@type\":\"EntryPoint\",\"urlTemplate\":\"https:\/\/www.stonecity.cz\/en\/?s={search_term_string}\"},\"query-input\":{\"@type\":\"PropertyValueSpecification\",\"valueRequired\":true,\"valueName\":\"search_term_string\"}}],\"inLanguage\":\"en-US\"}]}<\/script>\n<!-- \/ Yoast SEO plugin. -->","yoast_head_json":{"title":"Acapulco stone tiles BC-12 - Stonecity.cz","robots":{"index":"index","follow":"follow","max-snippet":"max-snippet:-1","max-image-preview":"max-image-preview:large","max-video-preview":"max-video-preview:-1"},"canonical":"https:\/\/www.stonecity.cz\/en\/produkt\/stone-cladding-acapulco-bc-12\/","og_locale":"en_US","og_type":"article","og_title":"Acapulco stone tiles BC-12 - Stonecity.cz","og_description":"Acapulco tile is a natural stone tile made of quartzite. The colour shades from grey to brown and orange give the stone an overall natural feel. The beauty of this stone tile stands out both indoors and outdoors. The Z-shaped tile format makes it easy to install, and the tile does not need to be [...]","og_url":"https:\/\/www.stonecity.cz\/en\/produkt\/stone-cladding-acapulco-bc-12\/","og_site_name":"Stonecity.cz","og_image":[{"width":2016,"height":1512,"url":"https:\/\/www.stonecity.cz\/wp-content\/uploads\/2020\/09\/BC-12.jpg","type":"image\/jpeg"}],"twitter_card":"summary_large_image","schema":{"@context":"https:\/\/schema.org","@graph":[{"@type":"WebPage","@id":"https:\/\/www.stonecity.cz\/en\/produkt\/stone-cladding-acapulco-bc-12\/","url":"https:\/\/www.stonecity.cz\/en\/produkt\/stone-cladding-acapulco-bc-12\/","name":"Acapulco stone tiles BC-12 - Stonecity.cz","isPartOf":{"@id":"https:\/\/www.stonecity.cz\/en\/#website"},"primaryImageOfPage":{"@id":"https:\/\/www.stonecity.cz\/en\/produkt\/stone-cladding-acapulco-bc-12\/#primaryimage"},"image":{"@id":"https:\/\/www.stonecity.cz\/en\/produkt\/stone-cladding-acapulco-bc-12\/#primaryimage"},"thumbnailUrl":"https:\/\/www.stonecity.cz\/wp-content\/uploads\/2020\/09\/BC-12.jpg","datePublished":"2020-09-22T10:07:00+00:00","breadcrumb":{"@id":"https:\/\/www.stonecity.cz\/en\/produkt\/stone-cladding-acapulco-bc-12\/#breadcrumb"},"inLanguage":"en-US","potentialAction":[{"@type":"ReadAction","target":["https:\/\/www.stonecity.cz\/en\/produkt\/stone-cladding-acapulco-bc-12\/"]}]},{"@type":"ImageObject","inLanguage":"en-US","@id":"https:\/\/www.stonecity.cz\/en\/produkt\/stone-cladding-acapulco-bc-12\/#primaryimage","url":"https:\/\/www.stonecity.cz\/wp-content\/uploads\/2020\/09\/BC-12.jpg","contentUrl":"https:\/\/www.stonecity.cz\/wp-content\/uploads\/2020\/09\/BC-12.jpg","width":2016,"height":1512,"caption":"Quartzite Acapulco"},{"@type":"BreadcrumbList","@id":"https:\/\/www.stonecity.cz\/en\/produkt\/stone-cladding-acapulco-bc-12\/#breadcrumb","itemListElement":[{"@type":"ListItem","position":1,"name":"Dom\u016f","item":"https:\/\/www.stonecity.cz\/en\/"},{"@type":"ListItem","position":2,"name":"Shop","item":"https:\/\/www.stonecity.cz\/en\/shop\/"},{"@type":"ListItem","position":3,"name":"Acapulco stone tiles BC-12"}]},{"@type":"WebSite","@id":"https:\/\/www.stonecity.cz\/en\/#website","url":"https:\/\/www.stonecity.cz\/en\/","name":"Stonecity.cz","description":"Dla\u017eba, obklady, um\u011bl\u00fd i p\u0159\u00edrodn\u00ed k\u00e1men","potentialAction":[{"@type":"SearchAction","target":{"@type":"EntryPoint","urlTemplate":"https:\/\/www.stonecity.cz\/en\/?s={search_term_string}"},"query-input":{"@type":"PropertyValueSpecification","valueRequired":true,"valueName":"search_term_string"}}],"inLanguage":"en-US"}]}},"_links":{"self":[{"href":"https:\/\/www.stonecity.cz\/en\/wp-json\/wp\/v2\/product\/16480","targetHints":{"allow":["GET"]}}],"collection":[{"href":"https:\/\/www.stonecity.cz\/en\/wp-json\/wp\/v2\/product"}],"about":[{"href":"https:\/\/www.stonecity.cz\/en\/wp-json\/wp\/v2\/types\/product"}],"wp:featuredmedia":[{"embeddable":true,"href":"https:\/\/www.stonecity.cz\/en\/wp-json\/wp\/v2\/media\/12567"}],"wp:attachment":[{"href":"https:\/\/www.stonecity.cz\/en\/wp-json\/wp\/v2\/media?parent=16480"}],"wp:term":[{"taxonomy":"product_cat","embeddable":true,"href":"https:\/\/www.stonecity.cz\/en\/wp-json\/wp\/v2\/product_cat?post=16480"},{"taxonomy":"product_tag","embeddable":true,"href":"https:\/\/www.stonecity.cz\/en\/wp-json\/wp\/v2\/product_tag?post=16480"}],"curies":[{"name":"wp","href":"https:\/\/api.w.org\/{rel}","templated":true}]}}