{"id":16533,"date":"2020-09-07T14:27:32","date_gmt":"2020-09-07T12:27:32","guid":{"rendered":"https:\/\/www.stonecity.cz\/produkt\/merock-zaragoza-corner-082\/"},"modified":"2020-09-07T14:27:32","modified_gmt":"2020-09-07T12:27:32","slug":"merock-rohy-082-zaragoza-2","status":"publish","type":"product","link":"https:\/\/www.stonecity.cz\/en\/produkt\/merock-rohy-082-zaragoza-2\/","title":{"rendered":"Merock Zaragoza Corner 082"},"content":{"rendered":"<p>Merock is a rectangular shaped stone agglomerate tile &#8211; thanks to its understated design, it is particularly popular in interiors.<br \/>\nCan be applied indoors and outdoors.<br \/>\nThis type of stone is not paired.<\/p>\n<p><em><strong><a href=\"https:\/\/www.stonecity.cz\/wp-content\/uploads\/2020\/05\/Katalogovy-list-Merock-1.pdf\">Catalogue sheet Merock<\/a><\/strong><\/em><br \/>\n<em><strong><a href=\"https:\/\/www.stonecity.cz\/wp-content\/uploads\/2020\/05\/Montazni-postup-1.pdf\">Installation procedure<\/a><\/strong><\/em><\/p>\n","protected":false},"excerpt":{"rendered":"<p>Merock is a rectangular shaped stone agglomerate tile &#8211; thanks to its understated design, it is particularly popular in interiors. Can be applied indoors and outdoors. This type of stone is not paired. Catalogue sheet Merock Installation procedure<\/p>\n","protected":false},"featured_media":12503,"template":"","meta":[],"product_cat":[2040],"product_tag":[1741,1745,1744,1748,1747,1751,1749],"class_list":{"0":"post-16533","1":"product","2":"type-product","3":"status-publish","4":"has-post-thumbnail","6":"product_cat-stone-veneer","7":"product_tag-facade-cladding","8":"product_tag-suitable-for-indoors","9":"product_tag-suitable-for-outdoors","10":"product_tag-suitable-for-sauna","11":"product_tag-suitable-for-the-kitchen","12":"product_tag-suitable-for-the-terrace","13":"product_tag-suitable-for-wellness","14":"pa_baleni-cardboard-box-1-bm","15":"pa_baleni-pallet-40-m","16":"pa_barva-082-en","17":"pa_mj-bm-1-en","18":"pa_sirka-10-cm-en","19":"pa_tloustka-1-2-8-cm","21":"first","22":"instock","23":"purchasable","24":"product-type-simple"},"yoast_head":"<!-- This site is optimized with the Yoast SEO plugin v26.8 - https:\/\/yoast.com\/product\/yoast-seo-wordpress\/ -->\n<title>Merock Zaragoza Corner 082 - Stonecity.cz<\/title>\n<meta name=\"robots\" content=\"index, follow, max-snippet:-1, max-image-preview:large, max-video-preview:-1\" \/>\n<link rel=\"canonical\" href=\"https:\/\/www.stonecity.cz\/en\/produkt\/merock-rohy-082-zaragoza-2\/\" \/>\n<meta property=\"og:locale\" content=\"en_US\" \/>\n<meta property=\"og:type\" content=\"article\" \/>\n<meta property=\"og:title\" content=\"Merock Zaragoza Corner 082 - Stonecity.cz\" \/>\n<meta property=\"og:description\" content=\"Merock is a rectangular shaped stone agglomerate tile &#8211; thanks to its understated design, it is particularly popular in interiors. Can be applied indoors and outdoors. This type of stone is not paired. Catalogue sheet Merock Installation procedure\" \/>\n<meta property=\"og:url\" content=\"https:\/\/www.stonecity.cz\/en\/produkt\/merock-rohy-082-zaragoza-2\/\" \/>\n<meta property=\"og:site_name\" content=\"Stonecity.cz\" \/>\n<meta property=\"og:image\" content=\"https:\/\/www.stonecity.cz\/wp-content\/uploads\/2020\/09\/icon-1352.jpeg\" \/>\n\t<meta property=\"og:image:width\" content=\"2354\" \/>\n\t<meta property=\"og:image:height\" content=\"2006\" \/>\n\t<meta property=\"og:image:type\" content=\"image\/jpeg\" \/>\n<meta name=\"twitter:card\" content=\"summary_large_image\" \/>\n<script type=\"application\/ld+json\" class=\"yoast-schema-graph\">{\"@context\":\"https:\/\/schema.org\",\"@graph\":[{\"@type\":\"WebPage\",\"@id\":\"https:\/\/www.stonecity.cz\/en\/produkt\/merock-rohy-082-zaragoza-2\/\",\"url\":\"https:\/\/www.stonecity.cz\/en\/produkt\/merock-rohy-082-zaragoza-2\/\",\"name\":\"Merock Zaragoza Corner 082 - Stonecity.cz\",\"isPartOf\":{\"@id\":\"https:\/\/www.stonecity.cz\/en\/#website\"},\"primaryImageOfPage\":{\"@id\":\"https:\/\/www.stonecity.cz\/en\/produkt\/merock-rohy-082-zaragoza-2\/#primaryimage\"},\"image\":{\"@id\":\"https:\/\/www.stonecity.cz\/en\/produkt\/merock-rohy-082-zaragoza-2\/#primaryimage\"},\"thumbnailUrl\":\"https:\/\/www.stonecity.cz\/wp-content\/uploads\/2020\/09\/icon-1352.jpeg\",\"datePublished\":\"2020-09-07T12:27:32+00:00\",\"breadcrumb\":{\"@id\":\"https:\/\/www.stonecity.cz\/en\/produkt\/merock-rohy-082-zaragoza-2\/#breadcrumb\"},\"inLanguage\":\"en-US\",\"potentialAction\":[{\"@type\":\"ReadAction\",\"target\":[\"https:\/\/www.stonecity.cz\/en\/produkt\/merock-rohy-082-zaragoza-2\/\"]}]},{\"@type\":\"ImageObject\",\"inLanguage\":\"en-US\",\"@id\":\"https:\/\/www.stonecity.cz\/en\/produkt\/merock-rohy-082-zaragoza-2\/#primaryimage\",\"url\":\"https:\/\/www.stonecity.cz\/wp-content\/uploads\/2020\/09\/icon-1352.jpeg\",\"contentUrl\":\"https:\/\/www.stonecity.cz\/wp-content\/uploads\/2020\/09\/icon-1352.jpeg\",\"width\":2354,\"height\":2006,\"caption\":\"Merock Zaragoza\"},{\"@type\":\"BreadcrumbList\",\"@id\":\"https:\/\/www.stonecity.cz\/en\/produkt\/merock-rohy-082-zaragoza-2\/#breadcrumb\",\"itemListElement\":[{\"@type\":\"ListItem\",\"position\":1,\"name\":\"Dom\u016f\",\"item\":\"https:\/\/www.stonecity.cz\/en\/\"},{\"@type\":\"ListItem\",\"position\":2,\"name\":\"Shop\",\"item\":\"https:\/\/www.stonecity.cz\/en\/shop\/\"},{\"@type\":\"ListItem\",\"position\":3,\"name\":\"Merock Zaragoza Corner 082\"}]},{\"@type\":\"WebSite\",\"@id\":\"https:\/\/www.stonecity.cz\/en\/#website\",\"url\":\"https:\/\/www.stonecity.cz\/en\/\",\"name\":\"Stonecity.cz\",\"description\":\"Dla\u017eba, obklady, um\u011bl\u00fd i p\u0159\u00edrodn\u00ed k\u00e1men\",\"potentialAction\":[{\"@type\":\"SearchAction\",\"target\":{\"@type\":\"EntryPoint\",\"urlTemplate\":\"https:\/\/www.stonecity.cz\/en\/?s={search_term_string}\"},\"query-input\":{\"@type\":\"PropertyValueSpecification\",\"valueRequired\":true,\"valueName\":\"search_term_string\"}}],\"inLanguage\":\"en-US\"}]}<\/script>\n<!-- \/ Yoast SEO plugin. -->","yoast_head_json":{"title":"Merock Zaragoza Corner 082 - Stonecity.cz","robots":{"index":"index","follow":"follow","max-snippet":"max-snippet:-1","max-image-preview":"max-image-preview:large","max-video-preview":"max-video-preview:-1"},"canonical":"https:\/\/www.stonecity.cz\/en\/produkt\/merock-rohy-082-zaragoza-2\/","og_locale":"en_US","og_type":"article","og_title":"Merock Zaragoza Corner 082 - Stonecity.cz","og_description":"Merock is a rectangular shaped stone agglomerate tile &#8211; thanks to its understated design, it is particularly popular in interiors. Can be applied indoors and outdoors. This type of stone is not paired. Catalogue sheet Merock Installation procedure","og_url":"https:\/\/www.stonecity.cz\/en\/produkt\/merock-rohy-082-zaragoza-2\/","og_site_name":"Stonecity.cz","og_image":[{"width":2354,"height":2006,"url":"https:\/\/www.stonecity.cz\/wp-content\/uploads\/2020\/09\/icon-1352.jpeg","type":"image\/jpeg"}],"twitter_card":"summary_large_image","schema":{"@context":"https:\/\/schema.org","@graph":[{"@type":"WebPage","@id":"https:\/\/www.stonecity.cz\/en\/produkt\/merock-rohy-082-zaragoza-2\/","url":"https:\/\/www.stonecity.cz\/en\/produkt\/merock-rohy-082-zaragoza-2\/","name":"Merock Zaragoza Corner 082 - Stonecity.cz","isPartOf":{"@id":"https:\/\/www.stonecity.cz\/en\/#website"},"primaryImageOfPage":{"@id":"https:\/\/www.stonecity.cz\/en\/produkt\/merock-rohy-082-zaragoza-2\/#primaryimage"},"image":{"@id":"https:\/\/www.stonecity.cz\/en\/produkt\/merock-rohy-082-zaragoza-2\/#primaryimage"},"thumbnailUrl":"https:\/\/www.stonecity.cz\/wp-content\/uploads\/2020\/09\/icon-1352.jpeg","datePublished":"2020-09-07T12:27:32+00:00","breadcrumb":{"@id":"https:\/\/www.stonecity.cz\/en\/produkt\/merock-rohy-082-zaragoza-2\/#breadcrumb"},"inLanguage":"en-US","potentialAction":[{"@type":"ReadAction","target":["https:\/\/www.stonecity.cz\/en\/produkt\/merock-rohy-082-zaragoza-2\/"]}]},{"@type":"ImageObject","inLanguage":"en-US","@id":"https:\/\/www.stonecity.cz\/en\/produkt\/merock-rohy-082-zaragoza-2\/#primaryimage","url":"https:\/\/www.stonecity.cz\/wp-content\/uploads\/2020\/09\/icon-1352.jpeg","contentUrl":"https:\/\/www.stonecity.cz\/wp-content\/uploads\/2020\/09\/icon-1352.jpeg","width":2354,"height":2006,"caption":"Merock Zaragoza"},{"@type":"BreadcrumbList","@id":"https:\/\/www.stonecity.cz\/en\/produkt\/merock-rohy-082-zaragoza-2\/#breadcrumb","itemListElement":[{"@type":"ListItem","position":1,"name":"Dom\u016f","item":"https:\/\/www.stonecity.cz\/en\/"},{"@type":"ListItem","position":2,"name":"Shop","item":"https:\/\/www.stonecity.cz\/en\/shop\/"},{"@type":"ListItem","position":3,"name":"Merock Zaragoza Corner 082"}]},{"@type":"WebSite","@id":"https:\/\/www.stonecity.cz\/en\/#website","url":"https:\/\/www.stonecity.cz\/en\/","name":"Stonecity.cz","description":"Dla\u017eba, obklady, um\u011bl\u00fd i p\u0159\u00edrodn\u00ed k\u00e1men","potentialAction":[{"@type":"SearchAction","target":{"@type":"EntryPoint","urlTemplate":"https:\/\/www.stonecity.cz\/en\/?s={search_term_string}"},"query-input":{"@type":"PropertyValueSpecification","valueRequired":true,"valueName":"search_term_string"}}],"inLanguage":"en-US"}]}},"_links":{"self":[{"href":"https:\/\/www.stonecity.cz\/en\/wp-json\/wp\/v2\/product\/16533","targetHints":{"allow":["GET"]}}],"collection":[{"href":"https:\/\/www.stonecity.cz\/en\/wp-json\/wp\/v2\/product"}],"about":[{"href":"https:\/\/www.stonecity.cz\/en\/wp-json\/wp\/v2\/types\/product"}],"wp:featuredmedia":[{"embeddable":true,"href":"https:\/\/www.stonecity.cz\/en\/wp-json\/wp\/v2\/media\/12503"}],"wp:attachment":[{"href":"https:\/\/www.stonecity.cz\/en\/wp-json\/wp\/v2\/media?parent=16533"}],"wp:term":[{"taxonomy":"product_cat","embeddable":true,"href":"https:\/\/www.stonecity.cz\/en\/wp-json\/wp\/v2\/product_cat?post=16533"},{"taxonomy":"product_tag","embeddable":true,"href":"https:\/\/www.stonecity.cz\/en\/wp-json\/wp\/v2\/product_tag?post=16533"}],"curies":[{"name":"wp","href":"https:\/\/api.w.org\/{rel}","templated":true}]}}