{"id":16565,"date":"2020-08-18T09:35:08","date_gmt":"2020-08-18T07:35:08","guid":{"rendered":"https:\/\/www.stonecity.cz\/produkt\/travertin-pietro-vein-cut-tr-73\/"},"modified":"2020-08-18T09:35:08","modified_gmt":"2020-08-18T07:35:08","slug":"travertine-pietro-vein-cut-tr-73","status":"publish","type":"product","link":"https:\/\/www.stonecity.cz\/en\/produkt\/travertine-pietro-vein-cut-tr-73\/","title":{"rendered":"Travertin Pietro Vein-cut TR-73"},"content":{"rendered":"<p>Travertine tiles in a light cream shade.<br \/>\nTravertine is very practical to maintain and thanks to its structure it always retains a clean appearance.<br \/>\nThis model is suitable for use outdoors as a paving stone.<\/p>\n<p>Exterior paving, stairs &#8211; thickness 3 cm<br \/>\nInterior tiles &#8211; thickness 1,2 cm<\/p>\n<p>Surface: filled transparent, polished, vein-cut, cut edges<\/p>\n<p>Use: bathrooms, kitchens, pool surroundings, terraces, corridors, staircases&#8230;<\/p>\n<p>Easy installation and minimal maintenance.<\/p>\n<p><em><strong><a href=\"https:\/\/www.stonecity.cz\/wp-content\/uploads\/2020\/05\/Certifikat-k-travertinu.pdf\">Travertine certificate<\/a><\/strong><\/em><\/p>\n","protected":false},"excerpt":{"rendered":"<p>Travertine tiles in a light cream shade. Travertine is very practical to maintain and thanks to its structure it always retains a clean appearance. This model is suitable for use outdoors as a paving stone. Exterior paving, stairs &#8211; thickness 3 cm Interior tiles &#8211; thickness 1,2 cm Surface: filled transparent, polished, vein-cut, cut edges [&#8230;]\n","protected":false},"featured_media":12373,"template":"","meta":[],"product_cat":[2032,2056,1916,1922,1950],"product_tag":[1745,1744,1746,1751],"class_list":{"0":"post-16565","1":"product","2":"type-product","3":"status-publish","4":"has-post-thumbnail","6":"product_cat-natural-stone-en","7":"product_cat-travertine-en","8":"product_cat-pavements","9":"product_cat-natural-stone","10":"product_cat-travertine","11":"product_tag-suitable-for-indoors","12":"product_tag-suitable-for-outdoors","13":"product_tag-suitable-for-the-bathroom","14":"product_tag-suitable-for-the-terrace","15":"pa_baleni-pallet-box-36-m2","17":"first","18":"instock","19":"purchasable","20":"product-type-variable","21":"has-default-attributes"},"yoast_head":"<!-- This site is optimized with the Yoast SEO plugin v26.8 - https:\/\/yoast.com\/product\/yoast-seo-wordpress\/ -->\n<title>Travertin Pietro Vein-cut TR-73 - Stonecity.cz<\/title>\n<meta name=\"robots\" content=\"index, follow, max-snippet:-1, max-image-preview:large, max-video-preview:-1\" \/>\n<link rel=\"canonical\" href=\"https:\/\/www.stonecity.cz\/en\/produkt\/travertine-pietro-vein-cut-tr-73\/\" \/>\n<meta property=\"og:locale\" content=\"en_US\" \/>\n<meta property=\"og:type\" content=\"article\" \/>\n<meta property=\"og:title\" content=\"Travertin Pietro Vein-cut TR-73 - Stonecity.cz\" \/>\n<meta property=\"og:description\" content=\"Travertine tiles in a light cream shade. Travertine is very practical to maintain and thanks to its structure it always retains a clean appearance. This model is suitable for use outdoors as a paving stone. Exterior paving, stairs &#8211; thickness 3 cm Interior tiles &#8211; thickness 1,2 cm Surface: filled transparent, polished, vein-cut, cut edges [...]\" \/>\n<meta property=\"og:url\" content=\"https:\/\/www.stonecity.cz\/en\/produkt\/travertine-pietro-vein-cut-tr-73\/\" \/>\n<meta property=\"og:site_name\" content=\"Stonecity.cz\" \/>\n<meta property=\"og:image\" content=\"https:\/\/www.stonecity.cz\/wp-content\/uploads\/2020\/08\/Travertin-Pietro-Vein-Cut-transparent-TR-73.jpg\" \/>\n\t<meta property=\"og:image:width\" content=\"1024\" \/>\n\t<meta property=\"og:image:height\" content=\"721\" \/>\n\t<meta property=\"og:image:type\" content=\"image\/jpeg\" \/>\n<meta name=\"twitter:card\" content=\"summary_large_image\" \/>\n<script type=\"application\/ld+json\" class=\"yoast-schema-graph\">{\"@context\":\"https:\/\/schema.org\",\"@graph\":[{\"@type\":\"WebPage\",\"@id\":\"https:\/\/www.stonecity.cz\/en\/produkt\/travertine-pietro-vein-cut-tr-73\/\",\"url\":\"https:\/\/www.stonecity.cz\/en\/produkt\/travertine-pietro-vein-cut-tr-73\/\",\"name\":\"Travertin Pietro Vein-cut TR-73 - Stonecity.cz\",\"isPartOf\":{\"@id\":\"https:\/\/www.stonecity.cz\/en\/#website\"},\"primaryImageOfPage\":{\"@id\":\"https:\/\/www.stonecity.cz\/en\/produkt\/travertine-pietro-vein-cut-tr-73\/#primaryimage\"},\"image\":{\"@id\":\"https:\/\/www.stonecity.cz\/en\/produkt\/travertine-pietro-vein-cut-tr-73\/#primaryimage\"},\"thumbnailUrl\":\"https:\/\/www.stonecity.cz\/wp-content\/uploads\/2020\/08\/Travertin-Pietro-Vein-Cut-transparent-TR-73.jpg\",\"datePublished\":\"2020-08-18T07:35:08+00:00\",\"breadcrumb\":{\"@id\":\"https:\/\/www.stonecity.cz\/en\/produkt\/travertine-pietro-vein-cut-tr-73\/#breadcrumb\"},\"inLanguage\":\"en-US\",\"potentialAction\":[{\"@type\":\"ReadAction\",\"target\":[\"https:\/\/www.stonecity.cz\/en\/produkt\/travertine-pietro-vein-cut-tr-73\/\"]}]},{\"@type\":\"ImageObject\",\"inLanguage\":\"en-US\",\"@id\":\"https:\/\/www.stonecity.cz\/en\/produkt\/travertine-pietro-vein-cut-tr-73\/#primaryimage\",\"url\":\"https:\/\/www.stonecity.cz\/wp-content\/uploads\/2020\/08\/Travertin-Pietro-Vein-Cut-transparent-TR-73.jpg\",\"contentUrl\":\"https:\/\/www.stonecity.cz\/wp-content\/uploads\/2020\/08\/Travertin-Pietro-Vein-Cut-transparent-TR-73.jpg\",\"width\":1024,\"height\":721,\"caption\":\"Travertin Pietro Vein Cut\"},{\"@type\":\"BreadcrumbList\",\"@id\":\"https:\/\/www.stonecity.cz\/en\/produkt\/travertine-pietro-vein-cut-tr-73\/#breadcrumb\",\"itemListElement\":[{\"@type\":\"ListItem\",\"position\":1,\"name\":\"Dom\u016f\",\"item\":\"https:\/\/www.stonecity.cz\/en\/\"},{\"@type\":\"ListItem\",\"position\":2,\"name\":\"Shop\",\"item\":\"https:\/\/www.stonecity.cz\/en\/shop\/\"},{\"@type\":\"ListItem\",\"position\":3,\"name\":\"Travertin Pietro Vein-cut TR-73\"}]},{\"@type\":\"WebSite\",\"@id\":\"https:\/\/www.stonecity.cz\/en\/#website\",\"url\":\"https:\/\/www.stonecity.cz\/en\/\",\"name\":\"Stonecity.cz\",\"description\":\"Dla\u017eba, obklady, um\u011bl\u00fd i p\u0159\u00edrodn\u00ed k\u00e1men\",\"potentialAction\":[{\"@type\":\"SearchAction\",\"target\":{\"@type\":\"EntryPoint\",\"urlTemplate\":\"https:\/\/www.stonecity.cz\/en\/?s={search_term_string}\"},\"query-input\":{\"@type\":\"PropertyValueSpecification\",\"valueRequired\":true,\"valueName\":\"search_term_string\"}}],\"inLanguage\":\"en-US\"}]}<\/script>\n<!-- \/ Yoast SEO plugin. -->","yoast_head_json":{"title":"Travertin Pietro Vein-cut TR-73 - Stonecity.cz","robots":{"index":"index","follow":"follow","max-snippet":"max-snippet:-1","max-image-preview":"max-image-preview:large","max-video-preview":"max-video-preview:-1"},"canonical":"https:\/\/www.stonecity.cz\/en\/produkt\/travertine-pietro-vein-cut-tr-73\/","og_locale":"en_US","og_type":"article","og_title":"Travertin Pietro Vein-cut TR-73 - Stonecity.cz","og_description":"Travertine tiles in a light cream shade. Travertine is very practical to maintain and thanks to its structure it always retains a clean appearance. This model is suitable for use outdoors as a paving stone. Exterior paving, stairs &#8211; thickness 3 cm Interior tiles &#8211; thickness 1,2 cm Surface: filled transparent, polished, vein-cut, cut edges [...]","og_url":"https:\/\/www.stonecity.cz\/en\/produkt\/travertine-pietro-vein-cut-tr-73\/","og_site_name":"Stonecity.cz","og_image":[{"width":1024,"height":721,"url":"https:\/\/www.stonecity.cz\/wp-content\/uploads\/2020\/08\/Travertin-Pietro-Vein-Cut-transparent-TR-73.jpg","type":"image\/jpeg"}],"twitter_card":"summary_large_image","schema":{"@context":"https:\/\/schema.org","@graph":[{"@type":"WebPage","@id":"https:\/\/www.stonecity.cz\/en\/produkt\/travertine-pietro-vein-cut-tr-73\/","url":"https:\/\/www.stonecity.cz\/en\/produkt\/travertine-pietro-vein-cut-tr-73\/","name":"Travertin Pietro Vein-cut TR-73 - Stonecity.cz","isPartOf":{"@id":"https:\/\/www.stonecity.cz\/en\/#website"},"primaryImageOfPage":{"@id":"https:\/\/www.stonecity.cz\/en\/produkt\/travertine-pietro-vein-cut-tr-73\/#primaryimage"},"image":{"@id":"https:\/\/www.stonecity.cz\/en\/produkt\/travertine-pietro-vein-cut-tr-73\/#primaryimage"},"thumbnailUrl":"https:\/\/www.stonecity.cz\/wp-content\/uploads\/2020\/08\/Travertin-Pietro-Vein-Cut-transparent-TR-73.jpg","datePublished":"2020-08-18T07:35:08+00:00","breadcrumb":{"@id":"https:\/\/www.stonecity.cz\/en\/produkt\/travertine-pietro-vein-cut-tr-73\/#breadcrumb"},"inLanguage":"en-US","potentialAction":[{"@type":"ReadAction","target":["https:\/\/www.stonecity.cz\/en\/produkt\/travertine-pietro-vein-cut-tr-73\/"]}]},{"@type":"ImageObject","inLanguage":"en-US","@id":"https:\/\/www.stonecity.cz\/en\/produkt\/travertine-pietro-vein-cut-tr-73\/#primaryimage","url":"https:\/\/www.stonecity.cz\/wp-content\/uploads\/2020\/08\/Travertin-Pietro-Vein-Cut-transparent-TR-73.jpg","contentUrl":"https:\/\/www.stonecity.cz\/wp-content\/uploads\/2020\/08\/Travertin-Pietro-Vein-Cut-transparent-TR-73.jpg","width":1024,"height":721,"caption":"Travertin Pietro Vein Cut"},{"@type":"BreadcrumbList","@id":"https:\/\/www.stonecity.cz\/en\/produkt\/travertine-pietro-vein-cut-tr-73\/#breadcrumb","itemListElement":[{"@type":"ListItem","position":1,"name":"Dom\u016f","item":"https:\/\/www.stonecity.cz\/en\/"},{"@type":"ListItem","position":2,"name":"Shop","item":"https:\/\/www.stonecity.cz\/en\/shop\/"},{"@type":"ListItem","position":3,"name":"Travertin Pietro Vein-cut TR-73"}]},{"@type":"WebSite","@id":"https:\/\/www.stonecity.cz\/en\/#website","url":"https:\/\/www.stonecity.cz\/en\/","name":"Stonecity.cz","description":"Dla\u017eba, obklady, um\u011bl\u00fd i p\u0159\u00edrodn\u00ed k\u00e1men","potentialAction":[{"@type":"SearchAction","target":{"@type":"EntryPoint","urlTemplate":"https:\/\/www.stonecity.cz\/en\/?s={search_term_string}"},"query-input":{"@type":"PropertyValueSpecification","valueRequired":true,"valueName":"search_term_string"}}],"inLanguage":"en-US"}]}},"_links":{"self":[{"href":"https:\/\/www.stonecity.cz\/en\/wp-json\/wp\/v2\/product\/16565","targetHints":{"allow":["GET"]}}],"collection":[{"href":"https:\/\/www.stonecity.cz\/en\/wp-json\/wp\/v2\/product"}],"about":[{"href":"https:\/\/www.stonecity.cz\/en\/wp-json\/wp\/v2\/types\/product"}],"wp:featuredmedia":[{"embeddable":true,"href":"https:\/\/www.stonecity.cz\/en\/wp-json\/wp\/v2\/media\/12373"}],"wp:attachment":[{"href":"https:\/\/www.stonecity.cz\/en\/wp-json\/wp\/v2\/media?parent=16565"}],"wp:term":[{"taxonomy":"product_cat","embeddable":true,"href":"https:\/\/www.stonecity.cz\/en\/wp-json\/wp\/v2\/product_cat?post=16565"},{"taxonomy":"product_tag","embeddable":true,"href":"https:\/\/www.stonecity.cz\/en\/wp-json\/wp\/v2\/product_tag?post=16565"}],"curies":[{"name":"wp","href":"https:\/\/api.w.org\/{rel}","templated":true}]}}