{"id":16567,"date":"2020-05-21T14:38:02","date_gmt":"2020-05-21T12:38:02","guid":{"rendered":"https:\/\/www.stonecity.cz\/produkt\/stone-mosaic-bella-lumina-kmt-06-kmt-08\/"},"modified":"2020-05-21T14:38:02","modified_gmt":"2020-05-21T12:38:02","slug":"stone-mosaic-kmt-06","status":"publish","type":"product","link":"https:\/\/www.stonecity.cz\/en\/produkt\/stone-mosaic-kmt-06\/","title":{"rendered":"Stone mosaic Bella Lumina KMT-06\/ KMT-08"},"content":{"rendered":"<p>Bella Lumina stone mosaic made of travertine in natural colour.<\/p>\n<p>Surface: unfilled, drummed<\/p>\n<p>Glued on mesh 30&#215;30 cm<\/p>\n<p>Sold in pieces (1 piece = 0,09m2)<\/p>\n<p>1m2 = 22kg<\/p>\n<p>KMT-06 = piece size 2,3 x 2,3 cm<\/p>\n<p>KMT-08 = piece size 2,3 x 4,8 cm<\/p>\n<p>&nbsp;<\/p>\n","protected":false},"excerpt":{"rendered":"<p>Bella Lumina stone mosaic made of travertine in natural colour. Surface: unfilled, drummed Glued on mesh 30&#215;30 cm Sold in pieces (1 piece = 0,09m2) 1m2 = 22kg KMT-06 = piece size 2,3 x 2,3 cm KMT-08 = piece size 2,3 x 4,8 cm &nbsp;<\/p>\n","protected":false},"featured_media":12189,"template":"","meta":[],"product_cat":[1982],"product_tag":[1745,1748,1746,1747,1749],"class_list":{"0":"post-16567","1":"product","2":"type-product","3":"status-publish","4":"has-post-thumbnail","6":"product_cat-stone-mosaic","7":"product_tag-suitable-for-indoors","8":"product_tag-suitable-for-sauna","9":"product_tag-suitable-for-the-bathroom","10":"product_tag-suitable-for-the-kitchen","11":"product_tag-suitable-for-wellness","12":"pa_baleni-009m2-en","13":"pa_poznamka-glued-on-mesh-30x30-cm","14":"pa_poznamka-sale-by-pieces","16":"first","17":"instock","18":"purchasable","19":"product-type-variable","20":"has-default-attributes"},"yoast_head":"<!-- This site is optimized with the Yoast SEO plugin v26.8 - https:\/\/yoast.com\/product\/yoast-seo-wordpress\/ -->\n<title>Stone mosaic Bella Lumina KMT-06\/ KMT-08 - Stonecity.cz<\/title>\n<meta name=\"robots\" content=\"index, follow, max-snippet:-1, max-image-preview:large, max-video-preview:-1\" \/>\n<link rel=\"canonical\" href=\"https:\/\/www.stonecity.cz\/en\/produkt\/stone-mosaic-kmt-06\/\" \/>\n<meta property=\"og:locale\" content=\"en_US\" \/>\n<meta property=\"og:type\" content=\"article\" \/>\n<meta property=\"og:title\" content=\"Stone mosaic Bella Lumina KMT-06\/ KMT-08 - Stonecity.cz\" \/>\n<meta property=\"og:description\" content=\"Bella Lumina stone mosaic made of travertine in natural colour. Surface: unfilled, drummed Glued on mesh 30&#215;30 cm Sold in pieces (1 piece = 0,09m2) 1m2 = 22kg KMT-06 = piece size 2,3 x 2,3 cm KMT-08 = piece size 2,3 x 4,8 cm &nbsp;\" \/>\n<meta property=\"og:url\" content=\"https:\/\/www.stonecity.cz\/en\/produkt\/stone-mosaic-kmt-06\/\" \/>\n<meta property=\"og:site_name\" content=\"Stonecity.cz\" \/>\n<meta property=\"og:image\" content=\"https:\/\/www.stonecity.cz\/wp-content\/uploads\/2020\/05\/KMT-06-Pietro.jpg\" \/>\n\t<meta property=\"og:image:width\" content=\"800\" \/>\n\t<meta property=\"og:image:height\" content=\"800\" \/>\n\t<meta property=\"og:image:type\" content=\"image\/jpeg\" \/>\n<meta name=\"twitter:card\" content=\"summary_large_image\" \/>\n<script type=\"application\/ld+json\" class=\"yoast-schema-graph\">{\"@context\":\"https:\/\/schema.org\",\"@graph\":[{\"@type\":\"WebPage\",\"@id\":\"https:\/\/www.stonecity.cz\/en\/produkt\/stone-mosaic-kmt-06\/\",\"url\":\"https:\/\/www.stonecity.cz\/en\/produkt\/stone-mosaic-kmt-06\/\",\"name\":\"Stone mosaic Bella Lumina KMT-06\/ KMT-08 - Stonecity.cz\",\"isPartOf\":{\"@id\":\"https:\/\/www.stonecity.cz\/en\/#website\"},\"primaryImageOfPage\":{\"@id\":\"https:\/\/www.stonecity.cz\/en\/produkt\/stone-mosaic-kmt-06\/#primaryimage\"},\"image\":{\"@id\":\"https:\/\/www.stonecity.cz\/en\/produkt\/stone-mosaic-kmt-06\/#primaryimage\"},\"thumbnailUrl\":\"https:\/\/www.stonecity.cz\/wp-content\/uploads\/2020\/05\/KMT-06-Pietro.jpg\",\"datePublished\":\"2020-05-21T12:38:02+00:00\",\"breadcrumb\":{\"@id\":\"https:\/\/www.stonecity.cz\/en\/produkt\/stone-mosaic-kmt-06\/#breadcrumb\"},\"inLanguage\":\"en-US\",\"potentialAction\":[{\"@type\":\"ReadAction\",\"target\":[\"https:\/\/www.stonecity.cz\/en\/produkt\/stone-mosaic-kmt-06\/\"]}]},{\"@type\":\"ImageObject\",\"inLanguage\":\"en-US\",\"@id\":\"https:\/\/www.stonecity.cz\/en\/produkt\/stone-mosaic-kmt-06\/#primaryimage\",\"url\":\"https:\/\/www.stonecity.cz\/wp-content\/uploads\/2020\/05\/KMT-06-Pietro.jpg\",\"contentUrl\":\"https:\/\/www.stonecity.cz\/wp-content\/uploads\/2020\/05\/KMT-06-Pietro.jpg\",\"width\":800,\"height\":800},{\"@type\":\"BreadcrumbList\",\"@id\":\"https:\/\/www.stonecity.cz\/en\/produkt\/stone-mosaic-kmt-06\/#breadcrumb\",\"itemListElement\":[{\"@type\":\"ListItem\",\"position\":1,\"name\":\"Dom\u016f\",\"item\":\"https:\/\/www.stonecity.cz\/en\/\"},{\"@type\":\"ListItem\",\"position\":2,\"name\":\"Shop\",\"item\":\"https:\/\/www.stonecity.cz\/en\/shop\/\"},{\"@type\":\"ListItem\",\"position\":3,\"name\":\"Stone mosaic Bella Lumina KMT-06\/ KMT-08\"}]},{\"@type\":\"WebSite\",\"@id\":\"https:\/\/www.stonecity.cz\/en\/#website\",\"url\":\"https:\/\/www.stonecity.cz\/en\/\",\"name\":\"Stonecity.cz\",\"description\":\"Dla\u017eba, obklady, um\u011bl\u00fd i p\u0159\u00edrodn\u00ed k\u00e1men\",\"potentialAction\":[{\"@type\":\"SearchAction\",\"target\":{\"@type\":\"EntryPoint\",\"urlTemplate\":\"https:\/\/www.stonecity.cz\/en\/?s={search_term_string}\"},\"query-input\":{\"@type\":\"PropertyValueSpecification\",\"valueRequired\":true,\"valueName\":\"search_term_string\"}}],\"inLanguage\":\"en-US\"}]}<\/script>\n<!-- \/ Yoast SEO plugin. -->","yoast_head_json":{"title":"Stone mosaic Bella Lumina KMT-06\/ KMT-08 - Stonecity.cz","robots":{"index":"index","follow":"follow","max-snippet":"max-snippet:-1","max-image-preview":"max-image-preview:large","max-video-preview":"max-video-preview:-1"},"canonical":"https:\/\/www.stonecity.cz\/en\/produkt\/stone-mosaic-kmt-06\/","og_locale":"en_US","og_type":"article","og_title":"Stone mosaic Bella Lumina KMT-06\/ KMT-08 - Stonecity.cz","og_description":"Bella Lumina stone mosaic made of travertine in natural colour. Surface: unfilled, drummed Glued on mesh 30&#215;30 cm Sold in pieces (1 piece = 0,09m2) 1m2 = 22kg KMT-06 = piece size 2,3 x 2,3 cm KMT-08 = piece size 2,3 x 4,8 cm &nbsp;","og_url":"https:\/\/www.stonecity.cz\/en\/produkt\/stone-mosaic-kmt-06\/","og_site_name":"Stonecity.cz","og_image":[{"width":800,"height":800,"url":"https:\/\/www.stonecity.cz\/wp-content\/uploads\/2020\/05\/KMT-06-Pietro.jpg","type":"image\/jpeg"}],"twitter_card":"summary_large_image","schema":{"@context":"https:\/\/schema.org","@graph":[{"@type":"WebPage","@id":"https:\/\/www.stonecity.cz\/en\/produkt\/stone-mosaic-kmt-06\/","url":"https:\/\/www.stonecity.cz\/en\/produkt\/stone-mosaic-kmt-06\/","name":"Stone mosaic Bella Lumina KMT-06\/ KMT-08 - Stonecity.cz","isPartOf":{"@id":"https:\/\/www.stonecity.cz\/en\/#website"},"primaryImageOfPage":{"@id":"https:\/\/www.stonecity.cz\/en\/produkt\/stone-mosaic-kmt-06\/#primaryimage"},"image":{"@id":"https:\/\/www.stonecity.cz\/en\/produkt\/stone-mosaic-kmt-06\/#primaryimage"},"thumbnailUrl":"https:\/\/www.stonecity.cz\/wp-content\/uploads\/2020\/05\/KMT-06-Pietro.jpg","datePublished":"2020-05-21T12:38:02+00:00","breadcrumb":{"@id":"https:\/\/www.stonecity.cz\/en\/produkt\/stone-mosaic-kmt-06\/#breadcrumb"},"inLanguage":"en-US","potentialAction":[{"@type":"ReadAction","target":["https:\/\/www.stonecity.cz\/en\/produkt\/stone-mosaic-kmt-06\/"]}]},{"@type":"ImageObject","inLanguage":"en-US","@id":"https:\/\/www.stonecity.cz\/en\/produkt\/stone-mosaic-kmt-06\/#primaryimage","url":"https:\/\/www.stonecity.cz\/wp-content\/uploads\/2020\/05\/KMT-06-Pietro.jpg","contentUrl":"https:\/\/www.stonecity.cz\/wp-content\/uploads\/2020\/05\/KMT-06-Pietro.jpg","width":800,"height":800},{"@type":"BreadcrumbList","@id":"https:\/\/www.stonecity.cz\/en\/produkt\/stone-mosaic-kmt-06\/#breadcrumb","itemListElement":[{"@type":"ListItem","position":1,"name":"Dom\u016f","item":"https:\/\/www.stonecity.cz\/en\/"},{"@type":"ListItem","position":2,"name":"Shop","item":"https:\/\/www.stonecity.cz\/en\/shop\/"},{"@type":"ListItem","position":3,"name":"Stone mosaic Bella Lumina KMT-06\/ KMT-08"}]},{"@type":"WebSite","@id":"https:\/\/www.stonecity.cz\/en\/#website","url":"https:\/\/www.stonecity.cz\/en\/","name":"Stonecity.cz","description":"Dla\u017eba, obklady, um\u011bl\u00fd i p\u0159\u00edrodn\u00ed k\u00e1men","potentialAction":[{"@type":"SearchAction","target":{"@type":"EntryPoint","urlTemplate":"https:\/\/www.stonecity.cz\/en\/?s={search_term_string}"},"query-input":{"@type":"PropertyValueSpecification","valueRequired":true,"valueName":"search_term_string"}}],"inLanguage":"en-US"}]}},"_links":{"self":[{"href":"https:\/\/www.stonecity.cz\/en\/wp-json\/wp\/v2\/product\/16567","targetHints":{"allow":["GET"]}}],"collection":[{"href":"https:\/\/www.stonecity.cz\/en\/wp-json\/wp\/v2\/product"}],"about":[{"href":"https:\/\/www.stonecity.cz\/en\/wp-json\/wp\/v2\/types\/product"}],"wp:featuredmedia":[{"embeddable":true,"href":"https:\/\/www.stonecity.cz\/en\/wp-json\/wp\/v2\/media\/12189"}],"wp:attachment":[{"href":"https:\/\/www.stonecity.cz\/en\/wp-json\/wp\/v2\/media?parent=16567"}],"wp:term":[{"taxonomy":"product_cat","embeddable":true,"href":"https:\/\/www.stonecity.cz\/en\/wp-json\/wp\/v2\/product_cat?post=16567"},{"taxonomy":"product_tag","embeddable":true,"href":"https:\/\/www.stonecity.cz\/en\/wp-json\/wp\/v2\/product_tag?post=16567"}],"curies":[{"name":"wp","href":"https:\/\/api.w.org\/{rel}","templated":true}]}}