{"id":16592,"date":"2020-06-29T16:08:21","date_gmt":"2020-06-29T14:08:21","guid":{"rendered":"https:\/\/www.stonecity.cz\/produkt\/servoflex-f-flexible-grout\/"},"modified":"2020-06-29T16:08:21","modified_gmt":"2020-06-29T14:08:21","slug":"flexible-steaming-matter-servoflex-f","status":"publish","type":"product","link":"https:\/\/www.stonecity.cz\/en\/produkt\/flexible-steaming-matter-servoflex-f\/","title":{"rendered":"Servoflex F Flexible Grout"},"content":{"rendered":"<p>Fast-setting cement-based grout with flexible polymer components, repels water and dirt.<br \/>\nDesigned for special requirements such as high abrasion resistance, good formability, very good internal stress absorption and good adhesion to the sides of the tile in the joint.<br \/>\nGrout  <strong>Servoflex F  <\/strong>is suitable for bonding ceramic tiles on dimensionally stable substrates (indoors and outdoors at a joint width of 3 &#8211; 25 mm), especially fine stoneware and suitable natural stone tiles on balconies and terraces, facades and heated floors or partitions made of plasterboard and for ceramic tiles bonded on insulation boards  <strong>Okaphone<\/strong>.<\/p>\n<p>Due to its excellent processing properties and advantageous curing characteristics, it does not wash out joints.<br \/>\n<strong>Servoflex F <\/strong>does not &#8220;burn out&#8221; and hardens reliably even at adverse temperatures. <strong>Servoflex F <\/strong>is highly resistant to acidic cleaning agents and mechanical stress.<\/p>\n<p>&nbsp;<\/p>\n<ul>\n<li><strong>use indoors and outdoors<\/strong><\/li>\n<li><strong>joint width 3 to 25mm<\/strong><\/li>\n<li><strong>fast hardening<\/strong><\/li>\n<li><strong>high adhesion to the sides of the tiles in the joint<\/strong><\/li>\n<li><strong>mouldable<\/strong><\/li>\n<li><strong>hardy<\/strong><\/li>\n<li><strong>repels water and dirt<\/strong><\/li>\n<\/ul>\n<p>&nbsp;<\/p>\n<p><em><strong><a href=\"https:\/\/www.stonecity.cz\/wp-content\/uploads\/2020\/06\/Bezpe%C4%8Dnostn%C3%AD-list-Servoflex-F.pdf\">Safety Data Sheet Servoflex F<\/a><\/strong><\/em><br \/>\n<em><strong><a href=\"https:\/\/www.stonecity.cz\/wp-content\/uploads\/2020\/06\/Technick%C3%BD-list-Servoperl-royal-schnell-1.pdf\">Technical data sheet Servoperl royal schnell<\/a><\/strong><\/em><\/p>\n<p>&nbsp;<\/p>\n<p>&nbsp;<\/p>\n","protected":false},"excerpt":{"rendered":"<p>Fast-setting cement-based grout with flexible polymer components, repels water and dirt. Designed for special requirements such as high abrasion resistance, good formability, very good internal stress absorption and good adhesion to the sides of the tile in the joint. Grout Servoflex F is suitable for bonding ceramic tiles on dimensionally stable substrates (indoors and outdoors [&#8230;]\n","protected":false},"featured_media":12359,"template":"","meta":[],"product_cat":[2062],"product_tag":[1745,1744],"class_list":{"0":"post-16592","1":"product","2":"type-product","3":"status-publish","4":"has-post-thumbnail","6":"product_cat-accessories","7":"product_tag-suitable-for-indoors","8":"product_tag-suitable-for-outdoors","9":"pa_baleni-25-kg-en","10":"pa_barva-sandgrau-sand-grey","12":"first","13":"instock","14":"taxable","15":"shipping-taxable","16":"purchasable","17":"product-type-variable"},"yoast_head":"<!-- This site is optimized with the Yoast SEO plugin v26.8 - https:\/\/yoast.com\/product\/yoast-seo-wordpress\/ -->\n<title>Servoflex F Flexible Grout - Stonecity.cz<\/title>\n<meta name=\"robots\" content=\"index, follow, max-snippet:-1, max-image-preview:large, max-video-preview:-1\" \/>\n<link rel=\"canonical\" href=\"https:\/\/www.stonecity.cz\/en\/produkt\/flexible-steaming-matter-servoflex-f\/\" \/>\n<meta property=\"og:locale\" content=\"en_US\" \/>\n<meta property=\"og:type\" content=\"article\" \/>\n<meta property=\"og:title\" content=\"Servoflex F Flexible Grout - Stonecity.cz\" \/>\n<meta property=\"og:description\" content=\"Fast-setting cement-based grout with flexible polymer components, repels water and dirt. Designed for special requirements such as high abrasion resistance, good formability, very good internal stress absorption and good adhesion to the sides of the tile in the joint. Grout Servoflex F is suitable for bonding ceramic tiles on dimensionally stable substrates (indoors and outdoors [...]\" \/>\n<meta property=\"og:url\" content=\"https:\/\/www.stonecity.cz\/en\/produkt\/flexible-steaming-matter-servoflex-f\/\" \/>\n<meta property=\"og:site_name\" content=\"Stonecity.cz\" \/>\n<meta property=\"og:image\" content=\"https:\/\/www.stonecity.cz\/wp-content\/uploads\/2020\/06\/ServoflexF.png\" \/>\n\t<meta property=\"og:image:width\" content=\"449\" \/>\n\t<meta property=\"og:image:height\" content=\"674\" \/>\n\t<meta property=\"og:image:type\" content=\"image\/png\" \/>\n<meta name=\"twitter:card\" content=\"summary_large_image\" \/>\n<meta name=\"twitter:label1\" content=\"Est. reading time\" \/>\n\t<meta name=\"twitter:data1\" content=\"1 minute\" \/>\n<script type=\"application\/ld+json\" class=\"yoast-schema-graph\">{\"@context\":\"https:\/\/schema.org\",\"@graph\":[{\"@type\":\"WebPage\",\"@id\":\"https:\/\/www.stonecity.cz\/en\/produkt\/flexible-steaming-matter-servoflex-f\/\",\"url\":\"https:\/\/www.stonecity.cz\/en\/produkt\/flexible-steaming-matter-servoflex-f\/\",\"name\":\"Servoflex F Flexible Grout - Stonecity.cz\",\"isPartOf\":{\"@id\":\"https:\/\/www.stonecity.cz\/en\/#website\"},\"primaryImageOfPage\":{\"@id\":\"https:\/\/www.stonecity.cz\/en\/produkt\/flexible-steaming-matter-servoflex-f\/#primaryimage\"},\"image\":{\"@id\":\"https:\/\/www.stonecity.cz\/en\/produkt\/flexible-steaming-matter-servoflex-f\/#primaryimage\"},\"thumbnailUrl\":\"https:\/\/www.stonecity.cz\/wp-content\/uploads\/2020\/06\/ServoflexF.png\",\"datePublished\":\"2020-06-29T14:08:21+00:00\",\"breadcrumb\":{\"@id\":\"https:\/\/www.stonecity.cz\/en\/produkt\/flexible-steaming-matter-servoflex-f\/#breadcrumb\"},\"inLanguage\":\"en-US\",\"potentialAction\":[{\"@type\":\"ReadAction\",\"target\":[\"https:\/\/www.stonecity.cz\/en\/produkt\/flexible-steaming-matter-servoflex-f\/\"]}]},{\"@type\":\"ImageObject\",\"inLanguage\":\"en-US\",\"@id\":\"https:\/\/www.stonecity.cz\/en\/produkt\/flexible-steaming-matter-servoflex-f\/#primaryimage\",\"url\":\"https:\/\/www.stonecity.cz\/wp-content\/uploads\/2020\/06\/ServoflexF.png\",\"contentUrl\":\"https:\/\/www.stonecity.cz\/wp-content\/uploads\/2020\/06\/ServoflexF.png\",\"width\":449,\"height\":674,\"caption\":\"Servoflex\"},{\"@type\":\"BreadcrumbList\",\"@id\":\"https:\/\/www.stonecity.cz\/en\/produkt\/flexible-steaming-matter-servoflex-f\/#breadcrumb\",\"itemListElement\":[{\"@type\":\"ListItem\",\"position\":1,\"name\":\"Dom\u016f\",\"item\":\"https:\/\/www.stonecity.cz\/en\/\"},{\"@type\":\"ListItem\",\"position\":2,\"name\":\"Shop\",\"item\":\"https:\/\/www.stonecity.cz\/en\/shop\/\"},{\"@type\":\"ListItem\",\"position\":3,\"name\":\"Servoflex F Flexible Grout\"}]},{\"@type\":\"WebSite\",\"@id\":\"https:\/\/www.stonecity.cz\/en\/#website\",\"url\":\"https:\/\/www.stonecity.cz\/en\/\",\"name\":\"Stonecity.cz\",\"description\":\"Dla\u017eba, obklady, um\u011bl\u00fd i p\u0159\u00edrodn\u00ed k\u00e1men\",\"potentialAction\":[{\"@type\":\"SearchAction\",\"target\":{\"@type\":\"EntryPoint\",\"urlTemplate\":\"https:\/\/www.stonecity.cz\/en\/?s={search_term_string}\"},\"query-input\":{\"@type\":\"PropertyValueSpecification\",\"valueRequired\":true,\"valueName\":\"search_term_string\"}}],\"inLanguage\":\"en-US\"}]}<\/script>\n<!-- \/ Yoast SEO plugin. -->","yoast_head_json":{"title":"Servoflex F Flexible Grout - Stonecity.cz","robots":{"index":"index","follow":"follow","max-snippet":"max-snippet:-1","max-image-preview":"max-image-preview:large","max-video-preview":"max-video-preview:-1"},"canonical":"https:\/\/www.stonecity.cz\/en\/produkt\/flexible-steaming-matter-servoflex-f\/","og_locale":"en_US","og_type":"article","og_title":"Servoflex F Flexible Grout - Stonecity.cz","og_description":"Fast-setting cement-based grout with flexible polymer components, repels water and dirt. Designed for special requirements such as high abrasion resistance, good formability, very good internal stress absorption and good adhesion to the sides of the tile in the joint. Grout Servoflex F is suitable for bonding ceramic tiles on dimensionally stable substrates (indoors and outdoors [...]","og_url":"https:\/\/www.stonecity.cz\/en\/produkt\/flexible-steaming-matter-servoflex-f\/","og_site_name":"Stonecity.cz","og_image":[{"width":449,"height":674,"url":"https:\/\/www.stonecity.cz\/wp-content\/uploads\/2020\/06\/ServoflexF.png","type":"image\/png"}],"twitter_card":"summary_large_image","twitter_misc":{"Est. reading time":"1 minute"},"schema":{"@context":"https:\/\/schema.org","@graph":[{"@type":"WebPage","@id":"https:\/\/www.stonecity.cz\/en\/produkt\/flexible-steaming-matter-servoflex-f\/","url":"https:\/\/www.stonecity.cz\/en\/produkt\/flexible-steaming-matter-servoflex-f\/","name":"Servoflex F Flexible Grout - Stonecity.cz","isPartOf":{"@id":"https:\/\/www.stonecity.cz\/en\/#website"},"primaryImageOfPage":{"@id":"https:\/\/www.stonecity.cz\/en\/produkt\/flexible-steaming-matter-servoflex-f\/#primaryimage"},"image":{"@id":"https:\/\/www.stonecity.cz\/en\/produkt\/flexible-steaming-matter-servoflex-f\/#primaryimage"},"thumbnailUrl":"https:\/\/www.stonecity.cz\/wp-content\/uploads\/2020\/06\/ServoflexF.png","datePublished":"2020-06-29T14:08:21+00:00","breadcrumb":{"@id":"https:\/\/www.stonecity.cz\/en\/produkt\/flexible-steaming-matter-servoflex-f\/#breadcrumb"},"inLanguage":"en-US","potentialAction":[{"@type":"ReadAction","target":["https:\/\/www.stonecity.cz\/en\/produkt\/flexible-steaming-matter-servoflex-f\/"]}]},{"@type":"ImageObject","inLanguage":"en-US","@id":"https:\/\/www.stonecity.cz\/en\/produkt\/flexible-steaming-matter-servoflex-f\/#primaryimage","url":"https:\/\/www.stonecity.cz\/wp-content\/uploads\/2020\/06\/ServoflexF.png","contentUrl":"https:\/\/www.stonecity.cz\/wp-content\/uploads\/2020\/06\/ServoflexF.png","width":449,"height":674,"caption":"Servoflex"},{"@type":"BreadcrumbList","@id":"https:\/\/www.stonecity.cz\/en\/produkt\/flexible-steaming-matter-servoflex-f\/#breadcrumb","itemListElement":[{"@type":"ListItem","position":1,"name":"Dom\u016f","item":"https:\/\/www.stonecity.cz\/en\/"},{"@type":"ListItem","position":2,"name":"Shop","item":"https:\/\/www.stonecity.cz\/en\/shop\/"},{"@type":"ListItem","position":3,"name":"Servoflex F Flexible Grout"}]},{"@type":"WebSite","@id":"https:\/\/www.stonecity.cz\/en\/#website","url":"https:\/\/www.stonecity.cz\/en\/","name":"Stonecity.cz","description":"Dla\u017eba, obklady, um\u011bl\u00fd i p\u0159\u00edrodn\u00ed k\u00e1men","potentialAction":[{"@type":"SearchAction","target":{"@type":"EntryPoint","urlTemplate":"https:\/\/www.stonecity.cz\/en\/?s={search_term_string}"},"query-input":{"@type":"PropertyValueSpecification","valueRequired":true,"valueName":"search_term_string"}}],"inLanguage":"en-US"}]}},"_links":{"self":[{"href":"https:\/\/www.stonecity.cz\/en\/wp-json\/wp\/v2\/product\/16592","targetHints":{"allow":["GET"]}}],"collection":[{"href":"https:\/\/www.stonecity.cz\/en\/wp-json\/wp\/v2\/product"}],"about":[{"href":"https:\/\/www.stonecity.cz\/en\/wp-json\/wp\/v2\/types\/product"}],"wp:featuredmedia":[{"embeddable":true,"href":"https:\/\/www.stonecity.cz\/en\/wp-json\/wp\/v2\/media\/12359"}],"wp:attachment":[{"href":"https:\/\/www.stonecity.cz\/en\/wp-json\/wp\/v2\/media?parent=16592"}],"wp:term":[{"taxonomy":"product_cat","embeddable":true,"href":"https:\/\/www.stonecity.cz\/en\/wp-json\/wp\/v2\/product_cat?post=16592"},{"taxonomy":"product_tag","embeddable":true,"href":"https:\/\/www.stonecity.cz\/en\/wp-json\/wp\/v2\/product_tag?post=16592"}],"curies":[{"name":"wp","href":"https:\/\/api.w.org\/{rel}","templated":true}]}}