{"id":16593,"date":"2020-05-21T14:38:11","date_gmt":"2020-05-21T12:38:11","guid":{"rendered":"https:\/\/www.stonecity.cz\/produkt\/travertin-pietra-rossa-tr-71\/"},"modified":"2020-05-21T14:38:11","modified_gmt":"2020-05-21T12:38:11","slug":"travertine-pietra-rossa-tr-71","status":"publish","type":"product","link":"https:\/\/www.stonecity.cz\/en\/produkt\/travertine-pietra-rossa-tr-71\/","title":{"rendered":"Travertin Pietra Rossa TR-71"},"content":{"rendered":"<p>Travertine tiles in a shade of red.<br \/>\nTravertine is very practical to maintain and thanks to its structure it always retains a clean appearance.<br \/>\nThis model is suitable for use outdoors as a paving stone.<\/p>\n<p>Exterior paving, stairs &#8211; thickness 3 cm<br \/>\nInterior tiles &#8211; thickness 1,2 cm<\/p>\n<p>Surface: unfilled, cross-cut, chamfered edges<\/p>\n<p>Use: bathrooms, kitchens, pool surroundings, terraces, corridors, staircases&#8230;<\/p>\n<p>Easy installation and minimal maintenance.<\/p>\n<p><em><strong><a href=\"https:\/\/www.stonecity.cz\/wp-content\/uploads\/2020\/05\/Certifikat-k-travertinu.pdf\">Travertine certificate<\/a><\/strong><\/em><\/p>\n","protected":false},"excerpt":{"rendered":"<p>Travertine tiles in a shade of red. Travertine is very practical to maintain and thanks to its structure it always retains a clean appearance. This model is suitable for use outdoors as a paving stone. Exterior paving, stairs &#8211; thickness 3 cm Interior tiles &#8211; thickness 1,2 cm Surface: unfilled, cross-cut, chamfered edges Use: bathrooms, [&#8230;]\n","protected":false},"featured_media":11987,"template":"","meta":[],"product_cat":[2032,2056,1916,1922,1950],"product_tag":[1745,1744,1746,1751],"class_list":{"0":"post-16593","1":"product","2":"type-product","3":"status-publish","4":"has-post-thumbnail","6":"product_cat-natural-stone-en","7":"product_cat-travertine-en","8":"product_cat-pavements","9":"product_cat-natural-stone","10":"product_cat-travertine","11":"product_tag-suitable-for-indoors","12":"product_tag-suitable-for-outdoors","13":"product_tag-suitable-for-the-bathroom","14":"product_tag-suitable-for-the-terrace","15":"pa_baleni-3-pcs-carton","17":"first","18":"instock","19":"purchasable","20":"product-type-simple"},"yoast_head":"<!-- This site is optimized with the Yoast SEO plugin v26.8 - https:\/\/yoast.com\/product\/yoast-seo-wordpress\/ -->\n<title>Travertin Pietra Rossa TR-71 - Stonecity.cz<\/title>\n<meta name=\"robots\" content=\"index, follow, max-snippet:-1, max-image-preview:large, max-video-preview:-1\" \/>\n<link rel=\"canonical\" href=\"https:\/\/www.stonecity.cz\/en\/produkt\/travertine-pietra-rossa-tr-71\/\" \/>\n<meta property=\"og:locale\" content=\"en_US\" \/>\n<meta property=\"og:type\" content=\"article\" \/>\n<meta property=\"og:title\" content=\"Travertin Pietra Rossa TR-71 - Stonecity.cz\" \/>\n<meta property=\"og:description\" content=\"Travertine tiles in a shade of red. Travertine is very practical to maintain and thanks to its structure it always retains a clean appearance. This model is suitable for use outdoors as a paving stone. Exterior paving, stairs &#8211; thickness 3 cm Interior tiles &#8211; thickness 1,2 cm Surface: unfilled, cross-cut, chamfered edges Use: bathrooms, [...]\" \/>\n<meta property=\"og:url\" content=\"https:\/\/www.stonecity.cz\/en\/produkt\/travertine-pietra-rossa-tr-71\/\" \/>\n<meta property=\"og:site_name\" content=\"Stonecity.cz\" \/>\n<meta property=\"og:image\" content=\"https:\/\/www.stonecity.cz\/wp-content\/uploads\/2020\/05\/TR-71.jpeg\" \/>\n\t<meta property=\"og:image:width\" content=\"416\" \/>\n\t<meta property=\"og:image:height\" content=\"408\" \/>\n\t<meta property=\"og:image:type\" content=\"image\/jpeg\" \/>\n<meta name=\"twitter:card\" content=\"summary_large_image\" \/>\n<script type=\"application\/ld+json\" class=\"yoast-schema-graph\">{\"@context\":\"https:\/\/schema.org\",\"@graph\":[{\"@type\":\"WebPage\",\"@id\":\"https:\/\/www.stonecity.cz\/en\/produkt\/travertine-pietra-rossa-tr-71\/\",\"url\":\"https:\/\/www.stonecity.cz\/en\/produkt\/travertine-pietra-rossa-tr-71\/\",\"name\":\"Travertin Pietra Rossa TR-71 - Stonecity.cz\",\"isPartOf\":{\"@id\":\"https:\/\/www.stonecity.cz\/en\/#website\"},\"primaryImageOfPage\":{\"@id\":\"https:\/\/www.stonecity.cz\/en\/produkt\/travertine-pietra-rossa-tr-71\/#primaryimage\"},\"image\":{\"@id\":\"https:\/\/www.stonecity.cz\/en\/produkt\/travertine-pietra-rossa-tr-71\/#primaryimage\"},\"thumbnailUrl\":\"https:\/\/www.stonecity.cz\/wp-content\/uploads\/2020\/05\/TR-71-e1740055065880.jpeg\",\"datePublished\":\"2020-05-21T12:38:11+00:00\",\"breadcrumb\":{\"@id\":\"https:\/\/www.stonecity.cz\/en\/produkt\/travertine-pietra-rossa-tr-71\/#breadcrumb\"},\"inLanguage\":\"en-US\",\"potentialAction\":[{\"@type\":\"ReadAction\",\"target\":[\"https:\/\/www.stonecity.cz\/en\/produkt\/travertine-pietra-rossa-tr-71\/\"]}]},{\"@type\":\"ImageObject\",\"inLanguage\":\"en-US\",\"@id\":\"https:\/\/www.stonecity.cz\/en\/produkt\/travertine-pietra-rossa-tr-71\/#primaryimage\",\"url\":\"https:\/\/www.stonecity.cz\/wp-content\/uploads\/2020\/05\/TR-71-e1740055065880.jpeg\",\"contentUrl\":\"https:\/\/www.stonecity.cz\/wp-content\/uploads\/2020\/05\/TR-71-e1740055065880.jpeg\",\"width\":416,\"height\":408,\"caption\":\"Stone paving made of travertine\"},{\"@type\":\"BreadcrumbList\",\"@id\":\"https:\/\/www.stonecity.cz\/en\/produkt\/travertine-pietra-rossa-tr-71\/#breadcrumb\",\"itemListElement\":[{\"@type\":\"ListItem\",\"position\":1,\"name\":\"Dom\u016f\",\"item\":\"https:\/\/www.stonecity.cz\/en\/\"},{\"@type\":\"ListItem\",\"position\":2,\"name\":\"Shop\",\"item\":\"https:\/\/www.stonecity.cz\/en\/shop\/\"},{\"@type\":\"ListItem\",\"position\":3,\"name\":\"Travertin Pietra Rossa TR-71\"}]},{\"@type\":\"WebSite\",\"@id\":\"https:\/\/www.stonecity.cz\/en\/#website\",\"url\":\"https:\/\/www.stonecity.cz\/en\/\",\"name\":\"Stonecity.cz\",\"description\":\"Dla\u017eba, obklady, um\u011bl\u00fd i p\u0159\u00edrodn\u00ed k\u00e1men\",\"potentialAction\":[{\"@type\":\"SearchAction\",\"target\":{\"@type\":\"EntryPoint\",\"urlTemplate\":\"https:\/\/www.stonecity.cz\/en\/?s={search_term_string}\"},\"query-input\":{\"@type\":\"PropertyValueSpecification\",\"valueRequired\":true,\"valueName\":\"search_term_string\"}}],\"inLanguage\":\"en-US\"}]}<\/script>\n<!-- \/ Yoast SEO plugin. -->","yoast_head_json":{"title":"Travertin Pietra Rossa TR-71 - Stonecity.cz","robots":{"index":"index","follow":"follow","max-snippet":"max-snippet:-1","max-image-preview":"max-image-preview:large","max-video-preview":"max-video-preview:-1"},"canonical":"https:\/\/www.stonecity.cz\/en\/produkt\/travertine-pietra-rossa-tr-71\/","og_locale":"en_US","og_type":"article","og_title":"Travertin Pietra Rossa TR-71 - Stonecity.cz","og_description":"Travertine tiles in a shade of red. Travertine is very practical to maintain and thanks to its structure it always retains a clean appearance. This model is suitable for use outdoors as a paving stone. Exterior paving, stairs &#8211; thickness 3 cm Interior tiles &#8211; thickness 1,2 cm Surface: unfilled, cross-cut, chamfered edges Use: bathrooms, [...]","og_url":"https:\/\/www.stonecity.cz\/en\/produkt\/travertine-pietra-rossa-tr-71\/","og_site_name":"Stonecity.cz","og_image":[{"width":416,"height":408,"url":"https:\/\/www.stonecity.cz\/wp-content\/uploads\/2020\/05\/TR-71.jpeg","type":"image\/jpeg"}],"twitter_card":"summary_large_image","schema":{"@context":"https:\/\/schema.org","@graph":[{"@type":"WebPage","@id":"https:\/\/www.stonecity.cz\/en\/produkt\/travertine-pietra-rossa-tr-71\/","url":"https:\/\/www.stonecity.cz\/en\/produkt\/travertine-pietra-rossa-tr-71\/","name":"Travertin Pietra Rossa TR-71 - Stonecity.cz","isPartOf":{"@id":"https:\/\/www.stonecity.cz\/en\/#website"},"primaryImageOfPage":{"@id":"https:\/\/www.stonecity.cz\/en\/produkt\/travertine-pietra-rossa-tr-71\/#primaryimage"},"image":{"@id":"https:\/\/www.stonecity.cz\/en\/produkt\/travertine-pietra-rossa-tr-71\/#primaryimage"},"thumbnailUrl":"https:\/\/www.stonecity.cz\/wp-content\/uploads\/2020\/05\/TR-71-e1740055065880.jpeg","datePublished":"2020-05-21T12:38:11+00:00","breadcrumb":{"@id":"https:\/\/www.stonecity.cz\/en\/produkt\/travertine-pietra-rossa-tr-71\/#breadcrumb"},"inLanguage":"en-US","potentialAction":[{"@type":"ReadAction","target":["https:\/\/www.stonecity.cz\/en\/produkt\/travertine-pietra-rossa-tr-71\/"]}]},{"@type":"ImageObject","inLanguage":"en-US","@id":"https:\/\/www.stonecity.cz\/en\/produkt\/travertine-pietra-rossa-tr-71\/#primaryimage","url":"https:\/\/www.stonecity.cz\/wp-content\/uploads\/2020\/05\/TR-71-e1740055065880.jpeg","contentUrl":"https:\/\/www.stonecity.cz\/wp-content\/uploads\/2020\/05\/TR-71-e1740055065880.jpeg","width":416,"height":408,"caption":"Stone paving made of travertine"},{"@type":"BreadcrumbList","@id":"https:\/\/www.stonecity.cz\/en\/produkt\/travertine-pietra-rossa-tr-71\/#breadcrumb","itemListElement":[{"@type":"ListItem","position":1,"name":"Dom\u016f","item":"https:\/\/www.stonecity.cz\/en\/"},{"@type":"ListItem","position":2,"name":"Shop","item":"https:\/\/www.stonecity.cz\/en\/shop\/"},{"@type":"ListItem","position":3,"name":"Travertin Pietra Rossa TR-71"}]},{"@type":"WebSite","@id":"https:\/\/www.stonecity.cz\/en\/#website","url":"https:\/\/www.stonecity.cz\/en\/","name":"Stonecity.cz","description":"Dla\u017eba, obklady, um\u011bl\u00fd i p\u0159\u00edrodn\u00ed k\u00e1men","potentialAction":[{"@type":"SearchAction","target":{"@type":"EntryPoint","urlTemplate":"https:\/\/www.stonecity.cz\/en\/?s={search_term_string}"},"query-input":{"@type":"PropertyValueSpecification","valueRequired":true,"valueName":"search_term_string"}}],"inLanguage":"en-US"}]}},"_links":{"self":[{"href":"https:\/\/www.stonecity.cz\/en\/wp-json\/wp\/v2\/product\/16593","targetHints":{"allow":["GET"]}}],"collection":[{"href":"https:\/\/www.stonecity.cz\/en\/wp-json\/wp\/v2\/product"}],"about":[{"href":"https:\/\/www.stonecity.cz\/en\/wp-json\/wp\/v2\/types\/product"}],"wp:featuredmedia":[{"embeddable":true,"href":"https:\/\/www.stonecity.cz\/en\/wp-json\/wp\/v2\/media\/11987"}],"wp:attachment":[{"href":"https:\/\/www.stonecity.cz\/en\/wp-json\/wp\/v2\/media?parent=16593"}],"wp:term":[{"taxonomy":"product_cat","embeddable":true,"href":"https:\/\/www.stonecity.cz\/en\/wp-json\/wp\/v2\/product_cat?post=16593"},{"taxonomy":"product_tag","embeddable":true,"href":"https:\/\/www.stonecity.cz\/en\/wp-json\/wp\/v2\/product_tag?post=16593"}],"curies":[{"name":"wp","href":"https:\/\/api.w.org\/{rel}","templated":true}]}}