{"id":16616,"date":"2020-06-25T14:19:34","date_gmt":"2020-06-25T12:19:34","guid":{"rendered":"https:\/\/www.stonecity.cz\/produkt\/servoperl-royal-schnell-flexible-grout\/"},"modified":"2020-06-25T14:19:34","modified_gmt":"2020-06-25T12:19:34","slug":"flexible-coupling-matter-servoperl-royal-schnell","status":"publish","type":"product","link":"https:\/\/www.stonecity.cz\/en\/produkt\/flexible-coupling-matter-servoperl-royal-schnell\/","title":{"rendered":"Servoperl Royal Schnell Flexible Grout"},"content":{"rendered":"<p>Flexible water and dirt repellent grout with very fast drying.<\/p>\n<p>Fast-setting, very strong cement-based grout according to DIN EN 13888 CG 2 WA for joints from 1 to 10 mm wide. Due to the very dense mortar structure, this cementitious grout has extremely good load-bearing and abrasion resistance values. Compared to conventional grouts, the special cements used have significantly higher resistance to chemical cleaning agents. This makes it possible to use this grout in demanding applications according to the above specifications, subject to the approval of the building user and, where appropriate, the cleaning agent supplier.<\/p>\n<p>Due to the excellent workability and fast curing process, there is no joint washout.<\/p>\n<p><strong>Servoperl royal<\/strong> <strong>schnell<\/strong> grout is non-burning and can be used indoors, outdoors and under water. It is suitable for joining ceramic tiles, especially stoneware, glass and porcelain mosaics and fine stoneware in damp and wet areas, on heated floors or plasterboard partitions, even in areas with high stress. Particularly non-absorbent ceramic tiles can be paired well thanks to the fast hardening of <strong>Servoperl royal<\/strong> <strong>schnell<\/strong>. This grout can also be used for grouting tiles made of polished natural stone such as marble, granite and slate.<\/p>\n<p>For other types of natural stone and surface materials, first consult with a Kiesel application engineer about the use of the grout. The dark colour tones of the grout are only suitable for the above natural stone types with uniform colouring.<\/p>\n<p>&nbsp;<\/p>\n<ul>\n<li><strong>High mechanical and abrasion resistance<\/strong><\/li>\n<li><strong>for indoor, outdoor and underwater applications<\/strong><\/li>\n<li><strong>joint width 1-10 mm<\/strong><\/li>\n<li><strong>increased resistance to acids and alkalis<\/strong><\/li>\n<li><strong>high resistance to household cleaning agents<\/strong><\/li>\n<li><strong>repels water and dirt<\/strong><\/li>\n<li><strong>with protection against excrescences<\/strong><\/li>\n<li><strong>Higher resistance to cleaning with pressure water<\/strong><a href=\"https:\/\/www.stonecity.cz\/wp-content\/uploads\/2020\/06\/Bezpe%C4%8Dnostn%C3%AD-list-Servoperl-Royal-schnell.pdf\">Safety Data Sheet Servoperl Royal schnell<\/a><br \/>\n<a href=\"https:\/\/www.stonecity.cz\/wp-content\/uploads\/2020\/06\/Technick%C3%BD-list-Servoperl-royal-schnell.pdf\">Technical data sheet Servoperl royal schnell<\/a><\/li>\n<\/ul>\n","protected":false},"excerpt":{"rendered":"<p>Flexible water and dirt repellent grout with very fast drying. Fast-setting, very strong cement-based grout according to DIN EN 13888 CG 2 WA for joints from 1 to 10 mm wide. Due to the very dense mortar structure, this cementitious grout has extremely good load-bearing and abrasion resistance values. Compared to conventional grouts, the special [&#8230;]\n","protected":false},"featured_media":12353,"template":"","meta":[],"product_cat":[2062],"product_tag":[1745,1744],"class_list":{"0":"post-16616","1":"product","2":"type-product","3":"status-publish","4":"has-post-thumbnail","6":"product_cat-accessories","7":"product_tag-suitable-for-indoors","8":"product_tag-suitable-for-outdoors","9":"pa_baleni-5-kg-en","10":"pa_barva-jura-en","11":"pa_barva-pergam-en","12":"pa_barva-sahara-en","13":"pa_barva-steing-en","15":"first","16":"instock","17":"taxable","18":"shipping-taxable","19":"purchasable","20":"product-type-variable","21":"has-default-attributes"},"yoast_head":"<!-- This site is optimized with the Yoast SEO plugin v26.8 - https:\/\/yoast.com\/product\/yoast-seo-wordpress\/ -->\n<title>Servoperl Royal Schnell Flexible Grout - Stonecity.cz<\/title>\n<meta name=\"robots\" content=\"index, follow, max-snippet:-1, max-image-preview:large, max-video-preview:-1\" \/>\n<link rel=\"canonical\" href=\"https:\/\/www.stonecity.cz\/en\/produkt\/flexible-coupling-matter-servoperl-royal-schnell\/\" \/>\n<meta property=\"og:locale\" content=\"en_US\" \/>\n<meta property=\"og:type\" content=\"article\" \/>\n<meta property=\"og:title\" content=\"Servoperl Royal Schnell Flexible Grout - Stonecity.cz\" \/>\n<meta property=\"og:description\" content=\"Flexible water and dirt repellent grout with very fast drying. Fast-setting, very strong cement-based grout according to DIN EN 13888 CG 2 WA for joints from 1 to 10 mm wide. Due to the very dense mortar structure, this cementitious grout has extremely good load-bearing and abrasion resistance values. Compared to conventional grouts, the special [...]\" \/>\n<meta property=\"og:url\" content=\"https:\/\/www.stonecity.cz\/en\/produkt\/flexible-coupling-matter-servoperl-royal-schnell\/\" \/>\n<meta property=\"og:site_name\" content=\"Stonecity.cz\" \/>\n<meta property=\"og:image\" content=\"https:\/\/www.stonecity.cz\/wp-content\/uploads\/2020\/06\/K_Servoperlroyalschnell_B.jpg\" \/>\n\t<meta property=\"og:image:width\" content=\"1101\" \/>\n\t<meta property=\"og:image:height\" content=\"1918\" \/>\n\t<meta property=\"og:image:type\" content=\"image\/jpeg\" \/>\n<meta name=\"twitter:card\" content=\"summary_large_image\" \/>\n<meta name=\"twitter:label1\" content=\"Est. reading time\" \/>\n\t<meta name=\"twitter:data1\" content=\"1 minute\" \/>\n<script type=\"application\/ld+json\" class=\"yoast-schema-graph\">{\"@context\":\"https:\/\/schema.org\",\"@graph\":[{\"@type\":\"WebPage\",\"@id\":\"https:\/\/www.stonecity.cz\/en\/produkt\/flexible-coupling-matter-servoperl-royal-schnell\/\",\"url\":\"https:\/\/www.stonecity.cz\/en\/produkt\/flexible-coupling-matter-servoperl-royal-schnell\/\",\"name\":\"Servoperl Royal Schnell Flexible Grout - Stonecity.cz\",\"isPartOf\":{\"@id\":\"https:\/\/www.stonecity.cz\/en\/#website\"},\"primaryImageOfPage\":{\"@id\":\"https:\/\/www.stonecity.cz\/en\/produkt\/flexible-coupling-matter-servoperl-royal-schnell\/#primaryimage\"},\"image\":{\"@id\":\"https:\/\/www.stonecity.cz\/en\/produkt\/flexible-coupling-matter-servoperl-royal-schnell\/#primaryimage\"},\"thumbnailUrl\":\"https:\/\/www.stonecity.cz\/wp-content\/uploads\/2020\/06\/K_Servoperlroyalschnell_B.jpg\",\"datePublished\":\"2020-06-25T12:19:34+00:00\",\"breadcrumb\":{\"@id\":\"https:\/\/www.stonecity.cz\/en\/produkt\/flexible-coupling-matter-servoperl-royal-schnell\/#breadcrumb\"},\"inLanguage\":\"en-US\",\"potentialAction\":[{\"@type\":\"ReadAction\",\"target\":[\"https:\/\/www.stonecity.cz\/en\/produkt\/flexible-coupling-matter-servoperl-royal-schnell\/\"]}]},{\"@type\":\"ImageObject\",\"inLanguage\":\"en-US\",\"@id\":\"https:\/\/www.stonecity.cz\/en\/produkt\/flexible-coupling-matter-servoperl-royal-schnell\/#primaryimage\",\"url\":\"https:\/\/www.stonecity.cz\/wp-content\/uploads\/2020\/06\/K_Servoperlroyalschnell_B.jpg\",\"contentUrl\":\"https:\/\/www.stonecity.cz\/wp-content\/uploads\/2020\/06\/K_Servoperlroyalschnell_B.jpg\",\"width\":1101,\"height\":1918},{\"@type\":\"BreadcrumbList\",\"@id\":\"https:\/\/www.stonecity.cz\/en\/produkt\/flexible-coupling-matter-servoperl-royal-schnell\/#breadcrumb\",\"itemListElement\":[{\"@type\":\"ListItem\",\"position\":1,\"name\":\"Dom\u016f\",\"item\":\"https:\/\/www.stonecity.cz\/en\/\"},{\"@type\":\"ListItem\",\"position\":2,\"name\":\"Shop\",\"item\":\"https:\/\/www.stonecity.cz\/en\/shop\/\"},{\"@type\":\"ListItem\",\"position\":3,\"name\":\"Servoperl Royal Schnell Flexible Grout\"}]},{\"@type\":\"WebSite\",\"@id\":\"https:\/\/www.stonecity.cz\/en\/#website\",\"url\":\"https:\/\/www.stonecity.cz\/en\/\",\"name\":\"Stonecity.cz\",\"description\":\"Dla\u017eba, obklady, um\u011bl\u00fd i p\u0159\u00edrodn\u00ed k\u00e1men\",\"potentialAction\":[{\"@type\":\"SearchAction\",\"target\":{\"@type\":\"EntryPoint\",\"urlTemplate\":\"https:\/\/www.stonecity.cz\/en\/?s={search_term_string}\"},\"query-input\":{\"@type\":\"PropertyValueSpecification\",\"valueRequired\":true,\"valueName\":\"search_term_string\"}}],\"inLanguage\":\"en-US\"}]}<\/script>\n<!-- \/ Yoast SEO plugin. -->","yoast_head_json":{"title":"Servoperl Royal Schnell Flexible Grout - Stonecity.cz","robots":{"index":"index","follow":"follow","max-snippet":"max-snippet:-1","max-image-preview":"max-image-preview:large","max-video-preview":"max-video-preview:-1"},"canonical":"https:\/\/www.stonecity.cz\/en\/produkt\/flexible-coupling-matter-servoperl-royal-schnell\/","og_locale":"en_US","og_type":"article","og_title":"Servoperl Royal Schnell Flexible Grout - Stonecity.cz","og_description":"Flexible water and dirt repellent grout with very fast drying. Fast-setting, very strong cement-based grout according to DIN EN 13888 CG 2 WA for joints from 1 to 10 mm wide. Due to the very dense mortar structure, this cementitious grout has extremely good load-bearing and abrasion resistance values. Compared to conventional grouts, the special [...]","og_url":"https:\/\/www.stonecity.cz\/en\/produkt\/flexible-coupling-matter-servoperl-royal-schnell\/","og_site_name":"Stonecity.cz","og_image":[{"width":1101,"height":1918,"url":"https:\/\/www.stonecity.cz\/wp-content\/uploads\/2020\/06\/K_Servoperlroyalschnell_B.jpg","type":"image\/jpeg"}],"twitter_card":"summary_large_image","twitter_misc":{"Est. reading time":"1 minute"},"schema":{"@context":"https:\/\/schema.org","@graph":[{"@type":"WebPage","@id":"https:\/\/www.stonecity.cz\/en\/produkt\/flexible-coupling-matter-servoperl-royal-schnell\/","url":"https:\/\/www.stonecity.cz\/en\/produkt\/flexible-coupling-matter-servoperl-royal-schnell\/","name":"Servoperl Royal Schnell Flexible Grout - Stonecity.cz","isPartOf":{"@id":"https:\/\/www.stonecity.cz\/en\/#website"},"primaryImageOfPage":{"@id":"https:\/\/www.stonecity.cz\/en\/produkt\/flexible-coupling-matter-servoperl-royal-schnell\/#primaryimage"},"image":{"@id":"https:\/\/www.stonecity.cz\/en\/produkt\/flexible-coupling-matter-servoperl-royal-schnell\/#primaryimage"},"thumbnailUrl":"https:\/\/www.stonecity.cz\/wp-content\/uploads\/2020\/06\/K_Servoperlroyalschnell_B.jpg","datePublished":"2020-06-25T12:19:34+00:00","breadcrumb":{"@id":"https:\/\/www.stonecity.cz\/en\/produkt\/flexible-coupling-matter-servoperl-royal-schnell\/#breadcrumb"},"inLanguage":"en-US","potentialAction":[{"@type":"ReadAction","target":["https:\/\/www.stonecity.cz\/en\/produkt\/flexible-coupling-matter-servoperl-royal-schnell\/"]}]},{"@type":"ImageObject","inLanguage":"en-US","@id":"https:\/\/www.stonecity.cz\/en\/produkt\/flexible-coupling-matter-servoperl-royal-schnell\/#primaryimage","url":"https:\/\/www.stonecity.cz\/wp-content\/uploads\/2020\/06\/K_Servoperlroyalschnell_B.jpg","contentUrl":"https:\/\/www.stonecity.cz\/wp-content\/uploads\/2020\/06\/K_Servoperlroyalschnell_B.jpg","width":1101,"height":1918},{"@type":"BreadcrumbList","@id":"https:\/\/www.stonecity.cz\/en\/produkt\/flexible-coupling-matter-servoperl-royal-schnell\/#breadcrumb","itemListElement":[{"@type":"ListItem","position":1,"name":"Dom\u016f","item":"https:\/\/www.stonecity.cz\/en\/"},{"@type":"ListItem","position":2,"name":"Shop","item":"https:\/\/www.stonecity.cz\/en\/shop\/"},{"@type":"ListItem","position":3,"name":"Servoperl Royal Schnell Flexible Grout"}]},{"@type":"WebSite","@id":"https:\/\/www.stonecity.cz\/en\/#website","url":"https:\/\/www.stonecity.cz\/en\/","name":"Stonecity.cz","description":"Dla\u017eba, obklady, um\u011bl\u00fd i p\u0159\u00edrodn\u00ed k\u00e1men","potentialAction":[{"@type":"SearchAction","target":{"@type":"EntryPoint","urlTemplate":"https:\/\/www.stonecity.cz\/en\/?s={search_term_string}"},"query-input":{"@type":"PropertyValueSpecification","valueRequired":true,"valueName":"search_term_string"}}],"inLanguage":"en-US"}]}},"_links":{"self":[{"href":"https:\/\/www.stonecity.cz\/en\/wp-json\/wp\/v2\/product\/16616","targetHints":{"allow":["GET"]}}],"collection":[{"href":"https:\/\/www.stonecity.cz\/en\/wp-json\/wp\/v2\/product"}],"about":[{"href":"https:\/\/www.stonecity.cz\/en\/wp-json\/wp\/v2\/types\/product"}],"wp:featuredmedia":[{"embeddable":true,"href":"https:\/\/www.stonecity.cz\/en\/wp-json\/wp\/v2\/media\/12353"}],"wp:attachment":[{"href":"https:\/\/www.stonecity.cz\/en\/wp-json\/wp\/v2\/media?parent=16616"}],"wp:term":[{"taxonomy":"product_cat","embeddable":true,"href":"https:\/\/www.stonecity.cz\/en\/wp-json\/wp\/v2\/product_cat?post=16616"},{"taxonomy":"product_tag","embeddable":true,"href":"https:\/\/www.stonecity.cz\/en\/wp-json\/wp\/v2\/product_tag?post=16616"}],"curies":[{"name":"wp","href":"https:\/\/api.w.org\/{rel}","templated":true}]}}