{"id":16686,"date":"2020-05-21T14:37:44","date_gmt":"2020-05-21T12:37:44","guid":{"rendered":"https:\/\/www.stonecity.cz\/produkt\/teak-fruit-bowl-sc286\/"},"modified":"2020-05-21T14:37:44","modified_gmt":"2020-05-21T12:37:44","slug":"teak-bowl-on-the-floor-sc286","status":"publish","type":"product","link":"https:\/\/www.stonecity.cz\/en\/produkt\/teak-bowl-on-the-floor-sc286\/","title":{"rendered":"Teak fruit bowl SC286"},"content":{"rendered":"<p>Teak fruit bowl from the luxury collection of Belgian designers <strong>Toni Van Parijs &amp; Els Van Turnhout <\/strong>.  <\/p>\n<p>This timeless collection will delight you with its natural and simple original design, quality of material and workmanship.<strong> <\/strong><\/p>\n<p>Each piece is original, the product photo is for illustration only.<\/p>\n<p>Diameter: 50 cm<\/p>\n","protected":false},"excerpt":{"rendered":"<p>Teak fruit bowl from the luxury collection of Belgian designers Toni Van Parijs &amp; Els Van Turnhout . This timeless collection will delight you with its natural and simple original design, quality of material and workmanship. Each piece is original, the product photo is for illustration only. Diameter: 50 cm<\/p>\n","protected":false},"featured_media":12813,"template":"","meta":[],"product_cat":[1988],"product_tag":[1745,1752,1747,1751],"class_list":{"0":"post-16686","1":"product","2":"type-product","3":"status-publish","4":"has-post-thumbnail","6":"product_cat-complements","7":"product_tag-suitable-for-indoors","8":"product_tag-suitable-for-the-garden-en","9":"product_tag-suitable-for-the-kitchen","10":"product_tag-suitable-for-the-terrace","11":"pa_diagonala-prumer-50-cm-en","13":"first","14":"outofstock","15":"purchasable","16":"product-type-simple"},"yoast_head":"<!-- This site is optimized with the Yoast SEO plugin v26.8 - https:\/\/yoast.com\/product\/yoast-seo-wordpress\/ -->\n<title>Teak fruit bowl SC286 - Stonecity.cz<\/title>\n<meta name=\"robots\" content=\"index, follow, max-snippet:-1, max-image-preview:large, max-video-preview:-1\" \/>\n<link rel=\"canonical\" href=\"https:\/\/www.stonecity.cz\/en\/produkt\/teak-bowl-on-the-floor-sc286\/\" \/>\n<meta property=\"og:locale\" content=\"en_US\" \/>\n<meta property=\"og:type\" content=\"article\" \/>\n<meta property=\"og:title\" content=\"Teak fruit bowl SC286 - Stonecity.cz\" \/>\n<meta property=\"og:description\" content=\"Teak fruit bowl from the luxury collection of Belgian designers Toni Van Parijs &amp; Els Van Turnhout . This timeless collection will delight you with its natural and simple original design, quality of material and workmanship. Each piece is original, the product photo is for illustration only. Diameter: 50 cm\" \/>\n<meta property=\"og:url\" content=\"https:\/\/www.stonecity.cz\/en\/produkt\/teak-bowl-on-the-floor-sc286\/\" \/>\n<meta property=\"og:site_name\" content=\"Stonecity.cz\" \/>\n<meta property=\"og:image\" content=\"https:\/\/www.stonecity.cz\/wp-content\/uploads\/2020\/05\/SC286-scaled.jpeg\" \/>\n\t<meta property=\"og:image:width\" content=\"2560\" \/>\n\t<meta property=\"og:image:height\" content=\"2560\" \/>\n\t<meta property=\"og:image:type\" content=\"image\/jpeg\" \/>\n<meta name=\"twitter:card\" content=\"summary_large_image\" \/>\n<script type=\"application\/ld+json\" class=\"yoast-schema-graph\">{\"@context\":\"https:\/\/schema.org\",\"@graph\":[{\"@type\":\"WebPage\",\"@id\":\"https:\/\/www.stonecity.cz\/en\/produkt\/teak-bowl-on-the-floor-sc286\/\",\"url\":\"https:\/\/www.stonecity.cz\/en\/produkt\/teak-bowl-on-the-floor-sc286\/\",\"name\":\"Teak fruit bowl SC286 - Stonecity.cz\",\"isPartOf\":{\"@id\":\"https:\/\/www.stonecity.cz\/en\/#website\"},\"primaryImageOfPage\":{\"@id\":\"https:\/\/www.stonecity.cz\/en\/produkt\/teak-bowl-on-the-floor-sc286\/#primaryimage\"},\"image\":{\"@id\":\"https:\/\/www.stonecity.cz\/en\/produkt\/teak-bowl-on-the-floor-sc286\/#primaryimage\"},\"thumbnailUrl\":\"https:\/\/www.stonecity.cz\/wp-content\/uploads\/2020\/05\/SC286-scaled.jpeg\",\"datePublished\":\"2020-05-21T12:37:44+00:00\",\"breadcrumb\":{\"@id\":\"https:\/\/www.stonecity.cz\/en\/produkt\/teak-bowl-on-the-floor-sc286\/#breadcrumb\"},\"inLanguage\":\"en-US\",\"potentialAction\":[{\"@type\":\"ReadAction\",\"target\":[\"https:\/\/www.stonecity.cz\/en\/produkt\/teak-bowl-on-the-floor-sc286\/\"]}]},{\"@type\":\"ImageObject\",\"inLanguage\":\"en-US\",\"@id\":\"https:\/\/www.stonecity.cz\/en\/produkt\/teak-bowl-on-the-floor-sc286\/#primaryimage\",\"url\":\"https:\/\/www.stonecity.cz\/wp-content\/uploads\/2020\/05\/SC286-scaled.jpeg\",\"contentUrl\":\"https:\/\/www.stonecity.cz\/wp-content\/uploads\/2020\/05\/SC286-scaled.jpeg\",\"width\":2560,\"height\":2560,\"caption\":\"teak fruit bowl\"},{\"@type\":\"BreadcrumbList\",\"@id\":\"https:\/\/www.stonecity.cz\/en\/produkt\/teak-bowl-on-the-floor-sc286\/#breadcrumb\",\"itemListElement\":[{\"@type\":\"ListItem\",\"position\":1,\"name\":\"Dom\u016f\",\"item\":\"https:\/\/www.stonecity.cz\/en\/\"},{\"@type\":\"ListItem\",\"position\":2,\"name\":\"Shop\",\"item\":\"https:\/\/www.stonecity.cz\/en\/shop\/\"},{\"@type\":\"ListItem\",\"position\":3,\"name\":\"Teak fruit bowl SC286\"}]},{\"@type\":\"WebSite\",\"@id\":\"https:\/\/www.stonecity.cz\/en\/#website\",\"url\":\"https:\/\/www.stonecity.cz\/en\/\",\"name\":\"Stonecity.cz\",\"description\":\"Dla\u017eba, obklady, um\u011bl\u00fd i p\u0159\u00edrodn\u00ed k\u00e1men\",\"potentialAction\":[{\"@type\":\"SearchAction\",\"target\":{\"@type\":\"EntryPoint\",\"urlTemplate\":\"https:\/\/www.stonecity.cz\/en\/?s={search_term_string}\"},\"query-input\":{\"@type\":\"PropertyValueSpecification\",\"valueRequired\":true,\"valueName\":\"search_term_string\"}}],\"inLanguage\":\"en-US\"}]}<\/script>\n<!-- \/ Yoast SEO plugin. -->","yoast_head_json":{"title":"Teak fruit bowl SC286 - Stonecity.cz","robots":{"index":"index","follow":"follow","max-snippet":"max-snippet:-1","max-image-preview":"max-image-preview:large","max-video-preview":"max-video-preview:-1"},"canonical":"https:\/\/www.stonecity.cz\/en\/produkt\/teak-bowl-on-the-floor-sc286\/","og_locale":"en_US","og_type":"article","og_title":"Teak fruit bowl SC286 - Stonecity.cz","og_description":"Teak fruit bowl from the luxury collection of Belgian designers Toni Van Parijs &amp; Els Van Turnhout . This timeless collection will delight you with its natural and simple original design, quality of material and workmanship. Each piece is original, the product photo is for illustration only. Diameter: 50 cm","og_url":"https:\/\/www.stonecity.cz\/en\/produkt\/teak-bowl-on-the-floor-sc286\/","og_site_name":"Stonecity.cz","og_image":[{"width":2560,"height":2560,"url":"https:\/\/www.stonecity.cz\/wp-content\/uploads\/2020\/05\/SC286-scaled.jpeg","type":"image\/jpeg"}],"twitter_card":"summary_large_image","schema":{"@context":"https:\/\/schema.org","@graph":[{"@type":"WebPage","@id":"https:\/\/www.stonecity.cz\/en\/produkt\/teak-bowl-on-the-floor-sc286\/","url":"https:\/\/www.stonecity.cz\/en\/produkt\/teak-bowl-on-the-floor-sc286\/","name":"Teak fruit bowl SC286 - Stonecity.cz","isPartOf":{"@id":"https:\/\/www.stonecity.cz\/en\/#website"},"primaryImageOfPage":{"@id":"https:\/\/www.stonecity.cz\/en\/produkt\/teak-bowl-on-the-floor-sc286\/#primaryimage"},"image":{"@id":"https:\/\/www.stonecity.cz\/en\/produkt\/teak-bowl-on-the-floor-sc286\/#primaryimage"},"thumbnailUrl":"https:\/\/www.stonecity.cz\/wp-content\/uploads\/2020\/05\/SC286-scaled.jpeg","datePublished":"2020-05-21T12:37:44+00:00","breadcrumb":{"@id":"https:\/\/www.stonecity.cz\/en\/produkt\/teak-bowl-on-the-floor-sc286\/#breadcrumb"},"inLanguage":"en-US","potentialAction":[{"@type":"ReadAction","target":["https:\/\/www.stonecity.cz\/en\/produkt\/teak-bowl-on-the-floor-sc286\/"]}]},{"@type":"ImageObject","inLanguage":"en-US","@id":"https:\/\/www.stonecity.cz\/en\/produkt\/teak-bowl-on-the-floor-sc286\/#primaryimage","url":"https:\/\/www.stonecity.cz\/wp-content\/uploads\/2020\/05\/SC286-scaled.jpeg","contentUrl":"https:\/\/www.stonecity.cz\/wp-content\/uploads\/2020\/05\/SC286-scaled.jpeg","width":2560,"height":2560,"caption":"teak fruit bowl"},{"@type":"BreadcrumbList","@id":"https:\/\/www.stonecity.cz\/en\/produkt\/teak-bowl-on-the-floor-sc286\/#breadcrumb","itemListElement":[{"@type":"ListItem","position":1,"name":"Dom\u016f","item":"https:\/\/www.stonecity.cz\/en\/"},{"@type":"ListItem","position":2,"name":"Shop","item":"https:\/\/www.stonecity.cz\/en\/shop\/"},{"@type":"ListItem","position":3,"name":"Teak fruit bowl SC286"}]},{"@type":"WebSite","@id":"https:\/\/www.stonecity.cz\/en\/#website","url":"https:\/\/www.stonecity.cz\/en\/","name":"Stonecity.cz","description":"Dla\u017eba, obklady, um\u011bl\u00fd i p\u0159\u00edrodn\u00ed k\u00e1men","potentialAction":[{"@type":"SearchAction","target":{"@type":"EntryPoint","urlTemplate":"https:\/\/www.stonecity.cz\/en\/?s={search_term_string}"},"query-input":{"@type":"PropertyValueSpecification","valueRequired":true,"valueName":"search_term_string"}}],"inLanguage":"en-US"}]}},"_links":{"self":[{"href":"https:\/\/www.stonecity.cz\/en\/wp-json\/wp\/v2\/product\/16686","targetHints":{"allow":["GET"]}}],"collection":[{"href":"https:\/\/www.stonecity.cz\/en\/wp-json\/wp\/v2\/product"}],"about":[{"href":"https:\/\/www.stonecity.cz\/en\/wp-json\/wp\/v2\/types\/product"}],"wp:featuredmedia":[{"embeddable":true,"href":"https:\/\/www.stonecity.cz\/en\/wp-json\/wp\/v2\/media\/12813"}],"wp:attachment":[{"href":"https:\/\/www.stonecity.cz\/en\/wp-json\/wp\/v2\/media?parent=16686"}],"wp:term":[{"taxonomy":"product_cat","embeddable":true,"href":"https:\/\/www.stonecity.cz\/en\/wp-json\/wp\/v2\/product_cat?post=16686"},{"taxonomy":"product_tag","embeddable":true,"href":"https:\/\/www.stonecity.cz\/en\/wp-json\/wp\/v2\/product_tag?post=16686"}],"curies":[{"name":"wp","href":"https:\/\/api.w.org\/{rel}","templated":true}]}}