{"id":16700,"date":"2020-05-21T14:37:02","date_gmt":"2020-05-21T12:37:02","guid":{"rendered":"https:\/\/www.stonecity.cz\/produkt\/arena-rossa-pn-01-stone-tile\/"},"modified":"2020-05-21T14:37:02","modified_gmt":"2020-05-21T12:37:02","slug":"stone-cladding-arena-rossa-pn-01","status":"publish","type":"product","link":"https:\/\/www.stonecity.cz\/en\/produkt\/stone-cladding-arena-rossa-pn-01\/","title":{"rendered":"Arena Rossa PN-01 stone tile"},"content":{"rendered":"<p><span style=\"display: inline !important; float: none; background-color: #ffffff; color: #000000; cursor: text; font-family: Verdana,Arial,Helvetica,sans-serif; font-size: 14px; font-style: normal; font-variant: normal; font-weight: 400; letter-spacing: normal; orphans: 2; text-align: left; text-decoration: none; text-indent: 0px; text-transform: none; -webkit-text-stroke-width: 0px; white-space: normal; word-spacing: 0px;\">Solid Arena Rossa limestone tiles in red and orange.  <\/span><br style=\"color: #000000; font-family: Verdana,Arial,Helvetica,sans-serif; font-size: 14px; font-style: normal; font-variant: normal; font-weight: 400; letter-spacing: normal; orphans: 2; text-align: left; text-decoration: none; text-indent: 0px; text-transform: none; -webkit-text-stroke-width: 0px; white-space: normal; word-spacing: 0px;\"><span style=\"display: inline !important; float: none; background-color: #ffffff; color: #000000; cursor: text; font-family: Verdana,Arial,Helvetica,sans-serif; font-size: 14px; font-style: normal; font-variant: normal; font-weight: 400; letter-spacing: normal; orphans: 2; text-align: left; text-decoration: none; text-indent: 0px; text-transform: none; -webkit-text-stroke-width: 0px; white-space: normal; word-spacing: 0px;\">A very strong tile that can be tiled with or without a joint. <\/span><br style=\"color: #000000; font-family: Verdana,Arial,Helvetica,sans-serif; font-size: 14px; font-style: normal; font-variant: normal; font-weight: 400; letter-spacing: normal; orphans: 2; text-align: left; text-decoration: none; text-indent: 0px; text-transform: none; -webkit-text-stroke-width: 0px; white-space: normal; word-spacing: 0px;\"><span style=\"display: inline !important; float: none; background-color: #ffffff; color: #000000; cursor: text; font-family: Verdana,Arial,Helvetica,sans-serif; font-size: 14px; font-style: normal; font-variant: normal; font-weight: 400; letter-spacing: normal; orphans: 2; text-align: left; text-decoration: none; text-indent: 0px; text-transform: none; -webkit-text-stroke-width: 0px; white-space: normal; word-spacing: 0px;\">By tiling without joints, you create the perfect impression of a rock wall. <\/span><br style=\"color: #000000; font-family: Verdana,Arial,Helvetica,sans-serif; font-size: 14px; font-style: normal; font-variant: normal; font-weight: 400; letter-spacing: normal; orphans: 2; text-align: left; text-decoration: none; text-indent: 0px; text-transform: none; -webkit-text-stroke-width: 0px; white-space: normal; word-spacing: 0px;\"><span style=\"display: inline !important; float: none; background-color: #ffffff; color: #000000; cursor: text; font-family: Verdana,Arial,Helvetica,sans-serif; font-size: 14px; font-style: normal; font-variant: normal; font-weight: 400; letter-spacing: normal; orphans: 2; text-align: left; text-decoration: none; text-indent: 0px; text-transform: none; -webkit-text-stroke-width: 0px; white-space: normal; word-spacing: 0px;\">Each stone in this range is a complete original, with a unique texture and colour shade. <\/span><\/p>\n","protected":false},"excerpt":{"rendered":"<p>Solid Arena Rossa limestone tiles in red and orange. A very strong tile that can be tiled with or without a joint. By tiling without joints, you create the perfect impression of a rock wall. Each stone in this range is a complete original, with a unique texture and colour shade.<\/p>\n","protected":false},"featured_media":12087,"template":"","meta":[],"product_cat":[2040,2032,2058],"product_tag":[1741,1745,1744,1752,1751],"class_list":{"0":"post-16700","1":"product","2":"type-product","3":"status-publish","4":"has-post-thumbnail","6":"product_cat-stone-veneer","7":"product_cat-natural-stone-en","8":"product_cat-limestone-en-3","9":"product_tag-facade-cladding","10":"product_tag-suitable-for-indoors","11":"product_tag-suitable-for-outdoors","12":"product_tag-suitable-for-the-garden-en","13":"product_tag-suitable-for-the-terrace","14":"pa_baleni-palette-en","15":"pa_mj-m2-1-m2-en","16":"pa_sirka-10-20cm-en","17":"pa_tloustka-2-3-cm-en","19":"first","20":"onbackorder","21":"purchasable","22":"product-type-simple"},"yoast_head":"<!-- This site is optimized with the Yoast SEO plugin v26.8 - https:\/\/yoast.com\/product\/yoast-seo-wordpress\/ -->\n<title>Arena Rossa PN-01 stone tile - Stonecity.cz<\/title>\n<meta name=\"robots\" content=\"index, follow, max-snippet:-1, max-image-preview:large, max-video-preview:-1\" \/>\n<link rel=\"canonical\" href=\"https:\/\/www.stonecity.cz\/en\/produkt\/stone-cladding-arena-rossa-pn-01\/\" \/>\n<meta property=\"og:locale\" content=\"en_US\" \/>\n<meta property=\"og:type\" content=\"article\" \/>\n<meta property=\"og:title\" content=\"Arena Rossa PN-01 stone tile - Stonecity.cz\" \/>\n<meta property=\"og:description\" content=\"Solid Arena Rossa limestone tiles in red and orange. A very strong tile that can be tiled with or without a joint. By tiling without joints, you create the perfect impression of a rock wall. Each stone in this range is a complete original, with a unique texture and colour shade.\" \/>\n<meta property=\"og:url\" content=\"https:\/\/www.stonecity.cz\/en\/produkt\/stone-cladding-arena-rossa-pn-01\/\" \/>\n<meta property=\"og:site_name\" content=\"Stonecity.cz\" \/>\n<meta property=\"og:image\" content=\"https:\/\/www.stonecity.cz\/wp-content\/uploads\/2020\/05\/PN-01__.jpg\" \/>\n\t<meta property=\"og:image:width\" content=\"2381\" \/>\n\t<meta property=\"og:image:height\" content=\"1477\" \/>\n\t<meta property=\"og:image:type\" content=\"image\/jpeg\" \/>\n<meta name=\"twitter:card\" content=\"summary_large_image\" \/>\n<script type=\"application\/ld+json\" class=\"yoast-schema-graph\">{\"@context\":\"https:\/\/schema.org\",\"@graph\":[{\"@type\":\"WebPage\",\"@id\":\"https:\/\/www.stonecity.cz\/en\/produkt\/stone-cladding-arena-rossa-pn-01\/\",\"url\":\"https:\/\/www.stonecity.cz\/en\/produkt\/stone-cladding-arena-rossa-pn-01\/\",\"name\":\"Arena Rossa PN-01 stone tile - Stonecity.cz\",\"isPartOf\":{\"@id\":\"https:\/\/www.stonecity.cz\/en\/#website\"},\"primaryImageOfPage\":{\"@id\":\"https:\/\/www.stonecity.cz\/en\/produkt\/stone-cladding-arena-rossa-pn-01\/#primaryimage\"},\"image\":{\"@id\":\"https:\/\/www.stonecity.cz\/en\/produkt\/stone-cladding-arena-rossa-pn-01\/#primaryimage\"},\"thumbnailUrl\":\"https:\/\/www.stonecity.cz\/wp-content\/uploads\/2020\/05\/PN-01__.jpg\",\"datePublished\":\"2020-05-21T12:37:02+00:00\",\"breadcrumb\":{\"@id\":\"https:\/\/www.stonecity.cz\/en\/produkt\/stone-cladding-arena-rossa-pn-01\/#breadcrumb\"},\"inLanguage\":\"en-US\",\"potentialAction\":[{\"@type\":\"ReadAction\",\"target\":[\"https:\/\/www.stonecity.cz\/en\/produkt\/stone-cladding-arena-rossa-pn-01\/\"]}]},{\"@type\":\"ImageObject\",\"inLanguage\":\"en-US\",\"@id\":\"https:\/\/www.stonecity.cz\/en\/produkt\/stone-cladding-arena-rossa-pn-01\/#primaryimage\",\"url\":\"https:\/\/www.stonecity.cz\/wp-content\/uploads\/2020\/05\/PN-01__.jpg\",\"contentUrl\":\"https:\/\/www.stonecity.cz\/wp-content\/uploads\/2020\/05\/PN-01__.jpg\",\"width\":2381,\"height\":1477,\"caption\":\"Stone cladding\"},{\"@type\":\"BreadcrumbList\",\"@id\":\"https:\/\/www.stonecity.cz\/en\/produkt\/stone-cladding-arena-rossa-pn-01\/#breadcrumb\",\"itemListElement\":[{\"@type\":\"ListItem\",\"position\":1,\"name\":\"Dom\u016f\",\"item\":\"https:\/\/www.stonecity.cz\/en\/\"},{\"@type\":\"ListItem\",\"position\":2,\"name\":\"Shop\",\"item\":\"https:\/\/www.stonecity.cz\/en\/shop\/\"},{\"@type\":\"ListItem\",\"position\":3,\"name\":\"Arena Rossa PN-01 stone tile\"}]},{\"@type\":\"WebSite\",\"@id\":\"https:\/\/www.stonecity.cz\/en\/#website\",\"url\":\"https:\/\/www.stonecity.cz\/en\/\",\"name\":\"Stonecity.cz\",\"description\":\"Dla\u017eba, obklady, um\u011bl\u00fd i p\u0159\u00edrodn\u00ed k\u00e1men\",\"potentialAction\":[{\"@type\":\"SearchAction\",\"target\":{\"@type\":\"EntryPoint\",\"urlTemplate\":\"https:\/\/www.stonecity.cz\/en\/?s={search_term_string}\"},\"query-input\":{\"@type\":\"PropertyValueSpecification\",\"valueRequired\":true,\"valueName\":\"search_term_string\"}}],\"inLanguage\":\"en-US\"}]}<\/script>\n<!-- \/ Yoast SEO plugin. -->","yoast_head_json":{"title":"Arena Rossa PN-01 stone tile - Stonecity.cz","robots":{"index":"index","follow":"follow","max-snippet":"max-snippet:-1","max-image-preview":"max-image-preview:large","max-video-preview":"max-video-preview:-1"},"canonical":"https:\/\/www.stonecity.cz\/en\/produkt\/stone-cladding-arena-rossa-pn-01\/","og_locale":"en_US","og_type":"article","og_title":"Arena Rossa PN-01 stone tile - Stonecity.cz","og_description":"Solid Arena Rossa limestone tiles in red and orange. A very strong tile that can be tiled with or without a joint. By tiling without joints, you create the perfect impression of a rock wall. Each stone in this range is a complete original, with a unique texture and colour shade.","og_url":"https:\/\/www.stonecity.cz\/en\/produkt\/stone-cladding-arena-rossa-pn-01\/","og_site_name":"Stonecity.cz","og_image":[{"width":2381,"height":1477,"url":"https:\/\/www.stonecity.cz\/wp-content\/uploads\/2020\/05\/PN-01__.jpg","type":"image\/jpeg"}],"twitter_card":"summary_large_image","schema":{"@context":"https:\/\/schema.org","@graph":[{"@type":"WebPage","@id":"https:\/\/www.stonecity.cz\/en\/produkt\/stone-cladding-arena-rossa-pn-01\/","url":"https:\/\/www.stonecity.cz\/en\/produkt\/stone-cladding-arena-rossa-pn-01\/","name":"Arena Rossa PN-01 stone tile - Stonecity.cz","isPartOf":{"@id":"https:\/\/www.stonecity.cz\/en\/#website"},"primaryImageOfPage":{"@id":"https:\/\/www.stonecity.cz\/en\/produkt\/stone-cladding-arena-rossa-pn-01\/#primaryimage"},"image":{"@id":"https:\/\/www.stonecity.cz\/en\/produkt\/stone-cladding-arena-rossa-pn-01\/#primaryimage"},"thumbnailUrl":"https:\/\/www.stonecity.cz\/wp-content\/uploads\/2020\/05\/PN-01__.jpg","datePublished":"2020-05-21T12:37:02+00:00","breadcrumb":{"@id":"https:\/\/www.stonecity.cz\/en\/produkt\/stone-cladding-arena-rossa-pn-01\/#breadcrumb"},"inLanguage":"en-US","potentialAction":[{"@type":"ReadAction","target":["https:\/\/www.stonecity.cz\/en\/produkt\/stone-cladding-arena-rossa-pn-01\/"]}]},{"@type":"ImageObject","inLanguage":"en-US","@id":"https:\/\/www.stonecity.cz\/en\/produkt\/stone-cladding-arena-rossa-pn-01\/#primaryimage","url":"https:\/\/www.stonecity.cz\/wp-content\/uploads\/2020\/05\/PN-01__.jpg","contentUrl":"https:\/\/www.stonecity.cz\/wp-content\/uploads\/2020\/05\/PN-01__.jpg","width":2381,"height":1477,"caption":"Stone cladding"},{"@type":"BreadcrumbList","@id":"https:\/\/www.stonecity.cz\/en\/produkt\/stone-cladding-arena-rossa-pn-01\/#breadcrumb","itemListElement":[{"@type":"ListItem","position":1,"name":"Dom\u016f","item":"https:\/\/www.stonecity.cz\/en\/"},{"@type":"ListItem","position":2,"name":"Shop","item":"https:\/\/www.stonecity.cz\/en\/shop\/"},{"@type":"ListItem","position":3,"name":"Arena Rossa PN-01 stone tile"}]},{"@type":"WebSite","@id":"https:\/\/www.stonecity.cz\/en\/#website","url":"https:\/\/www.stonecity.cz\/en\/","name":"Stonecity.cz","description":"Dla\u017eba, obklady, um\u011bl\u00fd i p\u0159\u00edrodn\u00ed k\u00e1men","potentialAction":[{"@type":"SearchAction","target":{"@type":"EntryPoint","urlTemplate":"https:\/\/www.stonecity.cz\/en\/?s={search_term_string}"},"query-input":{"@type":"PropertyValueSpecification","valueRequired":true,"valueName":"search_term_string"}}],"inLanguage":"en-US"}]}},"_links":{"self":[{"href":"https:\/\/www.stonecity.cz\/en\/wp-json\/wp\/v2\/product\/16700","targetHints":{"allow":["GET"]}}],"collection":[{"href":"https:\/\/www.stonecity.cz\/en\/wp-json\/wp\/v2\/product"}],"about":[{"href":"https:\/\/www.stonecity.cz\/en\/wp-json\/wp\/v2\/types\/product"}],"wp:featuredmedia":[{"embeddable":true,"href":"https:\/\/www.stonecity.cz\/en\/wp-json\/wp\/v2\/media\/12087"}],"wp:attachment":[{"href":"https:\/\/www.stonecity.cz\/en\/wp-json\/wp\/v2\/media?parent=16700"}],"wp:term":[{"taxonomy":"product_cat","embeddable":true,"href":"https:\/\/www.stonecity.cz\/en\/wp-json\/wp\/v2\/product_cat?post=16700"},{"taxonomy":"product_tag","embeddable":true,"href":"https:\/\/www.stonecity.cz\/en\/wp-json\/wp\/v2\/product_tag?post=16700"}],"curies":[{"name":"wp","href":"https:\/\/api.w.org\/{rel}","templated":true}]}}