{"id":16773,"date":"2020-05-21T14:37:04","date_gmt":"2020-05-21T12:37:04","guid":{"rendered":"https:\/\/www.stonecity.cz\/produkt\/vario-colore-bc-10-slate\/"},"modified":"2020-05-21T14:37:04","modified_gmt":"2020-05-21T12:37:04","slug":"slate-vario-colour-bc-10","status":"publish","type":"product","link":"https:\/\/www.stonecity.cz\/en\/produkt\/slate-vario-colour-bc-10\/","title":{"rendered":"Vario Colore BC-10 slate"},"content":{"rendered":"<p>Slate Vario Colore is a beautiful stone tile that is suitable as a facade stone and as an interior wall cladding.<br \/>\nPerfect workmanship and great quality will please every demanding customer.<\/p>\n<p>Dimensions: 550x150x15-25mm;<\/p>\n<p>Use: facades, fences, retaining walls, pool surrounds, corridors, fireplaces, living rooms, kitchens&#8230;<\/p>\n<p>&nbsp;<\/p>\n","protected":false},"excerpt":{"rendered":"<p>Slate Vario Colore is a beautiful stone tile that is suitable as a facade stone and as an interior wall cladding. Perfect workmanship and great quality will please every demanding customer. Dimensions: 550x150x15-25mm; Use: facades, fences, retaining walls, pool surrounds, corridors, fireplaces, living rooms, kitchens&#8230; &nbsp;<\/p>\n","protected":false},"featured_media":12041,"template":"","meta":[],"product_cat":[2040,2032,2034],"product_tag":[1741,1745,1744,1747,1751],"class_list":{"0":"post-16773","1":"product","2":"type-product","3":"status-publish","4":"has-post-thumbnail","6":"product_cat-stone-veneer","7":"product_cat-natural-stone-en","8":"product_cat-slate-en","9":"product_tag-facade-cladding","10":"product_tag-suitable-for-indoors","11":"product_tag-suitable-for-outdoors","12":"product_tag-suitable-for-the-kitchen","13":"product_tag-suitable-for-the-terrace","14":"pa_baleni-cardboard-box-033-m2","15":"pa_sirka-15-cm-en","16":"pa_tloustka-15-35-cm-en","18":"first","19":"instock","20":"purchasable","21":"product-type-simple"},"yoast_head":"<!-- This site is optimized with the Yoast SEO plugin v26.8 - https:\/\/yoast.com\/product\/yoast-seo-wordpress\/ -->\n<title>Vario Colore BC-10 slate - Stonecity.cz<\/title>\n<meta name=\"robots\" content=\"index, follow, max-snippet:-1, max-image-preview:large, max-video-preview:-1\" \/>\n<link rel=\"canonical\" href=\"https:\/\/www.stonecity.cz\/en\/produkt\/slate-vario-colour-bc-10\/\" \/>\n<meta property=\"og:locale\" content=\"en_US\" \/>\n<meta property=\"og:type\" content=\"article\" \/>\n<meta property=\"og:title\" content=\"Vario Colore BC-10 slate - Stonecity.cz\" \/>\n<meta property=\"og:description\" content=\"Slate Vario Colore is a beautiful stone tile that is suitable as a facade stone and as an interior wall cladding. Perfect workmanship and great quality will please every demanding customer. Dimensions: 550x150x15-25mm; Use: facades, fences, retaining walls, pool surrounds, corridors, fireplaces, living rooms, kitchens&#8230; &nbsp;\" \/>\n<meta property=\"og:url\" content=\"https:\/\/www.stonecity.cz\/en\/produkt\/slate-vario-colour-bc-10\/\" \/>\n<meta property=\"og:site_name\" content=\"Stonecity.cz\" \/>\n<meta property=\"og:image\" content=\"https:\/\/www.stonecity.cz\/wp-content\/uploads\/2020\/05\/B\u0159idlice-Vario-Colore-BC-10_40.jpg\" \/>\n\t<meta property=\"og:image:width\" content=\"2139\" \/>\n\t<meta property=\"og:image:height\" content=\"1424\" \/>\n\t<meta property=\"og:image:type\" content=\"image\/jpeg\" \/>\n<meta name=\"twitter:card\" content=\"summary_large_image\" \/>\n<script type=\"application\/ld+json\" class=\"yoast-schema-graph\">{\"@context\":\"https:\/\/schema.org\",\"@graph\":[{\"@type\":\"WebPage\",\"@id\":\"https:\/\/www.stonecity.cz\/en\/produkt\/slate-vario-colour-bc-10\/\",\"url\":\"https:\/\/www.stonecity.cz\/en\/produkt\/slate-vario-colour-bc-10\/\",\"name\":\"Vario Colore BC-10 slate - Stonecity.cz\",\"isPartOf\":{\"@id\":\"https:\/\/www.stonecity.cz\/en\/#website\"},\"primaryImageOfPage\":{\"@id\":\"https:\/\/www.stonecity.cz\/en\/produkt\/slate-vario-colour-bc-10\/#primaryimage\"},\"image\":{\"@id\":\"https:\/\/www.stonecity.cz\/en\/produkt\/slate-vario-colour-bc-10\/#primaryimage\"},\"thumbnailUrl\":\"https:\/\/www.stonecity.cz\/wp-content\/uploads\/2020\/05\/B\u0159idlice-Vario-Colore-BC-10_40.jpg\",\"datePublished\":\"2020-05-21T12:37:04+00:00\",\"breadcrumb\":{\"@id\":\"https:\/\/www.stonecity.cz\/en\/produkt\/slate-vario-colour-bc-10\/#breadcrumb\"},\"inLanguage\":\"en-US\",\"potentialAction\":[{\"@type\":\"ReadAction\",\"target\":[\"https:\/\/www.stonecity.cz\/en\/produkt\/slate-vario-colour-bc-10\/\"]}]},{\"@type\":\"ImageObject\",\"inLanguage\":\"en-US\",\"@id\":\"https:\/\/www.stonecity.cz\/en\/produkt\/slate-vario-colour-bc-10\/#primaryimage\",\"url\":\"https:\/\/www.stonecity.cz\/wp-content\/uploads\/2020\/05\/B\u0159idlice-Vario-Colore-BC-10_40.jpg\",\"contentUrl\":\"https:\/\/www.stonecity.cz\/wp-content\/uploads\/2020\/05\/B\u0159idlice-Vario-Colore-BC-10_40.jpg\",\"width\":2139,\"height\":1424,\"caption\":\"Stone tile from multicolor birch\"},{\"@type\":\"BreadcrumbList\",\"@id\":\"https:\/\/www.stonecity.cz\/en\/produkt\/slate-vario-colour-bc-10\/#breadcrumb\",\"itemListElement\":[{\"@type\":\"ListItem\",\"position\":1,\"name\":\"Dom\u016f\",\"item\":\"https:\/\/www.stonecity.cz\/en\/\"},{\"@type\":\"ListItem\",\"position\":2,\"name\":\"Shop\",\"item\":\"https:\/\/www.stonecity.cz\/en\/shop\/\"},{\"@type\":\"ListItem\",\"position\":3,\"name\":\"Vario Colore BC-10 slate\"}]},{\"@type\":\"WebSite\",\"@id\":\"https:\/\/www.stonecity.cz\/en\/#website\",\"url\":\"https:\/\/www.stonecity.cz\/en\/\",\"name\":\"Stonecity.cz\",\"description\":\"Dla\u017eba, obklady, um\u011bl\u00fd i p\u0159\u00edrodn\u00ed k\u00e1men\",\"potentialAction\":[{\"@type\":\"SearchAction\",\"target\":{\"@type\":\"EntryPoint\",\"urlTemplate\":\"https:\/\/www.stonecity.cz\/en\/?s={search_term_string}\"},\"query-input\":{\"@type\":\"PropertyValueSpecification\",\"valueRequired\":true,\"valueName\":\"search_term_string\"}}],\"inLanguage\":\"en-US\"}]}<\/script>\n<!-- \/ Yoast SEO plugin. -->","yoast_head_json":{"title":"Vario Colore BC-10 slate - Stonecity.cz","robots":{"index":"index","follow":"follow","max-snippet":"max-snippet:-1","max-image-preview":"max-image-preview:large","max-video-preview":"max-video-preview:-1"},"canonical":"https:\/\/www.stonecity.cz\/en\/produkt\/slate-vario-colour-bc-10\/","og_locale":"en_US","og_type":"article","og_title":"Vario Colore BC-10 slate - Stonecity.cz","og_description":"Slate Vario Colore is a beautiful stone tile that is suitable as a facade stone and as an interior wall cladding. Perfect workmanship and great quality will please every demanding customer. Dimensions: 550x150x15-25mm; Use: facades, fences, retaining walls, pool surrounds, corridors, fireplaces, living rooms, kitchens&#8230; &nbsp;","og_url":"https:\/\/www.stonecity.cz\/en\/produkt\/slate-vario-colour-bc-10\/","og_site_name":"Stonecity.cz","og_image":[{"width":2139,"height":1424,"url":"https:\/\/www.stonecity.cz\/wp-content\/uploads\/2020\/05\/B\u0159idlice-Vario-Colore-BC-10_40.jpg","type":"image\/jpeg"}],"twitter_card":"summary_large_image","schema":{"@context":"https:\/\/schema.org","@graph":[{"@type":"WebPage","@id":"https:\/\/www.stonecity.cz\/en\/produkt\/slate-vario-colour-bc-10\/","url":"https:\/\/www.stonecity.cz\/en\/produkt\/slate-vario-colour-bc-10\/","name":"Vario Colore BC-10 slate - Stonecity.cz","isPartOf":{"@id":"https:\/\/www.stonecity.cz\/en\/#website"},"primaryImageOfPage":{"@id":"https:\/\/www.stonecity.cz\/en\/produkt\/slate-vario-colour-bc-10\/#primaryimage"},"image":{"@id":"https:\/\/www.stonecity.cz\/en\/produkt\/slate-vario-colour-bc-10\/#primaryimage"},"thumbnailUrl":"https:\/\/www.stonecity.cz\/wp-content\/uploads\/2020\/05\/B\u0159idlice-Vario-Colore-BC-10_40.jpg","datePublished":"2020-05-21T12:37:04+00:00","breadcrumb":{"@id":"https:\/\/www.stonecity.cz\/en\/produkt\/slate-vario-colour-bc-10\/#breadcrumb"},"inLanguage":"en-US","potentialAction":[{"@type":"ReadAction","target":["https:\/\/www.stonecity.cz\/en\/produkt\/slate-vario-colour-bc-10\/"]}]},{"@type":"ImageObject","inLanguage":"en-US","@id":"https:\/\/www.stonecity.cz\/en\/produkt\/slate-vario-colour-bc-10\/#primaryimage","url":"https:\/\/www.stonecity.cz\/wp-content\/uploads\/2020\/05\/B\u0159idlice-Vario-Colore-BC-10_40.jpg","contentUrl":"https:\/\/www.stonecity.cz\/wp-content\/uploads\/2020\/05\/B\u0159idlice-Vario-Colore-BC-10_40.jpg","width":2139,"height":1424,"caption":"Stone tile from multicolor birch"},{"@type":"BreadcrumbList","@id":"https:\/\/www.stonecity.cz\/en\/produkt\/slate-vario-colour-bc-10\/#breadcrumb","itemListElement":[{"@type":"ListItem","position":1,"name":"Dom\u016f","item":"https:\/\/www.stonecity.cz\/en\/"},{"@type":"ListItem","position":2,"name":"Shop","item":"https:\/\/www.stonecity.cz\/en\/shop\/"},{"@type":"ListItem","position":3,"name":"Vario Colore BC-10 slate"}]},{"@type":"WebSite","@id":"https:\/\/www.stonecity.cz\/en\/#website","url":"https:\/\/www.stonecity.cz\/en\/","name":"Stonecity.cz","description":"Dla\u017eba, obklady, um\u011bl\u00fd i p\u0159\u00edrodn\u00ed k\u00e1men","potentialAction":[{"@type":"SearchAction","target":{"@type":"EntryPoint","urlTemplate":"https:\/\/www.stonecity.cz\/en\/?s={search_term_string}"},"query-input":{"@type":"PropertyValueSpecification","valueRequired":true,"valueName":"search_term_string"}}],"inLanguage":"en-US"}]}},"_links":{"self":[{"href":"https:\/\/www.stonecity.cz\/en\/wp-json\/wp\/v2\/product\/16773","targetHints":{"allow":["GET"]}}],"collection":[{"href":"https:\/\/www.stonecity.cz\/en\/wp-json\/wp\/v2\/product"}],"about":[{"href":"https:\/\/www.stonecity.cz\/en\/wp-json\/wp\/v2\/types\/product"}],"wp:featuredmedia":[{"embeddable":true,"href":"https:\/\/www.stonecity.cz\/en\/wp-json\/wp\/v2\/media\/12041"}],"wp:attachment":[{"href":"https:\/\/www.stonecity.cz\/en\/wp-json\/wp\/v2\/media?parent=16773"}],"wp:term":[{"taxonomy":"product_cat","embeddable":true,"href":"https:\/\/www.stonecity.cz\/en\/wp-json\/wp\/v2\/product_cat?post=16773"},{"taxonomy":"product_tag","embeddable":true,"href":"https:\/\/www.stonecity.cz\/en\/wp-json\/wp\/v2\/product_tag?post=16773"}],"curies":[{"name":"wp","href":"https:\/\/api.w.org\/{rel}","templated":true}]}}