{"id":16794,"date":"2020-05-21T14:35:21","date_gmt":"2020-05-21T12:35:21","guid":{"rendered":"https:\/\/www.stonecity.cz\/produkt\/nvl-300-malta-with-additive-route\/"},"modified":"2020-05-21T14:35:21","modified_gmt":"2020-05-21T12:35:21","slug":"nvl-300-malta-with-passage-route","status":"publish","type":"product","link":"https:\/\/www.stonecity.cz\/en\/produkt\/nvl-300-malta-with-passage-route\/","title":{"rendered":"NVL 300 Malta with additive route"},"content":{"rendered":"<p>Mortar with route additive for masonry, laying and simultaneous jointing of stone.<\/p>\n<p>NVL 300 is a mortar with a route additive for masonry, laying and simultaneous jointing of stone,<br \/>\nfor laying in a medium mortar bed with a minimum thickness of 20 mm.<\/p>\n<ul>\n<li>grain size 0-4 mm<\/li>\n<li>compressive strength min. 10N\/mm2<\/li>\n<li>yield 19,5l\/30kg<\/li>\n<li>consumption approx. 15kg\/m2\/10 mm layer thickness<\/li>\n<\/ul>\n<p><em><strong><a href=\"https:\/\/www.stonecity.cz\/wp-content\/uploads\/2020\/05\/Bezpe%C4%8Dnostn%C3%AD-list-NVL.pdf\">Safety Data Sheet NVL<\/a><\/strong><\/em><br \/>\n<em><strong><a href=\"https:\/\/www.stonecity.cz\/wp-content\/uploads\/2020\/05\/Technick%C3%BD-list-NVL.pdf\">NVL datasheet<\/a><\/strong><\/em><br \/>\n<em><strong><a href=\"https:\/\/www.stonecity.cz\/wp-content\/uploads\/2020\/05\/Prohl%C3%A1%C5%A1en%C3%AD-o-shod%C4%9B-NVL.pdf\">NVL Declaration of Conformity<\/a><\/strong><\/em><\/p>\n","protected":false},"excerpt":{"rendered":"<p>Mortar with route additive for masonry, laying and simultaneous jointing of stone. NVL 300 is a mortar with a route additive for masonry, laying and simultaneous jointing of stone, for laying in a medium mortar bed with a minimum thickness of 20 mm. grain size 0-4 mm compressive strength min. 10N\/mm2 yield 19,5l\/30kg consumption approx. [&#8230;]\n","protected":false},"featured_media":12339,"template":"","meta":[],"product_cat":[2062],"product_tag":[1745,1744],"class_list":{"0":"post-16794","1":"product","2":"type-product","3":"status-publish","4":"has-post-thumbnail","6":"product_cat-accessories","7":"product_tag-suitable-for-indoors","8":"product_tag-suitable-for-outdoors","9":"pa_baleni-30-kg-en","10":"pa_barva-black-en","11":"pa_barva-grey-en-2","12":"pa_barva-white-beige","14":"first","15":"instock","16":"purchasable","17":"product-type-variable","18":"has-default-attributes"},"yoast_head":"<!-- This site is optimized with the Yoast SEO plugin v26.8 - https:\/\/yoast.com\/product\/yoast-seo-wordpress\/ -->\n<title>NVL 300 Malta with additive route - Stonecity.cz<\/title>\n<meta name=\"robots\" content=\"index, follow, max-snippet:-1, max-image-preview:large, max-video-preview:-1\" \/>\n<link rel=\"canonical\" href=\"https:\/\/www.stonecity.cz\/en\/produkt\/nvl-300-malta-with-passage-route\/\" \/>\n<meta property=\"og:locale\" content=\"en_US\" \/>\n<meta property=\"og:type\" content=\"article\" \/>\n<meta property=\"og:title\" content=\"NVL 300 Malta with additive route - Stonecity.cz\" \/>\n<meta property=\"og:description\" content=\"Mortar with route additive for masonry, laying and simultaneous jointing of stone. NVL 300 is a mortar with a route additive for masonry, laying and simultaneous jointing of stone, for laying in a medium mortar bed with a minimum thickness of 20 mm. grain size 0-4 mm compressive strength min. 10N\/mm2 yield 19,5l\/30kg consumption approx. [...]\" \/>\n<meta property=\"og:url\" content=\"https:\/\/www.stonecity.cz\/en\/produkt\/nvl-300-malta-with-passage-route\/\" \/>\n<meta property=\"og:site_name\" content=\"Stonecity.cz\" \/>\n<meta property=\"og:image\" content=\"https:\/\/www.stonecity.cz\/wp-content\/uploads\/2020\/05\/NVL_icon.jpeg\" \/>\n\t<meta property=\"og:image:width\" content=\"900\" \/>\n\t<meta property=\"og:image:height\" content=\"1200\" \/>\n\t<meta property=\"og:image:type\" content=\"image\/jpeg\" \/>\n<meta name=\"twitter:card\" content=\"summary_large_image\" \/>\n<script type=\"application\/ld+json\" class=\"yoast-schema-graph\">{\"@context\":\"https:\/\/schema.org\",\"@graph\":[{\"@type\":\"WebPage\",\"@id\":\"https:\/\/www.stonecity.cz\/en\/produkt\/nvl-300-malta-with-passage-route\/\",\"url\":\"https:\/\/www.stonecity.cz\/en\/produkt\/nvl-300-malta-with-passage-route\/\",\"name\":\"NVL 300 Malta with additive route - Stonecity.cz\",\"isPartOf\":{\"@id\":\"https:\/\/www.stonecity.cz\/en\/#website\"},\"primaryImageOfPage\":{\"@id\":\"https:\/\/www.stonecity.cz\/en\/produkt\/nvl-300-malta-with-passage-route\/#primaryimage\"},\"image\":{\"@id\":\"https:\/\/www.stonecity.cz\/en\/produkt\/nvl-300-malta-with-passage-route\/#primaryimage\"},\"thumbnailUrl\":\"https:\/\/www.stonecity.cz\/wp-content\/uploads\/2020\/05\/NVL_icon.jpeg\",\"datePublished\":\"2020-05-21T12:35:21+00:00\",\"breadcrumb\":{\"@id\":\"https:\/\/www.stonecity.cz\/en\/produkt\/nvl-300-malta-with-passage-route\/#breadcrumb\"},\"inLanguage\":\"en-US\",\"potentialAction\":[{\"@type\":\"ReadAction\",\"target\":[\"https:\/\/www.stonecity.cz\/en\/produkt\/nvl-300-malta-with-passage-route\/\"]}]},{\"@type\":\"ImageObject\",\"inLanguage\":\"en-US\",\"@id\":\"https:\/\/www.stonecity.cz\/en\/produkt\/nvl-300-malta-with-passage-route\/#primaryimage\",\"url\":\"https:\/\/www.stonecity.cz\/wp-content\/uploads\/2020\/05\/NVL_icon.jpeg\",\"contentUrl\":\"https:\/\/www.stonecity.cz\/wp-content\/uploads\/2020\/05\/NVL_icon.jpeg\",\"width\":900,\"height\":1200},{\"@type\":\"BreadcrumbList\",\"@id\":\"https:\/\/www.stonecity.cz\/en\/produkt\/nvl-300-malta-with-passage-route\/#breadcrumb\",\"itemListElement\":[{\"@type\":\"ListItem\",\"position\":1,\"name\":\"Dom\u016f\",\"item\":\"https:\/\/www.stonecity.cz\/en\/\"},{\"@type\":\"ListItem\",\"position\":2,\"name\":\"Shop\",\"item\":\"https:\/\/www.stonecity.cz\/en\/shop\/\"},{\"@type\":\"ListItem\",\"position\":3,\"name\":\"NVL 300 Malta with additive route\"}]},{\"@type\":\"WebSite\",\"@id\":\"https:\/\/www.stonecity.cz\/en\/#website\",\"url\":\"https:\/\/www.stonecity.cz\/en\/\",\"name\":\"Stonecity.cz\",\"description\":\"Dla\u017eba, obklady, um\u011bl\u00fd i p\u0159\u00edrodn\u00ed k\u00e1men\",\"potentialAction\":[{\"@type\":\"SearchAction\",\"target\":{\"@type\":\"EntryPoint\",\"urlTemplate\":\"https:\/\/www.stonecity.cz\/en\/?s={search_term_string}\"},\"query-input\":{\"@type\":\"PropertyValueSpecification\",\"valueRequired\":true,\"valueName\":\"search_term_string\"}}],\"inLanguage\":\"en-US\"}]}<\/script>\n<!-- \/ Yoast SEO plugin. -->","yoast_head_json":{"title":"NVL 300 Malta with additive route - Stonecity.cz","robots":{"index":"index","follow":"follow","max-snippet":"max-snippet:-1","max-image-preview":"max-image-preview:large","max-video-preview":"max-video-preview:-1"},"canonical":"https:\/\/www.stonecity.cz\/en\/produkt\/nvl-300-malta-with-passage-route\/","og_locale":"en_US","og_type":"article","og_title":"NVL 300 Malta with additive route - Stonecity.cz","og_description":"Mortar with route additive for masonry, laying and simultaneous jointing of stone. NVL 300 is a mortar with a route additive for masonry, laying and simultaneous jointing of stone, for laying in a medium mortar bed with a minimum thickness of 20 mm. grain size 0-4 mm compressive strength min. 10N\/mm2 yield 19,5l\/30kg consumption approx. [...]","og_url":"https:\/\/www.stonecity.cz\/en\/produkt\/nvl-300-malta-with-passage-route\/","og_site_name":"Stonecity.cz","og_image":[{"width":900,"height":1200,"url":"https:\/\/www.stonecity.cz\/wp-content\/uploads\/2020\/05\/NVL_icon.jpeg","type":"image\/jpeg"}],"twitter_card":"summary_large_image","schema":{"@context":"https:\/\/schema.org","@graph":[{"@type":"WebPage","@id":"https:\/\/www.stonecity.cz\/en\/produkt\/nvl-300-malta-with-passage-route\/","url":"https:\/\/www.stonecity.cz\/en\/produkt\/nvl-300-malta-with-passage-route\/","name":"NVL 300 Malta with additive route - Stonecity.cz","isPartOf":{"@id":"https:\/\/www.stonecity.cz\/en\/#website"},"primaryImageOfPage":{"@id":"https:\/\/www.stonecity.cz\/en\/produkt\/nvl-300-malta-with-passage-route\/#primaryimage"},"image":{"@id":"https:\/\/www.stonecity.cz\/en\/produkt\/nvl-300-malta-with-passage-route\/#primaryimage"},"thumbnailUrl":"https:\/\/www.stonecity.cz\/wp-content\/uploads\/2020\/05\/NVL_icon.jpeg","datePublished":"2020-05-21T12:35:21+00:00","breadcrumb":{"@id":"https:\/\/www.stonecity.cz\/en\/produkt\/nvl-300-malta-with-passage-route\/#breadcrumb"},"inLanguage":"en-US","potentialAction":[{"@type":"ReadAction","target":["https:\/\/www.stonecity.cz\/en\/produkt\/nvl-300-malta-with-passage-route\/"]}]},{"@type":"ImageObject","inLanguage":"en-US","@id":"https:\/\/www.stonecity.cz\/en\/produkt\/nvl-300-malta-with-passage-route\/#primaryimage","url":"https:\/\/www.stonecity.cz\/wp-content\/uploads\/2020\/05\/NVL_icon.jpeg","contentUrl":"https:\/\/www.stonecity.cz\/wp-content\/uploads\/2020\/05\/NVL_icon.jpeg","width":900,"height":1200},{"@type":"BreadcrumbList","@id":"https:\/\/www.stonecity.cz\/en\/produkt\/nvl-300-malta-with-passage-route\/#breadcrumb","itemListElement":[{"@type":"ListItem","position":1,"name":"Dom\u016f","item":"https:\/\/www.stonecity.cz\/en\/"},{"@type":"ListItem","position":2,"name":"Shop","item":"https:\/\/www.stonecity.cz\/en\/shop\/"},{"@type":"ListItem","position":3,"name":"NVL 300 Malta with additive route"}]},{"@type":"WebSite","@id":"https:\/\/www.stonecity.cz\/en\/#website","url":"https:\/\/www.stonecity.cz\/en\/","name":"Stonecity.cz","description":"Dla\u017eba, obklady, um\u011bl\u00fd i p\u0159\u00edrodn\u00ed k\u00e1men","potentialAction":[{"@type":"SearchAction","target":{"@type":"EntryPoint","urlTemplate":"https:\/\/www.stonecity.cz\/en\/?s={search_term_string}"},"query-input":{"@type":"PropertyValueSpecification","valueRequired":true,"valueName":"search_term_string"}}],"inLanguage":"en-US"}]}},"_links":{"self":[{"href":"https:\/\/www.stonecity.cz\/en\/wp-json\/wp\/v2\/product\/16794","targetHints":{"allow":["GET"]}}],"collection":[{"href":"https:\/\/www.stonecity.cz\/en\/wp-json\/wp\/v2\/product"}],"about":[{"href":"https:\/\/www.stonecity.cz\/en\/wp-json\/wp\/v2\/types\/product"}],"wp:featuredmedia":[{"embeddable":true,"href":"https:\/\/www.stonecity.cz\/en\/wp-json\/wp\/v2\/media\/12339"}],"wp:attachment":[{"href":"https:\/\/www.stonecity.cz\/en\/wp-json\/wp\/v2\/media?parent=16794"}],"wp:term":[{"taxonomy":"product_cat","embeddable":true,"href":"https:\/\/www.stonecity.cz\/en\/wp-json\/wp\/v2\/product_cat?post=16794"},{"taxonomy":"product_tag","embeddable":true,"href":"https:\/\/www.stonecity.cz\/en\/wp-json\/wp\/v2\/product_tag?post=16794"}],"curies":[{"name":"wp","href":"https:\/\/api.w.org\/{rel}","templated":true}]}}