{"id":16801,"date":"2020-05-21T14:35:13","date_gmt":"2020-05-21T12:35:13","guid":{"rendered":"https:\/\/www.stonecity.cz\/produkt\/athena-qua-06\/"},"modified":"2020-05-21T14:35:13","modified_gmt":"2020-05-21T12:35:13","slug":"athena-qua-06","status":"publish","type":"product","link":"https:\/\/www.stonecity.cz\/en\/produkt\/athena-qua-06\/","title":{"rendered":"Athena QUA-06"},"content":{"rendered":"<p>Athena slate is a natural stone quarried in Greek quarries in the foothills of Paggaio-Kavala.<br \/>\nAthena is a stone tile with irregular shapes, natural surface, high frost resistance, high hardness and high resistance to weathering and weathering.<br \/>\nAthena slate has an irregular shape of individual stones, the upper and lower side with rough surface and a stone thickness of 1-3 cm<\/p>\n<p>It is thanks to the handmade work that the final product is original and different from ordinary cut tiles. It gives the stone a unique natural beauty and room for creative laying solutions.<br \/>\nYou can be sure that no one will have the same tiles as yours!<\/p>\n<p>Dimensions: thickness 1-3 cm<br \/>\nPacking: 10 m2 including joint\/450 kg<\/p>\n<p>Use: Outdoor paving, around swimming pools, corridors, terraces, pavements, squares, indoor paving, fireplace cladding, facade cladding, garden<\/p>\n<p>Easy installation and minimal maintenance.<\/p>\n","protected":false},"excerpt":{"rendered":"<p>Athena slate is a natural stone quarried in Greek quarries in the foothills of Paggaio-Kavala. Athena is a stone tile with irregular shapes, natural surface, high frost resistance, high hardness and high resistance to weathering and weathering. Athena slate has an irregular shape of individual stones, the upper and lower side with rough surface and [&#8230;]\n","protected":false},"featured_media":13769,"template":"","meta":[],"product_cat":[2040,2032,2038,1916,1922,1940],"product_tag":[1741,1744,1752,1751],"class_list":{"0":"post-16801","1":"product","2":"type-product","3":"status-publish","4":"has-post-thumbnail","6":"product_cat-stone-veneer","7":"product_cat-natural-stone-en","8":"product_cat-quarzit-en","9":"product_cat-pavements","10":"product_cat-natural-stone","11":"product_cat-quarzit","12":"product_tag-facade-cladding","13":"product_tag-suitable-for-outdoors","14":"product_tag-suitable-for-the-garden-en","15":"product_tag-suitable-for-the-terrace","16":"pa_baleni-pallet-10m2-450-kg-7-10-pcs-m2","17":"pa_mj-m2-1-m2-en","18":"pa_poznamka-sale-only-by-pallets-of-10m2","19":"pa_poznamka-the-price-is-given-for-a-common-joint-1-5-cm","20":"pa_rozmer-a-b-irregular-shape","22":"first","23":"instock","24":"taxable","25":"shipping-taxable","26":"purchasable","27":"product-type-simple"},"yoast_head":"<!-- This site is optimized with the Yoast SEO plugin v26.8 - https:\/\/yoast.com\/product\/yoast-seo-wordpress\/ -->\n<title>Athena QUA-06 - Stonecity.cz<\/title>\n<meta name=\"robots\" content=\"index, follow, max-snippet:-1, max-image-preview:large, max-video-preview:-1\" \/>\n<link rel=\"canonical\" href=\"https:\/\/www.stonecity.cz\/en\/produkt\/athena-qua-06\/\" \/>\n<meta property=\"og:locale\" content=\"en_US\" \/>\n<meta property=\"og:type\" content=\"article\" \/>\n<meta property=\"og:title\" content=\"Athena QUA-06 - Stonecity.cz\" \/>\n<meta property=\"og:description\" content=\"Athena slate is a natural stone quarried in Greek quarries in the foothills of Paggaio-Kavala. Athena is a stone tile with irregular shapes, natural surface, high frost resistance, high hardness and high resistance to weathering and weathering. Athena slate has an irregular shape of individual stones, the upper and lower side with rough surface and [...]\" \/>\n<meta property=\"og:url\" content=\"https:\/\/www.stonecity.cz\/en\/produkt\/athena-qua-06\/\" \/>\n<meta property=\"og:site_name\" content=\"Stonecity.cz\" \/>\n<meta property=\"og:image\" content=\"https:\/\/www.stonecity.cz\/wp-content\/uploads\/2020\/05\/Kamenny-obklad-QUA-06.jpg\" \/>\n\t<meta property=\"og:image:width\" content=\"1280\" \/>\n\t<meta property=\"og:image:height\" content=\"960\" \/>\n\t<meta property=\"og:image:type\" content=\"image\/jpeg\" \/>\n<meta name=\"twitter:card\" content=\"summary_large_image\" \/>\n<meta name=\"twitter:label1\" content=\"Est. reading time\" \/>\n\t<meta name=\"twitter:data1\" content=\"1 minute\" \/>\n<script type=\"application\/ld+json\" class=\"yoast-schema-graph\">{\"@context\":\"https:\/\/schema.org\",\"@graph\":[{\"@type\":\"WebPage\",\"@id\":\"https:\/\/www.stonecity.cz\/en\/produkt\/athena-qua-06\/\",\"url\":\"https:\/\/www.stonecity.cz\/en\/produkt\/athena-qua-06\/\",\"name\":\"Athena QUA-06 - Stonecity.cz\",\"isPartOf\":{\"@id\":\"https:\/\/www.stonecity.cz\/en\/#website\"},\"primaryImageOfPage\":{\"@id\":\"https:\/\/www.stonecity.cz\/en\/produkt\/athena-qua-06\/#primaryimage\"},\"image\":{\"@id\":\"https:\/\/www.stonecity.cz\/en\/produkt\/athena-qua-06\/#primaryimage\"},\"thumbnailUrl\":\"https:\/\/www.stonecity.cz\/wp-content\/uploads\/2020\/05\/Kamenny-obklad-QUA-06.jpg\",\"datePublished\":\"2020-05-21T12:35:13+00:00\",\"breadcrumb\":{\"@id\":\"https:\/\/www.stonecity.cz\/en\/produkt\/athena-qua-06\/#breadcrumb\"},\"inLanguage\":\"en-US\",\"potentialAction\":[{\"@type\":\"ReadAction\",\"target\":[\"https:\/\/www.stonecity.cz\/en\/produkt\/athena-qua-06\/\"]}]},{\"@type\":\"ImageObject\",\"inLanguage\":\"en-US\",\"@id\":\"https:\/\/www.stonecity.cz\/en\/produkt\/athena-qua-06\/#primaryimage\",\"url\":\"https:\/\/www.stonecity.cz\/wp-content\/uploads\/2020\/05\/Kamenny-obklad-QUA-06.jpg\",\"contentUrl\":\"https:\/\/www.stonecity.cz\/wp-content\/uploads\/2020\/05\/Kamenny-obklad-QUA-06.jpg\",\"width\":1280,\"height\":960},{\"@type\":\"BreadcrumbList\",\"@id\":\"https:\/\/www.stonecity.cz\/en\/produkt\/athena-qua-06\/#breadcrumb\",\"itemListElement\":[{\"@type\":\"ListItem\",\"position\":1,\"name\":\"Dom\u016f\",\"item\":\"https:\/\/www.stonecity.cz\/en\/\"},{\"@type\":\"ListItem\",\"position\":2,\"name\":\"Shop\",\"item\":\"https:\/\/www.stonecity.cz\/en\/shop\/\"},{\"@type\":\"ListItem\",\"position\":3,\"name\":\"Athena QUA-06\"}]},{\"@type\":\"WebSite\",\"@id\":\"https:\/\/www.stonecity.cz\/en\/#website\",\"url\":\"https:\/\/www.stonecity.cz\/en\/\",\"name\":\"Stonecity.cz\",\"description\":\"Dla\u017eba, obklady, um\u011bl\u00fd i p\u0159\u00edrodn\u00ed k\u00e1men\",\"potentialAction\":[{\"@type\":\"SearchAction\",\"target\":{\"@type\":\"EntryPoint\",\"urlTemplate\":\"https:\/\/www.stonecity.cz\/en\/?s={search_term_string}\"},\"query-input\":{\"@type\":\"PropertyValueSpecification\",\"valueRequired\":true,\"valueName\":\"search_term_string\"}}],\"inLanguage\":\"en-US\"}]}<\/script>\n<!-- \/ Yoast SEO plugin. -->","yoast_head_json":{"title":"Athena QUA-06 - Stonecity.cz","robots":{"index":"index","follow":"follow","max-snippet":"max-snippet:-1","max-image-preview":"max-image-preview:large","max-video-preview":"max-video-preview:-1"},"canonical":"https:\/\/www.stonecity.cz\/en\/produkt\/athena-qua-06\/","og_locale":"en_US","og_type":"article","og_title":"Athena QUA-06 - Stonecity.cz","og_description":"Athena slate is a natural stone quarried in Greek quarries in the foothills of Paggaio-Kavala. Athena is a stone tile with irregular shapes, natural surface, high frost resistance, high hardness and high resistance to weathering and weathering. Athena slate has an irregular shape of individual stones, the upper and lower side with rough surface and [...]","og_url":"https:\/\/www.stonecity.cz\/en\/produkt\/athena-qua-06\/","og_site_name":"Stonecity.cz","og_image":[{"width":1280,"height":960,"url":"https:\/\/www.stonecity.cz\/wp-content\/uploads\/2020\/05\/Kamenny-obklad-QUA-06.jpg","type":"image\/jpeg"}],"twitter_card":"summary_large_image","twitter_misc":{"Est. reading time":"1 minute"},"schema":{"@context":"https:\/\/schema.org","@graph":[{"@type":"WebPage","@id":"https:\/\/www.stonecity.cz\/en\/produkt\/athena-qua-06\/","url":"https:\/\/www.stonecity.cz\/en\/produkt\/athena-qua-06\/","name":"Athena QUA-06 - Stonecity.cz","isPartOf":{"@id":"https:\/\/www.stonecity.cz\/en\/#website"},"primaryImageOfPage":{"@id":"https:\/\/www.stonecity.cz\/en\/produkt\/athena-qua-06\/#primaryimage"},"image":{"@id":"https:\/\/www.stonecity.cz\/en\/produkt\/athena-qua-06\/#primaryimage"},"thumbnailUrl":"https:\/\/www.stonecity.cz\/wp-content\/uploads\/2020\/05\/Kamenny-obklad-QUA-06.jpg","datePublished":"2020-05-21T12:35:13+00:00","breadcrumb":{"@id":"https:\/\/www.stonecity.cz\/en\/produkt\/athena-qua-06\/#breadcrumb"},"inLanguage":"en-US","potentialAction":[{"@type":"ReadAction","target":["https:\/\/www.stonecity.cz\/en\/produkt\/athena-qua-06\/"]}]},{"@type":"ImageObject","inLanguage":"en-US","@id":"https:\/\/www.stonecity.cz\/en\/produkt\/athena-qua-06\/#primaryimage","url":"https:\/\/www.stonecity.cz\/wp-content\/uploads\/2020\/05\/Kamenny-obklad-QUA-06.jpg","contentUrl":"https:\/\/www.stonecity.cz\/wp-content\/uploads\/2020\/05\/Kamenny-obklad-QUA-06.jpg","width":1280,"height":960},{"@type":"BreadcrumbList","@id":"https:\/\/www.stonecity.cz\/en\/produkt\/athena-qua-06\/#breadcrumb","itemListElement":[{"@type":"ListItem","position":1,"name":"Dom\u016f","item":"https:\/\/www.stonecity.cz\/en\/"},{"@type":"ListItem","position":2,"name":"Shop","item":"https:\/\/www.stonecity.cz\/en\/shop\/"},{"@type":"ListItem","position":3,"name":"Athena QUA-06"}]},{"@type":"WebSite","@id":"https:\/\/www.stonecity.cz\/en\/#website","url":"https:\/\/www.stonecity.cz\/en\/","name":"Stonecity.cz","description":"Dla\u017eba, obklady, um\u011bl\u00fd i p\u0159\u00edrodn\u00ed k\u00e1men","potentialAction":[{"@type":"SearchAction","target":{"@type":"EntryPoint","urlTemplate":"https:\/\/www.stonecity.cz\/en\/?s={search_term_string}"},"query-input":{"@type":"PropertyValueSpecification","valueRequired":true,"valueName":"search_term_string"}}],"inLanguage":"en-US"}]}},"_links":{"self":[{"href":"https:\/\/www.stonecity.cz\/en\/wp-json\/wp\/v2\/product\/16801","targetHints":{"allow":["GET"]}}],"collection":[{"href":"https:\/\/www.stonecity.cz\/en\/wp-json\/wp\/v2\/product"}],"about":[{"href":"https:\/\/www.stonecity.cz\/en\/wp-json\/wp\/v2\/types\/product"}],"wp:featuredmedia":[{"embeddable":true,"href":"https:\/\/www.stonecity.cz\/en\/wp-json\/wp\/v2\/media\/13769"}],"wp:attachment":[{"href":"https:\/\/www.stonecity.cz\/en\/wp-json\/wp\/v2\/media?parent=16801"}],"wp:term":[{"taxonomy":"product_cat","embeddable":true,"href":"https:\/\/www.stonecity.cz\/en\/wp-json\/wp\/v2\/product_cat?post=16801"},{"taxonomy":"product_tag","embeddable":true,"href":"https:\/\/www.stonecity.cz\/en\/wp-json\/wp\/v2\/product_tag?post=16801"}],"curies":[{"name":"wp","href":"https:\/\/api.w.org\/{rel}","templated":true}]}}