{"id":16812,"date":"2020-05-21T14:36:08","date_gmt":"2020-05-21T12:36:08","guid":{"rendered":"https:\/\/www.stonecity.cz\/produkt\/arena-holz-marrone\/"},"modified":"2020-05-21T14:36:08","modified_gmt":"2020-05-21T12:36:08","slug":"arena-holz-marrone","status":"publish","type":"product","link":"https:\/\/www.stonecity.cz\/en\/produkt\/arena-holz-marrone\/","title":{"rendered":"Arena Holz Marrone"},"content":{"rendered":"<p>Ceramic tiles guarantee high quality and elegance with timeless design.<br \/>\nThey are scratch resistant, easy to maintain, long lasting, do not change their appearance over the years and are available in a variety of variations.<\/p>\n<p>Why choose ceramic tiles?<br \/>\n&#8211; timeless design<br \/>\n&#8211; long service life<br \/>\n&#8211; does not change its appearance over the years<br \/>\n&#8211; low maintenance costs<br \/>\n&#8211; large selection of surfaces and colours<br \/>\n&#8211; hardiness<br \/>\n&#8211; resistance to temperature changes<br \/>\n&#8211; resistance to chemicals and salt<br \/>\n&#8211; easy maintenance<br \/>\n&#8211; easy and quick installation<\/p>\n<p><strong>All ceramic tiles can be ordered with pool edging in the same decor and colour.<\/strong><\/p>\n<p>&nbsp;<\/p>\n","protected":false},"excerpt":{"rendered":"<p>Ceramic tiles guarantee high quality and elegance with timeless design. They are scratch resistant, easy to maintain, long lasting, do not change their appearance over the years and are available in a variety of variations. Why choose ceramic tiles? &#8211; timeless design &#8211; long service life &#8211; does not change its appearance over the years [&#8230;]\n","protected":false},"featured_media":12369,"template":"","meta":[],"product_cat":[1916,1938,1929],"product_tag":[1744,1752,1751],"class_list":{"0":"post-16812","1":"product","2":"type-product","3":"status-publish","4":"has-post-thumbnail","6":"product_cat-pavements","7":"product_cat-outdoor-ceramic-tiles","8":"product_cat-arena-holz-en","9":"product_tag-suitable-for-outdoors","10":"product_tag-suitable-for-the-garden-en","11":"product_tag-suitable-for-the-terrace","12":"pa_baleni-2-pieces-in-a-pack-pallet-2304-m2-1050-kg","13":"pa_tloustka-2-cm-en","15":"first","16":"instock","17":"purchasable","18":"product-type-variable","19":"has-default-attributes"},"yoast_head":"<!-- This site is optimized with the Yoast SEO plugin v26.8 - https:\/\/yoast.com\/product\/yoast-seo-wordpress\/ -->\n<title>Arena Holz Marrone - Stonecity.cz<\/title>\n<meta name=\"robots\" content=\"index, follow, max-snippet:-1, max-image-preview:large, max-video-preview:-1\" \/>\n<link rel=\"canonical\" href=\"https:\/\/www.stonecity.cz\/en\/produkt\/arena-holz-marrone\/\" \/>\n<meta property=\"og:locale\" content=\"en_US\" \/>\n<meta property=\"og:type\" content=\"article\" \/>\n<meta property=\"og:title\" content=\"Arena Holz Marrone - Stonecity.cz\" \/>\n<meta property=\"og:description\" content=\"Ceramic tiles guarantee high quality and elegance with timeless design. They are scratch resistant, easy to maintain, long lasting, do not change their appearance over the years and are available in a variety of variations. Why choose ceramic tiles? &#8211; timeless design &#8211; long service life &#8211; does not change its appearance over the years [...]\" \/>\n<meta property=\"og:url\" content=\"https:\/\/www.stonecity.cz\/en\/produkt\/arena-holz-marrone\/\" \/>\n<meta property=\"og:site_name\" content=\"Stonecity.cz\" \/>\n<meta property=\"og:image\" content=\"https:\/\/www.stonecity.cz\/wp-content\/uploads\/2020\/05\/icon.jpeg\" \/>\n\t<meta property=\"og:image:width\" content=\"1641\" \/>\n\t<meta property=\"og:image:height\" content=\"824\" \/>\n\t<meta property=\"og:image:type\" content=\"image\/jpeg\" \/>\n<meta name=\"twitter:card\" content=\"summary_large_image\" \/>\n<meta name=\"twitter:label1\" content=\"Est. reading time\" \/>\n\t<meta name=\"twitter:data1\" content=\"1 minute\" \/>\n<script type=\"application\/ld+json\" class=\"yoast-schema-graph\">{\"@context\":\"https:\/\/schema.org\",\"@graph\":[{\"@type\":\"WebPage\",\"@id\":\"https:\/\/www.stonecity.cz\/en\/produkt\/arena-holz-marrone\/\",\"url\":\"https:\/\/www.stonecity.cz\/en\/produkt\/arena-holz-marrone\/\",\"name\":\"Arena Holz Marrone - Stonecity.cz\",\"isPartOf\":{\"@id\":\"https:\/\/www.stonecity.cz\/en\/#website\"},\"primaryImageOfPage\":{\"@id\":\"https:\/\/www.stonecity.cz\/en\/produkt\/arena-holz-marrone\/#primaryimage\"},\"image\":{\"@id\":\"https:\/\/www.stonecity.cz\/en\/produkt\/arena-holz-marrone\/#primaryimage\"},\"thumbnailUrl\":\"https:\/\/www.stonecity.cz\/wp-content\/uploads\/2020\/05\/icon.jpeg\",\"datePublished\":\"2020-05-21T12:36:08+00:00\",\"breadcrumb\":{\"@id\":\"https:\/\/www.stonecity.cz\/en\/produkt\/arena-holz-marrone\/#breadcrumb\"},\"inLanguage\":\"en-US\",\"potentialAction\":[{\"@type\":\"ReadAction\",\"target\":[\"https:\/\/www.stonecity.cz\/en\/produkt\/arena-holz-marrone\/\"]}]},{\"@type\":\"ImageObject\",\"inLanguage\":\"en-US\",\"@id\":\"https:\/\/www.stonecity.cz\/en\/produkt\/arena-holz-marrone\/#primaryimage\",\"url\":\"https:\/\/www.stonecity.cz\/wp-content\/uploads\/2020\/05\/icon.jpeg\",\"contentUrl\":\"https:\/\/www.stonecity.cz\/wp-content\/uploads\/2020\/05\/icon.jpeg\",\"width\":1641,\"height\":824,\"caption\":\"ceramic tiles\"},{\"@type\":\"BreadcrumbList\",\"@id\":\"https:\/\/www.stonecity.cz\/en\/produkt\/arena-holz-marrone\/#breadcrumb\",\"itemListElement\":[{\"@type\":\"ListItem\",\"position\":1,\"name\":\"Dom\u016f\",\"item\":\"https:\/\/www.stonecity.cz\/en\/\"},{\"@type\":\"ListItem\",\"position\":2,\"name\":\"Shop\",\"item\":\"https:\/\/www.stonecity.cz\/en\/shop\/\"},{\"@type\":\"ListItem\",\"position\":3,\"name\":\"Arena Holz Marrone\"}]},{\"@type\":\"WebSite\",\"@id\":\"https:\/\/www.stonecity.cz\/en\/#website\",\"url\":\"https:\/\/www.stonecity.cz\/en\/\",\"name\":\"Stonecity.cz\",\"description\":\"Dla\u017eba, obklady, um\u011bl\u00fd i p\u0159\u00edrodn\u00ed k\u00e1men\",\"potentialAction\":[{\"@type\":\"SearchAction\",\"target\":{\"@type\":\"EntryPoint\",\"urlTemplate\":\"https:\/\/www.stonecity.cz\/en\/?s={search_term_string}\"},\"query-input\":{\"@type\":\"PropertyValueSpecification\",\"valueRequired\":true,\"valueName\":\"search_term_string\"}}],\"inLanguage\":\"en-US\"}]}<\/script>\n<!-- \/ Yoast SEO plugin. -->","yoast_head_json":{"title":"Arena Holz Marrone - Stonecity.cz","robots":{"index":"index","follow":"follow","max-snippet":"max-snippet:-1","max-image-preview":"max-image-preview:large","max-video-preview":"max-video-preview:-1"},"canonical":"https:\/\/www.stonecity.cz\/en\/produkt\/arena-holz-marrone\/","og_locale":"en_US","og_type":"article","og_title":"Arena Holz Marrone - Stonecity.cz","og_description":"Ceramic tiles guarantee high quality and elegance with timeless design. They are scratch resistant, easy to maintain, long lasting, do not change their appearance over the years and are available in a variety of variations. Why choose ceramic tiles? &#8211; timeless design &#8211; long service life &#8211; does not change its appearance over the years [...]","og_url":"https:\/\/www.stonecity.cz\/en\/produkt\/arena-holz-marrone\/","og_site_name":"Stonecity.cz","og_image":[{"width":1641,"height":824,"url":"https:\/\/www.stonecity.cz\/wp-content\/uploads\/2020\/05\/icon.jpeg","type":"image\/jpeg"}],"twitter_card":"summary_large_image","twitter_misc":{"Est. reading time":"1 minute"},"schema":{"@context":"https:\/\/schema.org","@graph":[{"@type":"WebPage","@id":"https:\/\/www.stonecity.cz\/en\/produkt\/arena-holz-marrone\/","url":"https:\/\/www.stonecity.cz\/en\/produkt\/arena-holz-marrone\/","name":"Arena Holz Marrone - Stonecity.cz","isPartOf":{"@id":"https:\/\/www.stonecity.cz\/en\/#website"},"primaryImageOfPage":{"@id":"https:\/\/www.stonecity.cz\/en\/produkt\/arena-holz-marrone\/#primaryimage"},"image":{"@id":"https:\/\/www.stonecity.cz\/en\/produkt\/arena-holz-marrone\/#primaryimage"},"thumbnailUrl":"https:\/\/www.stonecity.cz\/wp-content\/uploads\/2020\/05\/icon.jpeg","datePublished":"2020-05-21T12:36:08+00:00","breadcrumb":{"@id":"https:\/\/www.stonecity.cz\/en\/produkt\/arena-holz-marrone\/#breadcrumb"},"inLanguage":"en-US","potentialAction":[{"@type":"ReadAction","target":["https:\/\/www.stonecity.cz\/en\/produkt\/arena-holz-marrone\/"]}]},{"@type":"ImageObject","inLanguage":"en-US","@id":"https:\/\/www.stonecity.cz\/en\/produkt\/arena-holz-marrone\/#primaryimage","url":"https:\/\/www.stonecity.cz\/wp-content\/uploads\/2020\/05\/icon.jpeg","contentUrl":"https:\/\/www.stonecity.cz\/wp-content\/uploads\/2020\/05\/icon.jpeg","width":1641,"height":824,"caption":"ceramic tiles"},{"@type":"BreadcrumbList","@id":"https:\/\/www.stonecity.cz\/en\/produkt\/arena-holz-marrone\/#breadcrumb","itemListElement":[{"@type":"ListItem","position":1,"name":"Dom\u016f","item":"https:\/\/www.stonecity.cz\/en\/"},{"@type":"ListItem","position":2,"name":"Shop","item":"https:\/\/www.stonecity.cz\/en\/shop\/"},{"@type":"ListItem","position":3,"name":"Arena Holz Marrone"}]},{"@type":"WebSite","@id":"https:\/\/www.stonecity.cz\/en\/#website","url":"https:\/\/www.stonecity.cz\/en\/","name":"Stonecity.cz","description":"Dla\u017eba, obklady, um\u011bl\u00fd i p\u0159\u00edrodn\u00ed k\u00e1men","potentialAction":[{"@type":"SearchAction","target":{"@type":"EntryPoint","urlTemplate":"https:\/\/www.stonecity.cz\/en\/?s={search_term_string}"},"query-input":{"@type":"PropertyValueSpecification","valueRequired":true,"valueName":"search_term_string"}}],"inLanguage":"en-US"}]}},"_links":{"self":[{"href":"https:\/\/www.stonecity.cz\/en\/wp-json\/wp\/v2\/product\/16812","targetHints":{"allow":["GET"]}}],"collection":[{"href":"https:\/\/www.stonecity.cz\/en\/wp-json\/wp\/v2\/product"}],"about":[{"href":"https:\/\/www.stonecity.cz\/en\/wp-json\/wp\/v2\/types\/product"}],"wp:featuredmedia":[{"embeddable":true,"href":"https:\/\/www.stonecity.cz\/en\/wp-json\/wp\/v2\/media\/12369"}],"wp:attachment":[{"href":"https:\/\/www.stonecity.cz\/en\/wp-json\/wp\/v2\/media?parent=16812"}],"wp:term":[{"taxonomy":"product_cat","embeddable":true,"href":"https:\/\/www.stonecity.cz\/en\/wp-json\/wp\/v2\/product_cat?post=16812"},{"taxonomy":"product_tag","embeddable":true,"href":"https:\/\/www.stonecity.cz\/en\/wp-json\/wp\/v2\/product_tag?post=16812"}],"curies":[{"name":"wp","href":"https:\/\/api.w.org\/{rel}","templated":true}]}}