{"id":16818,"date":"2020-05-21T14:35:12","date_gmt":"2020-05-21T12:35:12","guid":{"rendered":"https:\/\/www.stonecity.cz\/produkt\/kavala-paggaio-standart-qua-05\/"},"modified":"2020-05-21T14:35:12","modified_gmt":"2020-05-21T12:35:12","slug":"quartzite-kavala-paggaio-standard-qua-05","status":"publish","type":"product","link":"https:\/\/www.stonecity.cz\/en\/produkt\/quartzite-kavala-paggaio-standard-qua-05\/","title":{"rendered":"Kavala Paggaio Standart QUA-05"},"content":{"rendered":"<p>Slate is a natural stone quarried in Greek quarries in the foothills of Paggaio-Kavala.<br \/>\nKavala Paggaio slate is a stone paving stone with rectangular shapes, natural surface, high frost resistance, high hardness and high resistance to weathering and weathering.<br \/>\nIt is thanks to the handmade work that the final product is original and different from ordinary cut tiles. It gives the stone a unique natural beauty and room for creative laying solutions.<br \/>\nYou can be sure that no one will have the same tiles as yours!<\/p>\n<p>Chipped edges!<\/p>\n<p>Dimensions: thickness: 2,5-4,5 cm<br \/>\nwidth: 30 cm\/ 40 cm\/ 50 cm (width 60\/70 on request)<br \/>\nlength: free<\/p>\n<p>Tolerance +\/- 2 mm<\/p>\n<p>Packaging: pallet 20 m2\/1550 kg<\/p>\n<p>Use: Outdoor paving, around swimming pools, corridors, terraces, sidewalks, squares, etc.<\/p>\n<p>Easy installation and minimal maintenance.<\/p>\n","protected":false},"excerpt":{"rendered":"<p>Slate is a natural stone quarried in Greek quarries in the foothills of Paggaio-Kavala. Kavala Paggaio slate is a stone paving stone with rectangular shapes, natural surface, high frost resistance, high hardness and high resistance to weathering and weathering. It is thanks to the handmade work that the final product is original and different from [&#8230;]\n","protected":false},"featured_media":12009,"template":"","meta":[],"product_cat":[1916,1922,1940,1924],"product_tag":[1744,1752,1751],"class_list":{"0":"post-16818","1":"product","2":"type-product","3":"status-publish","4":"has-post-thumbnail","6":"product_cat-pavements","7":"product_cat-natural-stone","8":"product_cat-quarzit","9":"product_cat-slate","10":"product_tag-suitable-for-outdoors","11":"product_tag-suitable-for-the-garden-en","12":"product_tag-suitable-for-the-terrace","13":"pa_baleni-pallet-20m2-1550","14":"pa_delka-b-free-length","15":"pa_mj-kg-77-5-kg-en","16":"pa_mj-m2-1-m2-en","17":"pa_sirka-a-30-cm-en","18":"pa_sirka-a-40-cm-en","19":"pa_sirka-a-50-cm-en","20":"pa_tloustka-h-25-45-cm-en","22":"first","23":"onbackorder","24":"purchasable","25":"product-type-variable"},"yoast_head":"<!-- This site is optimized with the Yoast SEO plugin v26.8 - https:\/\/yoast.com\/product\/yoast-seo-wordpress\/ -->\n<title>Kavala Paggaio Standart QUA-05 - Stonecity.cz<\/title>\n<meta name=\"robots\" content=\"index, follow, max-snippet:-1, max-image-preview:large, max-video-preview:-1\" \/>\n<link rel=\"canonical\" href=\"https:\/\/www.stonecity.cz\/en\/produkt\/quartzite-kavala-paggaio-standard-qua-05\/\" \/>\n<meta property=\"og:locale\" content=\"en_US\" \/>\n<meta property=\"og:type\" content=\"article\" \/>\n<meta property=\"og:title\" content=\"Kavala Paggaio Standart QUA-05 - Stonecity.cz\" \/>\n<meta property=\"og:description\" content=\"Slate is a natural stone quarried in Greek quarries in the foothills of Paggaio-Kavala. Kavala Paggaio slate is a stone paving stone with rectangular shapes, natural surface, high frost resistance, high hardness and high resistance to weathering and weathering. It is thanks to the handmade work that the final product is original and different from [...]\" \/>\n<meta property=\"og:url\" content=\"https:\/\/www.stonecity.cz\/en\/produkt\/quartzite-kavala-paggaio-standard-qua-05\/\" \/>\n<meta property=\"og:site_name\" content=\"Stonecity.cz\" \/>\n<meta property=\"og:image\" content=\"https:\/\/www.stonecity.cz\/wp-content\/uploads\/2020\/05\/QUA-05.jpg\" \/>\n\t<meta property=\"og:image:width\" content=\"671\" \/>\n\t<meta property=\"og:image:height\" content=\"462\" \/>\n\t<meta property=\"og:image:type\" content=\"image\/jpeg\" \/>\n<meta name=\"twitter:card\" content=\"summary_large_image\" \/>\n<meta name=\"twitter:label1\" content=\"Est. reading time\" \/>\n\t<meta name=\"twitter:data1\" content=\"1 minute\" \/>\n<script type=\"application\/ld+json\" class=\"yoast-schema-graph\">{\"@context\":\"https:\/\/schema.org\",\"@graph\":[{\"@type\":\"WebPage\",\"@id\":\"https:\/\/www.stonecity.cz\/en\/produkt\/quartzite-kavala-paggaio-standard-qua-05\/\",\"url\":\"https:\/\/www.stonecity.cz\/en\/produkt\/quartzite-kavala-paggaio-standard-qua-05\/\",\"name\":\"Kavala Paggaio Standart QUA-05 - Stonecity.cz\",\"isPartOf\":{\"@id\":\"https:\/\/www.stonecity.cz\/en\/#website\"},\"primaryImageOfPage\":{\"@id\":\"https:\/\/www.stonecity.cz\/en\/produkt\/quartzite-kavala-paggaio-standard-qua-05\/#primaryimage\"},\"image\":{\"@id\":\"https:\/\/www.stonecity.cz\/en\/produkt\/quartzite-kavala-paggaio-standard-qua-05\/#primaryimage\"},\"thumbnailUrl\":\"https:\/\/www.stonecity.cz\/wp-content\/uploads\/2020\/05\/QUA-05.jpg\",\"datePublished\":\"2020-05-21T12:35:12+00:00\",\"breadcrumb\":{\"@id\":\"https:\/\/www.stonecity.cz\/en\/produkt\/quartzite-kavala-paggaio-standard-qua-05\/#breadcrumb\"},\"inLanguage\":\"en-US\",\"potentialAction\":[{\"@type\":\"ReadAction\",\"target\":[\"https:\/\/www.stonecity.cz\/en\/produkt\/quartzite-kavala-paggaio-standard-qua-05\/\"]}]},{\"@type\":\"ImageObject\",\"inLanguage\":\"en-US\",\"@id\":\"https:\/\/www.stonecity.cz\/en\/produkt\/quartzite-kavala-paggaio-standard-qua-05\/#primaryimage\",\"url\":\"https:\/\/www.stonecity.cz\/wp-content\/uploads\/2020\/05\/QUA-05.jpg\",\"contentUrl\":\"https:\/\/www.stonecity.cz\/wp-content\/uploads\/2020\/05\/QUA-05.jpg\",\"width\":671,\"height\":462,\"caption\":\"Stone paving\"},{\"@type\":\"BreadcrumbList\",\"@id\":\"https:\/\/www.stonecity.cz\/en\/produkt\/quartzite-kavala-paggaio-standard-qua-05\/#breadcrumb\",\"itemListElement\":[{\"@type\":\"ListItem\",\"position\":1,\"name\":\"Dom\u016f\",\"item\":\"https:\/\/www.stonecity.cz\/en\/\"},{\"@type\":\"ListItem\",\"position\":2,\"name\":\"Shop\",\"item\":\"https:\/\/www.stonecity.cz\/en\/shop\/\"},{\"@type\":\"ListItem\",\"position\":3,\"name\":\"Kavala Paggaio Standart QUA-05\"}]},{\"@type\":\"WebSite\",\"@id\":\"https:\/\/www.stonecity.cz\/en\/#website\",\"url\":\"https:\/\/www.stonecity.cz\/en\/\",\"name\":\"Stonecity.cz\",\"description\":\"Dla\u017eba, obklady, um\u011bl\u00fd i p\u0159\u00edrodn\u00ed k\u00e1men\",\"potentialAction\":[{\"@type\":\"SearchAction\",\"target\":{\"@type\":\"EntryPoint\",\"urlTemplate\":\"https:\/\/www.stonecity.cz\/en\/?s={search_term_string}\"},\"query-input\":{\"@type\":\"PropertyValueSpecification\",\"valueRequired\":true,\"valueName\":\"search_term_string\"}}],\"inLanguage\":\"en-US\"}]}<\/script>\n<!-- \/ Yoast SEO plugin. -->","yoast_head_json":{"title":"Kavala Paggaio Standart QUA-05 - Stonecity.cz","robots":{"index":"index","follow":"follow","max-snippet":"max-snippet:-1","max-image-preview":"max-image-preview:large","max-video-preview":"max-video-preview:-1"},"canonical":"https:\/\/www.stonecity.cz\/en\/produkt\/quartzite-kavala-paggaio-standard-qua-05\/","og_locale":"en_US","og_type":"article","og_title":"Kavala Paggaio Standart QUA-05 - Stonecity.cz","og_description":"Slate is a natural stone quarried in Greek quarries in the foothills of Paggaio-Kavala. Kavala Paggaio slate is a stone paving stone with rectangular shapes, natural surface, high frost resistance, high hardness and high resistance to weathering and weathering. It is thanks to the handmade work that the final product is original and different from [...]","og_url":"https:\/\/www.stonecity.cz\/en\/produkt\/quartzite-kavala-paggaio-standard-qua-05\/","og_site_name":"Stonecity.cz","og_image":[{"width":671,"height":462,"url":"https:\/\/www.stonecity.cz\/wp-content\/uploads\/2020\/05\/QUA-05.jpg","type":"image\/jpeg"}],"twitter_card":"summary_large_image","twitter_misc":{"Est. reading time":"1 minute"},"schema":{"@context":"https:\/\/schema.org","@graph":[{"@type":"WebPage","@id":"https:\/\/www.stonecity.cz\/en\/produkt\/quartzite-kavala-paggaio-standard-qua-05\/","url":"https:\/\/www.stonecity.cz\/en\/produkt\/quartzite-kavala-paggaio-standard-qua-05\/","name":"Kavala Paggaio Standart QUA-05 - Stonecity.cz","isPartOf":{"@id":"https:\/\/www.stonecity.cz\/en\/#website"},"primaryImageOfPage":{"@id":"https:\/\/www.stonecity.cz\/en\/produkt\/quartzite-kavala-paggaio-standard-qua-05\/#primaryimage"},"image":{"@id":"https:\/\/www.stonecity.cz\/en\/produkt\/quartzite-kavala-paggaio-standard-qua-05\/#primaryimage"},"thumbnailUrl":"https:\/\/www.stonecity.cz\/wp-content\/uploads\/2020\/05\/QUA-05.jpg","datePublished":"2020-05-21T12:35:12+00:00","breadcrumb":{"@id":"https:\/\/www.stonecity.cz\/en\/produkt\/quartzite-kavala-paggaio-standard-qua-05\/#breadcrumb"},"inLanguage":"en-US","potentialAction":[{"@type":"ReadAction","target":["https:\/\/www.stonecity.cz\/en\/produkt\/quartzite-kavala-paggaio-standard-qua-05\/"]}]},{"@type":"ImageObject","inLanguage":"en-US","@id":"https:\/\/www.stonecity.cz\/en\/produkt\/quartzite-kavala-paggaio-standard-qua-05\/#primaryimage","url":"https:\/\/www.stonecity.cz\/wp-content\/uploads\/2020\/05\/QUA-05.jpg","contentUrl":"https:\/\/www.stonecity.cz\/wp-content\/uploads\/2020\/05\/QUA-05.jpg","width":671,"height":462,"caption":"Stone paving"},{"@type":"BreadcrumbList","@id":"https:\/\/www.stonecity.cz\/en\/produkt\/quartzite-kavala-paggaio-standard-qua-05\/#breadcrumb","itemListElement":[{"@type":"ListItem","position":1,"name":"Dom\u016f","item":"https:\/\/www.stonecity.cz\/en\/"},{"@type":"ListItem","position":2,"name":"Shop","item":"https:\/\/www.stonecity.cz\/en\/shop\/"},{"@type":"ListItem","position":3,"name":"Kavala Paggaio Standart QUA-05"}]},{"@type":"WebSite","@id":"https:\/\/www.stonecity.cz\/en\/#website","url":"https:\/\/www.stonecity.cz\/en\/","name":"Stonecity.cz","description":"Dla\u017eba, obklady, um\u011bl\u00fd i p\u0159\u00edrodn\u00ed k\u00e1men","potentialAction":[{"@type":"SearchAction","target":{"@type":"EntryPoint","urlTemplate":"https:\/\/www.stonecity.cz\/en\/?s={search_term_string}"},"query-input":{"@type":"PropertyValueSpecification","valueRequired":true,"valueName":"search_term_string"}}],"inLanguage":"en-US"}]}},"_links":{"self":[{"href":"https:\/\/www.stonecity.cz\/en\/wp-json\/wp\/v2\/product\/16818","targetHints":{"allow":["GET"]}}],"collection":[{"href":"https:\/\/www.stonecity.cz\/en\/wp-json\/wp\/v2\/product"}],"about":[{"href":"https:\/\/www.stonecity.cz\/en\/wp-json\/wp\/v2\/types\/product"}],"wp:featuredmedia":[{"embeddable":true,"href":"https:\/\/www.stonecity.cz\/en\/wp-json\/wp\/v2\/media\/12009"}],"wp:attachment":[{"href":"https:\/\/www.stonecity.cz\/en\/wp-json\/wp\/v2\/media?parent=16818"}],"wp:term":[{"taxonomy":"product_cat","embeddable":true,"href":"https:\/\/www.stonecity.cz\/en\/wp-json\/wp\/v2\/product_cat?post=16818"},{"taxonomy":"product_tag","embeddable":true,"href":"https:\/\/www.stonecity.cz\/en\/wp-json\/wp\/v2\/product_tag?post=16818"}],"curies":[{"name":"wp","href":"https:\/\/api.w.org\/{rel}","templated":true}]}}