{"id":16819,"date":"2020-05-21T14:35:41","date_gmt":"2020-05-21T12:35:41","guid":{"rendered":"https:\/\/www.stonecity.cz\/produkt\/stone-bathtub-flumen-bright-kv-01\/"},"modified":"2020-05-21T14:35:41","modified_gmt":"2020-05-21T12:35:41","slug":"stone-bath-flumen-bright-en-1","status":"publish","type":"product","link":"https:\/\/www.stonecity.cz\/en\/produkt\/stone-bath-flumen-bright-en-1\/","title":{"rendered":"Stone bathtub Flumen Bright KV-01"},"content":{"rendered":"<p>A stone bathtub is always made from a single piece of stone &#8211; no glue, paint, cement, etc.<br \/>\nEach piece is a complete original &#8211; photos are illustrative.<br \/>\nIt is also possible to produce a custom-made bathtub, according to your specified dimensions.<br \/>\nThe stone bathtub is handcrafted by experienced stonemasons in Indonesia.<br \/>\nThe outer part remains the same, as the Earth itself created it.<br \/>\nThe interior is perfectly polished.<br \/>\nEach piece is a true original. No two pieces are the same!<br \/>\n<strong>PRICE IS ORIENTAL &#8211; <\/strong>depends on the weight and size of the tub<\/p>\n","protected":false},"excerpt":{"rendered":"<p>A stone bathtub is always made from a single piece of stone &#8211; no glue, paint, cement, etc. Each piece is a complete original &#8211; photos are illustrative. It is also possible to produce a custom-made bathtub, according to your specified dimensions. The stone bathtub is handcrafted by experienced stonemasons in Indonesia. The outer part [&#8230;]\n","protected":false},"featured_media":11997,"template":"","meta":[],"product_cat":[2036],"product_tag":[1745,1744,1746,1751],"class_list":{"0":"post-16819","1":"product","2":"type-product","3":"status-publish","4":"has-post-thumbnail","6":"product_cat-stone-baths","7":"product_tag-suitable-for-indoors","8":"product_tag-suitable-for-outdoors","9":"product_tag-suitable-for-the-bathroom","10":"product_tag-suitable-for-the-terrace","11":"pa_baleni-in-a-wooden-crate","12":"pa_mj-ks-1-piece","13":"pa_poznamka-each-piece-original","15":"first","16":"instock","17":"sale","18":"purchasable","19":"product-type-variable"},"yoast_head":"<!-- This site is optimized with the Yoast SEO plugin v26.8 - https:\/\/yoast.com\/product\/yoast-seo-wordpress\/ -->\n<title>Stone bathtub Flumen Bright KV-01 - Stonecity.cz<\/title>\n<meta name=\"robots\" content=\"index, follow, max-snippet:-1, max-image-preview:large, max-video-preview:-1\" \/>\n<link rel=\"canonical\" href=\"https:\/\/www.stonecity.cz\/en\/produkt\/stone-bath-flumen-bright-en-1\/\" \/>\n<meta property=\"og:locale\" content=\"en_US\" \/>\n<meta property=\"og:type\" content=\"article\" \/>\n<meta property=\"og:title\" content=\"Stone bathtub Flumen Bright KV-01 - Stonecity.cz\" \/>\n<meta property=\"og:description\" content=\"A stone bathtub is always made from a single piece of stone &#8211; no glue, paint, cement, etc. Each piece is a complete original &#8211; photos are illustrative. It is also possible to produce a custom-made bathtub, according to your specified dimensions. The stone bathtub is handcrafted by experienced stonemasons in Indonesia. The outer part [...]\" \/>\n<meta property=\"og:url\" content=\"https:\/\/www.stonecity.cz\/en\/produkt\/stone-bath-flumen-bright-en-1\/\" \/>\n<meta property=\"og:site_name\" content=\"Stonecity.cz\" \/>\n<meta property=\"og:image\" content=\"https:\/\/www.stonecity.cz\/wp-content\/uploads\/2020\/05\/Flumen-5.jpeg\" \/>\n\t<meta property=\"og:image:width\" content=\"800\" \/>\n\t<meta property=\"og:image:height\" content=\"438\" \/>\n\t<meta property=\"og:image:type\" content=\"image\/jpeg\" \/>\n<meta name=\"twitter:card\" content=\"summary_large_image\" \/>\n<script type=\"application\/ld+json\" class=\"yoast-schema-graph\">{\"@context\":\"https:\/\/schema.org\",\"@graph\":[{\"@type\":\"WebPage\",\"@id\":\"https:\/\/www.stonecity.cz\/en\/produkt\/stone-bath-flumen-bright-en-1\/\",\"url\":\"https:\/\/www.stonecity.cz\/en\/produkt\/stone-bath-flumen-bright-en-1\/\",\"name\":\"Stone bathtub Flumen Bright KV-01 - Stonecity.cz\",\"isPartOf\":{\"@id\":\"https:\/\/www.stonecity.cz\/en\/#website\"},\"primaryImageOfPage\":{\"@id\":\"https:\/\/www.stonecity.cz\/en\/produkt\/stone-bath-flumen-bright-en-1\/#primaryimage\"},\"image\":{\"@id\":\"https:\/\/www.stonecity.cz\/en\/produkt\/stone-bath-flumen-bright-en-1\/#primaryimage\"},\"thumbnailUrl\":\"https:\/\/www.stonecity.cz\/wp-content\/uploads\/2020\/05\/Flumen-5.jpeg\",\"datePublished\":\"2020-05-21T12:35:41+00:00\",\"breadcrumb\":{\"@id\":\"https:\/\/www.stonecity.cz\/en\/produkt\/stone-bath-flumen-bright-en-1\/#breadcrumb\"},\"inLanguage\":\"en-US\",\"potentialAction\":[{\"@type\":\"ReadAction\",\"target\":[\"https:\/\/www.stonecity.cz\/en\/produkt\/stone-bath-flumen-bright-en-1\/\"]}]},{\"@type\":\"ImageObject\",\"inLanguage\":\"en-US\",\"@id\":\"https:\/\/www.stonecity.cz\/en\/produkt\/stone-bath-flumen-bright-en-1\/#primaryimage\",\"url\":\"https:\/\/www.stonecity.cz\/wp-content\/uploads\/2020\/05\/Flumen-5.jpeg\",\"contentUrl\":\"https:\/\/www.stonecity.cz\/wp-content\/uploads\/2020\/05\/Flumen-5.jpeg\",\"width\":800,\"height\":438,\"caption\":\"Stone bath\"},{\"@type\":\"BreadcrumbList\",\"@id\":\"https:\/\/www.stonecity.cz\/en\/produkt\/stone-bath-flumen-bright-en-1\/#breadcrumb\",\"itemListElement\":[{\"@type\":\"ListItem\",\"position\":1,\"name\":\"Dom\u016f\",\"item\":\"https:\/\/www.stonecity.cz\/en\/\"},{\"@type\":\"ListItem\",\"position\":2,\"name\":\"Shop\",\"item\":\"https:\/\/www.stonecity.cz\/en\/shop\/\"},{\"@type\":\"ListItem\",\"position\":3,\"name\":\"Stone bathtub Flumen Bright KV-01\"}]},{\"@type\":\"WebSite\",\"@id\":\"https:\/\/www.stonecity.cz\/en\/#website\",\"url\":\"https:\/\/www.stonecity.cz\/en\/\",\"name\":\"Stonecity.cz\",\"description\":\"Dla\u017eba, obklady, um\u011bl\u00fd i p\u0159\u00edrodn\u00ed k\u00e1men\",\"potentialAction\":[{\"@type\":\"SearchAction\",\"target\":{\"@type\":\"EntryPoint\",\"urlTemplate\":\"https:\/\/www.stonecity.cz\/en\/?s={search_term_string}\"},\"query-input\":{\"@type\":\"PropertyValueSpecification\",\"valueRequired\":true,\"valueName\":\"search_term_string\"}}],\"inLanguage\":\"en-US\"}]}<\/script>\n<!-- \/ Yoast SEO plugin. -->","yoast_head_json":{"title":"Stone bathtub Flumen Bright KV-01 - Stonecity.cz","robots":{"index":"index","follow":"follow","max-snippet":"max-snippet:-1","max-image-preview":"max-image-preview:large","max-video-preview":"max-video-preview:-1"},"canonical":"https:\/\/www.stonecity.cz\/en\/produkt\/stone-bath-flumen-bright-en-1\/","og_locale":"en_US","og_type":"article","og_title":"Stone bathtub Flumen Bright KV-01 - Stonecity.cz","og_description":"A stone bathtub is always made from a single piece of stone &#8211; no glue, paint, cement, etc. Each piece is a complete original &#8211; photos are illustrative. It is also possible to produce a custom-made bathtub, according to your specified dimensions. The stone bathtub is handcrafted by experienced stonemasons in Indonesia. The outer part [...]","og_url":"https:\/\/www.stonecity.cz\/en\/produkt\/stone-bath-flumen-bright-en-1\/","og_site_name":"Stonecity.cz","og_image":[{"width":800,"height":438,"url":"https:\/\/www.stonecity.cz\/wp-content\/uploads\/2020\/05\/Flumen-5.jpeg","type":"image\/jpeg"}],"twitter_card":"summary_large_image","schema":{"@context":"https:\/\/schema.org","@graph":[{"@type":"WebPage","@id":"https:\/\/www.stonecity.cz\/en\/produkt\/stone-bath-flumen-bright-en-1\/","url":"https:\/\/www.stonecity.cz\/en\/produkt\/stone-bath-flumen-bright-en-1\/","name":"Stone bathtub Flumen Bright KV-01 - Stonecity.cz","isPartOf":{"@id":"https:\/\/www.stonecity.cz\/en\/#website"},"primaryImageOfPage":{"@id":"https:\/\/www.stonecity.cz\/en\/produkt\/stone-bath-flumen-bright-en-1\/#primaryimage"},"image":{"@id":"https:\/\/www.stonecity.cz\/en\/produkt\/stone-bath-flumen-bright-en-1\/#primaryimage"},"thumbnailUrl":"https:\/\/www.stonecity.cz\/wp-content\/uploads\/2020\/05\/Flumen-5.jpeg","datePublished":"2020-05-21T12:35:41+00:00","breadcrumb":{"@id":"https:\/\/www.stonecity.cz\/en\/produkt\/stone-bath-flumen-bright-en-1\/#breadcrumb"},"inLanguage":"en-US","potentialAction":[{"@type":"ReadAction","target":["https:\/\/www.stonecity.cz\/en\/produkt\/stone-bath-flumen-bright-en-1\/"]}]},{"@type":"ImageObject","inLanguage":"en-US","@id":"https:\/\/www.stonecity.cz\/en\/produkt\/stone-bath-flumen-bright-en-1\/#primaryimage","url":"https:\/\/www.stonecity.cz\/wp-content\/uploads\/2020\/05\/Flumen-5.jpeg","contentUrl":"https:\/\/www.stonecity.cz\/wp-content\/uploads\/2020\/05\/Flumen-5.jpeg","width":800,"height":438,"caption":"Stone bath"},{"@type":"BreadcrumbList","@id":"https:\/\/www.stonecity.cz\/en\/produkt\/stone-bath-flumen-bright-en-1\/#breadcrumb","itemListElement":[{"@type":"ListItem","position":1,"name":"Dom\u016f","item":"https:\/\/www.stonecity.cz\/en\/"},{"@type":"ListItem","position":2,"name":"Shop","item":"https:\/\/www.stonecity.cz\/en\/shop\/"},{"@type":"ListItem","position":3,"name":"Stone bathtub Flumen Bright KV-01"}]},{"@type":"WebSite","@id":"https:\/\/www.stonecity.cz\/en\/#website","url":"https:\/\/www.stonecity.cz\/en\/","name":"Stonecity.cz","description":"Dla\u017eba, obklady, um\u011bl\u00fd i p\u0159\u00edrodn\u00ed k\u00e1men","potentialAction":[{"@type":"SearchAction","target":{"@type":"EntryPoint","urlTemplate":"https:\/\/www.stonecity.cz\/en\/?s={search_term_string}"},"query-input":{"@type":"PropertyValueSpecification","valueRequired":true,"valueName":"search_term_string"}}],"inLanguage":"en-US"}]}},"_links":{"self":[{"href":"https:\/\/www.stonecity.cz\/en\/wp-json\/wp\/v2\/product\/16819","targetHints":{"allow":["GET"]}}],"collection":[{"href":"https:\/\/www.stonecity.cz\/en\/wp-json\/wp\/v2\/product"}],"about":[{"href":"https:\/\/www.stonecity.cz\/en\/wp-json\/wp\/v2\/types\/product"}],"wp:featuredmedia":[{"embeddable":true,"href":"https:\/\/www.stonecity.cz\/en\/wp-json\/wp\/v2\/media\/11997"}],"wp:attachment":[{"href":"https:\/\/www.stonecity.cz\/en\/wp-json\/wp\/v2\/media?parent=16819"}],"wp:term":[{"taxonomy":"product_cat","embeddable":true,"href":"https:\/\/www.stonecity.cz\/en\/wp-json\/wp\/v2\/product_cat?post=16819"},{"taxonomy":"product_tag","embeddable":true,"href":"https:\/\/www.stonecity.cz\/en\/wp-json\/wp\/v2\/product_tag?post=16819"}],"curies":[{"name":"wp","href":"https:\/\/api.w.org\/{rel}","templated":true}]}}