{"id":16828,"date":"2020-05-21T14:34:02","date_gmt":"2020-05-21T12:34:02","guid":{"rendered":"https:\/\/www.stonecity.cz\/produkt\/wild-stone-lm-white-flexible-adhesive\/"},"modified":"2020-05-21T14:34:02","modified_gmt":"2020-05-21T12:34:02","slug":"wild-stone-lm-w","status":"publish","type":"product","link":"https:\/\/www.stonecity.cz\/en\/produkt\/wild-stone-lm-w\/","title":{"rendered":"WILD STONE LM\/White Flexible Adhesive"},"content":{"rendered":"<p class=\"p1\"><span class=\"s1\">WILD STONE LM\/W (white) Flexible adhesive mortar.<\/span><\/p>\n<p class=\"p1\"><span class=\"s1\">Recommended for all light coloured tiles. This eliminates the grey gaps between the stones!<\/span><\/p>\n<p>&nbsp;<\/p>\n<p><em><br \/>\n  <strong><br \/>\n    <a href=\"https:\/\/www.stonecity.cz\/wp-content\/uploads\/2020\/05\/Katalogov%C3%BD-list-Wild-Stone-P%C5%99%C3%ADslu%C5%A1enstv%C3%AD.pdf\">Catalogue sheet Wild Stone Accessories<\/a><\/p>\n<p>  <\/strong><br \/>\n<\/em><em><br \/>\n  <strong><br \/>\n    <a href=\"https:\/\/www.stonecity.cz\/wp-content\/uploads\/2020\/05\/Bezpe%C4%8Dnostn%C3%AD-list-Wild-Stone-LM.pdf\">Safety Data Sheet Wild Stone LM<\/a><\/p>\n<p>    <a href=\"https:\/\/www.stonecity.cz\/wp-content\/uploads\/2020\/05\/Katalogov%C3%BD-list-Wild-Stone-LM.pdf\">Catalogue sheet Wild Stone LM<\/a><\/p>\n<p>  <\/strong><br \/>\n  <strong><br \/>\n    <a href=\"https:\/\/www.stonecity.cz\/wp-content\/uploads\/2020\/05\/Technick%C3%BD-list-Wild-Stone-LM.pdf\">Datasheet Wild Stone LM<\/a><br \/>\n  <\/strong><br \/>\n<\/em><\/p>\n","protected":false},"excerpt":{"rendered":"<p>WILD STONE LM\/W (white) Flexible adhesive mortar. Recommended for all light coloured tiles. This eliminates the grey gaps between the stones! &nbsp; Catalogue sheet Wild Stone Accessories Safety Data Sheet Wild Stone LM Catalogue sheet Wild Stone LM Datasheet Wild Stone LM<\/p>\n","protected":false},"featured_media":12251,"template":"","meta":[],"product_cat":[2062],"product_tag":[1745,1744],"class_list":{"0":"post-16828","1":"product","2":"type-product","3":"status-publish","4":"has-post-thumbnail","6":"product_cat-accessories","7":"product_tag-suitable-for-indoors","8":"product_tag-suitable-for-outdoors","9":"pa_baleni-pallet-42-pcs","11":"first","12":"instock","13":"purchasable","14":"product-type-simple"},"yoast_head":"<!-- This site is optimized with the Yoast SEO plugin v26.8 - https:\/\/yoast.com\/product\/yoast-seo-wordpress\/ -->\n<title>WILD STONE LM\/White Flexible Adhesive - Stonecity.cz<\/title>\n<meta name=\"robots\" content=\"index, follow, max-snippet:-1, max-image-preview:large, max-video-preview:-1\" \/>\n<link rel=\"canonical\" href=\"https:\/\/www.stonecity.cz\/en\/produkt\/wild-stone-lm-w\/\" \/>\n<meta property=\"og:locale\" content=\"en_US\" \/>\n<meta property=\"og:type\" content=\"article\" \/>\n<meta property=\"og:title\" content=\"WILD STONE LM\/White Flexible Adhesive - Stonecity.cz\" \/>\n<meta property=\"og:description\" content=\"WILD STONE LM\/W (white) Flexible adhesive mortar. Recommended for all light coloured tiles. This eliminates the grey gaps between the stones! &nbsp; Catalogue sheet Wild Stone Accessories Safety Data Sheet Wild Stone LM Catalogue sheet Wild Stone LM Datasheet Wild Stone LM\" \/>\n<meta property=\"og:url\" content=\"https:\/\/www.stonecity.cz\/en\/produkt\/wild-stone-lm-w\/\" \/>\n<meta property=\"og:site_name\" content=\"Stonecity.cz\" \/>\n<meta property=\"og:image\" content=\"https:\/\/www.stonecity.cz\/wp-content\/uploads\/2020\/05\/Wild-Stone-LM.jpg\" \/>\n\t<meta property=\"og:image:width\" content=\"600\" \/>\n\t<meta property=\"og:image:height\" content=\"325\" \/>\n\t<meta property=\"og:image:type\" content=\"image\/jpeg\" \/>\n<meta name=\"twitter:card\" content=\"summary_large_image\" \/>\n<script type=\"application\/ld+json\" class=\"yoast-schema-graph\">{\"@context\":\"https:\/\/schema.org\",\"@graph\":[{\"@type\":\"WebPage\",\"@id\":\"https:\/\/www.stonecity.cz\/en\/produkt\/wild-stone-lm-w\/\",\"url\":\"https:\/\/www.stonecity.cz\/en\/produkt\/wild-stone-lm-w\/\",\"name\":\"WILD STONE LM\/White Flexible Adhesive - Stonecity.cz\",\"isPartOf\":{\"@id\":\"https:\/\/www.stonecity.cz\/en\/#website\"},\"primaryImageOfPage\":{\"@id\":\"https:\/\/www.stonecity.cz\/en\/produkt\/wild-stone-lm-w\/#primaryimage\"},\"image\":{\"@id\":\"https:\/\/www.stonecity.cz\/en\/produkt\/wild-stone-lm-w\/#primaryimage\"},\"thumbnailUrl\":\"https:\/\/www.stonecity.cz\/wp-content\/uploads\/2020\/05\/Wild-Stone-LM.jpg\",\"datePublished\":\"2020-05-21T12:34:02+00:00\",\"breadcrumb\":{\"@id\":\"https:\/\/www.stonecity.cz\/en\/produkt\/wild-stone-lm-w\/#breadcrumb\"},\"inLanguage\":\"en-US\",\"potentialAction\":[{\"@type\":\"ReadAction\",\"target\":[\"https:\/\/www.stonecity.cz\/en\/produkt\/wild-stone-lm-w\/\"]}]},{\"@type\":\"ImageObject\",\"inLanguage\":\"en-US\",\"@id\":\"https:\/\/www.stonecity.cz\/en\/produkt\/wild-stone-lm-w\/#primaryimage\",\"url\":\"https:\/\/www.stonecity.cz\/wp-content\/uploads\/2020\/05\/Wild-Stone-LM.jpg\",\"contentUrl\":\"https:\/\/www.stonecity.cz\/wp-content\/uploads\/2020\/05\/Wild-Stone-LM.jpg\",\"width\":600,\"height\":325},{\"@type\":\"BreadcrumbList\",\"@id\":\"https:\/\/www.stonecity.cz\/en\/produkt\/wild-stone-lm-w\/#breadcrumb\",\"itemListElement\":[{\"@type\":\"ListItem\",\"position\":1,\"name\":\"Dom\u016f\",\"item\":\"https:\/\/www.stonecity.cz\/en\/\"},{\"@type\":\"ListItem\",\"position\":2,\"name\":\"Shop\",\"item\":\"https:\/\/www.stonecity.cz\/en\/shop\/\"},{\"@type\":\"ListItem\",\"position\":3,\"name\":\"WILD STONE LM\/White Flexible Adhesive\"}]},{\"@type\":\"WebSite\",\"@id\":\"https:\/\/www.stonecity.cz\/en\/#website\",\"url\":\"https:\/\/www.stonecity.cz\/en\/\",\"name\":\"Stonecity.cz\",\"description\":\"Dla\u017eba, obklady, um\u011bl\u00fd i p\u0159\u00edrodn\u00ed k\u00e1men\",\"potentialAction\":[{\"@type\":\"SearchAction\",\"target\":{\"@type\":\"EntryPoint\",\"urlTemplate\":\"https:\/\/www.stonecity.cz\/en\/?s={search_term_string}\"},\"query-input\":{\"@type\":\"PropertyValueSpecification\",\"valueRequired\":true,\"valueName\":\"search_term_string\"}}],\"inLanguage\":\"en-US\"}]}<\/script>\n<!-- \/ Yoast SEO plugin. -->","yoast_head_json":{"title":"WILD STONE LM\/White Flexible Adhesive - Stonecity.cz","robots":{"index":"index","follow":"follow","max-snippet":"max-snippet:-1","max-image-preview":"max-image-preview:large","max-video-preview":"max-video-preview:-1"},"canonical":"https:\/\/www.stonecity.cz\/en\/produkt\/wild-stone-lm-w\/","og_locale":"en_US","og_type":"article","og_title":"WILD STONE LM\/White Flexible Adhesive - Stonecity.cz","og_description":"WILD STONE LM\/W (white) Flexible adhesive mortar. Recommended for all light coloured tiles. This eliminates the grey gaps between the stones! &nbsp; Catalogue sheet Wild Stone Accessories Safety Data Sheet Wild Stone LM Catalogue sheet Wild Stone LM Datasheet Wild Stone LM","og_url":"https:\/\/www.stonecity.cz\/en\/produkt\/wild-stone-lm-w\/","og_site_name":"Stonecity.cz","og_image":[{"width":600,"height":325,"url":"https:\/\/www.stonecity.cz\/wp-content\/uploads\/2020\/05\/Wild-Stone-LM.jpg","type":"image\/jpeg"}],"twitter_card":"summary_large_image","schema":{"@context":"https:\/\/schema.org","@graph":[{"@type":"WebPage","@id":"https:\/\/www.stonecity.cz\/en\/produkt\/wild-stone-lm-w\/","url":"https:\/\/www.stonecity.cz\/en\/produkt\/wild-stone-lm-w\/","name":"WILD STONE LM\/White Flexible Adhesive - Stonecity.cz","isPartOf":{"@id":"https:\/\/www.stonecity.cz\/en\/#website"},"primaryImageOfPage":{"@id":"https:\/\/www.stonecity.cz\/en\/produkt\/wild-stone-lm-w\/#primaryimage"},"image":{"@id":"https:\/\/www.stonecity.cz\/en\/produkt\/wild-stone-lm-w\/#primaryimage"},"thumbnailUrl":"https:\/\/www.stonecity.cz\/wp-content\/uploads\/2020\/05\/Wild-Stone-LM.jpg","datePublished":"2020-05-21T12:34:02+00:00","breadcrumb":{"@id":"https:\/\/www.stonecity.cz\/en\/produkt\/wild-stone-lm-w\/#breadcrumb"},"inLanguage":"en-US","potentialAction":[{"@type":"ReadAction","target":["https:\/\/www.stonecity.cz\/en\/produkt\/wild-stone-lm-w\/"]}]},{"@type":"ImageObject","inLanguage":"en-US","@id":"https:\/\/www.stonecity.cz\/en\/produkt\/wild-stone-lm-w\/#primaryimage","url":"https:\/\/www.stonecity.cz\/wp-content\/uploads\/2020\/05\/Wild-Stone-LM.jpg","contentUrl":"https:\/\/www.stonecity.cz\/wp-content\/uploads\/2020\/05\/Wild-Stone-LM.jpg","width":600,"height":325},{"@type":"BreadcrumbList","@id":"https:\/\/www.stonecity.cz\/en\/produkt\/wild-stone-lm-w\/#breadcrumb","itemListElement":[{"@type":"ListItem","position":1,"name":"Dom\u016f","item":"https:\/\/www.stonecity.cz\/en\/"},{"@type":"ListItem","position":2,"name":"Shop","item":"https:\/\/www.stonecity.cz\/en\/shop\/"},{"@type":"ListItem","position":3,"name":"WILD STONE LM\/White Flexible Adhesive"}]},{"@type":"WebSite","@id":"https:\/\/www.stonecity.cz\/en\/#website","url":"https:\/\/www.stonecity.cz\/en\/","name":"Stonecity.cz","description":"Dla\u017eba, obklady, um\u011bl\u00fd i p\u0159\u00edrodn\u00ed k\u00e1men","potentialAction":[{"@type":"SearchAction","target":{"@type":"EntryPoint","urlTemplate":"https:\/\/www.stonecity.cz\/en\/?s={search_term_string}"},"query-input":{"@type":"PropertyValueSpecification","valueRequired":true,"valueName":"search_term_string"}}],"inLanguage":"en-US"}]}},"_links":{"self":[{"href":"https:\/\/www.stonecity.cz\/en\/wp-json\/wp\/v2\/product\/16828","targetHints":{"allow":["GET"]}}],"collection":[{"href":"https:\/\/www.stonecity.cz\/en\/wp-json\/wp\/v2\/product"}],"about":[{"href":"https:\/\/www.stonecity.cz\/en\/wp-json\/wp\/v2\/types\/product"}],"wp:featuredmedia":[{"embeddable":true,"href":"https:\/\/www.stonecity.cz\/en\/wp-json\/wp\/v2\/media\/12251"}],"wp:attachment":[{"href":"https:\/\/www.stonecity.cz\/en\/wp-json\/wp\/v2\/media?parent=16828"}],"wp:term":[{"taxonomy":"product_cat","embeddable":true,"href":"https:\/\/www.stonecity.cz\/en\/wp-json\/wp\/v2\/product_cat?post=16828"},{"taxonomy":"product_tag","embeddable":true,"href":"https:\/\/www.stonecity.cz\/en\/wp-json\/wp\/v2\/product_tag?post=16828"}],"curies":[{"name":"wp","href":"https:\/\/api.w.org\/{rel}","templated":true}]}}