{"id":16857,"date":"2020-05-21T14:34:03","date_gmt":"2020-05-21T12:34:03","guid":{"rendered":"https:\/\/www.stonecity.cz\/produkt\/stonesil-aqua\/"},"modified":"2020-05-21T14:34:03","modified_gmt":"2020-05-21T12:34:03","slug":"stonesil-aqua","status":"publish","type":"product","link":"https:\/\/www.stonecity.cz\/en\/produkt\/stonesil-aqua\/","title":{"rendered":"Stonesil Aqua"},"content":{"rendered":"<p class=\"p1\"><span class=\"s1\">Stonesil aqua is used as a final water repellent coating for WILD STONE stone tiles.<br \/>\nEspecially in exteriors and environments with increased humidity (bathrooms, swimming pools, etc.).<\/span><\/p>\n<p class=\"p1\"><span class=\"s1\">Stonesil aqua is also suitable for natural and artificial stone (sculptures, facade cladding, stone buildings), roofing, all types of plaster, etc.<br \/>\nIt does not create a glossy surface and does not alter the appearance of materials.<br \/>\nSTONESIL AQUA water repellent is designed for impregnation of inorganic surfaces against water penetration.<\/span><\/p>\n<p class=\"p1\"><em><strong><a href=\"https:\/\/www.stonecity.cz\/wp-content\/uploads\/2020\/05\/Katalogov%C3%BD-list-Stonesil-Aqua.pdf\">Catalogue sheet Stonesil Aqua<\/a><\/strong><\/em><br \/>\n<em><strong><a href=\"https:\/\/www.stonecity.cz\/wp-content\/uploads\/2020\/05\/Katalogov%C3%BD-list-Wild-Stone-P%C5%99%C3%ADslu%C5%A1enstv%C3%AD-4.pdf\">Catalogue sheet Wild Stone Accessories<\/a><\/strong><\/em><br \/>\n<em><strong><a href=\"https:\/\/www.stonecity.cz\/wp-content\/uploads\/2020\/05\/Bezpe%C4%8Dnostn%C3%AD-list-Stonesil-Aqua.pdf\">Safety Data Sheet Stonesil Aqua<\/a><\/strong><\/em><br \/>\n<em><strong><a href=\"https:\/\/www.stonecity.cz\/wp-content\/uploads\/2020\/05\/Etiketa-Stonesil-Aqua.pdf\">Stonesil Aqua label<\/a><\/strong><\/em><br \/>\n<em><strong><a href=\"https:\/\/www.stonecity.cz\/wp-content\/uploads\/2020\/05\/Charakteristika-Stonesil-Aqua.pdf\">Characteristics of Stonesil Aqua<\/a><\/strong><\/em><\/p>\n","protected":false},"excerpt":{"rendered":"<p>Stonesil aqua is used as a final water repellent coating for WILD STONE stone tiles. Especially in exteriors and environments with increased humidity (bathrooms, swimming pools, etc.). Stonesil aqua is also suitable for natural and artificial stone (sculptures, facade cladding, stone buildings), roofing, all types of plaster, etc. It does not create a glossy surface [&#8230;]\n","protected":false},"featured_media":12313,"template":"","meta":[],"product_cat":[2062],"product_tag":[1745,1744],"class_list":{"0":"post-16857","1":"product","2":"type-product","3":"status-publish","4":"has-post-thumbnail","6":"product_cat-accessories","7":"product_tag-suitable-for-indoors","8":"product_tag-suitable-for-outdoors","9":"pa_baleni-1-l-en","11":"first","12":"instock","13":"purchasable","14":"product-type-simple"},"yoast_head":"<!-- This site is optimized with the Yoast SEO plugin v26.8 - https:\/\/yoast.com\/product\/yoast-seo-wordpress\/ -->\n<title>Stonesil Aqua - Stonecity.cz<\/title>\n<meta name=\"robots\" content=\"index, follow, max-snippet:-1, max-image-preview:large, max-video-preview:-1\" \/>\n<link rel=\"canonical\" href=\"https:\/\/www.stonecity.cz\/en\/produkt\/stonesil-aqua\/\" \/>\n<meta property=\"og:locale\" content=\"en_US\" \/>\n<meta property=\"og:type\" content=\"article\" \/>\n<meta property=\"og:title\" content=\"Stonesil Aqua - Stonecity.cz\" \/>\n<meta property=\"og:description\" content=\"Stonesil aqua is used as a final water repellent coating for WILD STONE stone tiles. Especially in exteriors and environments with increased humidity (bathrooms, swimming pools, etc.). Stonesil aqua is also suitable for natural and artificial stone (sculptures, facade cladding, stone buildings), roofing, all types of plaster, etc. It does not create a glossy surface [...]\" \/>\n<meta property=\"og:url\" content=\"https:\/\/www.stonecity.cz\/en\/produkt\/stonesil-aqua\/\" \/>\n<meta property=\"og:site_name\" content=\"Stonecity.cz\" \/>\n<meta property=\"og:image\" content=\"https:\/\/www.stonecity.cz\/wp-content\/uploads\/2020\/05\/Stonesil_icon.jpeg\" \/>\n\t<meta property=\"og:image:width\" content=\"600\" \/>\n\t<meta property=\"og:image:height\" content=\"325\" \/>\n\t<meta property=\"og:image:type\" content=\"image\/jpeg\" \/>\n<meta name=\"twitter:card\" content=\"summary_large_image\" \/>\n<script type=\"application\/ld+json\" class=\"yoast-schema-graph\">{\"@context\":\"https:\/\/schema.org\",\"@graph\":[{\"@type\":\"WebPage\",\"@id\":\"https:\/\/www.stonecity.cz\/en\/produkt\/stonesil-aqua\/\",\"url\":\"https:\/\/www.stonecity.cz\/en\/produkt\/stonesil-aqua\/\",\"name\":\"Stonesil Aqua - Stonecity.cz\",\"isPartOf\":{\"@id\":\"https:\/\/www.stonecity.cz\/en\/#website\"},\"primaryImageOfPage\":{\"@id\":\"https:\/\/www.stonecity.cz\/en\/produkt\/stonesil-aqua\/#primaryimage\"},\"image\":{\"@id\":\"https:\/\/www.stonecity.cz\/en\/produkt\/stonesil-aqua\/#primaryimage\"},\"thumbnailUrl\":\"https:\/\/www.stonecity.cz\/wp-content\/uploads\/2020\/05\/Stonesil_icon.jpeg\",\"datePublished\":\"2020-05-21T12:34:03+00:00\",\"breadcrumb\":{\"@id\":\"https:\/\/www.stonecity.cz\/en\/produkt\/stonesil-aqua\/#breadcrumb\"},\"inLanguage\":\"en-US\",\"potentialAction\":[{\"@type\":\"ReadAction\",\"target\":[\"https:\/\/www.stonecity.cz\/en\/produkt\/stonesil-aqua\/\"]}]},{\"@type\":\"ImageObject\",\"inLanguage\":\"en-US\",\"@id\":\"https:\/\/www.stonecity.cz\/en\/produkt\/stonesil-aqua\/#primaryimage\",\"url\":\"https:\/\/www.stonecity.cz\/wp-content\/uploads\/2020\/05\/Stonesil_icon.jpeg\",\"contentUrl\":\"https:\/\/www.stonecity.cz\/wp-content\/uploads\/2020\/05\/Stonesil_icon.jpeg\",\"width\":600,\"height\":325},{\"@type\":\"BreadcrumbList\",\"@id\":\"https:\/\/www.stonecity.cz\/en\/produkt\/stonesil-aqua\/#breadcrumb\",\"itemListElement\":[{\"@type\":\"ListItem\",\"position\":1,\"name\":\"Dom\u016f\",\"item\":\"https:\/\/www.stonecity.cz\/en\/\"},{\"@type\":\"ListItem\",\"position\":2,\"name\":\"Shop\",\"item\":\"https:\/\/www.stonecity.cz\/en\/shop\/\"},{\"@type\":\"ListItem\",\"position\":3,\"name\":\"Stonesil Aqua\"}]},{\"@type\":\"WebSite\",\"@id\":\"https:\/\/www.stonecity.cz\/en\/#website\",\"url\":\"https:\/\/www.stonecity.cz\/en\/\",\"name\":\"Stonecity.cz\",\"description\":\"Dla\u017eba, obklady, um\u011bl\u00fd i p\u0159\u00edrodn\u00ed k\u00e1men\",\"potentialAction\":[{\"@type\":\"SearchAction\",\"target\":{\"@type\":\"EntryPoint\",\"urlTemplate\":\"https:\/\/www.stonecity.cz\/en\/?s={search_term_string}\"},\"query-input\":{\"@type\":\"PropertyValueSpecification\",\"valueRequired\":true,\"valueName\":\"search_term_string\"}}],\"inLanguage\":\"en-US\"}]}<\/script>\n<!-- \/ Yoast SEO plugin. -->","yoast_head_json":{"title":"Stonesil Aqua - Stonecity.cz","robots":{"index":"index","follow":"follow","max-snippet":"max-snippet:-1","max-image-preview":"max-image-preview:large","max-video-preview":"max-video-preview:-1"},"canonical":"https:\/\/www.stonecity.cz\/en\/produkt\/stonesil-aqua\/","og_locale":"en_US","og_type":"article","og_title":"Stonesil Aqua - Stonecity.cz","og_description":"Stonesil aqua is used as a final water repellent coating for WILD STONE stone tiles. Especially in exteriors and environments with increased humidity (bathrooms, swimming pools, etc.). Stonesil aqua is also suitable for natural and artificial stone (sculptures, facade cladding, stone buildings), roofing, all types of plaster, etc. It does not create a glossy surface [...]","og_url":"https:\/\/www.stonecity.cz\/en\/produkt\/stonesil-aqua\/","og_site_name":"Stonecity.cz","og_image":[{"width":600,"height":325,"url":"https:\/\/www.stonecity.cz\/wp-content\/uploads\/2020\/05\/Stonesil_icon.jpeg","type":"image\/jpeg"}],"twitter_card":"summary_large_image","schema":{"@context":"https:\/\/schema.org","@graph":[{"@type":"WebPage","@id":"https:\/\/www.stonecity.cz\/en\/produkt\/stonesil-aqua\/","url":"https:\/\/www.stonecity.cz\/en\/produkt\/stonesil-aqua\/","name":"Stonesil Aqua - Stonecity.cz","isPartOf":{"@id":"https:\/\/www.stonecity.cz\/en\/#website"},"primaryImageOfPage":{"@id":"https:\/\/www.stonecity.cz\/en\/produkt\/stonesil-aqua\/#primaryimage"},"image":{"@id":"https:\/\/www.stonecity.cz\/en\/produkt\/stonesil-aqua\/#primaryimage"},"thumbnailUrl":"https:\/\/www.stonecity.cz\/wp-content\/uploads\/2020\/05\/Stonesil_icon.jpeg","datePublished":"2020-05-21T12:34:03+00:00","breadcrumb":{"@id":"https:\/\/www.stonecity.cz\/en\/produkt\/stonesil-aqua\/#breadcrumb"},"inLanguage":"en-US","potentialAction":[{"@type":"ReadAction","target":["https:\/\/www.stonecity.cz\/en\/produkt\/stonesil-aqua\/"]}]},{"@type":"ImageObject","inLanguage":"en-US","@id":"https:\/\/www.stonecity.cz\/en\/produkt\/stonesil-aqua\/#primaryimage","url":"https:\/\/www.stonecity.cz\/wp-content\/uploads\/2020\/05\/Stonesil_icon.jpeg","contentUrl":"https:\/\/www.stonecity.cz\/wp-content\/uploads\/2020\/05\/Stonesil_icon.jpeg","width":600,"height":325},{"@type":"BreadcrumbList","@id":"https:\/\/www.stonecity.cz\/en\/produkt\/stonesil-aqua\/#breadcrumb","itemListElement":[{"@type":"ListItem","position":1,"name":"Dom\u016f","item":"https:\/\/www.stonecity.cz\/en\/"},{"@type":"ListItem","position":2,"name":"Shop","item":"https:\/\/www.stonecity.cz\/en\/shop\/"},{"@type":"ListItem","position":3,"name":"Stonesil Aqua"}]},{"@type":"WebSite","@id":"https:\/\/www.stonecity.cz\/en\/#website","url":"https:\/\/www.stonecity.cz\/en\/","name":"Stonecity.cz","description":"Dla\u017eba, obklady, um\u011bl\u00fd i p\u0159\u00edrodn\u00ed k\u00e1men","potentialAction":[{"@type":"SearchAction","target":{"@type":"EntryPoint","urlTemplate":"https:\/\/www.stonecity.cz\/en\/?s={search_term_string}"},"query-input":{"@type":"PropertyValueSpecification","valueRequired":true,"valueName":"search_term_string"}}],"inLanguage":"en-US"}]}},"_links":{"self":[{"href":"https:\/\/www.stonecity.cz\/en\/wp-json\/wp\/v2\/product\/16857","targetHints":{"allow":["GET"]}}],"collection":[{"href":"https:\/\/www.stonecity.cz\/en\/wp-json\/wp\/v2\/product"}],"about":[{"href":"https:\/\/www.stonecity.cz\/en\/wp-json\/wp\/v2\/types\/product"}],"wp:featuredmedia":[{"embeddable":true,"href":"https:\/\/www.stonecity.cz\/en\/wp-json\/wp\/v2\/media\/12313"}],"wp:attachment":[{"href":"https:\/\/www.stonecity.cz\/en\/wp-json\/wp\/v2\/media?parent=16857"}],"wp:term":[{"taxonomy":"product_cat","embeddable":true,"href":"https:\/\/www.stonecity.cz\/en\/wp-json\/wp\/v2\/product_cat?post=16857"},{"taxonomy":"product_tag","embeddable":true,"href":"https:\/\/www.stonecity.cz\/en\/wp-json\/wp\/v2\/product_tag?post=16857"}],"curies":[{"name":"wp","href":"https:\/\/api.w.org\/{rel}","templated":true}]}}