{"id":16870,"date":"2020-05-21T14:34:10","date_gmt":"2020-05-21T12:34:10","guid":{"rendered":"https:\/\/www.stonecity.cz\/produkt\/travertine-bella-lumina-tr-05\/"},"modified":"2020-05-21T14:34:10","modified_gmt":"2020-05-21T12:34:10","slug":"travertine-bella-lumina-tr-05-unfilled-drum","status":"publish","type":"product","link":"https:\/\/www.stonecity.cz\/en\/produkt\/travertine-bella-lumina-tr-05-unfilled-drum\/","title":{"rendered":"Travertine Bella Lumina TR-05"},"content":{"rendered":"<p>Travertine tiles in the Bella Lumina colour combination are very elegant with a pleasant honey hint of colour.<br \/>\nTravertine is very practical to maintain and thanks to its structure it always retains a clean appearance.<br \/>\nThis model is suitable for use indoors as a tile and cladding and outdoors as a cladding.Interior tiles &#8211; thickness 1.2 cm<\/p>\n<p>Surface: unfilled, cross-cut, chamfered edges<\/p>\n<p>Use: bathrooms, kitchens, pool surroundings, terraces, corridors, staircases&#8230;<\/p>\n<p>Easy installation and minimal maintenance.<\/p>\n<p><em><strong><a href=\"https:\/\/www.stonecity.cz\/wp-content\/uploads\/2020\/05\/Certifikat-k-travertinu.pdf\">Travertine certificate<\/a><\/strong><\/em><\/p>\n<p>&nbsp;<\/p>\n","protected":false},"excerpt":{"rendered":"<p>Travertine tiles in the Bella Lumina colour combination are very elegant with a pleasant honey hint of colour. Travertine is very practical to maintain and thanks to its structure it always retains a clean appearance. This model is suitable for use indoors as a tile and cladding and outdoors as a cladding.Interior tiles &#8211; thickness [&#8230;]\n","protected":false},"featured_media":14218,"template":"","meta":[],"product_cat":[2040,2032,2056,1916,1922,1950],"product_tag":[1745,1744,1746,1752,1747,1751],"class_list":{"0":"post-16870","1":"product","2":"type-product","3":"status-publish","4":"has-post-thumbnail","6":"product_cat-stone-veneer","7":"product_cat-natural-stone-en","8":"product_cat-travertine-en","9":"product_cat-pavements","10":"product_cat-natural-stone","11":"product_cat-travertine","12":"product_tag-suitable-for-indoors","13":"product_tag-suitable-for-outdoors","14":"product_tag-suitable-for-the-bathroom","15":"product_tag-suitable-for-the-garden-en","16":"product_tag-suitable-for-the-kitchen","17":"product_tag-suitable-for-the-terrace","18":"pa_baleni-3-pcs-carton","19":"pa_baleni-cardboard-box-075m2","21":"first","22":"instock","23":"purchasable","24":"product-type-simple"},"yoast_head":"<!-- This site is optimized with the Yoast SEO plugin v26.8 - https:\/\/yoast.com\/product\/yoast-seo-wordpress\/ -->\n<title>Travertine Bella Lumina TR-05 - Stonecity.cz<\/title>\n<meta name=\"robots\" content=\"index, follow, max-snippet:-1, max-image-preview:large, max-video-preview:-1\" \/>\n<link rel=\"canonical\" href=\"https:\/\/www.stonecity.cz\/en\/produkt\/travertine-bella-lumina-tr-05-unfilled-drum\/\" \/>\n<meta property=\"og:locale\" content=\"en_US\" \/>\n<meta property=\"og:type\" content=\"article\" \/>\n<meta property=\"og:title\" content=\"Travertine Bella Lumina TR-05 - Stonecity.cz\" \/>\n<meta property=\"og:description\" content=\"Travertine tiles in the Bella Lumina colour combination are very elegant with a pleasant honey hint of colour. Travertine is very practical to maintain and thanks to its structure it always retains a clean appearance. This model is suitable for use indoors as a tile and cladding and outdoors as a cladding.Interior tiles &#8211; thickness [...]\" \/>\n<meta property=\"og:url\" content=\"https:\/\/www.stonecity.cz\/en\/produkt\/travertine-bella-lumina-tr-05-unfilled-drum\/\" \/>\n<meta property=\"og:site_name\" content=\"Stonecity.cz\" \/>\n<meta property=\"og:image\" content=\"https:\/\/www.stonecity.cz\/wp-content\/uploads\/2020\/05\/Travertin-Bella-Lumina-TR-05_eshop.jpg\" \/>\n\t<meta property=\"og:image:width\" content=\"1198\" \/>\n\t<meta property=\"og:image:height\" content=\"1800\" \/>\n\t<meta property=\"og:image:type\" content=\"image\/jpeg\" \/>\n<meta name=\"twitter:card\" content=\"summary_large_image\" \/>\n<script type=\"application\/ld+json\" class=\"yoast-schema-graph\">{\"@context\":\"https:\/\/schema.org\",\"@graph\":[{\"@type\":\"WebPage\",\"@id\":\"https:\/\/www.stonecity.cz\/en\/produkt\/travertine-bella-lumina-tr-05-unfilled-drum\/\",\"url\":\"https:\/\/www.stonecity.cz\/en\/produkt\/travertine-bella-lumina-tr-05-unfilled-drum\/\",\"name\":\"Travertine Bella Lumina TR-05 - Stonecity.cz\",\"isPartOf\":{\"@id\":\"https:\/\/www.stonecity.cz\/en\/#website\"},\"primaryImageOfPage\":{\"@id\":\"https:\/\/www.stonecity.cz\/en\/produkt\/travertine-bella-lumina-tr-05-unfilled-drum\/#primaryimage\"},\"image\":{\"@id\":\"https:\/\/www.stonecity.cz\/en\/produkt\/travertine-bella-lumina-tr-05-unfilled-drum\/#primaryimage\"},\"thumbnailUrl\":\"https:\/\/www.stonecity.cz\/wp-content\/uploads\/2020\/05\/TR-05_Bella-Lumina_6.jpg\",\"datePublished\":\"2020-05-21T12:34:10+00:00\",\"breadcrumb\":{\"@id\":\"https:\/\/www.stonecity.cz\/en\/produkt\/travertine-bella-lumina-tr-05-unfilled-drum\/#breadcrumb\"},\"inLanguage\":\"en-US\",\"potentialAction\":[{\"@type\":\"ReadAction\",\"target\":[\"https:\/\/www.stonecity.cz\/en\/produkt\/travertine-bella-lumina-tr-05-unfilled-drum\/\"]}]},{\"@type\":\"ImageObject\",\"inLanguage\":\"en-US\",\"@id\":\"https:\/\/www.stonecity.cz\/en\/produkt\/travertine-bella-lumina-tr-05-unfilled-drum\/#primaryimage\",\"url\":\"https:\/\/www.stonecity.cz\/wp-content\/uploads\/2020\/05\/TR-05_Bella-Lumina_6.jpg\",\"contentUrl\":\"https:\/\/www.stonecity.cz\/wp-content\/uploads\/2020\/05\/TR-05_Bella-Lumina_6.jpg\",\"width\":940,\"height\":462},{\"@type\":\"BreadcrumbList\",\"@id\":\"https:\/\/www.stonecity.cz\/en\/produkt\/travertine-bella-lumina-tr-05-unfilled-drum\/#breadcrumb\",\"itemListElement\":[{\"@type\":\"ListItem\",\"position\":1,\"name\":\"Dom\u016f\",\"item\":\"https:\/\/www.stonecity.cz\/en\/\"},{\"@type\":\"ListItem\",\"position\":2,\"name\":\"Shop\",\"item\":\"https:\/\/www.stonecity.cz\/en\/shop\/\"},{\"@type\":\"ListItem\",\"position\":3,\"name\":\"Travertine Bella Lumina TR-05\"}]},{\"@type\":\"WebSite\",\"@id\":\"https:\/\/www.stonecity.cz\/en\/#website\",\"url\":\"https:\/\/www.stonecity.cz\/en\/\",\"name\":\"Stonecity.cz\",\"description\":\"Dla\u017eba, obklady, um\u011bl\u00fd i p\u0159\u00edrodn\u00ed k\u00e1men\",\"potentialAction\":[{\"@type\":\"SearchAction\",\"target\":{\"@type\":\"EntryPoint\",\"urlTemplate\":\"https:\/\/www.stonecity.cz\/en\/?s={search_term_string}\"},\"query-input\":{\"@type\":\"PropertyValueSpecification\",\"valueRequired\":true,\"valueName\":\"search_term_string\"}}],\"inLanguage\":\"en-US\"}]}<\/script>\n<!-- \/ Yoast SEO plugin. -->","yoast_head_json":{"title":"Travertine Bella Lumina TR-05 - Stonecity.cz","robots":{"index":"index","follow":"follow","max-snippet":"max-snippet:-1","max-image-preview":"max-image-preview:large","max-video-preview":"max-video-preview:-1"},"canonical":"https:\/\/www.stonecity.cz\/en\/produkt\/travertine-bella-lumina-tr-05-unfilled-drum\/","og_locale":"en_US","og_type":"article","og_title":"Travertine Bella Lumina TR-05 - Stonecity.cz","og_description":"Travertine tiles in the Bella Lumina colour combination are very elegant with a pleasant honey hint of colour. Travertine is very practical to maintain and thanks to its structure it always retains a clean appearance. This model is suitable for use indoors as a tile and cladding and outdoors as a cladding.Interior tiles &#8211; thickness [...]","og_url":"https:\/\/www.stonecity.cz\/en\/produkt\/travertine-bella-lumina-tr-05-unfilled-drum\/","og_site_name":"Stonecity.cz","og_image":[{"width":1198,"height":1800,"url":"https:\/\/www.stonecity.cz\/wp-content\/uploads\/2020\/05\/Travertin-Bella-Lumina-TR-05_eshop.jpg","type":"image\/jpeg"}],"twitter_card":"summary_large_image","schema":{"@context":"https:\/\/schema.org","@graph":[{"@type":"WebPage","@id":"https:\/\/www.stonecity.cz\/en\/produkt\/travertine-bella-lumina-tr-05-unfilled-drum\/","url":"https:\/\/www.stonecity.cz\/en\/produkt\/travertine-bella-lumina-tr-05-unfilled-drum\/","name":"Travertine Bella Lumina TR-05 - Stonecity.cz","isPartOf":{"@id":"https:\/\/www.stonecity.cz\/en\/#website"},"primaryImageOfPage":{"@id":"https:\/\/www.stonecity.cz\/en\/produkt\/travertine-bella-lumina-tr-05-unfilled-drum\/#primaryimage"},"image":{"@id":"https:\/\/www.stonecity.cz\/en\/produkt\/travertine-bella-lumina-tr-05-unfilled-drum\/#primaryimage"},"thumbnailUrl":"https:\/\/www.stonecity.cz\/wp-content\/uploads\/2020\/05\/TR-05_Bella-Lumina_6.jpg","datePublished":"2020-05-21T12:34:10+00:00","breadcrumb":{"@id":"https:\/\/www.stonecity.cz\/en\/produkt\/travertine-bella-lumina-tr-05-unfilled-drum\/#breadcrumb"},"inLanguage":"en-US","potentialAction":[{"@type":"ReadAction","target":["https:\/\/www.stonecity.cz\/en\/produkt\/travertine-bella-lumina-tr-05-unfilled-drum\/"]}]},{"@type":"ImageObject","inLanguage":"en-US","@id":"https:\/\/www.stonecity.cz\/en\/produkt\/travertine-bella-lumina-tr-05-unfilled-drum\/#primaryimage","url":"https:\/\/www.stonecity.cz\/wp-content\/uploads\/2020\/05\/TR-05_Bella-Lumina_6.jpg","contentUrl":"https:\/\/www.stonecity.cz\/wp-content\/uploads\/2020\/05\/TR-05_Bella-Lumina_6.jpg","width":940,"height":462},{"@type":"BreadcrumbList","@id":"https:\/\/www.stonecity.cz\/en\/produkt\/travertine-bella-lumina-tr-05-unfilled-drum\/#breadcrumb","itemListElement":[{"@type":"ListItem","position":1,"name":"Dom\u016f","item":"https:\/\/www.stonecity.cz\/en\/"},{"@type":"ListItem","position":2,"name":"Shop","item":"https:\/\/www.stonecity.cz\/en\/shop\/"},{"@type":"ListItem","position":3,"name":"Travertine Bella Lumina TR-05"}]},{"@type":"WebSite","@id":"https:\/\/www.stonecity.cz\/en\/#website","url":"https:\/\/www.stonecity.cz\/en\/","name":"Stonecity.cz","description":"Dla\u017eba, obklady, um\u011bl\u00fd i p\u0159\u00edrodn\u00ed k\u00e1men","potentialAction":[{"@type":"SearchAction","target":{"@type":"EntryPoint","urlTemplate":"https:\/\/www.stonecity.cz\/en\/?s={search_term_string}"},"query-input":{"@type":"PropertyValueSpecification","valueRequired":true,"valueName":"search_term_string"}}],"inLanguage":"en-US"}]}},"_links":{"self":[{"href":"https:\/\/www.stonecity.cz\/en\/wp-json\/wp\/v2\/product\/16870","targetHints":{"allow":["GET"]}}],"collection":[{"href":"https:\/\/www.stonecity.cz\/en\/wp-json\/wp\/v2\/product"}],"about":[{"href":"https:\/\/www.stonecity.cz\/en\/wp-json\/wp\/v2\/types\/product"}],"wp:featuredmedia":[{"embeddable":true,"href":"https:\/\/www.stonecity.cz\/en\/wp-json\/wp\/v2\/media\/14218"}],"wp:attachment":[{"href":"https:\/\/www.stonecity.cz\/en\/wp-json\/wp\/v2\/media?parent=16870"}],"wp:term":[{"taxonomy":"product_cat","embeddable":true,"href":"https:\/\/www.stonecity.cz\/en\/wp-json\/wp\/v2\/product_cat?post=16870"},{"taxonomy":"product_tag","embeddable":true,"href":"https:\/\/www.stonecity.cz\/en\/wp-json\/wp\/v2\/product_tag?post=16870"}],"curies":[{"name":"wp","href":"https:\/\/api.w.org\/{rel}","templated":true}]}}