{"id":16893,"date":"2020-05-21T14:35:10","date_gmt":"2020-05-21T12:35:10","guid":{"rendered":"https:\/\/www.stonecity.cz\/produkt\/stone-washbasin-mystery-onyx-u-03\/"},"modified":"2020-05-21T14:35:10","modified_gmt":"2020-05-21T12:35:10","slug":"stone-washer-mystery-onyx-u-03","status":"publish","type":"product","link":"https:\/\/www.stonecity.cz\/en\/produkt\/stone-washer-mystery-onyx-u-03\/","title":{"rendered":"Stone washbasin Mystery Onyx U-03"},"content":{"rendered":"<p>Exclusive handmade onyx stone washbasin.<br \/>\nThe excellent surface finish ensures easy maintenance.<br \/>\nEach piece is an original, it may vary slightly in size, colour shade and stone striations.<\/p>\n<p>Clean with water and normal soap only &#8211; do not use aggressive cleaning agents.<\/p>\n","protected":false},"excerpt":{"rendered":"<p>Exclusive handmade onyx stone washbasin. The excellent surface finish ensures easy maintenance. Each piece is an original, it may vary slightly in size, colour shade and stone striations. Clean with water and normal soap only &#8211; do not use aggressive cleaning agents.<\/p>\n","protected":false},"featured_media":17406,"template":"","meta":[],"product_cat":[1986,1990],"product_tag":[1745,1746,1751,1749],"class_list":{"0":"post-16893","1":"product","2":"type-product","3":"status-publish","4":"has-post-thumbnail","6":"product_cat-stone-washbasins-troughs","7":"product_cat-stone-washbasins-en-2","8":"product_tag-suitable-for-indoors","9":"product_tag-suitable-for-the-bathroom","10":"product_tag-suitable-for-the-terrace","11":"product_tag-suitable-for-wellness","12":"pa_odtok-45-65-en","13":"pa_rozmer-umyvadla-50x40x125-cm-en","15":"first","16":"instock","17":"purchasable","18":"product-type-simple"},"yoast_head":"<!-- This site is optimized with the Yoast SEO plugin v26.8 - https:\/\/yoast.com\/product\/yoast-seo-wordpress\/ -->\n<title>Stone washbasin Mystery Onyx U-03 - Stonecity.cz<\/title>\n<meta name=\"robots\" content=\"index, follow, max-snippet:-1, max-image-preview:large, max-video-preview:-1\" \/>\n<link rel=\"canonical\" href=\"https:\/\/www.stonecity.cz\/en\/produkt\/stone-washer-mystery-onyx-u-03\/\" \/>\n<meta property=\"og:locale\" content=\"en_US\" \/>\n<meta property=\"og:type\" content=\"article\" \/>\n<meta property=\"og:title\" content=\"Stone washbasin Mystery Onyx U-03 - Stonecity.cz\" \/>\n<meta property=\"og:description\" content=\"Exclusive handmade onyx stone washbasin. The excellent surface finish ensures easy maintenance. Each piece is an original, it may vary slightly in size, colour shade and stone striations. Clean with water and normal soap only &#8211; do not use aggressive cleaning agents.\" \/>\n<meta property=\"og:url\" content=\"https:\/\/www.stonecity.cz\/en\/produkt\/stone-washer-mystery-onyx-u-03\/\" \/>\n<meta property=\"og:site_name\" content=\"Stonecity.cz\" \/>\n<meta property=\"og:image\" content=\"https:\/\/www.stonecity.cz\/wp-content\/uploads\/2020\/05\/U-03.jpg\" \/>\n\t<meta property=\"og:image:width\" content=\"1008\" \/>\n\t<meta property=\"og:image:height\" content=\"722\" \/>\n\t<meta property=\"og:image:type\" content=\"image\/jpeg\" \/>\n<meta name=\"twitter:card\" content=\"summary_large_image\" \/>\n<script type=\"application\/ld+json\" class=\"yoast-schema-graph\">{\"@context\":\"https:\/\/schema.org\",\"@graph\":[{\"@type\":\"WebPage\",\"@id\":\"https:\/\/www.stonecity.cz\/en\/produkt\/stone-washer-mystery-onyx-u-03\/\",\"url\":\"https:\/\/www.stonecity.cz\/en\/produkt\/stone-washer-mystery-onyx-u-03\/\",\"name\":\"Stone washbasin Mystery Onyx U-03 - Stonecity.cz\",\"isPartOf\":{\"@id\":\"https:\/\/www.stonecity.cz\/en\/#website\"},\"primaryImageOfPage\":{\"@id\":\"https:\/\/www.stonecity.cz\/en\/produkt\/stone-washer-mystery-onyx-u-03\/#primaryimage\"},\"image\":{\"@id\":\"https:\/\/www.stonecity.cz\/en\/produkt\/stone-washer-mystery-onyx-u-03\/#primaryimage\"},\"thumbnailUrl\":\"https:\/\/www.stonecity.cz\/wp-content\/uploads\/2020\/05\/STONE-CITY-Mystery-Onyx-U-03-2.jpg\",\"datePublished\":\"2020-05-21T12:35:10+00:00\",\"breadcrumb\":{\"@id\":\"https:\/\/www.stonecity.cz\/en\/produkt\/stone-washer-mystery-onyx-u-03\/#breadcrumb\"},\"inLanguage\":\"en-US\",\"potentialAction\":[{\"@type\":\"ReadAction\",\"target\":[\"https:\/\/www.stonecity.cz\/en\/produkt\/stone-washer-mystery-onyx-u-03\/\"]}]},{\"@type\":\"ImageObject\",\"inLanguage\":\"en-US\",\"@id\":\"https:\/\/www.stonecity.cz\/en\/produkt\/stone-washer-mystery-onyx-u-03\/#primaryimage\",\"url\":\"https:\/\/www.stonecity.cz\/wp-content\/uploads\/2020\/05\/STONE-CITY-Mystery-Onyx-U-03-2.jpg\",\"contentUrl\":\"https:\/\/www.stonecity.cz\/wp-content\/uploads\/2020\/05\/STONE-CITY-Mystery-Onyx-U-03-2.jpg\",\"width\":945,\"height\":629},{\"@type\":\"BreadcrumbList\",\"@id\":\"https:\/\/www.stonecity.cz\/en\/produkt\/stone-washer-mystery-onyx-u-03\/#breadcrumb\",\"itemListElement\":[{\"@type\":\"ListItem\",\"position\":1,\"name\":\"Dom\u016f\",\"item\":\"https:\/\/www.stonecity.cz\/en\/\"},{\"@type\":\"ListItem\",\"position\":2,\"name\":\"Shop\",\"item\":\"https:\/\/www.stonecity.cz\/en\/shop\/\"},{\"@type\":\"ListItem\",\"position\":3,\"name\":\"Stone washbasin Mystery Onyx U-03\"}]},{\"@type\":\"WebSite\",\"@id\":\"https:\/\/www.stonecity.cz\/en\/#website\",\"url\":\"https:\/\/www.stonecity.cz\/en\/\",\"name\":\"Stonecity.cz\",\"description\":\"Dla\u017eba, obklady, um\u011bl\u00fd i p\u0159\u00edrodn\u00ed k\u00e1men\",\"potentialAction\":[{\"@type\":\"SearchAction\",\"target\":{\"@type\":\"EntryPoint\",\"urlTemplate\":\"https:\/\/www.stonecity.cz\/en\/?s={search_term_string}\"},\"query-input\":{\"@type\":\"PropertyValueSpecification\",\"valueRequired\":true,\"valueName\":\"search_term_string\"}}],\"inLanguage\":\"en-US\"}]}<\/script>\n<!-- \/ Yoast SEO plugin. -->","yoast_head_json":{"title":"Stone washbasin Mystery Onyx U-03 - Stonecity.cz","robots":{"index":"index","follow":"follow","max-snippet":"max-snippet:-1","max-image-preview":"max-image-preview:large","max-video-preview":"max-video-preview:-1"},"canonical":"https:\/\/www.stonecity.cz\/en\/produkt\/stone-washer-mystery-onyx-u-03\/","og_locale":"en_US","og_type":"article","og_title":"Stone washbasin Mystery Onyx U-03 - Stonecity.cz","og_description":"Exclusive handmade onyx stone washbasin. The excellent surface finish ensures easy maintenance. Each piece is an original, it may vary slightly in size, colour shade and stone striations. Clean with water and normal soap only &#8211; do not use aggressive cleaning agents.","og_url":"https:\/\/www.stonecity.cz\/en\/produkt\/stone-washer-mystery-onyx-u-03\/","og_site_name":"Stonecity.cz","og_image":[{"width":1008,"height":722,"url":"https:\/\/www.stonecity.cz\/wp-content\/uploads\/2020\/05\/U-03.jpg","type":"image\/jpeg"}],"twitter_card":"summary_large_image","schema":{"@context":"https:\/\/schema.org","@graph":[{"@type":"WebPage","@id":"https:\/\/www.stonecity.cz\/en\/produkt\/stone-washer-mystery-onyx-u-03\/","url":"https:\/\/www.stonecity.cz\/en\/produkt\/stone-washer-mystery-onyx-u-03\/","name":"Stone washbasin Mystery Onyx U-03 - Stonecity.cz","isPartOf":{"@id":"https:\/\/www.stonecity.cz\/en\/#website"},"primaryImageOfPage":{"@id":"https:\/\/www.stonecity.cz\/en\/produkt\/stone-washer-mystery-onyx-u-03\/#primaryimage"},"image":{"@id":"https:\/\/www.stonecity.cz\/en\/produkt\/stone-washer-mystery-onyx-u-03\/#primaryimage"},"thumbnailUrl":"https:\/\/www.stonecity.cz\/wp-content\/uploads\/2020\/05\/STONE-CITY-Mystery-Onyx-U-03-2.jpg","datePublished":"2020-05-21T12:35:10+00:00","breadcrumb":{"@id":"https:\/\/www.stonecity.cz\/en\/produkt\/stone-washer-mystery-onyx-u-03\/#breadcrumb"},"inLanguage":"en-US","potentialAction":[{"@type":"ReadAction","target":["https:\/\/www.stonecity.cz\/en\/produkt\/stone-washer-mystery-onyx-u-03\/"]}]},{"@type":"ImageObject","inLanguage":"en-US","@id":"https:\/\/www.stonecity.cz\/en\/produkt\/stone-washer-mystery-onyx-u-03\/#primaryimage","url":"https:\/\/www.stonecity.cz\/wp-content\/uploads\/2020\/05\/STONE-CITY-Mystery-Onyx-U-03-2.jpg","contentUrl":"https:\/\/www.stonecity.cz\/wp-content\/uploads\/2020\/05\/STONE-CITY-Mystery-Onyx-U-03-2.jpg","width":945,"height":629},{"@type":"BreadcrumbList","@id":"https:\/\/www.stonecity.cz\/en\/produkt\/stone-washer-mystery-onyx-u-03\/#breadcrumb","itemListElement":[{"@type":"ListItem","position":1,"name":"Dom\u016f","item":"https:\/\/www.stonecity.cz\/en\/"},{"@type":"ListItem","position":2,"name":"Shop","item":"https:\/\/www.stonecity.cz\/en\/shop\/"},{"@type":"ListItem","position":3,"name":"Stone washbasin Mystery Onyx U-03"}]},{"@type":"WebSite","@id":"https:\/\/www.stonecity.cz\/en\/#website","url":"https:\/\/www.stonecity.cz\/en\/","name":"Stonecity.cz","description":"Dla\u017eba, obklady, um\u011bl\u00fd i p\u0159\u00edrodn\u00ed k\u00e1men","potentialAction":[{"@type":"SearchAction","target":{"@type":"EntryPoint","urlTemplate":"https:\/\/www.stonecity.cz\/en\/?s={search_term_string}"},"query-input":{"@type":"PropertyValueSpecification","valueRequired":true,"valueName":"search_term_string"}}],"inLanguage":"en-US"}]}},"_links":{"self":[{"href":"https:\/\/www.stonecity.cz\/en\/wp-json\/wp\/v2\/product\/16893","targetHints":{"allow":["GET"]}}],"collection":[{"href":"https:\/\/www.stonecity.cz\/en\/wp-json\/wp\/v2\/product"}],"about":[{"href":"https:\/\/www.stonecity.cz\/en\/wp-json\/wp\/v2\/types\/product"}],"wp:featuredmedia":[{"embeddable":true,"href":"https:\/\/www.stonecity.cz\/en\/wp-json\/wp\/v2\/media\/17406"}],"wp:attachment":[{"href":"https:\/\/www.stonecity.cz\/en\/wp-json\/wp\/v2\/media?parent=16893"}],"wp:term":[{"taxonomy":"product_cat","embeddable":true,"href":"https:\/\/www.stonecity.cz\/en\/wp-json\/wp\/v2\/product_cat?post=16893"},{"taxonomy":"product_tag","embeddable":true,"href":"https:\/\/www.stonecity.cz\/en\/wp-json\/wp\/v2\/product_tag?post=16893"}],"curies":[{"name":"wp","href":"https:\/\/api.w.org\/{rel}","templated":true}]}}