{"id":17779,"date":"2024-04-25T10:02:47","date_gmt":"2024-04-25T08:02:47","guid":{"rendered":"https:\/\/www.stonecity.cz\/?post_type=product&#038;p=17779"},"modified":"2025-03-07T11:11:21","modified_gmt":"2025-03-07T10:11:21","slug":"naslapy-antik-garden-m-qua-39m","status":"publish","type":"product","link":"https:\/\/www.stonecity.cz\/en\/produkt\/naslapy-antik-garden-m-qua-39m\/","title":{"rendered":"Antik Garden M stone footings &#8211; QUA-39M"},"content":{"rendered":"<p>The garden treads or stone footings are made of natural quartzite. They are used as lawn stones.<\/p>\n<ul>\n<li>Beautiful stone stepping stones help you create romantic corners and paths<\/li>\n<li>Allows you to walk in the garden even after rain without stepping in soggy soil<\/li>\n<li>They bring an extra element to any garden that you&#8217;ll love<\/li>\n<\/ul>\n<p>&nbsp;<\/p>\n<p>&nbsp;<\/p>\n","protected":false},"excerpt":{"rendered":"<p>The garden treads or stone footings are made of natural quartzite. They are used as lawn stones. Beautiful stone stepping stones help you create romantic corners and paths Allows you to walk in the garden even after rain without stepping in soggy soil They bring an extra element to any garden that you&#8217;ll love &nbsp; [&#8230;]\n","protected":false},"featured_media":17785,"template":"","meta":[],"product_cat":[1916,1922,1940,1992],"product_tag":[1741,1744,1752,1751],"class_list":{"0":"post-17779","1":"product","2":"type-product","3":"status-publish","4":"has-post-thumbnail","6":"product_cat-pavements","7":"product_cat-natural-stone","8":"product_cat-quarzit","9":"product_cat-stone-decorations","10":"product_tag-facade-cladding","11":"product_tag-suitable-for-outdoors","12":"product_tag-suitable-for-the-garden-en","13":"product_tag-suitable-for-the-terrace","14":"pa_baleni-1-pallet-950kg-300pcs","15":"pa_diagonala-prumer-20-30cm-en","16":"pa_tloustka-2-cm-en","18":"first","19":"instock","20":"purchasable","21":"product-type-simple"},"yoast_head":"<!-- This site is optimized with the Yoast SEO plugin v26.8 - https:\/\/yoast.com\/product\/yoast-seo-wordpress\/ -->\n<title>Antik Garden M stone footings - QUA-39M - Stonecity.cz<\/title>\n<meta name=\"robots\" content=\"index, follow, max-snippet:-1, max-image-preview:large, max-video-preview:-1\" \/>\n<link rel=\"canonical\" href=\"https:\/\/www.stonecity.cz\/en\/produkt\/naslapy-antik-garden-m-qua-39m\/\" \/>\n<meta property=\"og:locale\" content=\"en_US\" \/>\n<meta property=\"og:type\" content=\"article\" \/>\n<meta property=\"og:title\" content=\"Antik Garden M stone footings - QUA-39M - Stonecity.cz\" \/>\n<meta property=\"og:description\" content=\"The garden treads or stone footings are made of natural quartzite. They are used as lawn stones. Beautiful stone stepping stones help you create romantic corners and paths Allows you to walk in the garden even after rain without stepping in soggy soil They bring an extra element to any garden that you&#8217;ll love &nbsp; [...]\" \/>\n<meta property=\"og:url\" content=\"https:\/\/www.stonecity.cz\/en\/produkt\/naslapy-antik-garden-m-qua-39m\/\" \/>\n<meta property=\"og:site_name\" content=\"Stonecity.cz\" \/>\n<meta property=\"article:modified_time\" content=\"2025-03-07T10:11:21+00:00\" \/>\n<meta property=\"og:image\" content=\"https:\/\/www.stonecity.cz\/wp-content\/uploads\/2024\/04\/QUA-39M.jpg\" \/>\n\t<meta property=\"og:image:width\" content=\"1351\" \/>\n\t<meta property=\"og:image:height\" content=\"1801\" \/>\n\t<meta property=\"og:image:type\" content=\"image\/jpeg\" \/>\n<meta name=\"twitter:card\" content=\"summary_large_image\" \/>\n<script type=\"application\/ld+json\" class=\"yoast-schema-graph\">{\"@context\":\"https:\/\/schema.org\",\"@graph\":[{\"@type\":\"WebPage\",\"@id\":\"https:\/\/www.stonecity.cz\/en\/produkt\/naslapy-antik-garden-m-qua-39m\/\",\"url\":\"https:\/\/www.stonecity.cz\/en\/produkt\/naslapy-antik-garden-m-qua-39m\/\",\"name\":\"Antik Garden M stone footings - QUA-39M - Stonecity.cz\",\"isPartOf\":{\"@id\":\"https:\/\/www.stonecity.cz\/en\/#website\"},\"primaryImageOfPage\":{\"@id\":\"https:\/\/www.stonecity.cz\/en\/produkt\/naslapy-antik-garden-m-qua-39m\/#primaryimage\"},\"image\":{\"@id\":\"https:\/\/www.stonecity.cz\/en\/produkt\/naslapy-antik-garden-m-qua-39m\/#primaryimage\"},\"thumbnailUrl\":\"https:\/\/www.stonecity.cz\/wp-content\/uploads\/2024\/04\/QUA-39M.jpg\",\"datePublished\":\"2024-04-25T08:02:47+00:00\",\"dateModified\":\"2025-03-07T10:11:21+00:00\",\"breadcrumb\":{\"@id\":\"https:\/\/www.stonecity.cz\/en\/produkt\/naslapy-antik-garden-m-qua-39m\/#breadcrumb\"},\"inLanguage\":\"en-US\",\"potentialAction\":[{\"@type\":\"ReadAction\",\"target\":[\"https:\/\/www.stonecity.cz\/en\/produkt\/naslapy-antik-garden-m-qua-39m\/\"]}]},{\"@type\":\"ImageObject\",\"inLanguage\":\"en-US\",\"@id\":\"https:\/\/www.stonecity.cz\/en\/produkt\/naslapy-antik-garden-m-qua-39m\/#primaryimage\",\"url\":\"https:\/\/www.stonecity.cz\/wp-content\/uploads\/2024\/04\/QUA-39M.jpg\",\"contentUrl\":\"https:\/\/www.stonecity.cz\/wp-content\/uploads\/2024\/04\/QUA-39M.jpg\",\"width\":1351,\"height\":1801},{\"@type\":\"BreadcrumbList\",\"@id\":\"https:\/\/www.stonecity.cz\/en\/produkt\/naslapy-antik-garden-m-qua-39m\/#breadcrumb\",\"itemListElement\":[{\"@type\":\"ListItem\",\"position\":1,\"name\":\"Dom\u016f\",\"item\":\"https:\/\/www.stonecity.cz\/en\/\"},{\"@type\":\"ListItem\",\"position\":2,\"name\":\"Shop\",\"item\":\"https:\/\/www.stonecity.cz\/en\/shop\/\"},{\"@type\":\"ListItem\",\"position\":3,\"name\":\"Antik Garden M stone footings &#8211; QUA-39M\"}]},{\"@type\":\"WebSite\",\"@id\":\"https:\/\/www.stonecity.cz\/en\/#website\",\"url\":\"https:\/\/www.stonecity.cz\/en\/\",\"name\":\"Stonecity.cz\",\"description\":\"Dla\u017eba, obklady, um\u011bl\u00fd i p\u0159\u00edrodn\u00ed k\u00e1men\",\"potentialAction\":[{\"@type\":\"SearchAction\",\"target\":{\"@type\":\"EntryPoint\",\"urlTemplate\":\"https:\/\/www.stonecity.cz\/en\/?s={search_term_string}\"},\"query-input\":{\"@type\":\"PropertyValueSpecification\",\"valueRequired\":true,\"valueName\":\"search_term_string\"}}],\"inLanguage\":\"en-US\"}]}<\/script>\n<!-- \/ Yoast SEO plugin. -->","yoast_head_json":{"title":"Antik Garden M stone footings - QUA-39M - Stonecity.cz","robots":{"index":"index","follow":"follow","max-snippet":"max-snippet:-1","max-image-preview":"max-image-preview:large","max-video-preview":"max-video-preview:-1"},"canonical":"https:\/\/www.stonecity.cz\/en\/produkt\/naslapy-antik-garden-m-qua-39m\/","og_locale":"en_US","og_type":"article","og_title":"Antik Garden M stone footings - QUA-39M - Stonecity.cz","og_description":"The garden treads or stone footings are made of natural quartzite. They are used as lawn stones. Beautiful stone stepping stones help you create romantic corners and paths Allows you to walk in the garden even after rain without stepping in soggy soil They bring an extra element to any garden that you&#8217;ll love &nbsp; [...]","og_url":"https:\/\/www.stonecity.cz\/en\/produkt\/naslapy-antik-garden-m-qua-39m\/","og_site_name":"Stonecity.cz","article_modified_time":"2025-03-07T10:11:21+00:00","og_image":[{"width":1351,"height":1801,"url":"https:\/\/www.stonecity.cz\/wp-content\/uploads\/2024\/04\/QUA-39M.jpg","type":"image\/jpeg"}],"twitter_card":"summary_large_image","schema":{"@context":"https:\/\/schema.org","@graph":[{"@type":"WebPage","@id":"https:\/\/www.stonecity.cz\/en\/produkt\/naslapy-antik-garden-m-qua-39m\/","url":"https:\/\/www.stonecity.cz\/en\/produkt\/naslapy-antik-garden-m-qua-39m\/","name":"Antik Garden M stone footings - QUA-39M - Stonecity.cz","isPartOf":{"@id":"https:\/\/www.stonecity.cz\/en\/#website"},"primaryImageOfPage":{"@id":"https:\/\/www.stonecity.cz\/en\/produkt\/naslapy-antik-garden-m-qua-39m\/#primaryimage"},"image":{"@id":"https:\/\/www.stonecity.cz\/en\/produkt\/naslapy-antik-garden-m-qua-39m\/#primaryimage"},"thumbnailUrl":"https:\/\/www.stonecity.cz\/wp-content\/uploads\/2024\/04\/QUA-39M.jpg","datePublished":"2024-04-25T08:02:47+00:00","dateModified":"2025-03-07T10:11:21+00:00","breadcrumb":{"@id":"https:\/\/www.stonecity.cz\/en\/produkt\/naslapy-antik-garden-m-qua-39m\/#breadcrumb"},"inLanguage":"en-US","potentialAction":[{"@type":"ReadAction","target":["https:\/\/www.stonecity.cz\/en\/produkt\/naslapy-antik-garden-m-qua-39m\/"]}]},{"@type":"ImageObject","inLanguage":"en-US","@id":"https:\/\/www.stonecity.cz\/en\/produkt\/naslapy-antik-garden-m-qua-39m\/#primaryimage","url":"https:\/\/www.stonecity.cz\/wp-content\/uploads\/2024\/04\/QUA-39M.jpg","contentUrl":"https:\/\/www.stonecity.cz\/wp-content\/uploads\/2024\/04\/QUA-39M.jpg","width":1351,"height":1801},{"@type":"BreadcrumbList","@id":"https:\/\/www.stonecity.cz\/en\/produkt\/naslapy-antik-garden-m-qua-39m\/#breadcrumb","itemListElement":[{"@type":"ListItem","position":1,"name":"Dom\u016f","item":"https:\/\/www.stonecity.cz\/en\/"},{"@type":"ListItem","position":2,"name":"Shop","item":"https:\/\/www.stonecity.cz\/en\/shop\/"},{"@type":"ListItem","position":3,"name":"Antik Garden M stone footings &#8211; QUA-39M"}]},{"@type":"WebSite","@id":"https:\/\/www.stonecity.cz\/en\/#website","url":"https:\/\/www.stonecity.cz\/en\/","name":"Stonecity.cz","description":"Dla\u017eba, obklady, um\u011bl\u00fd i p\u0159\u00edrodn\u00ed k\u00e1men","potentialAction":[{"@type":"SearchAction","target":{"@type":"EntryPoint","urlTemplate":"https:\/\/www.stonecity.cz\/en\/?s={search_term_string}"},"query-input":{"@type":"PropertyValueSpecification","valueRequired":true,"valueName":"search_term_string"}}],"inLanguage":"en-US"}]}},"_links":{"self":[{"href":"https:\/\/www.stonecity.cz\/en\/wp-json\/wp\/v2\/product\/17779","targetHints":{"allow":["GET"]}}],"collection":[{"href":"https:\/\/www.stonecity.cz\/en\/wp-json\/wp\/v2\/product"}],"about":[{"href":"https:\/\/www.stonecity.cz\/en\/wp-json\/wp\/v2\/types\/product"}],"wp:featuredmedia":[{"embeddable":true,"href":"https:\/\/www.stonecity.cz\/en\/wp-json\/wp\/v2\/media\/17785"}],"wp:attachment":[{"href":"https:\/\/www.stonecity.cz\/en\/wp-json\/wp\/v2\/media?parent=17779"}],"wp:term":[{"taxonomy":"product_cat","embeddable":true,"href":"https:\/\/www.stonecity.cz\/en\/wp-json\/wp\/v2\/product_cat?post=17779"},{"taxonomy":"product_tag","embeddable":true,"href":"https:\/\/www.stonecity.cz\/en\/wp-json\/wp\/v2\/product_tag?post=17779"}],"curies":[{"name":"wp","href":"https:\/\/api.w.org\/{rel}","templated":true}]}}