{"id":17968,"date":"2024-06-14T14:35:17","date_gmt":"2024-06-14T12:35:17","guid":{"rendered":"https:\/\/www.stonecity.cz\/?post_type=product&#038;p=17968"},"modified":"2024-06-14T14:53:14","modified_gmt":"2024-06-14T12:53:14","slug":"japanese-pagoda-mala-jp-02-m","status":"publish","type":"product","link":"https:\/\/www.stonecity.cz\/en\/produkt\/japanese-pagoda-mala-jp-02-m\/","title":{"rendered":"Japanese pagoda small JP-02-M"},"content":{"rendered":"<p>A decorative stone that will not only brighten up your garden.<\/p>\n<p>The small Japanese pagoda is made up of four separate elements, which can be connected through the centre with a gelled rod (not included). The iron bar is fixed into the ground. The pagoda can be illuminated by candle\/ice strip and creates a pleasant place to relax in any garden.<\/p>\n<p>Suitable for exterior and interior.<\/p>\n","protected":false},"excerpt":{"rendered":"<p>A decorative stone that will not only brighten up your garden. The small Japanese pagoda is made up of four separate elements, which can be connected through the centre with a gelled rod (not included). The iron bar is fixed into the ground. The pagoda can be illuminated by candle\/ice strip and creates a pleasant [&#8230;]\n","protected":false},"featured_media":17980,"template":"","meta":[],"product_cat":[1992],"product_tag":[1745,1744,1750,1751],"class_list":{"0":"post-17968","1":"product","2":"type-product","3":"status-publish","4":"has-post-thumbnail","6":"product_cat-stone-decorations","7":"product_tag-suitable-for-indoors","8":"product_tag-suitable-for-outdoors","9":"product_tag-suitable-for-the-garden","10":"product_tag-suitable-for-the-terrace","12":"first","13":"instock","14":"taxable","15":"shipping-taxable","16":"purchasable","17":"product-type-simple"},"yoast_head":"<!-- This site is optimized with the Yoast SEO plugin v26.8 - https:\/\/yoast.com\/product\/yoast-seo-wordpress\/ -->\n<title>Japanese pagoda small JP-02-M - Stonecity.cz<\/title>\n<meta name=\"robots\" content=\"index, follow, max-snippet:-1, max-image-preview:large, max-video-preview:-1\" \/>\n<link rel=\"canonical\" href=\"https:\/\/www.stonecity.cz\/en\/produkt\/japanese-pagoda-mala-jp-02-m\/\" \/>\n<meta property=\"og:locale\" content=\"en_US\" \/>\n<meta property=\"og:type\" content=\"article\" \/>\n<meta property=\"og:title\" content=\"Japanese pagoda small JP-02-M - Stonecity.cz\" \/>\n<meta property=\"og:description\" content=\"A decorative stone that will not only brighten up your garden. The small Japanese pagoda is made up of four separate elements, which can be connected through the centre with a gelled rod (not included). The iron bar is fixed into the ground. The pagoda can be illuminated by candle\/ice strip and creates a pleasant [...]\" \/>\n<meta property=\"og:url\" content=\"https:\/\/www.stonecity.cz\/en\/produkt\/japanese-pagoda-mala-jp-02-m\/\" \/>\n<meta property=\"og:site_name\" content=\"Stonecity.cz\" \/>\n<meta property=\"article:modified_time\" content=\"2024-06-14T12:53:14+00:00\" \/>\n<meta property=\"og:image\" content=\"https:\/\/www.stonecity.cz\/wp-content\/uploads\/2024\/06\/STONE-CITY-Japonska-pagoda-JP-02-4.jpeg\" \/>\n\t<meta property=\"og:image:width\" content=\"2048\" \/>\n\t<meta property=\"og:image:height\" content=\"1536\" \/>\n\t<meta property=\"og:image:type\" content=\"image\/jpeg\" \/>\n<meta name=\"twitter:card\" content=\"summary_large_image\" \/>\n<script type=\"application\/ld+json\" class=\"yoast-schema-graph\">{\"@context\":\"https:\/\/schema.org\",\"@graph\":[{\"@type\":\"WebPage\",\"@id\":\"https:\/\/www.stonecity.cz\/en\/produkt\/japanese-pagoda-mala-jp-02-m\/\",\"url\":\"https:\/\/www.stonecity.cz\/en\/produkt\/japanese-pagoda-mala-jp-02-m\/\",\"name\":\"Japanese pagoda small JP-02-M - Stonecity.cz\",\"isPartOf\":{\"@id\":\"https:\/\/www.stonecity.cz\/en\/#website\"},\"primaryImageOfPage\":{\"@id\":\"https:\/\/www.stonecity.cz\/en\/produkt\/japanese-pagoda-mala-jp-02-m\/#primaryimage\"},\"image\":{\"@id\":\"https:\/\/www.stonecity.cz\/en\/produkt\/japanese-pagoda-mala-jp-02-m\/#primaryimage\"},\"thumbnailUrl\":\"https:\/\/www.stonecity.cz\/wp-content\/uploads\/2024\/06\/STONE-CITY-Japonska-pagoda-JP-02-4.jpeg\",\"datePublished\":\"2024-06-14T12:35:17+00:00\",\"dateModified\":\"2024-06-14T12:53:14+00:00\",\"breadcrumb\":{\"@id\":\"https:\/\/www.stonecity.cz\/en\/produkt\/japanese-pagoda-mala-jp-02-m\/#breadcrumb\"},\"inLanguage\":\"en-US\",\"potentialAction\":[{\"@type\":\"ReadAction\",\"target\":[\"https:\/\/www.stonecity.cz\/en\/produkt\/japanese-pagoda-mala-jp-02-m\/\"]}]},{\"@type\":\"ImageObject\",\"inLanguage\":\"en-US\",\"@id\":\"https:\/\/www.stonecity.cz\/en\/produkt\/japanese-pagoda-mala-jp-02-m\/#primaryimage\",\"url\":\"https:\/\/www.stonecity.cz\/wp-content\/uploads\/2024\/06\/STONE-CITY-Japonska-pagoda-JP-02-4.jpeg\",\"contentUrl\":\"https:\/\/www.stonecity.cz\/wp-content\/uploads\/2024\/06\/STONE-CITY-Japonska-pagoda-JP-02-4.jpeg\",\"width\":2048,\"height\":1536},{\"@type\":\"BreadcrumbList\",\"@id\":\"https:\/\/www.stonecity.cz\/en\/produkt\/japanese-pagoda-mala-jp-02-m\/#breadcrumb\",\"itemListElement\":[{\"@type\":\"ListItem\",\"position\":1,\"name\":\"Dom\u016f\",\"item\":\"https:\/\/www.stonecity.cz\/en\/\"},{\"@type\":\"ListItem\",\"position\":2,\"name\":\"Shop\",\"item\":\"https:\/\/www.stonecity.cz\/en\/shop\/\"},{\"@type\":\"ListItem\",\"position\":3,\"name\":\"Japanese pagoda small JP-02-M\"}]},{\"@type\":\"WebSite\",\"@id\":\"https:\/\/www.stonecity.cz\/en\/#website\",\"url\":\"https:\/\/www.stonecity.cz\/en\/\",\"name\":\"Stonecity.cz\",\"description\":\"Dla\u017eba, obklady, um\u011bl\u00fd i p\u0159\u00edrodn\u00ed k\u00e1men\",\"potentialAction\":[{\"@type\":\"SearchAction\",\"target\":{\"@type\":\"EntryPoint\",\"urlTemplate\":\"https:\/\/www.stonecity.cz\/en\/?s={search_term_string}\"},\"query-input\":{\"@type\":\"PropertyValueSpecification\",\"valueRequired\":true,\"valueName\":\"search_term_string\"}}],\"inLanguage\":\"en-US\"}]}<\/script>\n<!-- \/ Yoast SEO plugin. -->","yoast_head_json":{"title":"Japanese pagoda small JP-02-M - Stonecity.cz","robots":{"index":"index","follow":"follow","max-snippet":"max-snippet:-1","max-image-preview":"max-image-preview:large","max-video-preview":"max-video-preview:-1"},"canonical":"https:\/\/www.stonecity.cz\/en\/produkt\/japanese-pagoda-mala-jp-02-m\/","og_locale":"en_US","og_type":"article","og_title":"Japanese pagoda small JP-02-M - Stonecity.cz","og_description":"A decorative stone that will not only brighten up your garden. The small Japanese pagoda is made up of four separate elements, which can be connected through the centre with a gelled rod (not included). The iron bar is fixed into the ground. The pagoda can be illuminated by candle\/ice strip and creates a pleasant [...]","og_url":"https:\/\/www.stonecity.cz\/en\/produkt\/japanese-pagoda-mala-jp-02-m\/","og_site_name":"Stonecity.cz","article_modified_time":"2024-06-14T12:53:14+00:00","og_image":[{"width":2048,"height":1536,"url":"https:\/\/www.stonecity.cz\/wp-content\/uploads\/2024\/06\/STONE-CITY-Japonska-pagoda-JP-02-4.jpeg","type":"image\/jpeg"}],"twitter_card":"summary_large_image","schema":{"@context":"https:\/\/schema.org","@graph":[{"@type":"WebPage","@id":"https:\/\/www.stonecity.cz\/en\/produkt\/japanese-pagoda-mala-jp-02-m\/","url":"https:\/\/www.stonecity.cz\/en\/produkt\/japanese-pagoda-mala-jp-02-m\/","name":"Japanese pagoda small JP-02-M - Stonecity.cz","isPartOf":{"@id":"https:\/\/www.stonecity.cz\/en\/#website"},"primaryImageOfPage":{"@id":"https:\/\/www.stonecity.cz\/en\/produkt\/japanese-pagoda-mala-jp-02-m\/#primaryimage"},"image":{"@id":"https:\/\/www.stonecity.cz\/en\/produkt\/japanese-pagoda-mala-jp-02-m\/#primaryimage"},"thumbnailUrl":"https:\/\/www.stonecity.cz\/wp-content\/uploads\/2024\/06\/STONE-CITY-Japonska-pagoda-JP-02-4.jpeg","datePublished":"2024-06-14T12:35:17+00:00","dateModified":"2024-06-14T12:53:14+00:00","breadcrumb":{"@id":"https:\/\/www.stonecity.cz\/en\/produkt\/japanese-pagoda-mala-jp-02-m\/#breadcrumb"},"inLanguage":"en-US","potentialAction":[{"@type":"ReadAction","target":["https:\/\/www.stonecity.cz\/en\/produkt\/japanese-pagoda-mala-jp-02-m\/"]}]},{"@type":"ImageObject","inLanguage":"en-US","@id":"https:\/\/www.stonecity.cz\/en\/produkt\/japanese-pagoda-mala-jp-02-m\/#primaryimage","url":"https:\/\/www.stonecity.cz\/wp-content\/uploads\/2024\/06\/STONE-CITY-Japonska-pagoda-JP-02-4.jpeg","contentUrl":"https:\/\/www.stonecity.cz\/wp-content\/uploads\/2024\/06\/STONE-CITY-Japonska-pagoda-JP-02-4.jpeg","width":2048,"height":1536},{"@type":"BreadcrumbList","@id":"https:\/\/www.stonecity.cz\/en\/produkt\/japanese-pagoda-mala-jp-02-m\/#breadcrumb","itemListElement":[{"@type":"ListItem","position":1,"name":"Dom\u016f","item":"https:\/\/www.stonecity.cz\/en\/"},{"@type":"ListItem","position":2,"name":"Shop","item":"https:\/\/www.stonecity.cz\/en\/shop\/"},{"@type":"ListItem","position":3,"name":"Japanese pagoda small JP-02-M"}]},{"@type":"WebSite","@id":"https:\/\/www.stonecity.cz\/en\/#website","url":"https:\/\/www.stonecity.cz\/en\/","name":"Stonecity.cz","description":"Dla\u017eba, obklady, um\u011bl\u00fd i p\u0159\u00edrodn\u00ed k\u00e1men","potentialAction":[{"@type":"SearchAction","target":{"@type":"EntryPoint","urlTemplate":"https:\/\/www.stonecity.cz\/en\/?s={search_term_string}"},"query-input":{"@type":"PropertyValueSpecification","valueRequired":true,"valueName":"search_term_string"}}],"inLanguage":"en-US"}]}},"_links":{"self":[{"href":"https:\/\/www.stonecity.cz\/en\/wp-json\/wp\/v2\/product\/17968","targetHints":{"allow":["GET"]}}],"collection":[{"href":"https:\/\/www.stonecity.cz\/en\/wp-json\/wp\/v2\/product"}],"about":[{"href":"https:\/\/www.stonecity.cz\/en\/wp-json\/wp\/v2\/types\/product"}],"wp:featuredmedia":[{"embeddable":true,"href":"https:\/\/www.stonecity.cz\/en\/wp-json\/wp\/v2\/media\/17980"}],"wp:attachment":[{"href":"https:\/\/www.stonecity.cz\/en\/wp-json\/wp\/v2\/media?parent=17968"}],"wp:term":[{"taxonomy":"product_cat","embeddable":true,"href":"https:\/\/www.stonecity.cz\/en\/wp-json\/wp\/v2\/product_cat?post=17968"},{"taxonomy":"product_tag","embeddable":true,"href":"https:\/\/www.stonecity.cz\/en\/wp-json\/wp\/v2\/product_tag?post=17968"}],"curies":[{"name":"wp","href":"https:\/\/api.w.org\/{rel}","templated":true}]}}