{"id":17987,"date":"2024-06-14T14:48:41","date_gmt":"2024-06-14T12:48:41","guid":{"rendered":"https:\/\/www.stonecity.cz\/?post_type=product&#038;p=17987"},"modified":"2024-06-14T14:58:54","modified_gmt":"2024-06-14T12:58:54","slug":"japanese-baggage-large-jp-02-l","status":"publish","type":"product","link":"https:\/\/www.stonecity.cz\/en\/produkt\/japanese-baggage-large-jp-02-l\/","title":{"rendered":"Japanese pagoda JP-02-L"},"content":{"rendered":"<p>A decorative stone that will not only brighten up your garden.<\/p>\n<p>The large Japanese pagoda is assembled from six separate elements that can be connected through the centre with a gelled rod (not included). The iron bar is fixed into the ground. The pagoda can be illuminated by candle\/ice strip and creates a pleasant place to relax in any garden.<\/p>\n<p>Suitable for exterior and interior.<\/p>\n","protected":false},"excerpt":{"rendered":"<p>A decorative stone that will not only brighten up your garden. The large Japanese pagoda is assembled from six separate elements that can be connected through the centre with a gelled rod (not included). The iron bar is fixed into the ground. The pagoda can be illuminated by candle\/ice strip and creates a pleasant place [&#8230;]\n","protected":false},"featured_media":17990,"template":"","meta":[],"product_cat":[1992],"product_tag":[1745,1744,1750,1751],"class_list":{"0":"post-17987","1":"product","2":"type-product","3":"status-publish","4":"has-post-thumbnail","6":"product_cat-stone-decorations","7":"product_tag-suitable-for-indoors","8":"product_tag-suitable-for-outdoors","9":"product_tag-suitable-for-the-garden","10":"product_tag-suitable-for-the-terrace","12":"first","13":"instock","14":"taxable","15":"shipping-taxable","16":"purchasable","17":"product-type-simple"},"yoast_head":"<!-- This site is optimized with the Yoast SEO plugin v26.8 - https:\/\/yoast.com\/product\/yoast-seo-wordpress\/ -->\n<title>Japanese pagoda JP-02-L - Stonecity.cz<\/title>\n<meta name=\"robots\" content=\"index, follow, max-snippet:-1, max-image-preview:large, max-video-preview:-1\" \/>\n<link rel=\"canonical\" href=\"https:\/\/www.stonecity.cz\/en\/produkt\/japanese-baggage-large-jp-02-l\/\" \/>\n<meta property=\"og:locale\" content=\"en_US\" \/>\n<meta property=\"og:type\" content=\"article\" \/>\n<meta property=\"og:title\" content=\"Japanese pagoda JP-02-L - Stonecity.cz\" \/>\n<meta property=\"og:description\" content=\"A decorative stone that will not only brighten up your garden. The large Japanese pagoda is assembled from six separate elements that can be connected through the centre with a gelled rod (not included). The iron bar is fixed into the ground. The pagoda can be illuminated by candle\/ice strip and creates a pleasant place [...]\" \/>\n<meta property=\"og:url\" content=\"https:\/\/www.stonecity.cz\/en\/produkt\/japanese-baggage-large-jp-02-l\/\" \/>\n<meta property=\"og:site_name\" content=\"Stonecity.cz\" \/>\n<meta property=\"article:modified_time\" content=\"2024-06-14T12:58:54+00:00\" \/>\n<meta property=\"og:image\" content=\"https:\/\/www.stonecity.cz\/wp-content\/uploads\/2024\/06\/pagoda-velka.jpg\" \/>\n\t<meta property=\"og:image:width\" content=\"1512\" \/>\n\t<meta property=\"og:image:height\" content=\"2016\" \/>\n\t<meta property=\"og:image:type\" content=\"image\/jpeg\" \/>\n<meta name=\"twitter:card\" content=\"summary_large_image\" \/>\n<script type=\"application\/ld+json\" class=\"yoast-schema-graph\">{\"@context\":\"https:\/\/schema.org\",\"@graph\":[{\"@type\":\"WebPage\",\"@id\":\"https:\/\/www.stonecity.cz\/en\/produkt\/japanese-baggage-large-jp-02-l\/\",\"url\":\"https:\/\/www.stonecity.cz\/en\/produkt\/japanese-baggage-large-jp-02-l\/\",\"name\":\"Japanese pagoda JP-02-L - Stonecity.cz\",\"isPartOf\":{\"@id\":\"https:\/\/www.stonecity.cz\/en\/#website\"},\"primaryImageOfPage\":{\"@id\":\"https:\/\/www.stonecity.cz\/en\/produkt\/japanese-baggage-large-jp-02-l\/#primaryimage\"},\"image\":{\"@id\":\"https:\/\/www.stonecity.cz\/en\/produkt\/japanese-baggage-large-jp-02-l\/#primaryimage\"},\"thumbnailUrl\":\"https:\/\/www.stonecity.cz\/wp-content\/uploads\/2024\/06\/pagoda-velka.jpg\",\"datePublished\":\"2024-06-14T12:48:41+00:00\",\"dateModified\":\"2024-06-14T12:58:54+00:00\",\"breadcrumb\":{\"@id\":\"https:\/\/www.stonecity.cz\/en\/produkt\/japanese-baggage-large-jp-02-l\/#breadcrumb\"},\"inLanguage\":\"en-US\",\"potentialAction\":[{\"@type\":\"ReadAction\",\"target\":[\"https:\/\/www.stonecity.cz\/en\/produkt\/japanese-baggage-large-jp-02-l\/\"]}]},{\"@type\":\"ImageObject\",\"inLanguage\":\"en-US\",\"@id\":\"https:\/\/www.stonecity.cz\/en\/produkt\/japanese-baggage-large-jp-02-l\/#primaryimage\",\"url\":\"https:\/\/www.stonecity.cz\/wp-content\/uploads\/2024\/06\/pagoda-velka.jpg\",\"contentUrl\":\"https:\/\/www.stonecity.cz\/wp-content\/uploads\/2024\/06\/pagoda-velka.jpg\",\"width\":1512,\"height\":2016},{\"@type\":\"BreadcrumbList\",\"@id\":\"https:\/\/www.stonecity.cz\/en\/produkt\/japanese-baggage-large-jp-02-l\/#breadcrumb\",\"itemListElement\":[{\"@type\":\"ListItem\",\"position\":1,\"name\":\"Dom\u016f\",\"item\":\"https:\/\/www.stonecity.cz\/en\/\"},{\"@type\":\"ListItem\",\"position\":2,\"name\":\"Shop\",\"item\":\"https:\/\/www.stonecity.cz\/en\/shop\/\"},{\"@type\":\"ListItem\",\"position\":3,\"name\":\"Japanese pagoda JP-02-L\"}]},{\"@type\":\"WebSite\",\"@id\":\"https:\/\/www.stonecity.cz\/en\/#website\",\"url\":\"https:\/\/www.stonecity.cz\/en\/\",\"name\":\"Stonecity.cz\",\"description\":\"Dla\u017eba, obklady, um\u011bl\u00fd i p\u0159\u00edrodn\u00ed k\u00e1men\",\"potentialAction\":[{\"@type\":\"SearchAction\",\"target\":{\"@type\":\"EntryPoint\",\"urlTemplate\":\"https:\/\/www.stonecity.cz\/en\/?s={search_term_string}\"},\"query-input\":{\"@type\":\"PropertyValueSpecification\",\"valueRequired\":true,\"valueName\":\"search_term_string\"}}],\"inLanguage\":\"en-US\"}]}<\/script>\n<!-- \/ Yoast SEO plugin. -->","yoast_head_json":{"title":"Japanese pagoda JP-02-L - Stonecity.cz","robots":{"index":"index","follow":"follow","max-snippet":"max-snippet:-1","max-image-preview":"max-image-preview:large","max-video-preview":"max-video-preview:-1"},"canonical":"https:\/\/www.stonecity.cz\/en\/produkt\/japanese-baggage-large-jp-02-l\/","og_locale":"en_US","og_type":"article","og_title":"Japanese pagoda JP-02-L - Stonecity.cz","og_description":"A decorative stone that will not only brighten up your garden. The large Japanese pagoda is assembled from six separate elements that can be connected through the centre with a gelled rod (not included). The iron bar is fixed into the ground. The pagoda can be illuminated by candle\/ice strip and creates a pleasant place [...]","og_url":"https:\/\/www.stonecity.cz\/en\/produkt\/japanese-baggage-large-jp-02-l\/","og_site_name":"Stonecity.cz","article_modified_time":"2024-06-14T12:58:54+00:00","og_image":[{"width":1512,"height":2016,"url":"https:\/\/www.stonecity.cz\/wp-content\/uploads\/2024\/06\/pagoda-velka.jpg","type":"image\/jpeg"}],"twitter_card":"summary_large_image","schema":{"@context":"https:\/\/schema.org","@graph":[{"@type":"WebPage","@id":"https:\/\/www.stonecity.cz\/en\/produkt\/japanese-baggage-large-jp-02-l\/","url":"https:\/\/www.stonecity.cz\/en\/produkt\/japanese-baggage-large-jp-02-l\/","name":"Japanese pagoda JP-02-L - Stonecity.cz","isPartOf":{"@id":"https:\/\/www.stonecity.cz\/en\/#website"},"primaryImageOfPage":{"@id":"https:\/\/www.stonecity.cz\/en\/produkt\/japanese-baggage-large-jp-02-l\/#primaryimage"},"image":{"@id":"https:\/\/www.stonecity.cz\/en\/produkt\/japanese-baggage-large-jp-02-l\/#primaryimage"},"thumbnailUrl":"https:\/\/www.stonecity.cz\/wp-content\/uploads\/2024\/06\/pagoda-velka.jpg","datePublished":"2024-06-14T12:48:41+00:00","dateModified":"2024-06-14T12:58:54+00:00","breadcrumb":{"@id":"https:\/\/www.stonecity.cz\/en\/produkt\/japanese-baggage-large-jp-02-l\/#breadcrumb"},"inLanguage":"en-US","potentialAction":[{"@type":"ReadAction","target":["https:\/\/www.stonecity.cz\/en\/produkt\/japanese-baggage-large-jp-02-l\/"]}]},{"@type":"ImageObject","inLanguage":"en-US","@id":"https:\/\/www.stonecity.cz\/en\/produkt\/japanese-baggage-large-jp-02-l\/#primaryimage","url":"https:\/\/www.stonecity.cz\/wp-content\/uploads\/2024\/06\/pagoda-velka.jpg","contentUrl":"https:\/\/www.stonecity.cz\/wp-content\/uploads\/2024\/06\/pagoda-velka.jpg","width":1512,"height":2016},{"@type":"BreadcrumbList","@id":"https:\/\/www.stonecity.cz\/en\/produkt\/japanese-baggage-large-jp-02-l\/#breadcrumb","itemListElement":[{"@type":"ListItem","position":1,"name":"Dom\u016f","item":"https:\/\/www.stonecity.cz\/en\/"},{"@type":"ListItem","position":2,"name":"Shop","item":"https:\/\/www.stonecity.cz\/en\/shop\/"},{"@type":"ListItem","position":3,"name":"Japanese pagoda JP-02-L"}]},{"@type":"WebSite","@id":"https:\/\/www.stonecity.cz\/en\/#website","url":"https:\/\/www.stonecity.cz\/en\/","name":"Stonecity.cz","description":"Dla\u017eba, obklady, um\u011bl\u00fd i p\u0159\u00edrodn\u00ed k\u00e1men","potentialAction":[{"@type":"SearchAction","target":{"@type":"EntryPoint","urlTemplate":"https:\/\/www.stonecity.cz\/en\/?s={search_term_string}"},"query-input":{"@type":"PropertyValueSpecification","valueRequired":true,"valueName":"search_term_string"}}],"inLanguage":"en-US"}]}},"_links":{"self":[{"href":"https:\/\/www.stonecity.cz\/en\/wp-json\/wp\/v2\/product\/17987","targetHints":{"allow":["GET"]}}],"collection":[{"href":"https:\/\/www.stonecity.cz\/en\/wp-json\/wp\/v2\/product"}],"about":[{"href":"https:\/\/www.stonecity.cz\/en\/wp-json\/wp\/v2\/types\/product"}],"wp:featuredmedia":[{"embeddable":true,"href":"https:\/\/www.stonecity.cz\/en\/wp-json\/wp\/v2\/media\/17990"}],"wp:attachment":[{"href":"https:\/\/www.stonecity.cz\/en\/wp-json\/wp\/v2\/media?parent=17987"}],"wp:term":[{"taxonomy":"product_cat","embeddable":true,"href":"https:\/\/www.stonecity.cz\/en\/wp-json\/wp\/v2\/product_cat?post=17987"},{"taxonomy":"product_tag","embeddable":true,"href":"https:\/\/www.stonecity.cz\/en\/wp-json\/wp\/v2\/product_tag?post=17987"}],"curies":[{"name":"wp","href":"https:\/\/api.w.org\/{rel}","templated":true}]}}