{"id":18095,"date":"2024-07-12T09:42:21","date_gmt":"2024-07-12T07:42:21","guid":{"rendered":"https:\/\/www.stonecity.cz\/?post_type=product&#038;p=18095"},"modified":"2024-07-12T09:50:32","modified_gmt":"2024-07-12T07:50:32","slug":"peggles-eggs-swiss-large-ds-10-l","status":"publish","type":"product","link":"https:\/\/www.stonecity.cz\/en\/produkt\/peggles-eggs-swiss-large-ds-10-l\/","title":{"rendered":"Peggles\/ Eggs Swiss large DS-10-L"},"content":{"rendered":"<p>A beautiful decoration for the apartment or garden made of luxurious polished marble in grey-blue shade.<\/p>\n","protected":false},"excerpt":{"rendered":"<p>A beautiful decoration for the apartment or garden made of luxurious polished marble in grey-blue shade.<\/p>\n","protected":false},"featured_media":18103,"template":"","meta":[],"product_cat":[1992,2022],"product_tag":[1752,1751],"class_list":{"0":"post-18095","1":"product","2":"type-product","3":"status-publish","4":"has-post-thumbnail","6":"product_cat-stone-decorations","7":"product_cat-stone-tables","8":"product_tag-suitable-for-the-garden-en","9":"product_tag-suitable-for-the-terrace","11":"first","12":"instock","13":"sold-individually","14":"taxable","15":"shipping-taxable","16":"purchasable","17":"product-type-simple"},"yoast_head":"<!-- This site is optimized with the Yoast SEO plugin v26.8 - https:\/\/yoast.com\/product\/yoast-seo-wordpress\/ -->\n<title>Peggles\/ Eggs Swiss large DS-10-L - Stonecity.cz<\/title>\n<meta name=\"robots\" content=\"index, follow, max-snippet:-1, max-image-preview:large, max-video-preview:-1\" \/>\n<link rel=\"canonical\" href=\"https:\/\/www.stonecity.cz\/en\/produkt\/peggles-eggs-swiss-large-ds-10-l\/\" \/>\n<meta property=\"og:locale\" content=\"en_US\" \/>\n<meta property=\"og:type\" content=\"article\" \/>\n<meta property=\"og:title\" content=\"Peggles\/ Eggs Swiss large DS-10-L - Stonecity.cz\" \/>\n<meta property=\"og:description\" content=\"A beautiful decoration for the apartment or garden made of luxurious polished marble in grey-blue shade.\" \/>\n<meta property=\"og:url\" content=\"https:\/\/www.stonecity.cz\/en\/produkt\/peggles-eggs-swiss-large-ds-10-l\/\" \/>\n<meta property=\"og:site_name\" content=\"Stonecity.cz\" \/>\n<meta property=\"article:modified_time\" content=\"2024-07-12T07:50:32+00:00\" \/>\n<meta property=\"og:image\" content=\"https:\/\/www.stonecity.cz\/wp-content\/uploads\/2024\/07\/STONE-CITY-Swiss-Egg-DS-10-L-3.jpg\" \/>\n\t<meta property=\"og:image:width\" content=\"1280\" \/>\n\t<meta property=\"og:image:height\" content=\"960\" \/>\n\t<meta property=\"og:image:type\" content=\"image\/jpeg\" \/>\n<meta name=\"twitter:card\" content=\"summary_large_image\" \/>\n<script type=\"application\/ld+json\" class=\"yoast-schema-graph\">{\"@context\":\"https:\/\/schema.org\",\"@graph\":[{\"@type\":\"WebPage\",\"@id\":\"https:\/\/www.stonecity.cz\/en\/produkt\/peggles-eggs-swiss-large-ds-10-l\/\",\"url\":\"https:\/\/www.stonecity.cz\/en\/produkt\/peggles-eggs-swiss-large-ds-10-l\/\",\"name\":\"Peggles\/ Eggs Swiss large DS-10-L - Stonecity.cz\",\"isPartOf\":{\"@id\":\"https:\/\/www.stonecity.cz\/en\/#website\"},\"primaryImageOfPage\":{\"@id\":\"https:\/\/www.stonecity.cz\/en\/produkt\/peggles-eggs-swiss-large-ds-10-l\/#primaryimage\"},\"image\":{\"@id\":\"https:\/\/www.stonecity.cz\/en\/produkt\/peggles-eggs-swiss-large-ds-10-l\/#primaryimage\"},\"thumbnailUrl\":\"https:\/\/www.stonecity.cz\/wp-content\/uploads\/2024\/07\/STONE-CITY-Swiss-Egg-DS-10-L-3.jpg\",\"datePublished\":\"2024-07-12T07:42:21+00:00\",\"dateModified\":\"2024-07-12T07:50:32+00:00\",\"breadcrumb\":{\"@id\":\"https:\/\/www.stonecity.cz\/en\/produkt\/peggles-eggs-swiss-large-ds-10-l\/#breadcrumb\"},\"inLanguage\":\"en-US\",\"potentialAction\":[{\"@type\":\"ReadAction\",\"target\":[\"https:\/\/www.stonecity.cz\/en\/produkt\/peggles-eggs-swiss-large-ds-10-l\/\"]}]},{\"@type\":\"ImageObject\",\"inLanguage\":\"en-US\",\"@id\":\"https:\/\/www.stonecity.cz\/en\/produkt\/peggles-eggs-swiss-large-ds-10-l\/#primaryimage\",\"url\":\"https:\/\/www.stonecity.cz\/wp-content\/uploads\/2024\/07\/STONE-CITY-Swiss-Egg-DS-10-L-3.jpg\",\"contentUrl\":\"https:\/\/www.stonecity.cz\/wp-content\/uploads\/2024\/07\/STONE-CITY-Swiss-Egg-DS-10-L-3.jpg\",\"width\":1280,\"height\":960},{\"@type\":\"BreadcrumbList\",\"@id\":\"https:\/\/www.stonecity.cz\/en\/produkt\/peggles-eggs-swiss-large-ds-10-l\/#breadcrumb\",\"itemListElement\":[{\"@type\":\"ListItem\",\"position\":1,\"name\":\"Dom\u016f\",\"item\":\"https:\/\/www.stonecity.cz\/en\/\"},{\"@type\":\"ListItem\",\"position\":2,\"name\":\"Shop\",\"item\":\"https:\/\/www.stonecity.cz\/en\/shop\/\"},{\"@type\":\"ListItem\",\"position\":3,\"name\":\"Peggles\/ Eggs Swiss large DS-10-L\"}]},{\"@type\":\"WebSite\",\"@id\":\"https:\/\/www.stonecity.cz\/en\/#website\",\"url\":\"https:\/\/www.stonecity.cz\/en\/\",\"name\":\"Stonecity.cz\",\"description\":\"Dla\u017eba, obklady, um\u011bl\u00fd i p\u0159\u00edrodn\u00ed k\u00e1men\",\"potentialAction\":[{\"@type\":\"SearchAction\",\"target\":{\"@type\":\"EntryPoint\",\"urlTemplate\":\"https:\/\/www.stonecity.cz\/en\/?s={search_term_string}\"},\"query-input\":{\"@type\":\"PropertyValueSpecification\",\"valueRequired\":true,\"valueName\":\"search_term_string\"}}],\"inLanguage\":\"en-US\"}]}<\/script>\n<!-- \/ Yoast SEO plugin. -->","yoast_head_json":{"title":"Peggles\/ Eggs Swiss large DS-10-L - Stonecity.cz","robots":{"index":"index","follow":"follow","max-snippet":"max-snippet:-1","max-image-preview":"max-image-preview:large","max-video-preview":"max-video-preview:-1"},"canonical":"https:\/\/www.stonecity.cz\/en\/produkt\/peggles-eggs-swiss-large-ds-10-l\/","og_locale":"en_US","og_type":"article","og_title":"Peggles\/ Eggs Swiss large DS-10-L - Stonecity.cz","og_description":"A beautiful decoration for the apartment or garden made of luxurious polished marble in grey-blue shade.","og_url":"https:\/\/www.stonecity.cz\/en\/produkt\/peggles-eggs-swiss-large-ds-10-l\/","og_site_name":"Stonecity.cz","article_modified_time":"2024-07-12T07:50:32+00:00","og_image":[{"width":1280,"height":960,"url":"https:\/\/www.stonecity.cz\/wp-content\/uploads\/2024\/07\/STONE-CITY-Swiss-Egg-DS-10-L-3.jpg","type":"image\/jpeg"}],"twitter_card":"summary_large_image","schema":{"@context":"https:\/\/schema.org","@graph":[{"@type":"WebPage","@id":"https:\/\/www.stonecity.cz\/en\/produkt\/peggles-eggs-swiss-large-ds-10-l\/","url":"https:\/\/www.stonecity.cz\/en\/produkt\/peggles-eggs-swiss-large-ds-10-l\/","name":"Peggles\/ Eggs Swiss large DS-10-L - Stonecity.cz","isPartOf":{"@id":"https:\/\/www.stonecity.cz\/en\/#website"},"primaryImageOfPage":{"@id":"https:\/\/www.stonecity.cz\/en\/produkt\/peggles-eggs-swiss-large-ds-10-l\/#primaryimage"},"image":{"@id":"https:\/\/www.stonecity.cz\/en\/produkt\/peggles-eggs-swiss-large-ds-10-l\/#primaryimage"},"thumbnailUrl":"https:\/\/www.stonecity.cz\/wp-content\/uploads\/2024\/07\/STONE-CITY-Swiss-Egg-DS-10-L-3.jpg","datePublished":"2024-07-12T07:42:21+00:00","dateModified":"2024-07-12T07:50:32+00:00","breadcrumb":{"@id":"https:\/\/www.stonecity.cz\/en\/produkt\/peggles-eggs-swiss-large-ds-10-l\/#breadcrumb"},"inLanguage":"en-US","potentialAction":[{"@type":"ReadAction","target":["https:\/\/www.stonecity.cz\/en\/produkt\/peggles-eggs-swiss-large-ds-10-l\/"]}]},{"@type":"ImageObject","inLanguage":"en-US","@id":"https:\/\/www.stonecity.cz\/en\/produkt\/peggles-eggs-swiss-large-ds-10-l\/#primaryimage","url":"https:\/\/www.stonecity.cz\/wp-content\/uploads\/2024\/07\/STONE-CITY-Swiss-Egg-DS-10-L-3.jpg","contentUrl":"https:\/\/www.stonecity.cz\/wp-content\/uploads\/2024\/07\/STONE-CITY-Swiss-Egg-DS-10-L-3.jpg","width":1280,"height":960},{"@type":"BreadcrumbList","@id":"https:\/\/www.stonecity.cz\/en\/produkt\/peggles-eggs-swiss-large-ds-10-l\/#breadcrumb","itemListElement":[{"@type":"ListItem","position":1,"name":"Dom\u016f","item":"https:\/\/www.stonecity.cz\/en\/"},{"@type":"ListItem","position":2,"name":"Shop","item":"https:\/\/www.stonecity.cz\/en\/shop\/"},{"@type":"ListItem","position":3,"name":"Peggles\/ Eggs Swiss large DS-10-L"}]},{"@type":"WebSite","@id":"https:\/\/www.stonecity.cz\/en\/#website","url":"https:\/\/www.stonecity.cz\/en\/","name":"Stonecity.cz","description":"Dla\u017eba, obklady, um\u011bl\u00fd i p\u0159\u00edrodn\u00ed k\u00e1men","potentialAction":[{"@type":"SearchAction","target":{"@type":"EntryPoint","urlTemplate":"https:\/\/www.stonecity.cz\/en\/?s={search_term_string}"},"query-input":{"@type":"PropertyValueSpecification","valueRequired":true,"valueName":"search_term_string"}}],"inLanguage":"en-US"}]}},"_links":{"self":[{"href":"https:\/\/www.stonecity.cz\/en\/wp-json\/wp\/v2\/product\/18095","targetHints":{"allow":["GET"]}}],"collection":[{"href":"https:\/\/www.stonecity.cz\/en\/wp-json\/wp\/v2\/product"}],"about":[{"href":"https:\/\/www.stonecity.cz\/en\/wp-json\/wp\/v2\/types\/product"}],"wp:featuredmedia":[{"embeddable":true,"href":"https:\/\/www.stonecity.cz\/en\/wp-json\/wp\/v2\/media\/18103"}],"wp:attachment":[{"href":"https:\/\/www.stonecity.cz\/en\/wp-json\/wp\/v2\/media?parent=18095"}],"wp:term":[{"taxonomy":"product_cat","embeddable":true,"href":"https:\/\/www.stonecity.cz\/en\/wp-json\/wp\/v2\/product_cat?post=18095"},{"taxonomy":"product_tag","embeddable":true,"href":"https:\/\/www.stonecity.cz\/en\/wp-json\/wp\/v2\/product_tag?post=18095"}],"curies":[{"name":"wp","href":"https:\/\/api.w.org\/{rel}","templated":true}]}}