{"id":18265,"date":"2024-08-22T09:27:25","date_gmt":"2024-08-22T07:27:25","guid":{"rendered":"https:\/\/www.stonecity.cz\/?post_type=product&#038;p=18265"},"modified":"2024-08-22T14:33:28","modified_gmt":"2024-08-22T12:33:28","slug":"lamp-onyx","status":"publish","type":"product","link":"https:\/\/www.stonecity.cz\/en\/produkt\/lamp-onyx\/","title":{"rendered":"Onyx lamp"},"content":{"rendered":"<p>Handmade ONYX natural stone interior lamp that will provide unique and soothing lighting for your home. Onyx is considered a very powerful magical stone, it enhances the atmosphere, is an effective aphrodisiac and adds positive energy to your home.<br \/>\nThe unique property of onyx is its light transmission.<br \/>\nThe originality of each onyx lamp lies in the different shapes and colours of the veins of the stone.<br \/>\nOne of the most famous onyx walls is located in the famous Villa Tugendhat in Brno.<br \/>\nOrigin.<br \/>\nThis type of mineral is mined in different parts of Mexico.<br \/>\nIn the town of Tescali, stonemasons use it to make various lighting fixtures, bathroom accessories, washbasins and, last but not least, stunning illuminated bars and walls.<br \/>\nWiring &#8211; lamp lighting : 3 pcs of led bulbs inside the Onyx lamp body, 220 V <strong>Shipping : personal collection only<\/strong>       <\/p>\n<p>&nbsp;<\/p>\n<p>&nbsp;<\/p>\n<p>&nbsp;<\/p>\n<p>&nbsp;<\/p>\n","protected":false},"excerpt":{"rendered":"<p>Handmade ONYX natural stone interior lamp that will provide unique and soothing lighting for your home. Onyx is considered a very powerful magical stone, it enhances the atmosphere, is an effective aphrodisiac and adds positive energy to your home. The unique property of onyx is its light transmission. The originality of each onyx lamp lies [&#8230;]\n","protected":false},"featured_media":18277,"template":"","meta":[],"product_cat":[1992],"product_tag":[],"class_list":{"0":"post-18265","1":"product","2":"type-product","3":"status-publish","4":"has-post-thumbnail","6":"product_cat-stone-decorations","7":"pa_hmotnost-v-kg-za-1-mj-50kg-en","9":"first","10":"instock","11":"taxable","12":"shipping-taxable","13":"purchasable","14":"product-type-simple"},"yoast_head":"<!-- This site is optimized with the Yoast SEO plugin v26.8 - https:\/\/yoast.com\/product\/yoast-seo-wordpress\/ -->\n<title>Onyx lamp - Stonecity.cz<\/title>\n<meta name=\"robots\" content=\"index, follow, max-snippet:-1, max-image-preview:large, max-video-preview:-1\" \/>\n<link rel=\"canonical\" href=\"https:\/\/www.stonecity.cz\/en\/produkt\/lamp-onyx\/\" \/>\n<meta property=\"og:locale\" content=\"en_US\" \/>\n<meta property=\"og:type\" content=\"article\" \/>\n<meta property=\"og:title\" content=\"Onyx lamp - Stonecity.cz\" \/>\n<meta property=\"og:description\" content=\"Handmade ONYX natural stone interior lamp that will provide unique and soothing lighting for your home. Onyx is considered a very powerful magical stone, it enhances the atmosphere, is an effective aphrodisiac and adds positive energy to your home. The unique property of onyx is its light transmission. The originality of each onyx lamp lies [...]\" \/>\n<meta property=\"og:url\" content=\"https:\/\/www.stonecity.cz\/en\/produkt\/lamp-onyx\/\" \/>\n<meta property=\"og:site_name\" content=\"Stonecity.cz\" \/>\n<meta property=\"article:modified_time\" content=\"2024-08-22T12:33:28+00:00\" \/>\n<meta property=\"og:image\" content=\"https:\/\/www.stonecity.cz\/wp-content\/uploads\/2024\/08\/STONE-CITY-onyxova-lampa-6.jpg\" \/>\n\t<meta property=\"og:image:width\" content=\"768\" \/>\n\t<meta property=\"og:image:height\" content=\"1024\" \/>\n\t<meta property=\"og:image:type\" content=\"image\/jpeg\" \/>\n<meta name=\"twitter:card\" content=\"summary_large_image\" \/>\n<meta name=\"twitter:label1\" content=\"Est. reading time\" \/>\n\t<meta name=\"twitter:data1\" content=\"1 minute\" \/>\n<script type=\"application\/ld+json\" class=\"yoast-schema-graph\">{\"@context\":\"https:\/\/schema.org\",\"@graph\":[{\"@type\":\"WebPage\",\"@id\":\"https:\/\/www.stonecity.cz\/en\/produkt\/lamp-onyx\/\",\"url\":\"https:\/\/www.stonecity.cz\/en\/produkt\/lamp-onyx\/\",\"name\":\"Onyx lamp - Stonecity.cz\",\"isPartOf\":{\"@id\":\"https:\/\/www.stonecity.cz\/en\/#website\"},\"primaryImageOfPage\":{\"@id\":\"https:\/\/www.stonecity.cz\/en\/produkt\/lamp-onyx\/#primaryimage\"},\"image\":{\"@id\":\"https:\/\/www.stonecity.cz\/en\/produkt\/lamp-onyx\/#primaryimage\"},\"thumbnailUrl\":\"https:\/\/www.stonecity.cz\/wp-content\/uploads\/2024\/08\/STONE-CITY-onyxova-lampa-6.jpg\",\"datePublished\":\"2024-08-22T07:27:25+00:00\",\"dateModified\":\"2024-08-22T12:33:28+00:00\",\"breadcrumb\":{\"@id\":\"https:\/\/www.stonecity.cz\/en\/produkt\/lamp-onyx\/#breadcrumb\"},\"inLanguage\":\"en-US\",\"potentialAction\":[{\"@type\":\"ReadAction\",\"target\":[\"https:\/\/www.stonecity.cz\/en\/produkt\/lamp-onyx\/\"]}]},{\"@type\":\"ImageObject\",\"inLanguage\":\"en-US\",\"@id\":\"https:\/\/www.stonecity.cz\/en\/produkt\/lamp-onyx\/#primaryimage\",\"url\":\"https:\/\/www.stonecity.cz\/wp-content\/uploads\/2024\/08\/STONE-CITY-onyxova-lampa-6.jpg\",\"contentUrl\":\"https:\/\/www.stonecity.cz\/wp-content\/uploads\/2024\/08\/STONE-CITY-onyxova-lampa-6.jpg\",\"width\":768,\"height\":1024},{\"@type\":\"BreadcrumbList\",\"@id\":\"https:\/\/www.stonecity.cz\/en\/produkt\/lamp-onyx\/#breadcrumb\",\"itemListElement\":[{\"@type\":\"ListItem\",\"position\":1,\"name\":\"Dom\u016f\",\"item\":\"https:\/\/www.stonecity.cz\/en\/\"},{\"@type\":\"ListItem\",\"position\":2,\"name\":\"Shop\",\"item\":\"https:\/\/www.stonecity.cz\/en\/shop\/\"},{\"@type\":\"ListItem\",\"position\":3,\"name\":\"Onyx lamp\"}]},{\"@type\":\"WebSite\",\"@id\":\"https:\/\/www.stonecity.cz\/en\/#website\",\"url\":\"https:\/\/www.stonecity.cz\/en\/\",\"name\":\"Stonecity.cz\",\"description\":\"Dla\u017eba, obklady, um\u011bl\u00fd i p\u0159\u00edrodn\u00ed k\u00e1men\",\"potentialAction\":[{\"@type\":\"SearchAction\",\"target\":{\"@type\":\"EntryPoint\",\"urlTemplate\":\"https:\/\/www.stonecity.cz\/en\/?s={search_term_string}\"},\"query-input\":{\"@type\":\"PropertyValueSpecification\",\"valueRequired\":true,\"valueName\":\"search_term_string\"}}],\"inLanguage\":\"en-US\"}]}<\/script>\n<!-- \/ Yoast SEO plugin. -->","yoast_head_json":{"title":"Onyx lamp - Stonecity.cz","robots":{"index":"index","follow":"follow","max-snippet":"max-snippet:-1","max-image-preview":"max-image-preview:large","max-video-preview":"max-video-preview:-1"},"canonical":"https:\/\/www.stonecity.cz\/en\/produkt\/lamp-onyx\/","og_locale":"en_US","og_type":"article","og_title":"Onyx lamp - Stonecity.cz","og_description":"Handmade ONYX natural stone interior lamp that will provide unique and soothing lighting for your home. Onyx is considered a very powerful magical stone, it enhances the atmosphere, is an effective aphrodisiac and adds positive energy to your home. The unique property of onyx is its light transmission. The originality of each onyx lamp lies [...]","og_url":"https:\/\/www.stonecity.cz\/en\/produkt\/lamp-onyx\/","og_site_name":"Stonecity.cz","article_modified_time":"2024-08-22T12:33:28+00:00","og_image":[{"width":768,"height":1024,"url":"https:\/\/www.stonecity.cz\/wp-content\/uploads\/2024\/08\/STONE-CITY-onyxova-lampa-6.jpg","type":"image\/jpeg"}],"twitter_card":"summary_large_image","twitter_misc":{"Est. reading time":"1 minute"},"schema":{"@context":"https:\/\/schema.org","@graph":[{"@type":"WebPage","@id":"https:\/\/www.stonecity.cz\/en\/produkt\/lamp-onyx\/","url":"https:\/\/www.stonecity.cz\/en\/produkt\/lamp-onyx\/","name":"Onyx lamp - Stonecity.cz","isPartOf":{"@id":"https:\/\/www.stonecity.cz\/en\/#website"},"primaryImageOfPage":{"@id":"https:\/\/www.stonecity.cz\/en\/produkt\/lamp-onyx\/#primaryimage"},"image":{"@id":"https:\/\/www.stonecity.cz\/en\/produkt\/lamp-onyx\/#primaryimage"},"thumbnailUrl":"https:\/\/www.stonecity.cz\/wp-content\/uploads\/2024\/08\/STONE-CITY-onyxova-lampa-6.jpg","datePublished":"2024-08-22T07:27:25+00:00","dateModified":"2024-08-22T12:33:28+00:00","breadcrumb":{"@id":"https:\/\/www.stonecity.cz\/en\/produkt\/lamp-onyx\/#breadcrumb"},"inLanguage":"en-US","potentialAction":[{"@type":"ReadAction","target":["https:\/\/www.stonecity.cz\/en\/produkt\/lamp-onyx\/"]}]},{"@type":"ImageObject","inLanguage":"en-US","@id":"https:\/\/www.stonecity.cz\/en\/produkt\/lamp-onyx\/#primaryimage","url":"https:\/\/www.stonecity.cz\/wp-content\/uploads\/2024\/08\/STONE-CITY-onyxova-lampa-6.jpg","contentUrl":"https:\/\/www.stonecity.cz\/wp-content\/uploads\/2024\/08\/STONE-CITY-onyxova-lampa-6.jpg","width":768,"height":1024},{"@type":"BreadcrumbList","@id":"https:\/\/www.stonecity.cz\/en\/produkt\/lamp-onyx\/#breadcrumb","itemListElement":[{"@type":"ListItem","position":1,"name":"Dom\u016f","item":"https:\/\/www.stonecity.cz\/en\/"},{"@type":"ListItem","position":2,"name":"Shop","item":"https:\/\/www.stonecity.cz\/en\/shop\/"},{"@type":"ListItem","position":3,"name":"Onyx lamp"}]},{"@type":"WebSite","@id":"https:\/\/www.stonecity.cz\/en\/#website","url":"https:\/\/www.stonecity.cz\/en\/","name":"Stonecity.cz","description":"Dla\u017eba, obklady, um\u011bl\u00fd i p\u0159\u00edrodn\u00ed k\u00e1men","potentialAction":[{"@type":"SearchAction","target":{"@type":"EntryPoint","urlTemplate":"https:\/\/www.stonecity.cz\/en\/?s={search_term_string}"},"query-input":{"@type":"PropertyValueSpecification","valueRequired":true,"valueName":"search_term_string"}}],"inLanguage":"en-US"}]}},"_links":{"self":[{"href":"https:\/\/www.stonecity.cz\/en\/wp-json\/wp\/v2\/product\/18265","targetHints":{"allow":["GET"]}}],"collection":[{"href":"https:\/\/www.stonecity.cz\/en\/wp-json\/wp\/v2\/product"}],"about":[{"href":"https:\/\/www.stonecity.cz\/en\/wp-json\/wp\/v2\/types\/product"}],"wp:featuredmedia":[{"embeddable":true,"href":"https:\/\/www.stonecity.cz\/en\/wp-json\/wp\/v2\/media\/18277"}],"wp:attachment":[{"href":"https:\/\/www.stonecity.cz\/en\/wp-json\/wp\/v2\/media?parent=18265"}],"wp:term":[{"taxonomy":"product_cat","embeddable":true,"href":"https:\/\/www.stonecity.cz\/en\/wp-json\/wp\/v2\/product_cat?post=18265"},{"taxonomy":"product_tag","embeddable":true,"href":"https:\/\/www.stonecity.cz\/en\/wp-json\/wp\/v2\/product_tag?post=18265"}],"curies":[{"name":"wp","href":"https:\/\/api.w.org\/{rel}","templated":true}]}}