{"id":18421,"date":"2024-09-26T11:39:16","date_gmt":"2024-09-26T09:39:16","guid":{"rendered":"https:\/\/www.stonecity.cz\/?post_type=product&#038;p=18421"},"modified":"2025-04-29T16:37:46","modified_gmt":"2025-04-29T14:37:46","slug":"ultracare-stain-protector-w","status":"publish","type":"product","link":"https:\/\/www.stonecity.cz\/en\/produkt\/ultracare-stain-protector-w\/","title":{"rendered":"ULTRACARE STAIN PROTECTOR W"},"content":{"rendered":"<div class=\"ProductDescription margin-xs-top-md\">\n<section class=\"description-vantaggi margin-bottom-md\">\n<div>\n<div class=\"ProductDescription margin-xs-top-md\">\n<p class=\"text-base description-adv text-brand text-weight-700 margin-bottom-md\">Polymer blend in water dispersion with natural effect for protection of unpolished surfaces and against staining.<\/p>\n<section class=\"description-generic margin-bottom-md\">Mixture of polymers in water dispersion with natural effect for protection of unpolished surfaces and against staining<\/section>\n<section class=\"description-vantaggi margin-bottom-md\">\n<div>\n<p>ADVANTAGES :<\/p>\n<ul>\n<li>It provides good protection against water and oils without compromising the aesthetic appearance of the surface.<\/li>\n<li>Suitable for indoor and outdoor use, even on slightly damp surfaces.<\/li>\n<li>It does not form a film on the surface and therefore does not affect the original colour and vapour permeability. It also has good UV stability. <\/li>\n<li>Dries quickly, easy to apply.<\/li>\n<li>Certified for food contact surfaces<\/li>\n<\/ul>\n<\/div>\n<\/section>\n<\/div>\n<p><a href=\"https:\/\/www.stonecity.cz\/wp-content\/uploads\/2024\/09\/bezpecnostni-list-Stain-Protector-W.pdf\">Safety list Stain Protector W<\/a><\/p>\n<p><a href=\"https:\/\/www.stonecity.cz\/wp-content\/uploads\/2024\/09\/materialovy-list-Stein-Protector-W.pdf\">material sheet Stein Protector W<\/a><\/p>\n<p><iframe loading=\"lazy\" title=\"Ochrann\u00fd p\u0159\u00edpravek proti tvorb\u011b skvrn | MAPEI UltraCare Stain Protector W Plus\" width=\"1020\" height=\"574\" src=\"https:\/\/www.youtube.com\/embed\/ceqlkhdrExQ?feature=oembed\" frameborder=\"0\" allow=\"accelerometer; autoplay; clipboard-write; encrypted-media; gyroscope; picture-in-picture; web-share\" referrerpolicy=\"strict-origin-when-cross-origin\" allowfullscreen><\/iframe><\/p>\n<\/div>\n<\/section>\n<\/div>\n","protected":false},"excerpt":{"rendered":"<p>Polymer blend in water dispersion with natural effect for protection of unpolished surfaces and against staining. Mixture of polymers in water dispersion with natural effect for protection of unpolished surfaces and against staining ADVANTAGES : It provides good protection against water and oils without compromising the aesthetic appearance of the surface. Suitable for indoor and [&#8230;]\n","protected":false},"featured_media":18424,"template":"","meta":[],"product_cat":[2062],"product_tag":[],"class_list":{"0":"post-18421","1":"product","2":"type-product","3":"status-publish","4":"has-post-thumbnail","6":"product_cat-accessories","7":"product_shipping_class-accessories","8":"pa_baleni-1-l-en","10":"first","11":"instock","12":"purchasable","13":"product-type-simple"},"yoast_head":"<!-- This site is optimized with the Yoast SEO plugin v26.8 - https:\/\/yoast.com\/product\/yoast-seo-wordpress\/ -->\n<title>ULTRACARE STAIN PROTECTOR W - Stonecity.cz<\/title>\n<meta name=\"robots\" content=\"index, follow, max-snippet:-1, max-image-preview:large, max-video-preview:-1\" \/>\n<link rel=\"canonical\" href=\"https:\/\/www.stonecity.cz\/en\/produkt\/ultracare-stain-protector-w\/\" \/>\n<meta property=\"og:locale\" content=\"en_US\" \/>\n<meta property=\"og:type\" content=\"article\" \/>\n<meta property=\"og:title\" content=\"ULTRACARE STAIN PROTECTOR W - Stonecity.cz\" \/>\n<meta property=\"og:description\" content=\"Polymer blend in water dispersion with natural effect for protection of unpolished surfaces and against staining. Mixture of polymers in water dispersion with natural effect for protection of unpolished surfaces and against staining ADVANTAGES : It provides good protection against water and oils without compromising the aesthetic appearance of the surface. Suitable for indoor and [...]\" \/>\n<meta property=\"og:url\" content=\"https:\/\/www.stonecity.cz\/en\/produkt\/ultracare-stain-protector-w\/\" \/>\n<meta property=\"og:site_name\" content=\"Stonecity.cz\" \/>\n<meta property=\"article:modified_time\" content=\"2025-04-29T14:37:46+00:00\" \/>\n<meta property=\"og:image\" content=\"https:\/\/www.stonecity.cz\/wp-content\/uploads\/2024\/09\/stein-protector-W.png\" \/>\n\t<meta property=\"og:image:width\" content=\"1080\" \/>\n\t<meta property=\"og:image:height\" content=\"1080\" \/>\n\t<meta property=\"og:image:type\" content=\"image\/png\" \/>\n<meta name=\"twitter:card\" content=\"summary_large_image\" \/>\n<meta name=\"twitter:label1\" content=\"Est. reading time\" \/>\n\t<meta name=\"twitter:data1\" content=\"1 minute\" \/>\n<script type=\"application\/ld+json\" class=\"yoast-schema-graph\">{\"@context\":\"https:\/\/schema.org\",\"@graph\":[{\"@type\":\"WebPage\",\"@id\":\"https:\/\/www.stonecity.cz\/en\/produkt\/ultracare-stain-protector-w\/\",\"url\":\"https:\/\/www.stonecity.cz\/en\/produkt\/ultracare-stain-protector-w\/\",\"name\":\"ULTRACARE STAIN PROTECTOR W - Stonecity.cz\",\"isPartOf\":{\"@id\":\"https:\/\/www.stonecity.cz\/en\/#website\"},\"primaryImageOfPage\":{\"@id\":\"https:\/\/www.stonecity.cz\/en\/produkt\/ultracare-stain-protector-w\/#primaryimage\"},\"image\":{\"@id\":\"https:\/\/www.stonecity.cz\/en\/produkt\/ultracare-stain-protector-w\/#primaryimage\"},\"thumbnailUrl\":\"https:\/\/www.stonecity.cz\/wp-content\/uploads\/2024\/09\/stein-protector-W.png\",\"datePublished\":\"2024-09-26T09:39:16+00:00\",\"dateModified\":\"2025-04-29T14:37:46+00:00\",\"breadcrumb\":{\"@id\":\"https:\/\/www.stonecity.cz\/en\/produkt\/ultracare-stain-protector-w\/#breadcrumb\"},\"inLanguage\":\"en-US\",\"potentialAction\":[{\"@type\":\"ReadAction\",\"target\":[\"https:\/\/www.stonecity.cz\/en\/produkt\/ultracare-stain-protector-w\/\"]}]},{\"@type\":\"ImageObject\",\"inLanguage\":\"en-US\",\"@id\":\"https:\/\/www.stonecity.cz\/en\/produkt\/ultracare-stain-protector-w\/#primaryimage\",\"url\":\"https:\/\/www.stonecity.cz\/wp-content\/uploads\/2024\/09\/stein-protector-W.png\",\"contentUrl\":\"https:\/\/www.stonecity.cz\/wp-content\/uploads\/2024\/09\/stein-protector-W.png\",\"width\":1080,\"height\":1080},{\"@type\":\"BreadcrumbList\",\"@id\":\"https:\/\/www.stonecity.cz\/en\/produkt\/ultracare-stain-protector-w\/#breadcrumb\",\"itemListElement\":[{\"@type\":\"ListItem\",\"position\":1,\"name\":\"Dom\u016f\",\"item\":\"https:\/\/www.stonecity.cz\/en\/\"},{\"@type\":\"ListItem\",\"position\":2,\"name\":\"Shop\",\"item\":\"https:\/\/www.stonecity.cz\/en\/shop\/\"},{\"@type\":\"ListItem\",\"position\":3,\"name\":\"ULTRACARE STAIN PROTECTOR W\"}]},{\"@type\":\"WebSite\",\"@id\":\"https:\/\/www.stonecity.cz\/en\/#website\",\"url\":\"https:\/\/www.stonecity.cz\/en\/\",\"name\":\"Stonecity.cz\",\"description\":\"Dla\u017eba, obklady, um\u011bl\u00fd i p\u0159\u00edrodn\u00ed k\u00e1men\",\"potentialAction\":[{\"@type\":\"SearchAction\",\"target\":{\"@type\":\"EntryPoint\",\"urlTemplate\":\"https:\/\/www.stonecity.cz\/en\/?s={search_term_string}\"},\"query-input\":{\"@type\":\"PropertyValueSpecification\",\"valueRequired\":true,\"valueName\":\"search_term_string\"}}],\"inLanguage\":\"en-US\"}]}<\/script>\n<!-- \/ Yoast SEO plugin. -->","yoast_head_json":{"title":"ULTRACARE STAIN PROTECTOR W - Stonecity.cz","robots":{"index":"index","follow":"follow","max-snippet":"max-snippet:-1","max-image-preview":"max-image-preview:large","max-video-preview":"max-video-preview:-1"},"canonical":"https:\/\/www.stonecity.cz\/en\/produkt\/ultracare-stain-protector-w\/","og_locale":"en_US","og_type":"article","og_title":"ULTRACARE STAIN PROTECTOR W - Stonecity.cz","og_description":"Polymer blend in water dispersion with natural effect for protection of unpolished surfaces and against staining. Mixture of polymers in water dispersion with natural effect for protection of unpolished surfaces and against staining ADVANTAGES : It provides good protection against water and oils without compromising the aesthetic appearance of the surface. Suitable for indoor and [...]","og_url":"https:\/\/www.stonecity.cz\/en\/produkt\/ultracare-stain-protector-w\/","og_site_name":"Stonecity.cz","article_modified_time":"2025-04-29T14:37:46+00:00","og_image":[{"width":1080,"height":1080,"url":"https:\/\/www.stonecity.cz\/wp-content\/uploads\/2024\/09\/stein-protector-W.png","type":"image\/png"}],"twitter_card":"summary_large_image","twitter_misc":{"Est. reading time":"1 minute"},"schema":{"@context":"https:\/\/schema.org","@graph":[{"@type":"WebPage","@id":"https:\/\/www.stonecity.cz\/en\/produkt\/ultracare-stain-protector-w\/","url":"https:\/\/www.stonecity.cz\/en\/produkt\/ultracare-stain-protector-w\/","name":"ULTRACARE STAIN PROTECTOR W - Stonecity.cz","isPartOf":{"@id":"https:\/\/www.stonecity.cz\/en\/#website"},"primaryImageOfPage":{"@id":"https:\/\/www.stonecity.cz\/en\/produkt\/ultracare-stain-protector-w\/#primaryimage"},"image":{"@id":"https:\/\/www.stonecity.cz\/en\/produkt\/ultracare-stain-protector-w\/#primaryimage"},"thumbnailUrl":"https:\/\/www.stonecity.cz\/wp-content\/uploads\/2024\/09\/stein-protector-W.png","datePublished":"2024-09-26T09:39:16+00:00","dateModified":"2025-04-29T14:37:46+00:00","breadcrumb":{"@id":"https:\/\/www.stonecity.cz\/en\/produkt\/ultracare-stain-protector-w\/#breadcrumb"},"inLanguage":"en-US","potentialAction":[{"@type":"ReadAction","target":["https:\/\/www.stonecity.cz\/en\/produkt\/ultracare-stain-protector-w\/"]}]},{"@type":"ImageObject","inLanguage":"en-US","@id":"https:\/\/www.stonecity.cz\/en\/produkt\/ultracare-stain-protector-w\/#primaryimage","url":"https:\/\/www.stonecity.cz\/wp-content\/uploads\/2024\/09\/stein-protector-W.png","contentUrl":"https:\/\/www.stonecity.cz\/wp-content\/uploads\/2024\/09\/stein-protector-W.png","width":1080,"height":1080},{"@type":"BreadcrumbList","@id":"https:\/\/www.stonecity.cz\/en\/produkt\/ultracare-stain-protector-w\/#breadcrumb","itemListElement":[{"@type":"ListItem","position":1,"name":"Dom\u016f","item":"https:\/\/www.stonecity.cz\/en\/"},{"@type":"ListItem","position":2,"name":"Shop","item":"https:\/\/www.stonecity.cz\/en\/shop\/"},{"@type":"ListItem","position":3,"name":"ULTRACARE STAIN PROTECTOR W"}]},{"@type":"WebSite","@id":"https:\/\/www.stonecity.cz\/en\/#website","url":"https:\/\/www.stonecity.cz\/en\/","name":"Stonecity.cz","description":"Dla\u017eba, obklady, um\u011bl\u00fd i p\u0159\u00edrodn\u00ed k\u00e1men","potentialAction":[{"@type":"SearchAction","target":{"@type":"EntryPoint","urlTemplate":"https:\/\/www.stonecity.cz\/en\/?s={search_term_string}"},"query-input":{"@type":"PropertyValueSpecification","valueRequired":true,"valueName":"search_term_string"}}],"inLanguage":"en-US"}]}},"_links":{"self":[{"href":"https:\/\/www.stonecity.cz\/en\/wp-json\/wp\/v2\/product\/18421","targetHints":{"allow":["GET"]}}],"collection":[{"href":"https:\/\/www.stonecity.cz\/en\/wp-json\/wp\/v2\/product"}],"about":[{"href":"https:\/\/www.stonecity.cz\/en\/wp-json\/wp\/v2\/types\/product"}],"wp:featuredmedia":[{"embeddable":true,"href":"https:\/\/www.stonecity.cz\/en\/wp-json\/wp\/v2\/media\/18424"}],"wp:attachment":[{"href":"https:\/\/www.stonecity.cz\/en\/wp-json\/wp\/v2\/media?parent=18421"}],"wp:term":[{"taxonomy":"product_cat","embeddable":true,"href":"https:\/\/www.stonecity.cz\/en\/wp-json\/wp\/v2\/product_cat?post=18421"},{"taxonomy":"product_tag","embeddable":true,"href":"https:\/\/www.stonecity.cz\/en\/wp-json\/wp\/v2\/product_tag?post=18421"}],"curies":[{"name":"wp","href":"https:\/\/api.w.org\/{rel}","templated":true}]}}