{"id":18436,"date":"2024-09-26T11:53:55","date_gmt":"2024-09-26T09:53:55","guid":{"rendered":"https:\/\/www.stonecity.cz\/?post_type=product&#038;p=18436"},"modified":"2024-09-26T11:58:56","modified_gmt":"2024-09-26T09:58:56","slug":"ultracare-grout-release","status":"publish","type":"product","link":"https:\/\/www.stonecity.cz\/en\/produkt\/ultracare-grout-release\/","title":{"rendered":"ULTRACARE GROUT RELEASE"},"content":{"rendered":"<div class=\"ProductDescription margin-xs-top-md\">\n<section class=\"description-vantaggi margin-bottom-md\">\n<div>\n<div class=\"ProductDescription margin-xs-top-md\">\n<p class=\"text-base description-adv text-brand text-weight-700 margin-bottom-md\">A water dispersion product for the protection of porous materials before joining<\/p>\n<section class=\"description-generic margin-bottom-md\">A water dispersion product for the protection of porous materials prior to joining  <\/section>\n<section class=\"description-vantaggi margin-bottom-md\">\n<div>  ADVANTAGES:  <\/p>\n<ul>\n<li>Suitable for cementitious grouts<\/li>\n<li>Ready to use, easy application<\/li>\n<li>Prevents the formation of a veil and the &#8220;framing&#8221; effect of the cladding element<\/li>\n<li>Particularly suitable for joining large format tiles<\/li>\n<li>Ideal for polished tiles such as gres, cotto, clinker and natural and artificial stone and conglomerates<\/li>\n<\/ul>\n<\/div>\n<\/section>\n<\/div>\n<p><a href=\"https:\/\/www.stonecity.cz\/wp-content\/uploads\/2024\/09\/materialovy-list-Grout-release.pdf\">material sheet Grout release<\/a><a href=\"https:\/\/www.stonecity.cz\/wp-content\/uploads\/2024\/09\/bezpecnostni-list-Grout-release.pdf\">safety data sheet Grout release<\/a><\/p>\n<p>&nbsp;<\/p>\n<\/div>\n<\/section>\n<\/div>\n","protected":false},"excerpt":{"rendered":"<p>A water dispersion product for the protection of porous materials before joining A water dispersion product for the protection of porous materials prior to joining ADVANTAGES: Suitable for cementitious grouts Ready to use, easy application Prevents the formation of a veil and the &#8220;framing&#8221; effect of the cladding element Particularly suitable for joining large format [&#8230;]\n","protected":false},"featured_media":18445,"template":"","meta":[],"product_cat":[2062],"product_tag":[],"class_list":{"0":"post-18436","1":"product","2":"type-product","3":"status-publish","4":"has-post-thumbnail","6":"product_cat-accessories","7":"product_shipping_class-accessories","8":"pa_baleni-1-l-en","10":"first","11":"instock","12":"purchasable","13":"product-type-simple"},"yoast_head":"<!-- This site is optimized with the Yoast SEO plugin v26.8 - https:\/\/yoast.com\/product\/yoast-seo-wordpress\/ -->\n<title>ULTRACARE GROUT RELEASE - Stonecity.cz<\/title>\n<meta name=\"robots\" content=\"index, follow, max-snippet:-1, max-image-preview:large, max-video-preview:-1\" \/>\n<link rel=\"canonical\" href=\"https:\/\/www.stonecity.cz\/en\/produkt\/ultracare-grout-release\/\" \/>\n<meta property=\"og:locale\" content=\"en_US\" \/>\n<meta property=\"og:type\" content=\"article\" \/>\n<meta property=\"og:title\" content=\"ULTRACARE GROUT RELEASE - Stonecity.cz\" \/>\n<meta property=\"og:description\" content=\"A water dispersion product for the protection of porous materials before joining A water dispersion product for the protection of porous materials prior to joining ADVANTAGES: Suitable for cementitious grouts Ready to use, easy application Prevents the formation of a veil and the &#8220;framing&#8221; effect of the cladding element Particularly suitable for joining large format [...]\" \/>\n<meta property=\"og:url\" content=\"https:\/\/www.stonecity.cz\/en\/produkt\/ultracare-grout-release\/\" \/>\n<meta property=\"og:site_name\" content=\"Stonecity.cz\" \/>\n<meta property=\"article:modified_time\" content=\"2024-09-26T09:58:56+00:00\" \/>\n<meta property=\"og:image\" content=\"https:\/\/www.stonecity.cz\/wp-content\/uploads\/2024\/09\/grout-release.png\" \/>\n\t<meta property=\"og:image:width\" content=\"1080\" \/>\n\t<meta property=\"og:image:height\" content=\"1080\" \/>\n\t<meta property=\"og:image:type\" content=\"image\/png\" \/>\n<meta name=\"twitter:card\" content=\"summary_large_image\" \/>\n<script type=\"application\/ld+json\" class=\"yoast-schema-graph\">{\"@context\":\"https:\/\/schema.org\",\"@graph\":[{\"@type\":\"WebPage\",\"@id\":\"https:\/\/www.stonecity.cz\/en\/produkt\/ultracare-grout-release\/\",\"url\":\"https:\/\/www.stonecity.cz\/en\/produkt\/ultracare-grout-release\/\",\"name\":\"ULTRACARE GROUT RELEASE - Stonecity.cz\",\"isPartOf\":{\"@id\":\"https:\/\/www.stonecity.cz\/en\/#website\"},\"primaryImageOfPage\":{\"@id\":\"https:\/\/www.stonecity.cz\/en\/produkt\/ultracare-grout-release\/#primaryimage\"},\"image\":{\"@id\":\"https:\/\/www.stonecity.cz\/en\/produkt\/ultracare-grout-release\/#primaryimage\"},\"thumbnailUrl\":\"https:\/\/www.stonecity.cz\/wp-content\/uploads\/2024\/09\/grout-release.png\",\"datePublished\":\"2024-09-26T09:53:55+00:00\",\"dateModified\":\"2024-09-26T09:58:56+00:00\",\"breadcrumb\":{\"@id\":\"https:\/\/www.stonecity.cz\/en\/produkt\/ultracare-grout-release\/#breadcrumb\"},\"inLanguage\":\"en-US\",\"potentialAction\":[{\"@type\":\"ReadAction\",\"target\":[\"https:\/\/www.stonecity.cz\/en\/produkt\/ultracare-grout-release\/\"]}]},{\"@type\":\"ImageObject\",\"inLanguage\":\"en-US\",\"@id\":\"https:\/\/www.stonecity.cz\/en\/produkt\/ultracare-grout-release\/#primaryimage\",\"url\":\"https:\/\/www.stonecity.cz\/wp-content\/uploads\/2024\/09\/grout-release.png\",\"contentUrl\":\"https:\/\/www.stonecity.cz\/wp-content\/uploads\/2024\/09\/grout-release.png\",\"width\":1080,\"height\":1080},{\"@type\":\"BreadcrumbList\",\"@id\":\"https:\/\/www.stonecity.cz\/en\/produkt\/ultracare-grout-release\/#breadcrumb\",\"itemListElement\":[{\"@type\":\"ListItem\",\"position\":1,\"name\":\"Dom\u016f\",\"item\":\"https:\/\/www.stonecity.cz\/en\/\"},{\"@type\":\"ListItem\",\"position\":2,\"name\":\"Shop\",\"item\":\"https:\/\/www.stonecity.cz\/en\/shop\/\"},{\"@type\":\"ListItem\",\"position\":3,\"name\":\"ULTRACARE GROUT RELEASE\"}]},{\"@type\":\"WebSite\",\"@id\":\"https:\/\/www.stonecity.cz\/en\/#website\",\"url\":\"https:\/\/www.stonecity.cz\/en\/\",\"name\":\"Stonecity.cz\",\"description\":\"Dla\u017eba, obklady, um\u011bl\u00fd i p\u0159\u00edrodn\u00ed k\u00e1men\",\"potentialAction\":[{\"@type\":\"SearchAction\",\"target\":{\"@type\":\"EntryPoint\",\"urlTemplate\":\"https:\/\/www.stonecity.cz\/en\/?s={search_term_string}\"},\"query-input\":{\"@type\":\"PropertyValueSpecification\",\"valueRequired\":true,\"valueName\":\"search_term_string\"}}],\"inLanguage\":\"en-US\"}]}<\/script>\n<!-- \/ Yoast SEO plugin. -->","yoast_head_json":{"title":"ULTRACARE GROUT RELEASE - Stonecity.cz","robots":{"index":"index","follow":"follow","max-snippet":"max-snippet:-1","max-image-preview":"max-image-preview:large","max-video-preview":"max-video-preview:-1"},"canonical":"https:\/\/www.stonecity.cz\/en\/produkt\/ultracare-grout-release\/","og_locale":"en_US","og_type":"article","og_title":"ULTRACARE GROUT RELEASE - Stonecity.cz","og_description":"A water dispersion product for the protection of porous materials before joining A water dispersion product for the protection of porous materials prior to joining ADVANTAGES: Suitable for cementitious grouts Ready to use, easy application Prevents the formation of a veil and the &#8220;framing&#8221; effect of the cladding element Particularly suitable for joining large format [...]","og_url":"https:\/\/www.stonecity.cz\/en\/produkt\/ultracare-grout-release\/","og_site_name":"Stonecity.cz","article_modified_time":"2024-09-26T09:58:56+00:00","og_image":[{"width":1080,"height":1080,"url":"https:\/\/www.stonecity.cz\/wp-content\/uploads\/2024\/09\/grout-release.png","type":"image\/png"}],"twitter_card":"summary_large_image","schema":{"@context":"https:\/\/schema.org","@graph":[{"@type":"WebPage","@id":"https:\/\/www.stonecity.cz\/en\/produkt\/ultracare-grout-release\/","url":"https:\/\/www.stonecity.cz\/en\/produkt\/ultracare-grout-release\/","name":"ULTRACARE GROUT RELEASE - Stonecity.cz","isPartOf":{"@id":"https:\/\/www.stonecity.cz\/en\/#website"},"primaryImageOfPage":{"@id":"https:\/\/www.stonecity.cz\/en\/produkt\/ultracare-grout-release\/#primaryimage"},"image":{"@id":"https:\/\/www.stonecity.cz\/en\/produkt\/ultracare-grout-release\/#primaryimage"},"thumbnailUrl":"https:\/\/www.stonecity.cz\/wp-content\/uploads\/2024\/09\/grout-release.png","datePublished":"2024-09-26T09:53:55+00:00","dateModified":"2024-09-26T09:58:56+00:00","breadcrumb":{"@id":"https:\/\/www.stonecity.cz\/en\/produkt\/ultracare-grout-release\/#breadcrumb"},"inLanguage":"en-US","potentialAction":[{"@type":"ReadAction","target":["https:\/\/www.stonecity.cz\/en\/produkt\/ultracare-grout-release\/"]}]},{"@type":"ImageObject","inLanguage":"en-US","@id":"https:\/\/www.stonecity.cz\/en\/produkt\/ultracare-grout-release\/#primaryimage","url":"https:\/\/www.stonecity.cz\/wp-content\/uploads\/2024\/09\/grout-release.png","contentUrl":"https:\/\/www.stonecity.cz\/wp-content\/uploads\/2024\/09\/grout-release.png","width":1080,"height":1080},{"@type":"BreadcrumbList","@id":"https:\/\/www.stonecity.cz\/en\/produkt\/ultracare-grout-release\/#breadcrumb","itemListElement":[{"@type":"ListItem","position":1,"name":"Dom\u016f","item":"https:\/\/www.stonecity.cz\/en\/"},{"@type":"ListItem","position":2,"name":"Shop","item":"https:\/\/www.stonecity.cz\/en\/shop\/"},{"@type":"ListItem","position":3,"name":"ULTRACARE GROUT RELEASE"}]},{"@type":"WebSite","@id":"https:\/\/www.stonecity.cz\/en\/#website","url":"https:\/\/www.stonecity.cz\/en\/","name":"Stonecity.cz","description":"Dla\u017eba, obklady, um\u011bl\u00fd i p\u0159\u00edrodn\u00ed k\u00e1men","potentialAction":[{"@type":"SearchAction","target":{"@type":"EntryPoint","urlTemplate":"https:\/\/www.stonecity.cz\/en\/?s={search_term_string}"},"query-input":{"@type":"PropertyValueSpecification","valueRequired":true,"valueName":"search_term_string"}}],"inLanguage":"en-US"}]}},"_links":{"self":[{"href":"https:\/\/www.stonecity.cz\/en\/wp-json\/wp\/v2\/product\/18436","targetHints":{"allow":["GET"]}}],"collection":[{"href":"https:\/\/www.stonecity.cz\/en\/wp-json\/wp\/v2\/product"}],"about":[{"href":"https:\/\/www.stonecity.cz\/en\/wp-json\/wp\/v2\/types\/product"}],"wp:featuredmedia":[{"embeddable":true,"href":"https:\/\/www.stonecity.cz\/en\/wp-json\/wp\/v2\/media\/18445"}],"wp:attachment":[{"href":"https:\/\/www.stonecity.cz\/en\/wp-json\/wp\/v2\/media?parent=18436"}],"wp:term":[{"taxonomy":"product_cat","embeddable":true,"href":"https:\/\/www.stonecity.cz\/en\/wp-json\/wp\/v2\/product_cat?post=18436"},{"taxonomy":"product_tag","embeddable":true,"href":"https:\/\/www.stonecity.cz\/en\/wp-json\/wp\/v2\/product_tag?post=18436"}],"curies":[{"name":"wp","href":"https:\/\/api.w.org\/{rel}","templated":true}]}}