{"id":18619,"date":"2024-10-09T14:27:36","date_gmt":"2024-10-09T12:27:36","guid":{"rendered":"https:\/\/www.stonecity.cz\/?post_type=product&#038;p=18619"},"modified":"2024-10-09T14:45:20","modified_gmt":"2024-10-09T12:45:20","slug":"travertin-classic-light-xxl-tr-64-2-kopirovat-kopirovat","status":"publish","type":"product","link":"https:\/\/www.stonecity.cz\/en\/produkt\/travertin-classic-light-xxl-tr-64-2-kopirovat-kopirovat\/","title":{"rendered":"Travertin Classic light XXL &#8211; TR-64-2 (Kop\u00edrovat) (Kop\u00edrovat)"},"content":{"rendered":"<p>Travertine is a beautiful natural stone that is often used in interiors and exteriors. It is known for its unique texture and warm appearance. The distinctive pores (caverns) and veins of travertine give it a playful and organic appearance. Using travertine in your interior will add a touch of elegance and natural beauty. Whether you opt for a modern or classic style, travertine offers countless options to give your space a timeless and luxurious look. In conclusion, travertine is a versatile and stunning natural stone that can be a stylish addition to any interior or exterior. It combines natural beauty with durability and easy maintenance, making it a popular choice for many customers. The Classic Medium irregularly shaped travertine tile is very elegant with a pleasant honey colour. Travertine is very practical to maintain and thanks to its structure it always retains a clean appearance. Thickness 2 cm Surface: unfilled, cross-cut, chamfered edges Application: around swimming pools, terraces, corridors, staircases&#8230; Easy installation and minimal maintenance.  <em><strong><a href=\"https:\/\/www.stonecity.cz\/wp-content\/uploads\/2020\/05\/Certifikat-k-travertinu.pdf\">Travertine certificate<\/a><\/strong><\/em><\/p>\n<p>&nbsp;<\/p>\n","protected":false},"excerpt":{"rendered":"<p>Travertine is a beautiful natural stone that is often used in interiors and exteriors. It is known for its unique texture and warm appearance. The distinctive pores (caverns) and veins of travertine give it a playful and organic appearance. Using travertine in your interior will add a touch of elegance and natural beauty. Whether you [&#8230;]\n","protected":false},"featured_media":18598,"template":"","meta":[],"product_cat":[3172,1916,1922,1944],"product_tag":[1744,1746,1752,1747,1751],"class_list":{"0":"post-18619","1":"product","2":"type-product","3":"status-publish","4":"has-post-thumbnail","6":"product_cat-parapets-stairs-pool-edging","7":"product_cat-pavements","8":"product_cat-natural-stone","9":"product_cat-granite","10":"product_tag-suitable-for-outdoors","11":"product_tag-suitable-for-the-bathroom","12":"product_tag-suitable-for-the-garden-en","13":"product_tag-suitable-for-the-kitchen","14":"product_tag-suitable-for-the-terrace","15":"pa_baleni-box-22m2","17":"first","18":"instock","19":"purchasable","20":"product-type-simple"},"yoast_head":"<!-- This site is optimized with the Yoast SEO plugin v26.8 - https:\/\/yoast.com\/product\/yoast-seo-wordpress\/ -->\n<title>Travertin Classic light XXL - TR-64-2 (Kop\u00edrovat) (Kop\u00edrovat) - Stonecity.cz<\/title>\n<meta name=\"robots\" content=\"index, follow, max-snippet:-1, max-image-preview:large, max-video-preview:-1\" \/>\n<link rel=\"canonical\" href=\"https:\/\/www.stonecity.cz\/en\/produkt\/travertin-classic-light-xxl-tr-64-2-kopirovat-kopirovat\/\" \/>\n<meta property=\"og:locale\" content=\"en_US\" \/>\n<meta property=\"og:type\" content=\"article\" \/>\n<meta property=\"og:title\" content=\"Travertin Classic light XXL - TR-64-2 (Kop\u00edrovat) (Kop\u00edrovat) - Stonecity.cz\" \/>\n<meta property=\"og:description\" content=\"Travertine is a beautiful natural stone that is often used in interiors and exteriors. It is known for its unique texture and warm appearance. The distinctive pores (caverns) and veins of travertine give it a playful and organic appearance. Using travertine in your interior will add a touch of elegance and natural beauty. Whether you [...]\" \/>\n<meta property=\"og:url\" content=\"https:\/\/www.stonecity.cz\/en\/produkt\/travertin-classic-light-xxl-tr-64-2-kopirovat-kopirovat\/\" \/>\n<meta property=\"og:site_name\" content=\"Stonecity.cz\" \/>\n<meta property=\"article:modified_time\" content=\"2024-10-09T12:45:20+00:00\" \/>\n<meta property=\"og:image\" content=\"https:\/\/www.stonecity.cz\/wp-content\/uploads\/2024\/10\/IMG-20241009-WA0008.jpg\" \/>\n\t<meta property=\"og:image:width\" content=\"1600\" \/>\n\t<meta property=\"og:image:height\" content=\"1200\" \/>\n\t<meta property=\"og:image:type\" content=\"image\/jpeg\" \/>\n<meta name=\"twitter:card\" content=\"summary_large_image\" \/>\n<meta name=\"twitter:label1\" content=\"Est. reading time\" \/>\n\t<meta name=\"twitter:data1\" content=\"1 minute\" \/>\n<script type=\"application\/ld+json\" class=\"yoast-schema-graph\">{\"@context\":\"https:\/\/schema.org\",\"@graph\":[{\"@type\":\"WebPage\",\"@id\":\"https:\/\/www.stonecity.cz\/en\/produkt\/travertin-classic-light-xxl-tr-64-2-kopirovat-kopirovat\/\",\"url\":\"https:\/\/www.stonecity.cz\/en\/produkt\/travertin-classic-light-xxl-tr-64-2-kopirovat-kopirovat\/\",\"name\":\"Travertin Classic light XXL - TR-64-2 (Kop\u00edrovat) (Kop\u00edrovat) - Stonecity.cz\",\"isPartOf\":{\"@id\":\"https:\/\/www.stonecity.cz\/en\/#website\"},\"primaryImageOfPage\":{\"@id\":\"https:\/\/www.stonecity.cz\/en\/produkt\/travertin-classic-light-xxl-tr-64-2-kopirovat-kopirovat\/#primaryimage\"},\"image\":{\"@id\":\"https:\/\/www.stonecity.cz\/en\/produkt\/travertin-classic-light-xxl-tr-64-2-kopirovat-kopirovat\/#primaryimage\"},\"thumbnailUrl\":\"https:\/\/www.stonecity.cz\/wp-content\/uploads\/2024\/10\/IMG-20241009-WA0008.jpg\",\"datePublished\":\"2024-10-09T12:27:36+00:00\",\"dateModified\":\"2024-10-09T12:45:20+00:00\",\"breadcrumb\":{\"@id\":\"https:\/\/www.stonecity.cz\/en\/produkt\/travertin-classic-light-xxl-tr-64-2-kopirovat-kopirovat\/#breadcrumb\"},\"inLanguage\":\"en-US\",\"potentialAction\":[{\"@type\":\"ReadAction\",\"target\":[\"https:\/\/www.stonecity.cz\/en\/produkt\/travertin-classic-light-xxl-tr-64-2-kopirovat-kopirovat\/\"]}]},{\"@type\":\"ImageObject\",\"inLanguage\":\"en-US\",\"@id\":\"https:\/\/www.stonecity.cz\/en\/produkt\/travertin-classic-light-xxl-tr-64-2-kopirovat-kopirovat\/#primaryimage\",\"url\":\"https:\/\/www.stonecity.cz\/wp-content\/uploads\/2024\/10\/IMG-20241009-WA0008.jpg\",\"contentUrl\":\"https:\/\/www.stonecity.cz\/wp-content\/uploads\/2024\/10\/IMG-20241009-WA0008.jpg\",\"width\":1600,\"height\":1200},{\"@type\":\"BreadcrumbList\",\"@id\":\"https:\/\/www.stonecity.cz\/en\/produkt\/travertin-classic-light-xxl-tr-64-2-kopirovat-kopirovat\/#breadcrumb\",\"itemListElement\":[{\"@type\":\"ListItem\",\"position\":1,\"name\":\"Dom\u016f\",\"item\":\"https:\/\/www.stonecity.cz\/en\/\"},{\"@type\":\"ListItem\",\"position\":2,\"name\":\"Shop\",\"item\":\"https:\/\/www.stonecity.cz\/en\/shop\/\"},{\"@type\":\"ListItem\",\"position\":3,\"name\":\"Travertin Classic light XXL &#8211; TR-64-2 (Kop\u00edrovat) (Kop\u00edrovat)\"}]},{\"@type\":\"WebSite\",\"@id\":\"https:\/\/www.stonecity.cz\/en\/#website\",\"url\":\"https:\/\/www.stonecity.cz\/en\/\",\"name\":\"Stonecity.cz\",\"description\":\"Dla\u017eba, obklady, um\u011bl\u00fd i p\u0159\u00edrodn\u00ed k\u00e1men\",\"potentialAction\":[{\"@type\":\"SearchAction\",\"target\":{\"@type\":\"EntryPoint\",\"urlTemplate\":\"https:\/\/www.stonecity.cz\/en\/?s={search_term_string}\"},\"query-input\":{\"@type\":\"PropertyValueSpecification\",\"valueRequired\":true,\"valueName\":\"search_term_string\"}}],\"inLanguage\":\"en-US\"}]}<\/script>\n<!-- \/ Yoast SEO plugin. -->","yoast_head_json":{"title":"Travertin Classic light XXL - TR-64-2 (Kop\u00edrovat) (Kop\u00edrovat) - Stonecity.cz","robots":{"index":"index","follow":"follow","max-snippet":"max-snippet:-1","max-image-preview":"max-image-preview:large","max-video-preview":"max-video-preview:-1"},"canonical":"https:\/\/www.stonecity.cz\/en\/produkt\/travertin-classic-light-xxl-tr-64-2-kopirovat-kopirovat\/","og_locale":"en_US","og_type":"article","og_title":"Travertin Classic light XXL - TR-64-2 (Kop\u00edrovat) (Kop\u00edrovat) - Stonecity.cz","og_description":"Travertine is a beautiful natural stone that is often used in interiors and exteriors. It is known for its unique texture and warm appearance. The distinctive pores (caverns) and veins of travertine give it a playful and organic appearance. Using travertine in your interior will add a touch of elegance and natural beauty. Whether you [...]","og_url":"https:\/\/www.stonecity.cz\/en\/produkt\/travertin-classic-light-xxl-tr-64-2-kopirovat-kopirovat\/","og_site_name":"Stonecity.cz","article_modified_time":"2024-10-09T12:45:20+00:00","og_image":[{"width":1600,"height":1200,"url":"https:\/\/www.stonecity.cz\/wp-content\/uploads\/2024\/10\/IMG-20241009-WA0008.jpg","type":"image\/jpeg"}],"twitter_card":"summary_large_image","twitter_misc":{"Est. reading time":"1 minute"},"schema":{"@context":"https:\/\/schema.org","@graph":[{"@type":"WebPage","@id":"https:\/\/www.stonecity.cz\/en\/produkt\/travertin-classic-light-xxl-tr-64-2-kopirovat-kopirovat\/","url":"https:\/\/www.stonecity.cz\/en\/produkt\/travertin-classic-light-xxl-tr-64-2-kopirovat-kopirovat\/","name":"Travertin Classic light XXL - TR-64-2 (Kop\u00edrovat) (Kop\u00edrovat) - Stonecity.cz","isPartOf":{"@id":"https:\/\/www.stonecity.cz\/en\/#website"},"primaryImageOfPage":{"@id":"https:\/\/www.stonecity.cz\/en\/produkt\/travertin-classic-light-xxl-tr-64-2-kopirovat-kopirovat\/#primaryimage"},"image":{"@id":"https:\/\/www.stonecity.cz\/en\/produkt\/travertin-classic-light-xxl-tr-64-2-kopirovat-kopirovat\/#primaryimage"},"thumbnailUrl":"https:\/\/www.stonecity.cz\/wp-content\/uploads\/2024\/10\/IMG-20241009-WA0008.jpg","datePublished":"2024-10-09T12:27:36+00:00","dateModified":"2024-10-09T12:45:20+00:00","breadcrumb":{"@id":"https:\/\/www.stonecity.cz\/en\/produkt\/travertin-classic-light-xxl-tr-64-2-kopirovat-kopirovat\/#breadcrumb"},"inLanguage":"en-US","potentialAction":[{"@type":"ReadAction","target":["https:\/\/www.stonecity.cz\/en\/produkt\/travertin-classic-light-xxl-tr-64-2-kopirovat-kopirovat\/"]}]},{"@type":"ImageObject","inLanguage":"en-US","@id":"https:\/\/www.stonecity.cz\/en\/produkt\/travertin-classic-light-xxl-tr-64-2-kopirovat-kopirovat\/#primaryimage","url":"https:\/\/www.stonecity.cz\/wp-content\/uploads\/2024\/10\/IMG-20241009-WA0008.jpg","contentUrl":"https:\/\/www.stonecity.cz\/wp-content\/uploads\/2024\/10\/IMG-20241009-WA0008.jpg","width":1600,"height":1200},{"@type":"BreadcrumbList","@id":"https:\/\/www.stonecity.cz\/en\/produkt\/travertin-classic-light-xxl-tr-64-2-kopirovat-kopirovat\/#breadcrumb","itemListElement":[{"@type":"ListItem","position":1,"name":"Dom\u016f","item":"https:\/\/www.stonecity.cz\/en\/"},{"@type":"ListItem","position":2,"name":"Shop","item":"https:\/\/www.stonecity.cz\/en\/shop\/"},{"@type":"ListItem","position":3,"name":"Travertin Classic light XXL &#8211; TR-64-2 (Kop\u00edrovat) (Kop\u00edrovat)"}]},{"@type":"WebSite","@id":"https:\/\/www.stonecity.cz\/en\/#website","url":"https:\/\/www.stonecity.cz\/en\/","name":"Stonecity.cz","description":"Dla\u017eba, obklady, um\u011bl\u00fd i p\u0159\u00edrodn\u00ed k\u00e1men","potentialAction":[{"@type":"SearchAction","target":{"@type":"EntryPoint","urlTemplate":"https:\/\/www.stonecity.cz\/en\/?s={search_term_string}"},"query-input":{"@type":"PropertyValueSpecification","valueRequired":true,"valueName":"search_term_string"}}],"inLanguage":"en-US"}]}},"_links":{"self":[{"href":"https:\/\/www.stonecity.cz\/en\/wp-json\/wp\/v2\/product\/18619","targetHints":{"allow":["GET"]}}],"collection":[{"href":"https:\/\/www.stonecity.cz\/en\/wp-json\/wp\/v2\/product"}],"about":[{"href":"https:\/\/www.stonecity.cz\/en\/wp-json\/wp\/v2\/types\/product"}],"wp:featuredmedia":[{"embeddable":true,"href":"https:\/\/www.stonecity.cz\/en\/wp-json\/wp\/v2\/media\/18598"}],"wp:attachment":[{"href":"https:\/\/www.stonecity.cz\/en\/wp-json\/wp\/v2\/media?parent=18619"}],"wp:term":[{"taxonomy":"product_cat","embeddable":true,"href":"https:\/\/www.stonecity.cz\/en\/wp-json\/wp\/v2\/product_cat?post=18619"},{"taxonomy":"product_tag","embeddable":true,"href":"https:\/\/www.stonecity.cz\/en\/wp-json\/wp\/v2\/product_tag?post=18619"}],"curies":[{"name":"wp","href":"https:\/\/api.w.org\/{rel}","templated":true}]}}