{"id":18647,"date":"2024-11-05T13:17:12","date_gmt":"2024-11-05T12:17:12","guid":{"rendered":"https:\/\/www.stonecity.cz\/?post_type=product&#038;p=18647"},"modified":"2024-11-05T13:39:22","modified_gmt":"2024-11-05T12:39:22","slug":"zule-curb-garden-gold-ob","status":"publish","type":"product","link":"https:\/\/www.stonecity.cz\/en\/produkt\/zule-curb-garden-gold-ob\/","title":{"rendered":"Granite garden curb ZL-OB"},"content":{"rendered":"<p>Granite garden edging with all sides cut, top tanned. Timeless-durability-strength: granite pavers generally boast timeless elegance, exceptional strength and architectural versatility for use in any historic or contemporary design trend. These pavements and materials have surrounded us for hundreds of years. Installation in concrete. Use: exterior Hardy : YES<\/p>\n<p>&nbsp;<\/p>\n<p>&nbsp;<\/p>\n<p>&nbsp;<\/p>\n<p>&nbsp;<\/p>\n<p>&nbsp;<\/p>\n<p>&nbsp;<\/p>\n","protected":false},"excerpt":{"rendered":"<p>Granite garden edging with all sides cut, top tanned. Timeless-durability-strength: granite pavers generally boast timeless elegance, exceptional strength and architectural versatility for use in any historic or contemporary design trend. These pavements and materials have surrounded us for hundreds of years. Installation in concrete. Use: exterior Hardy : YES &nbsp; &nbsp; &nbsp; &nbsp; &nbsp; &nbsp;<\/p>\n","protected":false},"featured_media":18659,"template":"","meta":[],"product_cat":[3172,1916,1944],"product_tag":[1744,1746,1752,1747,1751],"class_list":{"0":"post-18647","1":"product","2":"type-product","3":"status-publish","4":"has-post-thumbnail","6":"product_cat-parapets-stairs-pool-edging","7":"product_cat-pavements","8":"product_cat-granite","9":"product_tag-suitable-for-outdoors","10":"product_tag-suitable-for-the-bathroom","11":"product_tag-suitable-for-the-garden-en","12":"product_tag-suitable-for-the-kitchen","13":"product_tag-suitable-for-the-terrace","14":"pa_baleni-box-22m2","16":"first","17":"onbackorder","18":"purchasable","19":"product-type-variable"},"yoast_head":"<!-- This site is optimized with the Yoast SEO plugin v26.8 - https:\/\/yoast.com\/product\/yoast-seo-wordpress\/ -->\n<title>Granite garden curb ZL-OB - Stonecity.cz<\/title>\n<meta name=\"robots\" content=\"index, follow, max-snippet:-1, max-image-preview:large, max-video-preview:-1\" \/>\n<link rel=\"canonical\" href=\"https:\/\/www.stonecity.cz\/en\/produkt\/zule-curb-garden-gold-ob\/\" \/>\n<meta property=\"og:locale\" content=\"en_US\" \/>\n<meta property=\"og:type\" content=\"article\" \/>\n<meta property=\"og:title\" content=\"Granite garden curb ZL-OB - Stonecity.cz\" \/>\n<meta property=\"og:description\" content=\"Granite garden edging with all sides cut, top tanned. Timeless-durability-strength: granite pavers generally boast timeless elegance, exceptional strength and architectural versatility for use in any historic or contemporary design trend. These pavements and materials have surrounded us for hundreds of years. Installation in concrete. Use: exterior Hardy : YES &nbsp; &nbsp; &nbsp; &nbsp; &nbsp; &nbsp;\" \/>\n<meta property=\"og:url\" content=\"https:\/\/www.stonecity.cz\/en\/produkt\/zule-curb-garden-gold-ob\/\" \/>\n<meta property=\"og:site_name\" content=\"Stonecity.cz\" \/>\n<meta property=\"article:modified_time\" content=\"2024-11-05T12:39:22+00:00\" \/>\n<meta property=\"og:image\" content=\"https:\/\/www.stonecity.cz\/wp-content\/uploads\/2024\/11\/IMG-20241029-WA0001.jpg\" \/>\n\t<meta property=\"og:image:width\" content=\"1600\" \/>\n\t<meta property=\"og:image:height\" content=\"739\" \/>\n\t<meta property=\"og:image:type\" content=\"image\/jpeg\" \/>\n<meta name=\"twitter:card\" content=\"summary_large_image\" \/>\n<script type=\"application\/ld+json\" class=\"yoast-schema-graph\">{\"@context\":\"https:\/\/schema.org\",\"@graph\":[{\"@type\":\"WebPage\",\"@id\":\"https:\/\/www.stonecity.cz\/en\/produkt\/zule-curb-garden-gold-ob\/\",\"url\":\"https:\/\/www.stonecity.cz\/en\/produkt\/zule-curb-garden-gold-ob\/\",\"name\":\"Granite garden curb ZL-OB - Stonecity.cz\",\"isPartOf\":{\"@id\":\"https:\/\/www.stonecity.cz\/en\/#website\"},\"primaryImageOfPage\":{\"@id\":\"https:\/\/www.stonecity.cz\/en\/produkt\/zule-curb-garden-gold-ob\/#primaryimage\"},\"image\":{\"@id\":\"https:\/\/www.stonecity.cz\/en\/produkt\/zule-curb-garden-gold-ob\/#primaryimage\"},\"thumbnailUrl\":\"https:\/\/www.stonecity.cz\/wp-content\/uploads\/2024\/11\/IMG-20241029-WA0001.jpg\",\"datePublished\":\"2024-11-05T12:17:12+00:00\",\"dateModified\":\"2024-11-05T12:39:22+00:00\",\"breadcrumb\":{\"@id\":\"https:\/\/www.stonecity.cz\/en\/produkt\/zule-curb-garden-gold-ob\/#breadcrumb\"},\"inLanguage\":\"en-US\",\"potentialAction\":[{\"@type\":\"ReadAction\",\"target\":[\"https:\/\/www.stonecity.cz\/en\/produkt\/zule-curb-garden-gold-ob\/\"]}]},{\"@type\":\"ImageObject\",\"inLanguage\":\"en-US\",\"@id\":\"https:\/\/www.stonecity.cz\/en\/produkt\/zule-curb-garden-gold-ob\/#primaryimage\",\"url\":\"https:\/\/www.stonecity.cz\/wp-content\/uploads\/2024\/11\/IMG-20241029-WA0001.jpg\",\"contentUrl\":\"https:\/\/www.stonecity.cz\/wp-content\/uploads\/2024\/11\/IMG-20241029-WA0001.jpg\",\"width\":1600,\"height\":739},{\"@type\":\"BreadcrumbList\",\"@id\":\"https:\/\/www.stonecity.cz\/en\/produkt\/zule-curb-garden-gold-ob\/#breadcrumb\",\"itemListElement\":[{\"@type\":\"ListItem\",\"position\":1,\"name\":\"Dom\u016f\",\"item\":\"https:\/\/www.stonecity.cz\/en\/\"},{\"@type\":\"ListItem\",\"position\":2,\"name\":\"Shop\",\"item\":\"https:\/\/www.stonecity.cz\/en\/shop\/\"},{\"@type\":\"ListItem\",\"position\":3,\"name\":\"Granite garden curb ZL-OB\"}]},{\"@type\":\"WebSite\",\"@id\":\"https:\/\/www.stonecity.cz\/en\/#website\",\"url\":\"https:\/\/www.stonecity.cz\/en\/\",\"name\":\"Stonecity.cz\",\"description\":\"Dla\u017eba, obklady, um\u011bl\u00fd i p\u0159\u00edrodn\u00ed k\u00e1men\",\"potentialAction\":[{\"@type\":\"SearchAction\",\"target\":{\"@type\":\"EntryPoint\",\"urlTemplate\":\"https:\/\/www.stonecity.cz\/en\/?s={search_term_string}\"},\"query-input\":{\"@type\":\"PropertyValueSpecification\",\"valueRequired\":true,\"valueName\":\"search_term_string\"}}],\"inLanguage\":\"en-US\"}]}<\/script>\n<!-- \/ Yoast SEO plugin. -->","yoast_head_json":{"title":"Granite garden curb ZL-OB - Stonecity.cz","robots":{"index":"index","follow":"follow","max-snippet":"max-snippet:-1","max-image-preview":"max-image-preview:large","max-video-preview":"max-video-preview:-1"},"canonical":"https:\/\/www.stonecity.cz\/en\/produkt\/zule-curb-garden-gold-ob\/","og_locale":"en_US","og_type":"article","og_title":"Granite garden curb ZL-OB - Stonecity.cz","og_description":"Granite garden edging with all sides cut, top tanned. Timeless-durability-strength: granite pavers generally boast timeless elegance, exceptional strength and architectural versatility for use in any historic or contemporary design trend. These pavements and materials have surrounded us for hundreds of years. Installation in concrete. Use: exterior Hardy : YES &nbsp; &nbsp; &nbsp; &nbsp; &nbsp; &nbsp;","og_url":"https:\/\/www.stonecity.cz\/en\/produkt\/zule-curb-garden-gold-ob\/","og_site_name":"Stonecity.cz","article_modified_time":"2024-11-05T12:39:22+00:00","og_image":[{"width":1600,"height":739,"url":"https:\/\/www.stonecity.cz\/wp-content\/uploads\/2024\/11\/IMG-20241029-WA0001.jpg","type":"image\/jpeg"}],"twitter_card":"summary_large_image","schema":{"@context":"https:\/\/schema.org","@graph":[{"@type":"WebPage","@id":"https:\/\/www.stonecity.cz\/en\/produkt\/zule-curb-garden-gold-ob\/","url":"https:\/\/www.stonecity.cz\/en\/produkt\/zule-curb-garden-gold-ob\/","name":"Granite garden curb ZL-OB - Stonecity.cz","isPartOf":{"@id":"https:\/\/www.stonecity.cz\/en\/#website"},"primaryImageOfPage":{"@id":"https:\/\/www.stonecity.cz\/en\/produkt\/zule-curb-garden-gold-ob\/#primaryimage"},"image":{"@id":"https:\/\/www.stonecity.cz\/en\/produkt\/zule-curb-garden-gold-ob\/#primaryimage"},"thumbnailUrl":"https:\/\/www.stonecity.cz\/wp-content\/uploads\/2024\/11\/IMG-20241029-WA0001.jpg","datePublished":"2024-11-05T12:17:12+00:00","dateModified":"2024-11-05T12:39:22+00:00","breadcrumb":{"@id":"https:\/\/www.stonecity.cz\/en\/produkt\/zule-curb-garden-gold-ob\/#breadcrumb"},"inLanguage":"en-US","potentialAction":[{"@type":"ReadAction","target":["https:\/\/www.stonecity.cz\/en\/produkt\/zule-curb-garden-gold-ob\/"]}]},{"@type":"ImageObject","inLanguage":"en-US","@id":"https:\/\/www.stonecity.cz\/en\/produkt\/zule-curb-garden-gold-ob\/#primaryimage","url":"https:\/\/www.stonecity.cz\/wp-content\/uploads\/2024\/11\/IMG-20241029-WA0001.jpg","contentUrl":"https:\/\/www.stonecity.cz\/wp-content\/uploads\/2024\/11\/IMG-20241029-WA0001.jpg","width":1600,"height":739},{"@type":"BreadcrumbList","@id":"https:\/\/www.stonecity.cz\/en\/produkt\/zule-curb-garden-gold-ob\/#breadcrumb","itemListElement":[{"@type":"ListItem","position":1,"name":"Dom\u016f","item":"https:\/\/www.stonecity.cz\/en\/"},{"@type":"ListItem","position":2,"name":"Shop","item":"https:\/\/www.stonecity.cz\/en\/shop\/"},{"@type":"ListItem","position":3,"name":"Granite garden curb ZL-OB"}]},{"@type":"WebSite","@id":"https:\/\/www.stonecity.cz\/en\/#website","url":"https:\/\/www.stonecity.cz\/en\/","name":"Stonecity.cz","description":"Dla\u017eba, obklady, um\u011bl\u00fd i p\u0159\u00edrodn\u00ed k\u00e1men","potentialAction":[{"@type":"SearchAction","target":{"@type":"EntryPoint","urlTemplate":"https:\/\/www.stonecity.cz\/en\/?s={search_term_string}"},"query-input":{"@type":"PropertyValueSpecification","valueRequired":true,"valueName":"search_term_string"}}],"inLanguage":"en-US"}]}},"_links":{"self":[{"href":"https:\/\/www.stonecity.cz\/en\/wp-json\/wp\/v2\/product\/18647","targetHints":{"allow":["GET"]}}],"collection":[{"href":"https:\/\/www.stonecity.cz\/en\/wp-json\/wp\/v2\/product"}],"about":[{"href":"https:\/\/www.stonecity.cz\/en\/wp-json\/wp\/v2\/types\/product"}],"wp:featuredmedia":[{"embeddable":true,"href":"https:\/\/www.stonecity.cz\/en\/wp-json\/wp\/v2\/media\/18659"}],"wp:attachment":[{"href":"https:\/\/www.stonecity.cz\/en\/wp-json\/wp\/v2\/media?parent=18647"}],"wp:term":[{"taxonomy":"product_cat","embeddable":true,"href":"https:\/\/www.stonecity.cz\/en\/wp-json\/wp\/v2\/product_cat?post=18647"},{"taxonomy":"product_tag","embeddable":true,"href":"https:\/\/www.stonecity.cz\/en\/wp-json\/wp\/v2\/product_tag?post=18647"}],"curies":[{"name":"wp","href":"https:\/\/api.w.org\/{rel}","templated":true}]}}