{"id":18734,"date":"2024-12-03T16:09:55","date_gmt":"2024-12-03T15:09:55","guid":{"rendered":"https:\/\/www.stonecity.cz\/?post_type=product&#038;p=18734"},"modified":"2025-03-07T11:05:13","modified_gmt":"2025-03-07T10:05:13","slug":"bella-night-antik-travertine-tr-76","status":"publish","type":"product","link":"https:\/\/www.stonecity.cz\/en\/produkt\/bella-night-antik-travertine-tr-76\/","title":{"rendered":"Stone rustic tiles \/ travertine tiles Bella Noce Antik TR-76"},"content":{"rendered":"<p>Travertine is a beautiful natural stone that is often used in interiors and exteriors. It is known for its unique texture and warm appearance. The distinctive pores (caverns) and veins of travertine give it a playful and organic appearance. Using travertine in your interior will add a touch of elegance and natural beauty. Whether you opt for a modern or classic style, travertine offers countless options to give your space a timeless and luxurious look.<br \/>\nIn conclusion, travertine is a versatile and stunning natural stone that can be a stylish addition to any interior or exterior. It combines natural beauty with durability and easy maintenance, making it a popular choice for many customers.<\/p>\n<p>The surface of the board is filled &#8211; that is, the visible cavities are filled and the surface completely re-polished.<\/p>\n<p>Tile edges &#8211; precision cut<\/p>\n<p>Travertine paving is colourfast and frost-resistant. After impregnation of the stone, the material is resistant to oil or other types of pollution.<\/p>\n<p>Travertine is a luxurious and very elegant material that has been used in architecture and construction for centuries for its elegance, durability and timelessness.<\/p>\n<p>Surface: cross cut, filled, polished<\/p>\n<p>Use: bathrooms, kitchens, pool surroundings, terraces, corridors, staircases&#8230;<\/p>\n<p>Easy installation and minimal maintenance.<\/p>\n<p><em><strong><a href=\"https:\/\/www.stonecity.cz\/wp-content\/uploads\/2020\/05\/Certifikat-k-travertinu.pdf\">Travertine certificate<\/a><\/strong><\/em><\/p>\n<p>&nbsp;<\/p>\n","protected":false},"excerpt":{"rendered":"<p>Travertine is a beautiful natural stone that is often used in interiors and exteriors. It is known for its unique texture and warm appearance. The distinctive pores (caverns) and veins of travertine give it a playful and organic appearance. Using travertine in your interior will add a touch of elegance and natural beauty. Whether you [&#8230;]\n","protected":false},"featured_media":18748,"template":"","meta":[],"product_cat":[3271,2040,2032,2056,1916,1922,1950],"product_tag":[1745,1744,1746,1752,1747,1751],"class_list":{"0":"post-18734","1":"product","2":"type-product","3":"status-publish","4":"has-post-thumbnail","6":"product_cat-historic-and-rustic-paving","7":"product_cat-stone-veneer","8":"product_cat-natural-stone-en","9":"product_cat-travertine-en","10":"product_cat-pavements","11":"product_cat-natural-stone","12":"product_cat-travertine","13":"product_tag-suitable-for-indoors","14":"product_tag-suitable-for-outdoors","15":"product_tag-suitable-for-the-bathroom","16":"product_tag-suitable-for-the-garden-en","17":"product_tag-suitable-for-the-kitchen","18":"product_tag-suitable-for-the-terrace","19":"pa_baleni-cardboard-box-075m2-3pcs","21":"first","22":"instock","23":"purchasable","24":"product-type-simple"},"yoast_head":"<!-- This site is optimized with the Yoast SEO plugin v26.8 - https:\/\/yoast.com\/product\/yoast-seo-wordpress\/ -->\n<title>Stone rustic tiles \/ travertine tiles Bella Noce Antik TR-76 - Stonecity.cz<\/title>\n<meta name=\"robots\" content=\"index, follow, max-snippet:-1, max-image-preview:large, max-video-preview:-1\" \/>\n<link rel=\"canonical\" href=\"https:\/\/www.stonecity.cz\/en\/produkt\/bella-night-antik-travertine-tr-76\/\" \/>\n<meta property=\"og:locale\" content=\"en_US\" \/>\n<meta property=\"og:type\" content=\"article\" \/>\n<meta property=\"og:title\" content=\"Stone rustic tiles \/ travertine tiles Bella Noce Antik TR-76 - Stonecity.cz\" \/>\n<meta property=\"og:description\" content=\"Travertine is a beautiful natural stone that is often used in interiors and exteriors. It is known for its unique texture and warm appearance. The distinctive pores (caverns) and veins of travertine give it a playful and organic appearance. Using travertine in your interior will add a touch of elegance and natural beauty. Whether you [...]\" \/>\n<meta property=\"og:url\" content=\"https:\/\/www.stonecity.cz\/en\/produkt\/bella-night-antik-travertine-tr-76\/\" \/>\n<meta property=\"og:site_name\" content=\"Stonecity.cz\" \/>\n<meta property=\"article:modified_time\" content=\"2025-03-07T10:05:13+00:00\" \/>\n<meta property=\"og:image\" content=\"https:\/\/www.stonecity.cz\/wp-content\/uploads\/2024\/12\/produkt-foto-Bella-Noce-Antique-travertine-.jpg\" \/>\n\t<meta property=\"og:image:width\" content=\"1483\" \/>\n\t<meta property=\"og:image:height\" content=\"900\" \/>\n\t<meta property=\"og:image:type\" content=\"image\/jpeg\" \/>\n<meta name=\"twitter:card\" content=\"summary_large_image\" \/>\n<meta name=\"twitter:label1\" content=\"Est. reading time\" \/>\n\t<meta name=\"twitter:data1\" content=\"1 minute\" \/>\n<script type=\"application\/ld+json\" class=\"yoast-schema-graph\">{\"@context\":\"https:\/\/schema.org\",\"@graph\":[{\"@type\":\"WebPage\",\"@id\":\"https:\/\/www.stonecity.cz\/en\/produkt\/bella-night-antik-travertine-tr-76\/\",\"url\":\"https:\/\/www.stonecity.cz\/en\/produkt\/bella-night-antik-travertine-tr-76\/\",\"name\":\"Stone rustic tiles \/ travertine tiles Bella Noce Antik TR-76 - Stonecity.cz\",\"isPartOf\":{\"@id\":\"https:\/\/www.stonecity.cz\/en\/#website\"},\"primaryImageOfPage\":{\"@id\":\"https:\/\/www.stonecity.cz\/en\/produkt\/bella-night-antik-travertine-tr-76\/#primaryimage\"},\"image\":{\"@id\":\"https:\/\/www.stonecity.cz\/en\/produkt\/bella-night-antik-travertine-tr-76\/#primaryimage\"},\"thumbnailUrl\":\"https:\/\/www.stonecity.cz\/wp-content\/uploads\/2024\/12\/produkt-foto-Bella-Noce-Antique-travertine-.jpg\",\"datePublished\":\"2024-12-03T15:09:55+00:00\",\"dateModified\":\"2025-03-07T10:05:13+00:00\",\"breadcrumb\":{\"@id\":\"https:\/\/www.stonecity.cz\/en\/produkt\/bella-night-antik-travertine-tr-76\/#breadcrumb\"},\"inLanguage\":\"en-US\",\"potentialAction\":[{\"@type\":\"ReadAction\",\"target\":[\"https:\/\/www.stonecity.cz\/en\/produkt\/bella-night-antik-travertine-tr-76\/\"]}]},{\"@type\":\"ImageObject\",\"inLanguage\":\"en-US\",\"@id\":\"https:\/\/www.stonecity.cz\/en\/produkt\/bella-night-antik-travertine-tr-76\/#primaryimage\",\"url\":\"https:\/\/www.stonecity.cz\/wp-content\/uploads\/2024\/12\/produkt-foto-Bella-Noce-Antique-travertine-.jpg\",\"contentUrl\":\"https:\/\/www.stonecity.cz\/wp-content\/uploads\/2024\/12\/produkt-foto-Bella-Noce-Antique-travertine-.jpg\",\"width\":1483,\"height\":900},{\"@type\":\"BreadcrumbList\",\"@id\":\"https:\/\/www.stonecity.cz\/en\/produkt\/bella-night-antik-travertine-tr-76\/#breadcrumb\",\"itemListElement\":[{\"@type\":\"ListItem\",\"position\":1,\"name\":\"Dom\u016f\",\"item\":\"https:\/\/www.stonecity.cz\/en\/\"},{\"@type\":\"ListItem\",\"position\":2,\"name\":\"Shop\",\"item\":\"https:\/\/www.stonecity.cz\/en\/shop\/\"},{\"@type\":\"ListItem\",\"position\":3,\"name\":\"Stone rustic tiles \/ travertine tiles Bella Noce Antik TR-76\"}]},{\"@type\":\"WebSite\",\"@id\":\"https:\/\/www.stonecity.cz\/en\/#website\",\"url\":\"https:\/\/www.stonecity.cz\/en\/\",\"name\":\"Stonecity.cz\",\"description\":\"Dla\u017eba, obklady, um\u011bl\u00fd i p\u0159\u00edrodn\u00ed k\u00e1men\",\"potentialAction\":[{\"@type\":\"SearchAction\",\"target\":{\"@type\":\"EntryPoint\",\"urlTemplate\":\"https:\/\/www.stonecity.cz\/en\/?s={search_term_string}\"},\"query-input\":{\"@type\":\"PropertyValueSpecification\",\"valueRequired\":true,\"valueName\":\"search_term_string\"}}],\"inLanguage\":\"en-US\"}]}<\/script>\n<!-- \/ Yoast SEO plugin. -->","yoast_head_json":{"title":"Stone rustic tiles \/ travertine tiles Bella Noce Antik TR-76 - Stonecity.cz","robots":{"index":"index","follow":"follow","max-snippet":"max-snippet:-1","max-image-preview":"max-image-preview:large","max-video-preview":"max-video-preview:-1"},"canonical":"https:\/\/www.stonecity.cz\/en\/produkt\/bella-night-antik-travertine-tr-76\/","og_locale":"en_US","og_type":"article","og_title":"Stone rustic tiles \/ travertine tiles Bella Noce Antik TR-76 - Stonecity.cz","og_description":"Travertine is a beautiful natural stone that is often used in interiors and exteriors. It is known for its unique texture and warm appearance. The distinctive pores (caverns) and veins of travertine give it a playful and organic appearance. Using travertine in your interior will add a touch of elegance and natural beauty. Whether you [...]","og_url":"https:\/\/www.stonecity.cz\/en\/produkt\/bella-night-antik-travertine-tr-76\/","og_site_name":"Stonecity.cz","article_modified_time":"2025-03-07T10:05:13+00:00","og_image":[{"width":1483,"height":900,"url":"https:\/\/www.stonecity.cz\/wp-content\/uploads\/2024\/12\/produkt-foto-Bella-Noce-Antique-travertine-.jpg","type":"image\/jpeg"}],"twitter_card":"summary_large_image","twitter_misc":{"Est. reading time":"1 minute"},"schema":{"@context":"https:\/\/schema.org","@graph":[{"@type":"WebPage","@id":"https:\/\/www.stonecity.cz\/en\/produkt\/bella-night-antik-travertine-tr-76\/","url":"https:\/\/www.stonecity.cz\/en\/produkt\/bella-night-antik-travertine-tr-76\/","name":"Stone rustic tiles \/ travertine tiles Bella Noce Antik TR-76 - Stonecity.cz","isPartOf":{"@id":"https:\/\/www.stonecity.cz\/en\/#website"},"primaryImageOfPage":{"@id":"https:\/\/www.stonecity.cz\/en\/produkt\/bella-night-antik-travertine-tr-76\/#primaryimage"},"image":{"@id":"https:\/\/www.stonecity.cz\/en\/produkt\/bella-night-antik-travertine-tr-76\/#primaryimage"},"thumbnailUrl":"https:\/\/www.stonecity.cz\/wp-content\/uploads\/2024\/12\/produkt-foto-Bella-Noce-Antique-travertine-.jpg","datePublished":"2024-12-03T15:09:55+00:00","dateModified":"2025-03-07T10:05:13+00:00","breadcrumb":{"@id":"https:\/\/www.stonecity.cz\/en\/produkt\/bella-night-antik-travertine-tr-76\/#breadcrumb"},"inLanguage":"en-US","potentialAction":[{"@type":"ReadAction","target":["https:\/\/www.stonecity.cz\/en\/produkt\/bella-night-antik-travertine-tr-76\/"]}]},{"@type":"ImageObject","inLanguage":"en-US","@id":"https:\/\/www.stonecity.cz\/en\/produkt\/bella-night-antik-travertine-tr-76\/#primaryimage","url":"https:\/\/www.stonecity.cz\/wp-content\/uploads\/2024\/12\/produkt-foto-Bella-Noce-Antique-travertine-.jpg","contentUrl":"https:\/\/www.stonecity.cz\/wp-content\/uploads\/2024\/12\/produkt-foto-Bella-Noce-Antique-travertine-.jpg","width":1483,"height":900},{"@type":"BreadcrumbList","@id":"https:\/\/www.stonecity.cz\/en\/produkt\/bella-night-antik-travertine-tr-76\/#breadcrumb","itemListElement":[{"@type":"ListItem","position":1,"name":"Dom\u016f","item":"https:\/\/www.stonecity.cz\/en\/"},{"@type":"ListItem","position":2,"name":"Shop","item":"https:\/\/www.stonecity.cz\/en\/shop\/"},{"@type":"ListItem","position":3,"name":"Stone rustic tiles \/ travertine tiles Bella Noce Antik TR-76"}]},{"@type":"WebSite","@id":"https:\/\/www.stonecity.cz\/en\/#website","url":"https:\/\/www.stonecity.cz\/en\/","name":"Stonecity.cz","description":"Dla\u017eba, obklady, um\u011bl\u00fd i p\u0159\u00edrodn\u00ed k\u00e1men","potentialAction":[{"@type":"SearchAction","target":{"@type":"EntryPoint","urlTemplate":"https:\/\/www.stonecity.cz\/en\/?s={search_term_string}"},"query-input":{"@type":"PropertyValueSpecification","valueRequired":true,"valueName":"search_term_string"}}],"inLanguage":"en-US"}]}},"_links":{"self":[{"href":"https:\/\/www.stonecity.cz\/en\/wp-json\/wp\/v2\/product\/18734","targetHints":{"allow":["GET"]}}],"collection":[{"href":"https:\/\/www.stonecity.cz\/en\/wp-json\/wp\/v2\/product"}],"about":[{"href":"https:\/\/www.stonecity.cz\/en\/wp-json\/wp\/v2\/types\/product"}],"wp:featuredmedia":[{"embeddable":true,"href":"https:\/\/www.stonecity.cz\/en\/wp-json\/wp\/v2\/media\/18748"}],"wp:attachment":[{"href":"https:\/\/www.stonecity.cz\/en\/wp-json\/wp\/v2\/media?parent=18734"}],"wp:term":[{"taxonomy":"product_cat","embeddable":true,"href":"https:\/\/www.stonecity.cz\/en\/wp-json\/wp\/v2\/product_cat?post=18734"},{"taxonomy":"product_tag","embeddable":true,"href":"https:\/\/www.stonecity.cz\/en\/wp-json\/wp\/v2\/product_tag?post=18734"}],"curies":[{"name":"wp","href":"https:\/\/api.w.org\/{rel}","templated":true}]}}