{"id":18758,"date":"2024-12-16T09:38:05","date_gmt":"2024-12-16T08:38:05","guid":{"rendered":"https:\/\/www.stonecity.cz\/?post_type=product&#038;p=18758"},"modified":"2024-12-16T09:45:10","modified_gmt":"2024-12-16T08:45:10","slug":"fountain-with-virgin-face-df-04-kopirovat","status":"publish","type":"product","link":"https:\/\/www.stonecity.cz\/en\/produkt\/fountain-with-virgin-face-df-04-kopirovat\/","title":{"rendered":"Fountain &#8211; cascades Pammukale DF-12"},"content":{"rendered":"<p>The fountain is made of natural stone.<\/p>\n<p>Green polar stone was used for the production, which will perfectly decorate your garden.<\/p>\n<p>This fountain will add stylish elegance to your garden and terrace.<\/p>\n<p>&nbsp;<\/p>\n<p>&nbsp;<\/p>\n<p>&nbsp;<\/p>\n","protected":false},"excerpt":{"rendered":"<p>The fountain is made of natural stone. Green polar stone was used for the production, which will perfectly decorate your garden. This fountain will add stylish elegance to your garden and terrace. &nbsp; &nbsp; &nbsp;<\/p>\n","protected":false},"featured_media":18761,"template":"","meta":[],"product_cat":[1994],"product_tag":[1744,1750,1749],"class_list":{"0":"post-18758","1":"product","2":"type-product","3":"status-publish","4":"has-post-thumbnail","6":"product_cat-stone-fountains","7":"product_tag-suitable-for-outdoors","8":"product_tag-suitable-for-the-garden","9":"product_tag-suitable-for-wellness","10":"pa_hmotnost-v-kg-za-1-mj-190kg-en","12":"first","13":"instock","14":"taxable","15":"shipping-taxable","16":"purchasable","17":"product-type-simple"},"yoast_head":"<!-- This site is optimized with the Yoast SEO plugin v26.8 - https:\/\/yoast.com\/product\/yoast-seo-wordpress\/ -->\n<title>Fountain - cascades Pammukale DF-12 - Stonecity.cz<\/title>\n<meta name=\"robots\" content=\"index, follow, max-snippet:-1, max-image-preview:large, max-video-preview:-1\" \/>\n<link rel=\"canonical\" href=\"https:\/\/www.stonecity.cz\/en\/produkt\/fountain-with-virgin-face-df-04-kopirovat\/\" \/>\n<meta property=\"og:locale\" content=\"en_US\" \/>\n<meta property=\"og:type\" content=\"article\" \/>\n<meta property=\"og:title\" content=\"Fountain - cascades Pammukale DF-12 - Stonecity.cz\" \/>\n<meta property=\"og:description\" content=\"The fountain is made of natural stone. Green polar stone was used for the production, which will perfectly decorate your garden. This fountain will add stylish elegance to your garden and terrace. &nbsp; &nbsp; &nbsp;\" \/>\n<meta property=\"og:url\" content=\"https:\/\/www.stonecity.cz\/en\/produkt\/fountain-with-virgin-face-df-04-kopirovat\/\" \/>\n<meta property=\"og:site_name\" content=\"Stonecity.cz\" \/>\n<meta property=\"article:modified_time\" content=\"2024-12-16T08:45:10+00:00\" \/>\n<meta property=\"og:image\" content=\"https:\/\/www.stonecity.cz\/wp-content\/uploads\/2024\/12\/DF-12-III.jpg\" \/>\n\t<meta property=\"og:image:width\" content=\"1512\" \/>\n\t<meta property=\"og:image:height\" content=\"2016\" \/>\n\t<meta property=\"og:image:type\" content=\"image\/jpeg\" \/>\n<meta name=\"twitter:card\" content=\"summary_large_image\" \/>\n<script type=\"application\/ld+json\" class=\"yoast-schema-graph\">{\"@context\":\"https:\/\/schema.org\",\"@graph\":[{\"@type\":\"WebPage\",\"@id\":\"https:\/\/www.stonecity.cz\/en\/produkt\/fountain-with-virgin-face-df-04-kopirovat\/\",\"url\":\"https:\/\/www.stonecity.cz\/en\/produkt\/fountain-with-virgin-face-df-04-kopirovat\/\",\"name\":\"Fountain - cascades Pammukale DF-12 - Stonecity.cz\",\"isPartOf\":{\"@id\":\"https:\/\/www.stonecity.cz\/en\/#website\"},\"primaryImageOfPage\":{\"@id\":\"https:\/\/www.stonecity.cz\/en\/produkt\/fountain-with-virgin-face-df-04-kopirovat\/#primaryimage\"},\"image\":{\"@id\":\"https:\/\/www.stonecity.cz\/en\/produkt\/fountain-with-virgin-face-df-04-kopirovat\/#primaryimage\"},\"thumbnailUrl\":\"https:\/\/www.stonecity.cz\/wp-content\/uploads\/2024\/12\/DF-12-III.jpg\",\"datePublished\":\"2024-12-16T08:38:05+00:00\",\"dateModified\":\"2024-12-16T08:45:10+00:00\",\"breadcrumb\":{\"@id\":\"https:\/\/www.stonecity.cz\/en\/produkt\/fountain-with-virgin-face-df-04-kopirovat\/#breadcrumb\"},\"inLanguage\":\"en-US\",\"potentialAction\":[{\"@type\":\"ReadAction\",\"target\":[\"https:\/\/www.stonecity.cz\/en\/produkt\/fountain-with-virgin-face-df-04-kopirovat\/\"]}]},{\"@type\":\"ImageObject\",\"inLanguage\":\"en-US\",\"@id\":\"https:\/\/www.stonecity.cz\/en\/produkt\/fountain-with-virgin-face-df-04-kopirovat\/#primaryimage\",\"url\":\"https:\/\/www.stonecity.cz\/wp-content\/uploads\/2024\/12\/DF-12-III.jpg\",\"contentUrl\":\"https:\/\/www.stonecity.cz\/wp-content\/uploads\/2024\/12\/DF-12-III.jpg\",\"width\":1512,\"height\":2016},{\"@type\":\"BreadcrumbList\",\"@id\":\"https:\/\/www.stonecity.cz\/en\/produkt\/fountain-with-virgin-face-df-04-kopirovat\/#breadcrumb\",\"itemListElement\":[{\"@type\":\"ListItem\",\"position\":1,\"name\":\"Dom\u016f\",\"item\":\"https:\/\/www.stonecity.cz\/en\/\"},{\"@type\":\"ListItem\",\"position\":2,\"name\":\"Shop\",\"item\":\"https:\/\/www.stonecity.cz\/en\/shop\/\"},{\"@type\":\"ListItem\",\"position\":3,\"name\":\"Fountain &#8211; cascades Pammukale DF-12\"}]},{\"@type\":\"WebSite\",\"@id\":\"https:\/\/www.stonecity.cz\/en\/#website\",\"url\":\"https:\/\/www.stonecity.cz\/en\/\",\"name\":\"Stonecity.cz\",\"description\":\"Dla\u017eba, obklady, um\u011bl\u00fd i p\u0159\u00edrodn\u00ed k\u00e1men\",\"potentialAction\":[{\"@type\":\"SearchAction\",\"target\":{\"@type\":\"EntryPoint\",\"urlTemplate\":\"https:\/\/www.stonecity.cz\/en\/?s={search_term_string}\"},\"query-input\":{\"@type\":\"PropertyValueSpecification\",\"valueRequired\":true,\"valueName\":\"search_term_string\"}}],\"inLanguage\":\"en-US\"}]}<\/script>\n<!-- \/ Yoast SEO plugin. -->","yoast_head_json":{"title":"Fountain - cascades Pammukale DF-12 - Stonecity.cz","robots":{"index":"index","follow":"follow","max-snippet":"max-snippet:-1","max-image-preview":"max-image-preview:large","max-video-preview":"max-video-preview:-1"},"canonical":"https:\/\/www.stonecity.cz\/en\/produkt\/fountain-with-virgin-face-df-04-kopirovat\/","og_locale":"en_US","og_type":"article","og_title":"Fountain - cascades Pammukale DF-12 - Stonecity.cz","og_description":"The fountain is made of natural stone. Green polar stone was used for the production, which will perfectly decorate your garden. This fountain will add stylish elegance to your garden and terrace. &nbsp; &nbsp; &nbsp;","og_url":"https:\/\/www.stonecity.cz\/en\/produkt\/fountain-with-virgin-face-df-04-kopirovat\/","og_site_name":"Stonecity.cz","article_modified_time":"2024-12-16T08:45:10+00:00","og_image":[{"width":1512,"height":2016,"url":"https:\/\/www.stonecity.cz\/wp-content\/uploads\/2024\/12\/DF-12-III.jpg","type":"image\/jpeg"}],"twitter_card":"summary_large_image","schema":{"@context":"https:\/\/schema.org","@graph":[{"@type":"WebPage","@id":"https:\/\/www.stonecity.cz\/en\/produkt\/fountain-with-virgin-face-df-04-kopirovat\/","url":"https:\/\/www.stonecity.cz\/en\/produkt\/fountain-with-virgin-face-df-04-kopirovat\/","name":"Fountain - cascades Pammukale DF-12 - Stonecity.cz","isPartOf":{"@id":"https:\/\/www.stonecity.cz\/en\/#website"},"primaryImageOfPage":{"@id":"https:\/\/www.stonecity.cz\/en\/produkt\/fountain-with-virgin-face-df-04-kopirovat\/#primaryimage"},"image":{"@id":"https:\/\/www.stonecity.cz\/en\/produkt\/fountain-with-virgin-face-df-04-kopirovat\/#primaryimage"},"thumbnailUrl":"https:\/\/www.stonecity.cz\/wp-content\/uploads\/2024\/12\/DF-12-III.jpg","datePublished":"2024-12-16T08:38:05+00:00","dateModified":"2024-12-16T08:45:10+00:00","breadcrumb":{"@id":"https:\/\/www.stonecity.cz\/en\/produkt\/fountain-with-virgin-face-df-04-kopirovat\/#breadcrumb"},"inLanguage":"en-US","potentialAction":[{"@type":"ReadAction","target":["https:\/\/www.stonecity.cz\/en\/produkt\/fountain-with-virgin-face-df-04-kopirovat\/"]}]},{"@type":"ImageObject","inLanguage":"en-US","@id":"https:\/\/www.stonecity.cz\/en\/produkt\/fountain-with-virgin-face-df-04-kopirovat\/#primaryimage","url":"https:\/\/www.stonecity.cz\/wp-content\/uploads\/2024\/12\/DF-12-III.jpg","contentUrl":"https:\/\/www.stonecity.cz\/wp-content\/uploads\/2024\/12\/DF-12-III.jpg","width":1512,"height":2016},{"@type":"BreadcrumbList","@id":"https:\/\/www.stonecity.cz\/en\/produkt\/fountain-with-virgin-face-df-04-kopirovat\/#breadcrumb","itemListElement":[{"@type":"ListItem","position":1,"name":"Dom\u016f","item":"https:\/\/www.stonecity.cz\/en\/"},{"@type":"ListItem","position":2,"name":"Shop","item":"https:\/\/www.stonecity.cz\/en\/shop\/"},{"@type":"ListItem","position":3,"name":"Fountain &#8211; cascades Pammukale DF-12"}]},{"@type":"WebSite","@id":"https:\/\/www.stonecity.cz\/en\/#website","url":"https:\/\/www.stonecity.cz\/en\/","name":"Stonecity.cz","description":"Dla\u017eba, obklady, um\u011bl\u00fd i p\u0159\u00edrodn\u00ed k\u00e1men","potentialAction":[{"@type":"SearchAction","target":{"@type":"EntryPoint","urlTemplate":"https:\/\/www.stonecity.cz\/en\/?s={search_term_string}"},"query-input":{"@type":"PropertyValueSpecification","valueRequired":true,"valueName":"search_term_string"}}],"inLanguage":"en-US"}]}},"_links":{"self":[{"href":"https:\/\/www.stonecity.cz\/en\/wp-json\/wp\/v2\/product\/18758","targetHints":{"allow":["GET"]}}],"collection":[{"href":"https:\/\/www.stonecity.cz\/en\/wp-json\/wp\/v2\/product"}],"about":[{"href":"https:\/\/www.stonecity.cz\/en\/wp-json\/wp\/v2\/types\/product"}],"wp:featuredmedia":[{"embeddable":true,"href":"https:\/\/www.stonecity.cz\/en\/wp-json\/wp\/v2\/media\/18761"}],"wp:attachment":[{"href":"https:\/\/www.stonecity.cz\/en\/wp-json\/wp\/v2\/media?parent=18758"}],"wp:term":[{"taxonomy":"product_cat","embeddable":true,"href":"https:\/\/www.stonecity.cz\/en\/wp-json\/wp\/v2\/product_cat?post=18758"},{"taxonomy":"product_tag","embeddable":true,"href":"https:\/\/www.stonecity.cz\/en\/wp-json\/wp\/v2\/product_tag?post=18758"}],"curies":[{"name":"wp","href":"https:\/\/api.w.org\/{rel}","templated":true}]}}