{"id":18919,"date":"2025-02-05T14:43:59","date_gmt":"2025-02-05T13:43:59","guid":{"rendered":"https:\/\/www.stonecity.cz\/?post_type=product&#038;p=18919"},"modified":"2025-03-07T11:04:35","modified_gmt":"2025-03-07T10:04:35","slug":"stone-paving-granite-gr-54-kopirovat","status":"publish","type":"product","link":"https:\/\/www.stonecity.cz\/en\/produkt\/stone-paving-granite-gr-54-kopirovat\/","title":{"rendered":"Historical rustic tiles \/ tiles GENT &#8211; GR-09-POR"},"content":{"rendered":"<p>Unique granite and porphyry paving made from original old quarried cubes, which are cleaned and cut on the contact underside.<\/p>\n<p>This creates an original versatile paving that gives a unique and unmistakable atmosphere of the old days, or as a contrast to elevate contemporary modern architecture.<\/p>\n<p>The paving can be used both indoors and outdoors with mortar bedding or adhesive mortar, where there is no room for traditional large cubes.<\/p>\n<p>Infinite durability, brutal resistance, unlimited timelessness, versatile usability.<\/p>\n<p>&nbsp;<\/p>\n<div style=\"width: 480px;\" class=\"wp-video\"><!--[if lt IE 9]><script>document.createElement('video');<\/script><![endif]-->\n<video class=\"wp-video-shortcode\" id=\"video-18919-1\" width=\"480\" height=\"848\" preload=\"metadata\" controls=\"controls\"><source type=\"video\/mp4\" src=\"https:\/\/www.stonecity.cz\/wp-content\/uploads\/2025\/02\/VID-20250205-WA0001.mp4?_=1\" \/><a href=\"https:\/\/www.stonecity.cz\/wp-content\/uploads\/2025\/02\/VID-20250205-WA0001.mp4\">https:\/\/www.stonecity.cz\/wp-content\/uploads\/2025\/02\/VID-20250205-WA0001.mp4<\/a><\/video><\/div>\n<div style=\"width: 480px;\" class=\"wp-video\"><video class=\"wp-video-shortcode\" id=\"video-18919-2\" width=\"480\" height=\"848\" preload=\"metadata\" controls=\"controls\"><source type=\"video\/mp4\" src=\"https:\/\/www.stonecity.cz\/wp-content\/uploads\/2025\/02\/VID-20250205-WA0002.mp4?_=2\" \/><a href=\"https:\/\/www.stonecity.cz\/wp-content\/uploads\/2025\/02\/VID-20250205-WA0002.mp4\">https:\/\/www.stonecity.cz\/wp-content\/uploads\/2025\/02\/VID-20250205-WA0002.mp4<\/a><\/video><\/div>\n<div style=\"width: 480px;\" class=\"wp-video\"><video class=\"wp-video-shortcode\" id=\"video-18919-3\" width=\"480\" height=\"704\" preload=\"metadata\" controls=\"controls\"><source type=\"video\/mp4\" src=\"https:\/\/www.stonecity.cz\/wp-content\/uploads\/2025\/02\/VID-20250205-WA0003.mp4?_=3\" \/><a href=\"https:\/\/www.stonecity.cz\/wp-content\/uploads\/2025\/02\/VID-20250205-WA0003.mp4\">https:\/\/www.stonecity.cz\/wp-content\/uploads\/2025\/02\/VID-20250205-WA0003.mp4<\/a><\/video><\/div>\n","protected":false},"excerpt":{"rendered":"<div style=\"width: 480px;\" class=\"wp-video\"><video class=\"wp-video-shortcode\" id=\"video-18919-4\" width=\"480\" height=\"848\" preload=\"metadata\" controls=\"controls\"><source type=\"video\/mp4\" src=\"https:\/\/www.stonecity.cz\/wp-content\/uploads\/2025\/02\/VID-20250205-WA0001.mp4?_=4\" \/><a href=\"https:\/\/www.stonecity.cz\/wp-content\/uploads\/2025\/02\/VID-20250205-WA0001.mp4\">https:\/\/www.stonecity.cz\/wp-content\/uploads\/2025\/02\/VID-20250205-WA0001.mp4<\/a><\/video><\/div>\n<div style=\"width: 480px;\" class=\"wp-video\"><video class=\"wp-video-shortcode\" id=\"video-18919-5\" width=\"480\" height=\"848\" preload=\"metadata\" controls=\"controls\"><source type=\"video\/mp4\" src=\"https:\/\/www.stonecity.cz\/wp-content\/uploads\/2025\/02\/VID-20250205-WA0002.mp4?_=5\" \/><a href=\"https:\/\/www.stonecity.cz\/wp-content\/uploads\/2025\/02\/VID-20250205-WA0002.mp4\">https:\/\/www.stonecity.cz\/wp-content\/uploads\/2025\/02\/VID-20250205-WA0002.mp4<\/a><\/video><\/div>\n<div style=\"width: 480px;\" class=\"wp-video\"><video class=\"wp-video-shortcode\" id=\"video-18919-6\" width=\"480\" height=\"704\" preload=\"metadata\" controls=\"controls\"><source type=\"video\/mp4\" src=\"https:\/\/www.stonecity.cz\/wp-content\/uploads\/2025\/02\/VID-20250205-WA0003.mp4?_=6\" \/><a href=\"https:\/\/www.stonecity.cz\/wp-content\/uploads\/2025\/02\/VID-20250205-WA0003.mp4\">https:\/\/www.stonecity.cz\/wp-content\/uploads\/2025\/02\/VID-20250205-WA0003.mp4<\/a><\/video><\/div>\n","protected":false},"featured_media":18933,"template":"","meta":[],"product_cat":[3271,2040,2032,2050,2052,1916,1922,1944,1946],"product_tag":[1745,1744,1746,1751],"class_list":{"0":"post-18919","1":"product","2":"type-product","3":"status-publish","4":"has-post-thumbnail","6":"product_cat-historic-and-rustic-paving","7":"product_cat-stone-veneer","8":"product_cat-natural-stone-en","9":"product_cat-granite-en","10":"product_cat-porphyry-en","11":"product_cat-pavements","12":"product_cat-natural-stone","13":"product_cat-granite","14":"product_cat-porphyry","15":"product_tag-suitable-for-indoors","16":"product_tag-suitable-for-outdoors","17":"product_tag-suitable-for-the-bathroom","18":"product_tag-suitable-for-the-terrace","19":"pa_baleni-wooden-box-125m2","20":"pa_barva-grey-en-2","22":"first","23":"onbackorder","24":"purchasable","25":"product-type-simple"},"yoast_head":"<!-- This site is optimized with the Yoast SEO plugin v26.8 - https:\/\/yoast.com\/product\/yoast-seo-wordpress\/ -->\n<title>Historical rustic tiles \/ tiles GENT - GR-09-POR - Stonecity.cz<\/title>\n<meta name=\"robots\" content=\"index, follow, max-snippet:-1, max-image-preview:large, max-video-preview:-1\" \/>\n<link rel=\"canonical\" href=\"https:\/\/www.stonecity.cz\/en\/produkt\/stone-paving-granite-gr-54-kopirovat\/\" \/>\n<meta property=\"og:locale\" content=\"en_US\" \/>\n<meta property=\"og:type\" content=\"article\" \/>\n<meta property=\"og:title\" content=\"Historical rustic tiles \/ tiles GENT - GR-09-POR - Stonecity.cz\" \/>\n<meta property=\"og:url\" content=\"https:\/\/www.stonecity.cz\/en\/produkt\/stone-paving-granite-gr-54-kopirovat\/\" \/>\n<meta property=\"og:site_name\" content=\"Stonecity.cz\" \/>\n<meta property=\"article:modified_time\" content=\"2025-03-07T10:04:35+00:00\" \/>\n<meta property=\"og:image\" content=\"https:\/\/www.stonecity.cz\/wp-content\/uploads\/2025\/02\/IMG_9914-1067x800.jpg\" \/>\n\t<meta property=\"og:image:width\" content=\"1067\" \/>\n\t<meta property=\"og:image:height\" content=\"800\" \/>\n\t<meta property=\"og:image:type\" content=\"image\/jpeg\" \/>\n<meta name=\"twitter:card\" content=\"summary_large_image\" \/>\n<meta name=\"twitter:label1\" content=\"Est. reading time\" \/>\n\t<meta name=\"twitter:data1\" content=\"1 minute\" \/>\n<script type=\"application\/ld+json\" class=\"yoast-schema-graph\">{\"@context\":\"https:\/\/schema.org\",\"@graph\":[{\"@type\":\"WebPage\",\"@id\":\"https:\/\/www.stonecity.cz\/en\/produkt\/stone-paving-granite-gr-54-kopirovat\/\",\"url\":\"https:\/\/www.stonecity.cz\/en\/produkt\/stone-paving-granite-gr-54-kopirovat\/\",\"name\":\"Historical rustic tiles \/ tiles GENT - GR-09-POR - Stonecity.cz\",\"isPartOf\":{\"@id\":\"https:\/\/www.stonecity.cz\/en\/#website\"},\"primaryImageOfPage\":{\"@id\":\"https:\/\/www.stonecity.cz\/en\/produkt\/stone-paving-granite-gr-54-kopirovat\/#primaryimage\"},\"image\":{\"@id\":\"https:\/\/www.stonecity.cz\/en\/produkt\/stone-paving-granite-gr-54-kopirovat\/#primaryimage\"},\"thumbnailUrl\":\"https:\/\/www.stonecity.cz\/wp-content\/uploads\/2025\/02\/IMG_9914.jpg\",\"datePublished\":\"2025-02-05T13:43:59+00:00\",\"dateModified\":\"2025-03-07T10:04:35+00:00\",\"breadcrumb\":{\"@id\":\"https:\/\/www.stonecity.cz\/en\/produkt\/stone-paving-granite-gr-54-kopirovat\/#breadcrumb\"},\"inLanguage\":\"en-US\",\"potentialAction\":[{\"@type\":\"ReadAction\",\"target\":[\"https:\/\/www.stonecity.cz\/en\/produkt\/stone-paving-granite-gr-54-kopirovat\/\"]}]},{\"@type\":\"ImageObject\",\"inLanguage\":\"en-US\",\"@id\":\"https:\/\/www.stonecity.cz\/en\/produkt\/stone-paving-granite-gr-54-kopirovat\/#primaryimage\",\"url\":\"https:\/\/www.stonecity.cz\/wp-content\/uploads\/2025\/02\/IMG_9914.jpg\",\"contentUrl\":\"https:\/\/www.stonecity.cz\/wp-content\/uploads\/2025\/02\/IMG_9914.jpg\",\"width\":2016,\"height\":1512},{\"@type\":\"BreadcrumbList\",\"@id\":\"https:\/\/www.stonecity.cz\/en\/produkt\/stone-paving-granite-gr-54-kopirovat\/#breadcrumb\",\"itemListElement\":[{\"@type\":\"ListItem\",\"position\":1,\"name\":\"Dom\u016f\",\"item\":\"https:\/\/www.stonecity.cz\/en\/\"},{\"@type\":\"ListItem\",\"position\":2,\"name\":\"Shop\",\"item\":\"https:\/\/www.stonecity.cz\/en\/shop\/\"},{\"@type\":\"ListItem\",\"position\":3,\"name\":\"Historical rustic tiles \/ tiles GENT &#8211; GR-09-POR\"}]},{\"@type\":\"WebSite\",\"@id\":\"https:\/\/www.stonecity.cz\/en\/#website\",\"url\":\"https:\/\/www.stonecity.cz\/en\/\",\"name\":\"Stonecity.cz\",\"description\":\"Dla\u017eba, obklady, um\u011bl\u00fd i p\u0159\u00edrodn\u00ed k\u00e1men\",\"potentialAction\":[{\"@type\":\"SearchAction\",\"target\":{\"@type\":\"EntryPoint\",\"urlTemplate\":\"https:\/\/www.stonecity.cz\/en\/?s={search_term_string}\"},\"query-input\":{\"@type\":\"PropertyValueSpecification\",\"valueRequired\":true,\"valueName\":\"search_term_string\"}}],\"inLanguage\":\"en-US\"}]}<\/script>\n<!-- \/ Yoast SEO plugin. -->","yoast_head_json":{"title":"Historical rustic tiles \/ tiles GENT - GR-09-POR - Stonecity.cz","robots":{"index":"index","follow":"follow","max-snippet":"max-snippet:-1","max-image-preview":"max-image-preview:large","max-video-preview":"max-video-preview:-1"},"canonical":"https:\/\/www.stonecity.cz\/en\/produkt\/stone-paving-granite-gr-54-kopirovat\/","og_locale":"en_US","og_type":"article","og_title":"Historical rustic tiles \/ tiles GENT - GR-09-POR - Stonecity.cz","og_url":"https:\/\/www.stonecity.cz\/en\/produkt\/stone-paving-granite-gr-54-kopirovat\/","og_site_name":"Stonecity.cz","article_modified_time":"2025-03-07T10:04:35+00:00","og_image":[{"width":1067,"height":800,"url":"https:\/\/www.stonecity.cz\/wp-content\/uploads\/2025\/02\/IMG_9914-1067x800.jpg","type":"image\/jpeg"}],"twitter_card":"summary_large_image","twitter_misc":{"Est. reading time":"1 minute"},"schema":{"@context":"https:\/\/schema.org","@graph":[{"@type":"WebPage","@id":"https:\/\/www.stonecity.cz\/en\/produkt\/stone-paving-granite-gr-54-kopirovat\/","url":"https:\/\/www.stonecity.cz\/en\/produkt\/stone-paving-granite-gr-54-kopirovat\/","name":"Historical rustic tiles \/ tiles GENT - GR-09-POR - Stonecity.cz","isPartOf":{"@id":"https:\/\/www.stonecity.cz\/en\/#website"},"primaryImageOfPage":{"@id":"https:\/\/www.stonecity.cz\/en\/produkt\/stone-paving-granite-gr-54-kopirovat\/#primaryimage"},"image":{"@id":"https:\/\/www.stonecity.cz\/en\/produkt\/stone-paving-granite-gr-54-kopirovat\/#primaryimage"},"thumbnailUrl":"https:\/\/www.stonecity.cz\/wp-content\/uploads\/2025\/02\/IMG_9914.jpg","datePublished":"2025-02-05T13:43:59+00:00","dateModified":"2025-03-07T10:04:35+00:00","breadcrumb":{"@id":"https:\/\/www.stonecity.cz\/en\/produkt\/stone-paving-granite-gr-54-kopirovat\/#breadcrumb"},"inLanguage":"en-US","potentialAction":[{"@type":"ReadAction","target":["https:\/\/www.stonecity.cz\/en\/produkt\/stone-paving-granite-gr-54-kopirovat\/"]}]},{"@type":"ImageObject","inLanguage":"en-US","@id":"https:\/\/www.stonecity.cz\/en\/produkt\/stone-paving-granite-gr-54-kopirovat\/#primaryimage","url":"https:\/\/www.stonecity.cz\/wp-content\/uploads\/2025\/02\/IMG_9914.jpg","contentUrl":"https:\/\/www.stonecity.cz\/wp-content\/uploads\/2025\/02\/IMG_9914.jpg","width":2016,"height":1512},{"@type":"BreadcrumbList","@id":"https:\/\/www.stonecity.cz\/en\/produkt\/stone-paving-granite-gr-54-kopirovat\/#breadcrumb","itemListElement":[{"@type":"ListItem","position":1,"name":"Dom\u016f","item":"https:\/\/www.stonecity.cz\/en\/"},{"@type":"ListItem","position":2,"name":"Shop","item":"https:\/\/www.stonecity.cz\/en\/shop\/"},{"@type":"ListItem","position":3,"name":"Historical rustic tiles \/ tiles GENT &#8211; GR-09-POR"}]},{"@type":"WebSite","@id":"https:\/\/www.stonecity.cz\/en\/#website","url":"https:\/\/www.stonecity.cz\/en\/","name":"Stonecity.cz","description":"Dla\u017eba, obklady, um\u011bl\u00fd i p\u0159\u00edrodn\u00ed k\u00e1men","potentialAction":[{"@type":"SearchAction","target":{"@type":"EntryPoint","urlTemplate":"https:\/\/www.stonecity.cz\/en\/?s={search_term_string}"},"query-input":{"@type":"PropertyValueSpecification","valueRequired":true,"valueName":"search_term_string"}}],"inLanguage":"en-US"}]}},"_links":{"self":[{"href":"https:\/\/www.stonecity.cz\/en\/wp-json\/wp\/v2\/product\/18919","targetHints":{"allow":["GET"]}}],"collection":[{"href":"https:\/\/www.stonecity.cz\/en\/wp-json\/wp\/v2\/product"}],"about":[{"href":"https:\/\/www.stonecity.cz\/en\/wp-json\/wp\/v2\/types\/product"}],"wp:featuredmedia":[{"embeddable":true,"href":"https:\/\/www.stonecity.cz\/en\/wp-json\/wp\/v2\/media\/18933"}],"wp:attachment":[{"href":"https:\/\/www.stonecity.cz\/en\/wp-json\/wp\/v2\/media?parent=18919"}],"wp:term":[{"taxonomy":"product_cat","embeddable":true,"href":"https:\/\/www.stonecity.cz\/en\/wp-json\/wp\/v2\/product_cat?post=18919"},{"taxonomy":"product_tag","embeddable":true,"href":"https:\/\/www.stonecity.cz\/en\/wp-json\/wp\/v2\/product_tag?post=18919"}],"curies":[{"name":"wp","href":"https:\/\/api.w.org\/{rel}","templated":true}]}}