{"id":19147,"date":"2025-02-27T12:35:16","date_gmt":"2025-02-27T11:35:16","guid":{"rendered":"https:\/\/www.stonecity.cz\/?post_type=product&#038;p=19147"},"modified":"2025-03-07T11:15:55","modified_gmt":"2025-03-07T10:15:55","slug":"sandstone-tiles-merano-brown-pi-05-0910-kopirovat","status":"publish","type":"product","link":"https:\/\/www.stonecity.cz\/en\/produkt\/sandstone-tiles-merano-brown-pi-05-0910-kopirovat\/","title":{"rendered":"Stone rustic sandstone tiles Focus Yellow PI-01"},"content":{"rendered":"<p>Sandstone is a sedimentary rock that consists mainly of sand grains. During the sedimentation of sand grains, clays, limestones, gravel, shale, feldspars and other rock fragments are also deposited. Due to weathering, the originally yellow-brown sandstone turns grey. The occurrence of some oxides and other minerals colours the sandstone brownish red.<\/p>\n<p>Stone pavement made of split sandstone.<\/p>\n<p>Surface: chipped edges, natural surface<\/p>\n<p>Thickness: 2.2 cm, calibrated<\/p>\n<p>Dimensions:<\/p>\n<ul>\n<li>60\u00d760 (PI-01)<\/li>\n<\/ul>\n<p>&nbsp;<\/p>\n","protected":false},"excerpt":{"rendered":"<p>Sandstone is a sedimentary rock that consists mainly of sand grains. During the sedimentation of sand grains, clays, limestones, gravel, shale, feldspars and other rock fragments are also deposited. Due to weathering, the originally yellow-brown sandstone turns grey. The occurrence of some oxides and other minerals colours the sandstone brownish red. Stone pavement made of [&#8230;]\n","protected":false},"featured_media":19156,"template":"","meta":[],"product_cat":[3271,1916,1922,1948],"product_tag":[1742,1743,1745,1744,1748,1751,1749],"class_list":{"0":"post-19147","1":"product","2":"type-product","3":"status-publish","4":"has-post-thumbnail","6":"product_cat-historic-and-rustic-paving","7":"product_cat-pavements","8":"product_cat-natural-stone","9":"product_cat-sandstone","10":"product_tag-natural-stone","11":"product_tag-out","12":"product_tag-suitable-for-indoors","13":"product_tag-suitable-for-outdoors","14":"product_tag-suitable-for-sauna","15":"product_tag-suitable-for-the-terrace","16":"product_tag-suitable-for-wellness","17":"pa_barva-brown","18":"pa_barva-cream","19":"pa_tloustka-2-2-cm","21":"first","22":"instock","23":"taxable","24":"shipping-taxable","25":"purchasable","26":"product-type-simple"},"yoast_head":"<!-- This site is optimized with the Yoast SEO plugin v26.8 - https:\/\/yoast.com\/product\/yoast-seo-wordpress\/ -->\n<title>Stone rustic sandstone tiles Focus Yellow PI-01 - Stonecity.cz<\/title>\n<meta name=\"robots\" content=\"index, follow, max-snippet:-1, max-image-preview:large, max-video-preview:-1\" \/>\n<link rel=\"canonical\" href=\"https:\/\/www.stonecity.cz\/en\/produkt\/sandstone-tiles-merano-brown-pi-05-0910-kopirovat\/\" \/>\n<meta property=\"og:locale\" content=\"en_US\" \/>\n<meta property=\"og:type\" content=\"article\" \/>\n<meta property=\"og:title\" content=\"Stone rustic sandstone tiles Focus Yellow PI-01 - Stonecity.cz\" \/>\n<meta property=\"og:description\" content=\"Sandstone is a sedimentary rock that consists mainly of sand grains. During the sedimentation of sand grains, clays, limestones, gravel, shale, feldspars and other rock fragments are also deposited. Due to weathering, the originally yellow-brown sandstone turns grey. The occurrence of some oxides and other minerals colours the sandstone brownish red. Stone pavement made of [...]\" \/>\n<meta property=\"og:url\" content=\"https:\/\/www.stonecity.cz\/en\/produkt\/sandstone-tiles-merano-brown-pi-05-0910-kopirovat\/\" \/>\n<meta property=\"og:site_name\" content=\"Stonecity.cz\" \/>\n<meta property=\"article:modified_time\" content=\"2025-03-07T10:15:55+00:00\" \/>\n<meta property=\"og:image\" content=\"https:\/\/www.stonecity.cz\/wp-content\/uploads\/2025\/02\/PI-01.jpg\" \/>\n\t<meta property=\"og:image:width\" content=\"1631\" \/>\n\t<meta property=\"og:image:height\" content=\"1611\" \/>\n\t<meta property=\"og:image:type\" content=\"image\/jpeg\" \/>\n<meta name=\"twitter:card\" content=\"summary_large_image\" \/>\n<script type=\"application\/ld+json\" class=\"yoast-schema-graph\">{\"@context\":\"https:\/\/schema.org\",\"@graph\":[{\"@type\":\"WebPage\",\"@id\":\"https:\/\/www.stonecity.cz\/en\/produkt\/sandstone-tiles-merano-brown-pi-05-0910-kopirovat\/\",\"url\":\"https:\/\/www.stonecity.cz\/en\/produkt\/sandstone-tiles-merano-brown-pi-05-0910-kopirovat\/\",\"name\":\"Stone rustic sandstone tiles Focus Yellow PI-01 - Stonecity.cz\",\"isPartOf\":{\"@id\":\"https:\/\/www.stonecity.cz\/en\/#website\"},\"primaryImageOfPage\":{\"@id\":\"https:\/\/www.stonecity.cz\/en\/produkt\/sandstone-tiles-merano-brown-pi-05-0910-kopirovat\/#primaryimage\"},\"image\":{\"@id\":\"https:\/\/www.stonecity.cz\/en\/produkt\/sandstone-tiles-merano-brown-pi-05-0910-kopirovat\/#primaryimage\"},\"thumbnailUrl\":\"https:\/\/www.stonecity.cz\/wp-content\/uploads\/2025\/02\/PI-01.jpg\",\"datePublished\":\"2025-02-27T11:35:16+00:00\",\"dateModified\":\"2025-03-07T10:15:55+00:00\",\"breadcrumb\":{\"@id\":\"https:\/\/www.stonecity.cz\/en\/produkt\/sandstone-tiles-merano-brown-pi-05-0910-kopirovat\/#breadcrumb\"},\"inLanguage\":\"en-US\",\"potentialAction\":[{\"@type\":\"ReadAction\",\"target\":[\"https:\/\/www.stonecity.cz\/en\/produkt\/sandstone-tiles-merano-brown-pi-05-0910-kopirovat\/\"]}]},{\"@type\":\"ImageObject\",\"inLanguage\":\"en-US\",\"@id\":\"https:\/\/www.stonecity.cz\/en\/produkt\/sandstone-tiles-merano-brown-pi-05-0910-kopirovat\/#primaryimage\",\"url\":\"https:\/\/www.stonecity.cz\/wp-content\/uploads\/2025\/02\/PI-01.jpg\",\"contentUrl\":\"https:\/\/www.stonecity.cz\/wp-content\/uploads\/2025\/02\/PI-01.jpg\",\"width\":1631,\"height\":1611},{\"@type\":\"BreadcrumbList\",\"@id\":\"https:\/\/www.stonecity.cz\/en\/produkt\/sandstone-tiles-merano-brown-pi-05-0910-kopirovat\/#breadcrumb\",\"itemListElement\":[{\"@type\":\"ListItem\",\"position\":1,\"name\":\"Dom\u016f\",\"item\":\"https:\/\/www.stonecity.cz\/en\/\"},{\"@type\":\"ListItem\",\"position\":2,\"name\":\"Shop\",\"item\":\"https:\/\/www.stonecity.cz\/en\/shop\/\"},{\"@type\":\"ListItem\",\"position\":3,\"name\":\"Stone rustic sandstone tiles Focus Yellow PI-01\"}]},{\"@type\":\"WebSite\",\"@id\":\"https:\/\/www.stonecity.cz\/en\/#website\",\"url\":\"https:\/\/www.stonecity.cz\/en\/\",\"name\":\"Stonecity.cz\",\"description\":\"Dla\u017eba, obklady, um\u011bl\u00fd i p\u0159\u00edrodn\u00ed k\u00e1men\",\"potentialAction\":[{\"@type\":\"SearchAction\",\"target\":{\"@type\":\"EntryPoint\",\"urlTemplate\":\"https:\/\/www.stonecity.cz\/en\/?s={search_term_string}\"},\"query-input\":{\"@type\":\"PropertyValueSpecification\",\"valueRequired\":true,\"valueName\":\"search_term_string\"}}],\"inLanguage\":\"en-US\"}]}<\/script>\n<!-- \/ Yoast SEO plugin. -->","yoast_head_json":{"title":"Stone rustic sandstone tiles Focus Yellow PI-01 - Stonecity.cz","robots":{"index":"index","follow":"follow","max-snippet":"max-snippet:-1","max-image-preview":"max-image-preview:large","max-video-preview":"max-video-preview:-1"},"canonical":"https:\/\/www.stonecity.cz\/en\/produkt\/sandstone-tiles-merano-brown-pi-05-0910-kopirovat\/","og_locale":"en_US","og_type":"article","og_title":"Stone rustic sandstone tiles Focus Yellow PI-01 - Stonecity.cz","og_description":"Sandstone is a sedimentary rock that consists mainly of sand grains. During the sedimentation of sand grains, clays, limestones, gravel, shale, feldspars and other rock fragments are also deposited. Due to weathering, the originally yellow-brown sandstone turns grey. The occurrence of some oxides and other minerals colours the sandstone brownish red. Stone pavement made of [...]","og_url":"https:\/\/www.stonecity.cz\/en\/produkt\/sandstone-tiles-merano-brown-pi-05-0910-kopirovat\/","og_site_name":"Stonecity.cz","article_modified_time":"2025-03-07T10:15:55+00:00","og_image":[{"width":1631,"height":1611,"url":"https:\/\/www.stonecity.cz\/wp-content\/uploads\/2025\/02\/PI-01.jpg","type":"image\/jpeg"}],"twitter_card":"summary_large_image","schema":{"@context":"https:\/\/schema.org","@graph":[{"@type":"WebPage","@id":"https:\/\/www.stonecity.cz\/en\/produkt\/sandstone-tiles-merano-brown-pi-05-0910-kopirovat\/","url":"https:\/\/www.stonecity.cz\/en\/produkt\/sandstone-tiles-merano-brown-pi-05-0910-kopirovat\/","name":"Stone rustic sandstone tiles Focus Yellow PI-01 - Stonecity.cz","isPartOf":{"@id":"https:\/\/www.stonecity.cz\/en\/#website"},"primaryImageOfPage":{"@id":"https:\/\/www.stonecity.cz\/en\/produkt\/sandstone-tiles-merano-brown-pi-05-0910-kopirovat\/#primaryimage"},"image":{"@id":"https:\/\/www.stonecity.cz\/en\/produkt\/sandstone-tiles-merano-brown-pi-05-0910-kopirovat\/#primaryimage"},"thumbnailUrl":"https:\/\/www.stonecity.cz\/wp-content\/uploads\/2025\/02\/PI-01.jpg","datePublished":"2025-02-27T11:35:16+00:00","dateModified":"2025-03-07T10:15:55+00:00","breadcrumb":{"@id":"https:\/\/www.stonecity.cz\/en\/produkt\/sandstone-tiles-merano-brown-pi-05-0910-kopirovat\/#breadcrumb"},"inLanguage":"en-US","potentialAction":[{"@type":"ReadAction","target":["https:\/\/www.stonecity.cz\/en\/produkt\/sandstone-tiles-merano-brown-pi-05-0910-kopirovat\/"]}]},{"@type":"ImageObject","inLanguage":"en-US","@id":"https:\/\/www.stonecity.cz\/en\/produkt\/sandstone-tiles-merano-brown-pi-05-0910-kopirovat\/#primaryimage","url":"https:\/\/www.stonecity.cz\/wp-content\/uploads\/2025\/02\/PI-01.jpg","contentUrl":"https:\/\/www.stonecity.cz\/wp-content\/uploads\/2025\/02\/PI-01.jpg","width":1631,"height":1611},{"@type":"BreadcrumbList","@id":"https:\/\/www.stonecity.cz\/en\/produkt\/sandstone-tiles-merano-brown-pi-05-0910-kopirovat\/#breadcrumb","itemListElement":[{"@type":"ListItem","position":1,"name":"Dom\u016f","item":"https:\/\/www.stonecity.cz\/en\/"},{"@type":"ListItem","position":2,"name":"Shop","item":"https:\/\/www.stonecity.cz\/en\/shop\/"},{"@type":"ListItem","position":3,"name":"Stone rustic sandstone tiles Focus Yellow PI-01"}]},{"@type":"WebSite","@id":"https:\/\/www.stonecity.cz\/en\/#website","url":"https:\/\/www.stonecity.cz\/en\/","name":"Stonecity.cz","description":"Dla\u017eba, obklady, um\u011bl\u00fd i p\u0159\u00edrodn\u00ed k\u00e1men","potentialAction":[{"@type":"SearchAction","target":{"@type":"EntryPoint","urlTemplate":"https:\/\/www.stonecity.cz\/en\/?s={search_term_string}"},"query-input":{"@type":"PropertyValueSpecification","valueRequired":true,"valueName":"search_term_string"}}],"inLanguage":"en-US"}]}},"_links":{"self":[{"href":"https:\/\/www.stonecity.cz\/en\/wp-json\/wp\/v2\/product\/19147","targetHints":{"allow":["GET"]}}],"collection":[{"href":"https:\/\/www.stonecity.cz\/en\/wp-json\/wp\/v2\/product"}],"about":[{"href":"https:\/\/www.stonecity.cz\/en\/wp-json\/wp\/v2\/types\/product"}],"wp:featuredmedia":[{"embeddable":true,"href":"https:\/\/www.stonecity.cz\/en\/wp-json\/wp\/v2\/media\/19156"}],"wp:attachment":[{"href":"https:\/\/www.stonecity.cz\/en\/wp-json\/wp\/v2\/media?parent=19147"}],"wp:term":[{"taxonomy":"product_cat","embeddable":true,"href":"https:\/\/www.stonecity.cz\/en\/wp-json\/wp\/v2\/product_cat?post=19147"},{"taxonomy":"product_tag","embeddable":true,"href":"https:\/\/www.stonecity.cz\/en\/wp-json\/wp\/v2\/product_tag?post=19147"}],"curies":[{"name":"wp","href":"https:\/\/api.w.org\/{rel}","templated":true}]}}