{"id":19211,"date":"2025-02-27T13:34:18","date_gmt":"2025-02-27T12:34:18","guid":{"rendered":"https:\/\/www.stonecity.cz\/?post_type=product&#038;p=19211"},"modified":"2025-03-07T11:15:09","modified_gmt":"2025-03-07T10:15:09","slug":"focus-grey-natural-pool-edge-staircase-parapet-pi-04-bl-kopirovat","status":"publish","type":"product","link":"https:\/\/www.stonecity.cz\/en\/produkt\/focus-grey-natural-pool-edge-staircase-parapet-pi-04-bl-kopirovat\/","title":{"rendered":"Stone pool coping\/ staircase\/ sill Focus Yellow natural PI-11-BL"},"content":{"rendered":"<p>Pool edge \/ staircase \/ sill &#8211; is made of natural sandstone, has chipped edges. It serves as an indispensable complement to the Indian Yellow sandstone paving, which we keep in the format 60&#215;60 cm.<\/p>\n<p>The edges correspond to the pavement by their colour, dimensions and anti-slip surface treatment.<\/p>\n<p>Application: pool edging, stairs, parapets, cover plates<\/p>\n<p>&nbsp;<\/p>\n<p>&nbsp;<\/p>\n","protected":false},"excerpt":{"rendered":"<p>Pool edge \/ staircase \/ sill &#8211; is made of natural sandstone, has chipped edges. It serves as an indispensable complement to the Indian Yellow sandstone paving, which we keep in the format 60&#215;60 cm. The edges correspond to the pavement by their colour, dimensions and anti-slip surface treatment. Application: pool edging, stairs, parapets, cover [&#8230;]\n","protected":false},"featured_media":19169,"template":"","meta":[],"product_cat":[3172,1916,1922,1948],"product_tag":[1745,1744,1746,1752,1747,1751],"class_list":{"0":"post-19211","1":"product","2":"type-product","3":"status-publish","4":"has-post-thumbnail","6":"product_cat-parapets-stairs-pool-edging","7":"product_cat-pavements","8":"product_cat-natural-stone","9":"product_cat-sandstone","10":"product_tag-suitable-for-indoors","11":"product_tag-suitable-for-outdoors","12":"product_tag-suitable-for-the-bathroom","13":"product_tag-suitable-for-the-garden-en","14":"product_tag-suitable-for-the-kitchen","15":"product_tag-suitable-for-the-terrace","16":"pa_baleni-box-162-m2-90-pcs","18":"first","19":"instock","20":"purchasable","21":"product-type-simple"},"yoast_head":"<!-- This site is optimized with the Yoast SEO plugin v26.8 - https:\/\/yoast.com\/product\/yoast-seo-wordpress\/ -->\n<title>Stone pool coping\/ staircase\/ sill Focus Yellow natural PI-11-BL - Stonecity.cz<\/title>\n<meta name=\"robots\" content=\"index, follow, max-snippet:-1, max-image-preview:large, max-video-preview:-1\" \/>\n<link rel=\"canonical\" href=\"https:\/\/www.stonecity.cz\/en\/produkt\/focus-grey-natural-pool-edge-staircase-parapet-pi-04-bl-kopirovat\/\" \/>\n<meta property=\"og:locale\" content=\"en_US\" \/>\n<meta property=\"og:type\" content=\"article\" \/>\n<meta property=\"og:title\" content=\"Stone pool coping\/ staircase\/ sill Focus Yellow natural PI-11-BL - Stonecity.cz\" \/>\n<meta property=\"og:description\" content=\"Pool edge \/ staircase \/ sill &#8211; is made of natural sandstone, has chipped edges. It serves as an indispensable complement to the Indian Yellow sandstone paving, which we keep in the format 60&#215;60 cm. The edges correspond to the pavement by their colour, dimensions and anti-slip surface treatment. Application: pool edging, stairs, parapets, cover [...]\" \/>\n<meta property=\"og:url\" content=\"https:\/\/www.stonecity.cz\/en\/produkt\/focus-grey-natural-pool-edge-staircase-parapet-pi-04-bl-kopirovat\/\" \/>\n<meta property=\"og:site_name\" content=\"Stonecity.cz\" \/>\n<meta property=\"article:modified_time\" content=\"2025-03-07T10:15:09+00:00\" \/>\n<meta property=\"og:image\" content=\"https:\/\/www.stonecity.cz\/wp-content\/uploads\/2025\/02\/lem-piskovec.jpg\" \/>\n\t<meta property=\"og:image:width\" content=\"1200\" \/>\n\t<meta property=\"og:image:height\" content=\"1600\" \/>\n\t<meta property=\"og:image:type\" content=\"image\/jpeg\" \/>\n<meta name=\"twitter:card\" content=\"summary_large_image\" \/>\n<script type=\"application\/ld+json\" class=\"yoast-schema-graph\">{\"@context\":\"https:\/\/schema.org\",\"@graph\":[{\"@type\":\"WebPage\",\"@id\":\"https:\/\/www.stonecity.cz\/en\/produkt\/focus-grey-natural-pool-edge-staircase-parapet-pi-04-bl-kopirovat\/\",\"url\":\"https:\/\/www.stonecity.cz\/en\/produkt\/focus-grey-natural-pool-edge-staircase-parapet-pi-04-bl-kopirovat\/\",\"name\":\"Stone pool coping\/ staircase\/ sill Focus Yellow natural PI-11-BL - Stonecity.cz\",\"isPartOf\":{\"@id\":\"https:\/\/www.stonecity.cz\/en\/#website\"},\"primaryImageOfPage\":{\"@id\":\"https:\/\/www.stonecity.cz\/en\/produkt\/focus-grey-natural-pool-edge-staircase-parapet-pi-04-bl-kopirovat\/#primaryimage\"},\"image\":{\"@id\":\"https:\/\/www.stonecity.cz\/en\/produkt\/focus-grey-natural-pool-edge-staircase-parapet-pi-04-bl-kopirovat\/#primaryimage\"},\"thumbnailUrl\":\"https:\/\/www.stonecity.cz\/wp-content\/uploads\/2025\/02\/lem-piskovec.jpg\",\"datePublished\":\"2025-02-27T12:34:18+00:00\",\"dateModified\":\"2025-03-07T10:15:09+00:00\",\"breadcrumb\":{\"@id\":\"https:\/\/www.stonecity.cz\/en\/produkt\/focus-grey-natural-pool-edge-staircase-parapet-pi-04-bl-kopirovat\/#breadcrumb\"},\"inLanguage\":\"en-US\",\"potentialAction\":[{\"@type\":\"ReadAction\",\"target\":[\"https:\/\/www.stonecity.cz\/en\/produkt\/focus-grey-natural-pool-edge-staircase-parapet-pi-04-bl-kopirovat\/\"]}]},{\"@type\":\"ImageObject\",\"inLanguage\":\"en-US\",\"@id\":\"https:\/\/www.stonecity.cz\/en\/produkt\/focus-grey-natural-pool-edge-staircase-parapet-pi-04-bl-kopirovat\/#primaryimage\",\"url\":\"https:\/\/www.stonecity.cz\/wp-content\/uploads\/2025\/02\/lem-piskovec.jpg\",\"contentUrl\":\"https:\/\/www.stonecity.cz\/wp-content\/uploads\/2025\/02\/lem-piskovec.jpg\",\"width\":1200,\"height\":1600},{\"@type\":\"BreadcrumbList\",\"@id\":\"https:\/\/www.stonecity.cz\/en\/produkt\/focus-grey-natural-pool-edge-staircase-parapet-pi-04-bl-kopirovat\/#breadcrumb\",\"itemListElement\":[{\"@type\":\"ListItem\",\"position\":1,\"name\":\"Dom\u016f\",\"item\":\"https:\/\/www.stonecity.cz\/en\/\"},{\"@type\":\"ListItem\",\"position\":2,\"name\":\"Shop\",\"item\":\"https:\/\/www.stonecity.cz\/en\/shop\/\"},{\"@type\":\"ListItem\",\"position\":3,\"name\":\"Stone pool coping\/ staircase\/ sill Focus Yellow natural PI-11-BL\"}]},{\"@type\":\"WebSite\",\"@id\":\"https:\/\/www.stonecity.cz\/en\/#website\",\"url\":\"https:\/\/www.stonecity.cz\/en\/\",\"name\":\"Stonecity.cz\",\"description\":\"Dla\u017eba, obklady, um\u011bl\u00fd i p\u0159\u00edrodn\u00ed k\u00e1men\",\"potentialAction\":[{\"@type\":\"SearchAction\",\"target\":{\"@type\":\"EntryPoint\",\"urlTemplate\":\"https:\/\/www.stonecity.cz\/en\/?s={search_term_string}\"},\"query-input\":{\"@type\":\"PropertyValueSpecification\",\"valueRequired\":true,\"valueName\":\"search_term_string\"}}],\"inLanguage\":\"en-US\"}]}<\/script>\n<!-- \/ Yoast SEO plugin. -->","yoast_head_json":{"title":"Stone pool coping\/ staircase\/ sill Focus Yellow natural PI-11-BL - Stonecity.cz","robots":{"index":"index","follow":"follow","max-snippet":"max-snippet:-1","max-image-preview":"max-image-preview:large","max-video-preview":"max-video-preview:-1"},"canonical":"https:\/\/www.stonecity.cz\/en\/produkt\/focus-grey-natural-pool-edge-staircase-parapet-pi-04-bl-kopirovat\/","og_locale":"en_US","og_type":"article","og_title":"Stone pool coping\/ staircase\/ sill Focus Yellow natural PI-11-BL - Stonecity.cz","og_description":"Pool edge \/ staircase \/ sill &#8211; is made of natural sandstone, has chipped edges. It serves as an indispensable complement to the Indian Yellow sandstone paving, which we keep in the format 60&#215;60 cm. The edges correspond to the pavement by their colour, dimensions and anti-slip surface treatment. Application: pool edging, stairs, parapets, cover [...]","og_url":"https:\/\/www.stonecity.cz\/en\/produkt\/focus-grey-natural-pool-edge-staircase-parapet-pi-04-bl-kopirovat\/","og_site_name":"Stonecity.cz","article_modified_time":"2025-03-07T10:15:09+00:00","og_image":[{"width":1200,"height":1600,"url":"https:\/\/www.stonecity.cz\/wp-content\/uploads\/2025\/02\/lem-piskovec.jpg","type":"image\/jpeg"}],"twitter_card":"summary_large_image","schema":{"@context":"https:\/\/schema.org","@graph":[{"@type":"WebPage","@id":"https:\/\/www.stonecity.cz\/en\/produkt\/focus-grey-natural-pool-edge-staircase-parapet-pi-04-bl-kopirovat\/","url":"https:\/\/www.stonecity.cz\/en\/produkt\/focus-grey-natural-pool-edge-staircase-parapet-pi-04-bl-kopirovat\/","name":"Stone pool coping\/ staircase\/ sill Focus Yellow natural PI-11-BL - Stonecity.cz","isPartOf":{"@id":"https:\/\/www.stonecity.cz\/en\/#website"},"primaryImageOfPage":{"@id":"https:\/\/www.stonecity.cz\/en\/produkt\/focus-grey-natural-pool-edge-staircase-parapet-pi-04-bl-kopirovat\/#primaryimage"},"image":{"@id":"https:\/\/www.stonecity.cz\/en\/produkt\/focus-grey-natural-pool-edge-staircase-parapet-pi-04-bl-kopirovat\/#primaryimage"},"thumbnailUrl":"https:\/\/www.stonecity.cz\/wp-content\/uploads\/2025\/02\/lem-piskovec.jpg","datePublished":"2025-02-27T12:34:18+00:00","dateModified":"2025-03-07T10:15:09+00:00","breadcrumb":{"@id":"https:\/\/www.stonecity.cz\/en\/produkt\/focus-grey-natural-pool-edge-staircase-parapet-pi-04-bl-kopirovat\/#breadcrumb"},"inLanguage":"en-US","potentialAction":[{"@type":"ReadAction","target":["https:\/\/www.stonecity.cz\/en\/produkt\/focus-grey-natural-pool-edge-staircase-parapet-pi-04-bl-kopirovat\/"]}]},{"@type":"ImageObject","inLanguage":"en-US","@id":"https:\/\/www.stonecity.cz\/en\/produkt\/focus-grey-natural-pool-edge-staircase-parapet-pi-04-bl-kopirovat\/#primaryimage","url":"https:\/\/www.stonecity.cz\/wp-content\/uploads\/2025\/02\/lem-piskovec.jpg","contentUrl":"https:\/\/www.stonecity.cz\/wp-content\/uploads\/2025\/02\/lem-piskovec.jpg","width":1200,"height":1600},{"@type":"BreadcrumbList","@id":"https:\/\/www.stonecity.cz\/en\/produkt\/focus-grey-natural-pool-edge-staircase-parapet-pi-04-bl-kopirovat\/#breadcrumb","itemListElement":[{"@type":"ListItem","position":1,"name":"Dom\u016f","item":"https:\/\/www.stonecity.cz\/en\/"},{"@type":"ListItem","position":2,"name":"Shop","item":"https:\/\/www.stonecity.cz\/en\/shop\/"},{"@type":"ListItem","position":3,"name":"Stone pool coping\/ staircase\/ sill Focus Yellow natural PI-11-BL"}]},{"@type":"WebSite","@id":"https:\/\/www.stonecity.cz\/en\/#website","url":"https:\/\/www.stonecity.cz\/en\/","name":"Stonecity.cz","description":"Dla\u017eba, obklady, um\u011bl\u00fd i p\u0159\u00edrodn\u00ed k\u00e1men","potentialAction":[{"@type":"SearchAction","target":{"@type":"EntryPoint","urlTemplate":"https:\/\/www.stonecity.cz\/en\/?s={search_term_string}"},"query-input":{"@type":"PropertyValueSpecification","valueRequired":true,"valueName":"search_term_string"}}],"inLanguage":"en-US"}]}},"_links":{"self":[{"href":"https:\/\/www.stonecity.cz\/en\/wp-json\/wp\/v2\/product\/19211","targetHints":{"allow":["GET"]}}],"collection":[{"href":"https:\/\/www.stonecity.cz\/en\/wp-json\/wp\/v2\/product"}],"about":[{"href":"https:\/\/www.stonecity.cz\/en\/wp-json\/wp\/v2\/types\/product"}],"wp:featuredmedia":[{"embeddable":true,"href":"https:\/\/www.stonecity.cz\/en\/wp-json\/wp\/v2\/media\/19169"}],"wp:attachment":[{"href":"https:\/\/www.stonecity.cz\/en\/wp-json\/wp\/v2\/media?parent=19211"}],"wp:term":[{"taxonomy":"product_cat","embeddable":true,"href":"https:\/\/www.stonecity.cz\/en\/wp-json\/wp\/v2\/product_cat?post=19211"},{"taxonomy":"product_tag","embeddable":true,"href":"https:\/\/www.stonecity.cz\/en\/wp-json\/wp\/v2\/product_tag?post=19211"}],"curies":[{"name":"wp","href":"https:\/\/api.w.org\/{rel}","templated":true}]}}