{"id":19314,"date":"2025-02-28T10:11:46","date_gmt":"2025-02-28T09:11:46","guid":{"rendered":"https:\/\/www.stonecity.cz\/?post_type=product&#038;p=19314"},"modified":"2025-02-28T10:19:27","modified_gmt":"2025-02-28T09:19:27","slug":"fubr-formerly-fsm-grout-for-tiles-kopirovat","status":"publish","type":"product","link":"https:\/\/www.stonecity.cz\/en\/produkt\/fubr-formerly-fsm-grout-for-tiles-kopirovat\/","title":{"rendered":"Tile grout Quick Mix PFN"},"content":{"rendered":"<div class=\"field field--name-field-kratky-popis field--type-text-long field--label-hidden field--item\">\n<p>Water-permeable jointing compound for filling joints 5-25 mm, cl. CG 2W.<\/p>\n<\/div>\n<div class=\"field field--name-field-text field--type-text-long field--label-hidden field--item\">\n<p>For jointing and insulating ceramic wall and floor tiles, double tiles,<br \/>\nglass blocks and other ceramic materials glazed on the face side.<br \/>\nFor indoor and outdoor use.<\/p>\n<\/div>\n<div class=\"field field--name-field-technicke-udaje field--type-text-long field--label-hidden field--item\">\n<p>Consumption for a small tile format of 15 \u00d7 15 \u00d7 5 cm and a joint thickness of 10 mm approx. 1.2 kg\/m\u00b2.<\/p>\n<p><a href=\"https:\/\/www.stonecity.cz\/wp-content\/uploads\/2025\/02\/pos_cz_pfn.pdf\">pos_cz_pfn<\/a><\/p>\n<p> tl_cz_pfn<\/p>\n<p><a href=\"https:\/\/www.stonecity.cz\/wp-content\/uploads\/2025\/02\/bl_cz_pfn_bezova.pdf\">bl_cz_pfn_bezova<\/a><\/p>\n<p><a href=\"https:\/\/www.stonecity.cz\/wp-content\/uploads\/2025\/02\/bl_cz_pfn_seda_antracit.pdf\">bl_cz_pfn_seda_antracit<\/a><\/p>\n<\/div>\n","protected":false},"excerpt":{"rendered":"<p>Water-permeable jointing compound for filling joints 5-25 mm, cl. CG 2W. For jointing and insulating ceramic wall and floor tiles, double tiles, glass blocks and other ceramic materials glazed on the face side. For indoor and outdoor use. Consumption for a small tile format of 15 \u00d7 15 \u00d7 5 cm and a joint thickness [&#8230;]\n","protected":false},"featured_media":19317,"template":"","meta":[],"product_cat":[2062],"product_tag":[1745,1744],"class_list":{"0":"post-19314","1":"product","2":"type-product","3":"status-publish","4":"has-post-thumbnail","6":"product_cat-accessories","7":"product_tag-suitable-for-indoors","8":"product_tag-suitable-for-outdoors","9":"pa_baleni-25-kg-en","11":"first","12":"instock","13":"purchasable","14":"product-type-simple"},"yoast_head":"<!-- This site is optimized with the Yoast SEO plugin v26.8 - https:\/\/yoast.com\/product\/yoast-seo-wordpress\/ -->\n<title>Tile grout Quick Mix PFN - Stonecity.cz<\/title>\n<meta name=\"robots\" content=\"index, follow, max-snippet:-1, max-image-preview:large, max-video-preview:-1\" \/>\n<link rel=\"canonical\" href=\"https:\/\/www.stonecity.cz\/en\/produkt\/fubr-formerly-fsm-grout-for-tiles-kopirovat\/\" \/>\n<meta property=\"og:locale\" content=\"en_US\" \/>\n<meta property=\"og:type\" content=\"article\" \/>\n<meta property=\"og:title\" content=\"Tile grout Quick Mix PFN - Stonecity.cz\" \/>\n<meta property=\"og:description\" content=\"Water-permeable jointing compound for filling joints 5-25 mm, cl. CG 2W. For jointing and insulating ceramic wall and floor tiles, double tiles, glass blocks and other ceramic materials glazed on the face side. For indoor and outdoor use. Consumption for a small tile format of 15 \u00d7 15 \u00d7 5 cm and a joint thickness [...]\" \/>\n<meta property=\"og:url\" content=\"https:\/\/www.stonecity.cz\/en\/produkt\/fubr-formerly-fsm-grout-for-tiles-kopirovat\/\" \/>\n<meta property=\"og:site_name\" content=\"Stonecity.cz\" \/>\n<meta property=\"article:modified_time\" content=\"2025-02-28T09:19:27+00:00\" \/>\n<meta property=\"og:image\" content=\"https:\/\/www.stonecity.cz\/wp-content\/uploads\/2025\/02\/pfn_25kg-1.jpg\" \/>\n\t<meta property=\"og:image:width\" content=\"800\" \/>\n\t<meta property=\"og:image:height\" content=\"800\" \/>\n\t<meta property=\"og:image:type\" content=\"image\/jpeg\" \/>\n<meta name=\"twitter:card\" content=\"summary_large_image\" \/>\n<script type=\"application\/ld+json\" class=\"yoast-schema-graph\">{\"@context\":\"https:\/\/schema.org\",\"@graph\":[{\"@type\":\"WebPage\",\"@id\":\"https:\/\/www.stonecity.cz\/en\/produkt\/fubr-formerly-fsm-grout-for-tiles-kopirovat\/\",\"url\":\"https:\/\/www.stonecity.cz\/en\/produkt\/fubr-formerly-fsm-grout-for-tiles-kopirovat\/\",\"name\":\"Tile grout Quick Mix PFN - Stonecity.cz\",\"isPartOf\":{\"@id\":\"https:\/\/www.stonecity.cz\/en\/#website\"},\"primaryImageOfPage\":{\"@id\":\"https:\/\/www.stonecity.cz\/en\/produkt\/fubr-formerly-fsm-grout-for-tiles-kopirovat\/#primaryimage\"},\"image\":{\"@id\":\"https:\/\/www.stonecity.cz\/en\/produkt\/fubr-formerly-fsm-grout-for-tiles-kopirovat\/#primaryimage\"},\"thumbnailUrl\":\"https:\/\/www.stonecity.cz\/wp-content\/uploads\/2025\/02\/pfn_25kg-1.jpg\",\"datePublished\":\"2025-02-28T09:11:46+00:00\",\"dateModified\":\"2025-02-28T09:19:27+00:00\",\"breadcrumb\":{\"@id\":\"https:\/\/www.stonecity.cz\/en\/produkt\/fubr-formerly-fsm-grout-for-tiles-kopirovat\/#breadcrumb\"},\"inLanguage\":\"en-US\",\"potentialAction\":[{\"@type\":\"ReadAction\",\"target\":[\"https:\/\/www.stonecity.cz\/en\/produkt\/fubr-formerly-fsm-grout-for-tiles-kopirovat\/\"]}]},{\"@type\":\"ImageObject\",\"inLanguage\":\"en-US\",\"@id\":\"https:\/\/www.stonecity.cz\/en\/produkt\/fubr-formerly-fsm-grout-for-tiles-kopirovat\/#primaryimage\",\"url\":\"https:\/\/www.stonecity.cz\/wp-content\/uploads\/2025\/02\/pfn_25kg-1.jpg\",\"contentUrl\":\"https:\/\/www.stonecity.cz\/wp-content\/uploads\/2025\/02\/pfn_25kg-1.jpg\",\"width\":800,\"height\":800},{\"@type\":\"BreadcrumbList\",\"@id\":\"https:\/\/www.stonecity.cz\/en\/produkt\/fubr-formerly-fsm-grout-for-tiles-kopirovat\/#breadcrumb\",\"itemListElement\":[{\"@type\":\"ListItem\",\"position\":1,\"name\":\"Dom\u016f\",\"item\":\"https:\/\/www.stonecity.cz\/en\/\"},{\"@type\":\"ListItem\",\"position\":2,\"name\":\"Shop\",\"item\":\"https:\/\/www.stonecity.cz\/en\/shop\/\"},{\"@type\":\"ListItem\",\"position\":3,\"name\":\"Tile grout Quick Mix PFN\"}]},{\"@type\":\"WebSite\",\"@id\":\"https:\/\/www.stonecity.cz\/en\/#website\",\"url\":\"https:\/\/www.stonecity.cz\/en\/\",\"name\":\"Stonecity.cz\",\"description\":\"Dla\u017eba, obklady, um\u011bl\u00fd i p\u0159\u00edrodn\u00ed k\u00e1men\",\"potentialAction\":[{\"@type\":\"SearchAction\",\"target\":{\"@type\":\"EntryPoint\",\"urlTemplate\":\"https:\/\/www.stonecity.cz\/en\/?s={search_term_string}\"},\"query-input\":{\"@type\":\"PropertyValueSpecification\",\"valueRequired\":true,\"valueName\":\"search_term_string\"}}],\"inLanguage\":\"en-US\"}]}<\/script>\n<!-- \/ Yoast SEO plugin. -->","yoast_head_json":{"title":"Tile grout Quick Mix PFN - Stonecity.cz","robots":{"index":"index","follow":"follow","max-snippet":"max-snippet:-1","max-image-preview":"max-image-preview:large","max-video-preview":"max-video-preview:-1"},"canonical":"https:\/\/www.stonecity.cz\/en\/produkt\/fubr-formerly-fsm-grout-for-tiles-kopirovat\/","og_locale":"en_US","og_type":"article","og_title":"Tile grout Quick Mix PFN - Stonecity.cz","og_description":"Water-permeable jointing compound for filling joints 5-25 mm, cl. CG 2W. For jointing and insulating ceramic wall and floor tiles, double tiles, glass blocks and other ceramic materials glazed on the face side. For indoor and outdoor use. Consumption for a small tile format of 15 \u00d7 15 \u00d7 5 cm and a joint thickness [...]","og_url":"https:\/\/www.stonecity.cz\/en\/produkt\/fubr-formerly-fsm-grout-for-tiles-kopirovat\/","og_site_name":"Stonecity.cz","article_modified_time":"2025-02-28T09:19:27+00:00","og_image":[{"width":800,"height":800,"url":"https:\/\/www.stonecity.cz\/wp-content\/uploads\/2025\/02\/pfn_25kg-1.jpg","type":"image\/jpeg"}],"twitter_card":"summary_large_image","schema":{"@context":"https:\/\/schema.org","@graph":[{"@type":"WebPage","@id":"https:\/\/www.stonecity.cz\/en\/produkt\/fubr-formerly-fsm-grout-for-tiles-kopirovat\/","url":"https:\/\/www.stonecity.cz\/en\/produkt\/fubr-formerly-fsm-grout-for-tiles-kopirovat\/","name":"Tile grout Quick Mix PFN - Stonecity.cz","isPartOf":{"@id":"https:\/\/www.stonecity.cz\/en\/#website"},"primaryImageOfPage":{"@id":"https:\/\/www.stonecity.cz\/en\/produkt\/fubr-formerly-fsm-grout-for-tiles-kopirovat\/#primaryimage"},"image":{"@id":"https:\/\/www.stonecity.cz\/en\/produkt\/fubr-formerly-fsm-grout-for-tiles-kopirovat\/#primaryimage"},"thumbnailUrl":"https:\/\/www.stonecity.cz\/wp-content\/uploads\/2025\/02\/pfn_25kg-1.jpg","datePublished":"2025-02-28T09:11:46+00:00","dateModified":"2025-02-28T09:19:27+00:00","breadcrumb":{"@id":"https:\/\/www.stonecity.cz\/en\/produkt\/fubr-formerly-fsm-grout-for-tiles-kopirovat\/#breadcrumb"},"inLanguage":"en-US","potentialAction":[{"@type":"ReadAction","target":["https:\/\/www.stonecity.cz\/en\/produkt\/fubr-formerly-fsm-grout-for-tiles-kopirovat\/"]}]},{"@type":"ImageObject","inLanguage":"en-US","@id":"https:\/\/www.stonecity.cz\/en\/produkt\/fubr-formerly-fsm-grout-for-tiles-kopirovat\/#primaryimage","url":"https:\/\/www.stonecity.cz\/wp-content\/uploads\/2025\/02\/pfn_25kg-1.jpg","contentUrl":"https:\/\/www.stonecity.cz\/wp-content\/uploads\/2025\/02\/pfn_25kg-1.jpg","width":800,"height":800},{"@type":"BreadcrumbList","@id":"https:\/\/www.stonecity.cz\/en\/produkt\/fubr-formerly-fsm-grout-for-tiles-kopirovat\/#breadcrumb","itemListElement":[{"@type":"ListItem","position":1,"name":"Dom\u016f","item":"https:\/\/www.stonecity.cz\/en\/"},{"@type":"ListItem","position":2,"name":"Shop","item":"https:\/\/www.stonecity.cz\/en\/shop\/"},{"@type":"ListItem","position":3,"name":"Tile grout Quick Mix PFN"}]},{"@type":"WebSite","@id":"https:\/\/www.stonecity.cz\/en\/#website","url":"https:\/\/www.stonecity.cz\/en\/","name":"Stonecity.cz","description":"Dla\u017eba, obklady, um\u011bl\u00fd i p\u0159\u00edrodn\u00ed k\u00e1men","potentialAction":[{"@type":"SearchAction","target":{"@type":"EntryPoint","urlTemplate":"https:\/\/www.stonecity.cz\/en\/?s={search_term_string}"},"query-input":{"@type":"PropertyValueSpecification","valueRequired":true,"valueName":"search_term_string"}}],"inLanguage":"en-US"}]}},"_links":{"self":[{"href":"https:\/\/www.stonecity.cz\/en\/wp-json\/wp\/v2\/product\/19314","targetHints":{"allow":["GET"]}}],"collection":[{"href":"https:\/\/www.stonecity.cz\/en\/wp-json\/wp\/v2\/product"}],"about":[{"href":"https:\/\/www.stonecity.cz\/en\/wp-json\/wp\/v2\/types\/product"}],"wp:featuredmedia":[{"embeddable":true,"href":"https:\/\/www.stonecity.cz\/en\/wp-json\/wp\/v2\/media\/19317"}],"wp:attachment":[{"href":"https:\/\/www.stonecity.cz\/en\/wp-json\/wp\/v2\/media?parent=19314"}],"wp:term":[{"taxonomy":"product_cat","embeddable":true,"href":"https:\/\/www.stonecity.cz\/en\/wp-json\/wp\/v2\/product_cat?post=19314"},{"taxonomy":"product_tag","embeddable":true,"href":"https:\/\/www.stonecity.cz\/en\/wp-json\/wp\/v2\/product_tag?post=19314"}],"curies":[{"name":"wp","href":"https:\/\/api.w.org\/{rel}","templated":true}]}}