{"id":19350,"date":"2025-03-04T12:30:42","date_gmt":"2025-03-04T11:30:42","guid":{"rendered":"https:\/\/www.stonecity.cz\/?post_type=product&#038;p=19350"},"modified":"2025-03-07T11:02:53","modified_gmt":"2025-03-07T10:02:53","slug":"limestone-tiles-indian-gold-l-01-l-02-kopirovat","status":"publish","type":"product","link":"https:\/\/www.stonecity.cz\/en\/produkt\/limestone-tiles-indian-gold-l-01-l-02-kopirovat\/","title":{"rendered":"Stone rustic tiles Murcia black L-11\/ L-12"},"content":{"rendered":"<p>Limestone is a sedimentary rock formed by the accumulation of (calcareous) remains of marine organisms. Thus, limestone consists mainly of calcium carbonate and fossils (shells, ammonites, etc.) are regularly found in it. <\/p>\n<p>Limestone stone tiles in black colour.<\/p>\n<p>Surface: chipped edges, natural surface<\/p>\n<p>Thickness: 2,2 cm<\/p>\n<p>L-11 = dimension 60&#215;60 cm (0,36m2), box 14,4 m2<\/p>\n<p>L-12 = size 90&#215;60 cm (0,54m2), box 21,6 m2<\/p>\n<div style=\"width: 848px;\" class=\"wp-video\"><!--[if lt IE 9]><script>document.createElement('video');<\/script><![endif]-->\n<video class=\"wp-video-shortcode\" id=\"video-19350-1\" width=\"848\" height=\"480\" preload=\"metadata\" controls=\"controls\"><source type=\"video\/mp4\" src=\"https:\/\/www.stonecity.cz\/wp-content\/uploads\/2025\/03\/VID-Murcia.mp4?_=1\" \/><a href=\"https:\/\/www.stonecity.cz\/wp-content\/uploads\/2025\/03\/VID-Murcia.mp4\">https:\/\/www.stonecity.cz\/wp-content\/uploads\/2025\/03\/VID-Murcia.mp4<\/a><\/video><\/div>\n<p>&nbsp;<\/p>\n<p>&nbsp;<\/p>\n<p>&nbsp;<\/p>\n<p>&nbsp;<\/p>\n<p>&nbsp;<\/p>\n","protected":false},"excerpt":{"rendered":"<p>Limestone is a sedimentary rock formed by the accumulation of (calcareous) remains of marine organisms. Thus, limestone consists mainly of calcium carbonate and fossils (shells, ammonites, etc.) are regularly found in it. Limestone stone tiles in black colour. Surface: chipped edges, natural surface Thickness: 2,2 cm L-11 = dimension 60&#215;60 cm (0,36m2), box 14,4 m2 [&#8230;]\n","protected":false},"featured_media":19362,"template":"","meta":[],"product_cat":[3271,1916,1922,1952],"product_tag":[1743,1745,1744,1748,1751,1749],"class_list":{"0":"post-19350","1":"product","2":"type-product","3":"status-publish","4":"has-post-thumbnail","6":"product_cat-historic-and-rustic-paving","7":"product_cat-pavements","8":"product_cat-natural-stone","9":"product_cat-limestone-en","10":"product_tag-out","11":"product_tag-suitable-for-indoors","12":"product_tag-suitable-for-outdoors","13":"product_tag-suitable-for-sauna","14":"product_tag-suitable-for-the-terrace","15":"product_tag-suitable-for-wellness","16":"pa_tloustka-2-2-cm","18":"first","19":"instock","20":"taxable","21":"shipping-taxable","22":"purchasable","23":"product-type-variable","24":"has-default-attributes"},"yoast_head":"<!-- This site is optimized with the Yoast SEO plugin v26.8 - https:\/\/yoast.com\/product\/yoast-seo-wordpress\/ -->\n<title>Stone rustic tiles Murcia black L-11\/ L-12 - Stonecity.cz<\/title>\n<meta name=\"robots\" content=\"index, follow, max-snippet:-1, max-image-preview:large, max-video-preview:-1\" \/>\n<link rel=\"canonical\" href=\"https:\/\/www.stonecity.cz\/en\/produkt\/limestone-tiles-indian-gold-l-01-l-02-kopirovat\/\" \/>\n<meta property=\"og:locale\" content=\"en_US\" \/>\n<meta property=\"og:type\" content=\"article\" \/>\n<meta property=\"og:title\" content=\"Stone rustic tiles Murcia black L-11\/ L-12 - Stonecity.cz\" \/>\n<meta property=\"og:description\" content=\"Limestone is a sedimentary rock formed by the accumulation of (calcareous) remains of marine organisms. Thus, limestone consists mainly of calcium carbonate and fossils (shells, ammonites, etc.) are regularly found in it. Limestone stone tiles in black colour. Surface: chipped edges, natural surface Thickness: 2,2 cm L-11 = dimension 60&#215;60 cm (0,36m2), box 14,4 m2 [...]\" \/>\n<meta property=\"og:url\" content=\"https:\/\/www.stonecity.cz\/en\/produkt\/limestone-tiles-indian-gold-l-01-l-02-kopirovat\/\" \/>\n<meta property=\"og:site_name\" content=\"Stonecity.cz\" \/>\n<meta property=\"article:modified_time\" content=\"2025-03-07T10:02:53+00:00\" \/>\n<meta property=\"og:image\" content=\"https:\/\/www.stonecity.cz\/wp-content\/uploads\/2025\/03\/Kadappa-Black-2-min-scaled.jpg\" \/>\n\t<meta property=\"og:image:width\" content=\"2560\" \/>\n\t<meta property=\"og:image:height\" content=\"1920\" \/>\n\t<meta property=\"og:image:type\" content=\"image\/jpeg\" \/>\n<meta name=\"twitter:card\" content=\"summary_large_image\" \/>\n<script type=\"application\/ld+json\" class=\"yoast-schema-graph\">{\"@context\":\"https:\/\/schema.org\",\"@graph\":[{\"@type\":\"WebPage\",\"@id\":\"https:\/\/www.stonecity.cz\/en\/produkt\/limestone-tiles-indian-gold-l-01-l-02-kopirovat\/\",\"url\":\"https:\/\/www.stonecity.cz\/en\/produkt\/limestone-tiles-indian-gold-l-01-l-02-kopirovat\/\",\"name\":\"Stone rustic tiles Murcia black L-11\/ L-12 - Stonecity.cz\",\"isPartOf\":{\"@id\":\"https:\/\/www.stonecity.cz\/en\/#website\"},\"primaryImageOfPage\":{\"@id\":\"https:\/\/www.stonecity.cz\/en\/produkt\/limestone-tiles-indian-gold-l-01-l-02-kopirovat\/#primaryimage\"},\"image\":{\"@id\":\"https:\/\/www.stonecity.cz\/en\/produkt\/limestone-tiles-indian-gold-l-01-l-02-kopirovat\/#primaryimage\"},\"thumbnailUrl\":\"https:\/\/www.stonecity.cz\/wp-content\/uploads\/2025\/03\/Kadappa-Black-2-min-scaled.jpg\",\"datePublished\":\"2025-03-04T11:30:42+00:00\",\"dateModified\":\"2025-03-07T10:02:53+00:00\",\"breadcrumb\":{\"@id\":\"https:\/\/www.stonecity.cz\/en\/produkt\/limestone-tiles-indian-gold-l-01-l-02-kopirovat\/#breadcrumb\"},\"inLanguage\":\"en-US\",\"potentialAction\":[{\"@type\":\"ReadAction\",\"target\":[\"https:\/\/www.stonecity.cz\/en\/produkt\/limestone-tiles-indian-gold-l-01-l-02-kopirovat\/\"]}]},{\"@type\":\"ImageObject\",\"inLanguage\":\"en-US\",\"@id\":\"https:\/\/www.stonecity.cz\/en\/produkt\/limestone-tiles-indian-gold-l-01-l-02-kopirovat\/#primaryimage\",\"url\":\"https:\/\/www.stonecity.cz\/wp-content\/uploads\/2025\/03\/Kadappa-Black-2-min-scaled.jpg\",\"contentUrl\":\"https:\/\/www.stonecity.cz\/wp-content\/uploads\/2025\/03\/Kadappa-Black-2-min-scaled.jpg\",\"width\":2560,\"height\":1920},{\"@type\":\"BreadcrumbList\",\"@id\":\"https:\/\/www.stonecity.cz\/en\/produkt\/limestone-tiles-indian-gold-l-01-l-02-kopirovat\/#breadcrumb\",\"itemListElement\":[{\"@type\":\"ListItem\",\"position\":1,\"name\":\"Dom\u016f\",\"item\":\"https:\/\/www.stonecity.cz\/en\/\"},{\"@type\":\"ListItem\",\"position\":2,\"name\":\"Shop\",\"item\":\"https:\/\/www.stonecity.cz\/en\/shop\/\"},{\"@type\":\"ListItem\",\"position\":3,\"name\":\"Stone rustic tiles Murcia black L-11\/ L-12\"}]},{\"@type\":\"WebSite\",\"@id\":\"https:\/\/www.stonecity.cz\/en\/#website\",\"url\":\"https:\/\/www.stonecity.cz\/en\/\",\"name\":\"Stonecity.cz\",\"description\":\"Dla\u017eba, obklady, um\u011bl\u00fd i p\u0159\u00edrodn\u00ed k\u00e1men\",\"potentialAction\":[{\"@type\":\"SearchAction\",\"target\":{\"@type\":\"EntryPoint\",\"urlTemplate\":\"https:\/\/www.stonecity.cz\/en\/?s={search_term_string}\"},\"query-input\":{\"@type\":\"PropertyValueSpecification\",\"valueRequired\":true,\"valueName\":\"search_term_string\"}}],\"inLanguage\":\"en-US\"}]}<\/script>\n<!-- \/ Yoast SEO plugin. -->","yoast_head_json":{"title":"Stone rustic tiles Murcia black L-11\/ L-12 - Stonecity.cz","robots":{"index":"index","follow":"follow","max-snippet":"max-snippet:-1","max-image-preview":"max-image-preview:large","max-video-preview":"max-video-preview:-1"},"canonical":"https:\/\/www.stonecity.cz\/en\/produkt\/limestone-tiles-indian-gold-l-01-l-02-kopirovat\/","og_locale":"en_US","og_type":"article","og_title":"Stone rustic tiles Murcia black L-11\/ L-12 - Stonecity.cz","og_description":"Limestone is a sedimentary rock formed by the accumulation of (calcareous) remains of marine organisms. Thus, limestone consists mainly of calcium carbonate and fossils (shells, ammonites, etc.) are regularly found in it. Limestone stone tiles in black colour. Surface: chipped edges, natural surface Thickness: 2,2 cm L-11 = dimension 60&#215;60 cm (0,36m2), box 14,4 m2 [...]","og_url":"https:\/\/www.stonecity.cz\/en\/produkt\/limestone-tiles-indian-gold-l-01-l-02-kopirovat\/","og_site_name":"Stonecity.cz","article_modified_time":"2025-03-07T10:02:53+00:00","og_image":[{"width":2560,"height":1920,"url":"https:\/\/www.stonecity.cz\/wp-content\/uploads\/2025\/03\/Kadappa-Black-2-min-scaled.jpg","type":"image\/jpeg"}],"twitter_card":"summary_large_image","schema":{"@context":"https:\/\/schema.org","@graph":[{"@type":"WebPage","@id":"https:\/\/www.stonecity.cz\/en\/produkt\/limestone-tiles-indian-gold-l-01-l-02-kopirovat\/","url":"https:\/\/www.stonecity.cz\/en\/produkt\/limestone-tiles-indian-gold-l-01-l-02-kopirovat\/","name":"Stone rustic tiles Murcia black L-11\/ L-12 - Stonecity.cz","isPartOf":{"@id":"https:\/\/www.stonecity.cz\/en\/#website"},"primaryImageOfPage":{"@id":"https:\/\/www.stonecity.cz\/en\/produkt\/limestone-tiles-indian-gold-l-01-l-02-kopirovat\/#primaryimage"},"image":{"@id":"https:\/\/www.stonecity.cz\/en\/produkt\/limestone-tiles-indian-gold-l-01-l-02-kopirovat\/#primaryimage"},"thumbnailUrl":"https:\/\/www.stonecity.cz\/wp-content\/uploads\/2025\/03\/Kadappa-Black-2-min-scaled.jpg","datePublished":"2025-03-04T11:30:42+00:00","dateModified":"2025-03-07T10:02:53+00:00","breadcrumb":{"@id":"https:\/\/www.stonecity.cz\/en\/produkt\/limestone-tiles-indian-gold-l-01-l-02-kopirovat\/#breadcrumb"},"inLanguage":"en-US","potentialAction":[{"@type":"ReadAction","target":["https:\/\/www.stonecity.cz\/en\/produkt\/limestone-tiles-indian-gold-l-01-l-02-kopirovat\/"]}]},{"@type":"ImageObject","inLanguage":"en-US","@id":"https:\/\/www.stonecity.cz\/en\/produkt\/limestone-tiles-indian-gold-l-01-l-02-kopirovat\/#primaryimage","url":"https:\/\/www.stonecity.cz\/wp-content\/uploads\/2025\/03\/Kadappa-Black-2-min-scaled.jpg","contentUrl":"https:\/\/www.stonecity.cz\/wp-content\/uploads\/2025\/03\/Kadappa-Black-2-min-scaled.jpg","width":2560,"height":1920},{"@type":"BreadcrumbList","@id":"https:\/\/www.stonecity.cz\/en\/produkt\/limestone-tiles-indian-gold-l-01-l-02-kopirovat\/#breadcrumb","itemListElement":[{"@type":"ListItem","position":1,"name":"Dom\u016f","item":"https:\/\/www.stonecity.cz\/en\/"},{"@type":"ListItem","position":2,"name":"Shop","item":"https:\/\/www.stonecity.cz\/en\/shop\/"},{"@type":"ListItem","position":3,"name":"Stone rustic tiles Murcia black L-11\/ L-12"}]},{"@type":"WebSite","@id":"https:\/\/www.stonecity.cz\/en\/#website","url":"https:\/\/www.stonecity.cz\/en\/","name":"Stonecity.cz","description":"Dla\u017eba, obklady, um\u011bl\u00fd i p\u0159\u00edrodn\u00ed k\u00e1men","potentialAction":[{"@type":"SearchAction","target":{"@type":"EntryPoint","urlTemplate":"https:\/\/www.stonecity.cz\/en\/?s={search_term_string}"},"query-input":{"@type":"PropertyValueSpecification","valueRequired":true,"valueName":"search_term_string"}}],"inLanguage":"en-US"}]}},"_links":{"self":[{"href":"https:\/\/www.stonecity.cz\/en\/wp-json\/wp\/v2\/product\/19350","targetHints":{"allow":["GET"]}}],"collection":[{"href":"https:\/\/www.stonecity.cz\/en\/wp-json\/wp\/v2\/product"}],"about":[{"href":"https:\/\/www.stonecity.cz\/en\/wp-json\/wp\/v2\/types\/product"}],"wp:featuredmedia":[{"embeddable":true,"href":"https:\/\/www.stonecity.cz\/en\/wp-json\/wp\/v2\/media\/19362"}],"wp:attachment":[{"href":"https:\/\/www.stonecity.cz\/en\/wp-json\/wp\/v2\/media?parent=19350"}],"wp:term":[{"taxonomy":"product_cat","embeddable":true,"href":"https:\/\/www.stonecity.cz\/en\/wp-json\/wp\/v2\/product_cat?post=19350"},{"taxonomy":"product_tag","embeddable":true,"href":"https:\/\/www.stonecity.cz\/en\/wp-json\/wp\/v2\/product_tag?post=19350"}],"curies":[{"name":"wp","href":"https:\/\/api.w.org\/{rel}","templated":true}]}}