{"id":19615,"date":"2025-05-09T09:50:51","date_gmt":"2025-05-09T07:50:51","guid":{"rendered":"https:\/\/www.stonecity.cz\/?post_type=product&#038;p=19615"},"modified":"2025-05-09T10:03:04","modified_gmt":"2025-05-09T08:03:04","slug":"stone-irregular-paving-porphyry-crazy-paving-por-xxxl-travelling-kopirovat","status":"publish","type":"product","link":"https:\/\/www.stonecity.cz\/en\/produkt\/stone-irregular-paving-porphyry-crazy-paving-por-xxxl-travelling-kopirovat\/","title":{"rendered":"Porphyry staircase irregular Natural Top XXL &#8211; POR-TR-31"},"content":{"rendered":"<p>NEW solid wood garden and pond stairs<\/p>\n<p>Porphyry &#8211; irregular shapes, large formats have different lengths of sides with a diagonal of approximately 70x120cm<br \/>\nThe beauty of this stone is emphasized by the natural surface, chipped edges and a mix of colors ranging from gray, purple,<br \/>\ngray-brown and purple-purple.<\/p>\n<p>Porphyry is an igneous rock containing large crystals &#8211; most commonly feldspar, or quartz.<br \/>\nThis stone is suitable for patios, driveways, walkways or pavements, as well as squares and interiors.<br \/>\nHardy.<\/p>\n<p>Dimensions: thickness 12-17 cm<\/p>\n<p>diagonal approx. 70x120cm<\/p>\n<p>Use: Outdoor paving, around swimming pools, corridors, terraces, pavements, squares, gardens<\/p>\n<p>Easy installation and minimal maintenance.<\/p>\n<p><em><strong><a href=\"https:\/\/www.stonecity.cz\/wp-content\/uploads\/2020\/05\/Protiskluznost.pdf\">Anti-Slip<\/a><\/strong><\/em><\/p>\n<p><em><strong><a href=\"https:\/\/www.stonecity.cz\/wp-content\/uploads\/2020\/05\/Pevnost-v-ohybu.pdf\">Bending strength<\/a><\/strong><\/em><\/p>\n<p><em><strong><a href=\"https:\/\/www.stonecity.cz\/wp-content\/uploads\/2020\/05\/Absorpce-vody.pdf\">Water absorption<\/a><\/strong><\/em><\/p>\n","protected":false},"excerpt":{"rendered":"<p>NEW solid wood garden and pond stairs Porphyry &#8211; irregular shapes, large formats have different lengths of sides with a diagonal of approximately 70x120cm The beauty of this stone is emphasized by the natural surface, chipped edges and a mix of colors ranging from gray, purple, gray-brown and purple-purple. Porphyry is an igneous rock containing [&#8230;]\n","protected":false},"featured_media":19516,"template":"","meta":[],"product_cat":[3172,1916,1922,1946],"product_tag":[1741,1744,1752,1751],"class_list":{"0":"post-19615","1":"product","2":"type-product","3":"status-publish","4":"has-post-thumbnail","6":"product_cat-parapets-stairs-pool-edging","7":"product_cat-pavements","8":"product_cat-natural-stone","9":"product_cat-porphyry","10":"product_tag-facade-cladding","11":"product_tag-suitable-for-outdoors","12":"product_tag-suitable-for-the-garden-en","13":"product_tag-suitable-for-the-terrace","14":"pa_poznamka-the-price-is-given-for-a-common-joint-1-5-cm","16":"first","17":"instock","18":"purchasable","19":"product-type-simple"},"yoast_head":"<!-- This site is optimized with the Yoast SEO plugin v26.8 - https:\/\/yoast.com\/product\/yoast-seo-wordpress\/ -->\n<title>Porphyry staircase irregular Natural Top XXL - POR-TR-31 - Stonecity.cz<\/title>\n<meta name=\"robots\" content=\"index, follow, max-snippet:-1, max-image-preview:large, max-video-preview:-1\" \/>\n<link rel=\"canonical\" href=\"https:\/\/www.stonecity.cz\/en\/produkt\/stone-irregular-paving-porphyry-crazy-paving-por-xxxl-travelling-kopirovat\/\" \/>\n<meta property=\"og:locale\" content=\"en_US\" \/>\n<meta property=\"og:type\" content=\"article\" \/>\n<meta property=\"og:title\" content=\"Porphyry staircase irregular Natural Top XXL - POR-TR-31 - Stonecity.cz\" \/>\n<meta property=\"og:description\" content=\"NEW solid wood garden and pond stairs Porphyry &#8211; irregular shapes, large formats have different lengths of sides with a diagonal of approximately 70x120cm The beauty of this stone is emphasized by the natural surface, chipped edges and a mix of colors ranging from gray, purple, gray-brown and purple-purple. Porphyry is an igneous rock containing [...]\" \/>\n<meta property=\"og:url\" content=\"https:\/\/www.stonecity.cz\/en\/produkt\/stone-irregular-paving-porphyry-crazy-paving-por-xxxl-travelling-kopirovat\/\" \/>\n<meta property=\"og:site_name\" content=\"Stonecity.cz\" \/>\n<meta property=\"article:modified_time\" content=\"2025-05-09T08:03:04+00:00\" \/>\n<meta property=\"og:image\" content=\"https:\/\/www.stonecity.cz\/wp-content\/uploads\/2024\/05\/STONE-CITY-crazy-paving-XXL-extra-size-8.jpg\" \/>\n\t<meta property=\"og:image:width\" content=\"1100\" \/>\n\t<meta property=\"og:image:height\" content=\"733\" \/>\n\t<meta property=\"og:image:type\" content=\"image\/jpeg\" \/>\n<meta name=\"twitter:card\" content=\"summary_large_image\" \/>\n<meta name=\"twitter:label1\" content=\"Est. reading time\" \/>\n\t<meta name=\"twitter:data1\" content=\"1 minute\" \/>\n<script type=\"application\/ld+json\" class=\"yoast-schema-graph\">{\"@context\":\"https:\/\/schema.org\",\"@graph\":[{\"@type\":\"WebPage\",\"@id\":\"https:\/\/www.stonecity.cz\/en\/produkt\/stone-irregular-paving-porphyry-crazy-paving-por-xxxl-travelling-kopirovat\/\",\"url\":\"https:\/\/www.stonecity.cz\/en\/produkt\/stone-irregular-paving-porphyry-crazy-paving-por-xxxl-travelling-kopirovat\/\",\"name\":\"Porphyry staircase irregular Natural Top XXL - POR-TR-31 - Stonecity.cz\",\"isPartOf\":{\"@id\":\"https:\/\/www.stonecity.cz\/en\/#website\"},\"primaryImageOfPage\":{\"@id\":\"https:\/\/www.stonecity.cz\/en\/produkt\/stone-irregular-paving-porphyry-crazy-paving-por-xxxl-travelling-kopirovat\/#primaryimage\"},\"image\":{\"@id\":\"https:\/\/www.stonecity.cz\/en\/produkt\/stone-irregular-paving-porphyry-crazy-paving-por-xxxl-travelling-kopirovat\/#primaryimage\"},\"thumbnailUrl\":\"https:\/\/www.stonecity.cz\/wp-content\/uploads\/2024\/05\/STONE-CITY-crazy-paving-XXL-extra-size-8.jpg\",\"datePublished\":\"2025-05-09T07:50:51+00:00\",\"dateModified\":\"2025-05-09T08:03:04+00:00\",\"breadcrumb\":{\"@id\":\"https:\/\/www.stonecity.cz\/en\/produkt\/stone-irregular-paving-porphyry-crazy-paving-por-xxxl-travelling-kopirovat\/#breadcrumb\"},\"inLanguage\":\"en-US\",\"potentialAction\":[{\"@type\":\"ReadAction\",\"target\":[\"https:\/\/www.stonecity.cz\/en\/produkt\/stone-irregular-paving-porphyry-crazy-paving-por-xxxl-travelling-kopirovat\/\"]}]},{\"@type\":\"ImageObject\",\"inLanguage\":\"en-US\",\"@id\":\"https:\/\/www.stonecity.cz\/en\/produkt\/stone-irregular-paving-porphyry-crazy-paving-por-xxxl-travelling-kopirovat\/#primaryimage\",\"url\":\"https:\/\/www.stonecity.cz\/wp-content\/uploads\/2024\/05\/STONE-CITY-crazy-paving-XXL-extra-size-8.jpg\",\"contentUrl\":\"https:\/\/www.stonecity.cz\/wp-content\/uploads\/2024\/05\/STONE-CITY-crazy-paving-XXL-extra-size-8.jpg\",\"width\":1100,\"height\":733},{\"@type\":\"BreadcrumbList\",\"@id\":\"https:\/\/www.stonecity.cz\/en\/produkt\/stone-irregular-paving-porphyry-crazy-paving-por-xxxl-travelling-kopirovat\/#breadcrumb\",\"itemListElement\":[{\"@type\":\"ListItem\",\"position\":1,\"name\":\"Dom\u016f\",\"item\":\"https:\/\/www.stonecity.cz\/en\/\"},{\"@type\":\"ListItem\",\"position\":2,\"name\":\"Shop\",\"item\":\"https:\/\/www.stonecity.cz\/en\/shop\/\"},{\"@type\":\"ListItem\",\"position\":3,\"name\":\"Porphyry staircase irregular Natural Top XXL &#8211; POR-TR-31\"}]},{\"@type\":\"WebSite\",\"@id\":\"https:\/\/www.stonecity.cz\/en\/#website\",\"url\":\"https:\/\/www.stonecity.cz\/en\/\",\"name\":\"Stonecity.cz\",\"description\":\"Dla\u017eba, obklady, um\u011bl\u00fd i p\u0159\u00edrodn\u00ed k\u00e1men\",\"potentialAction\":[{\"@type\":\"SearchAction\",\"target\":{\"@type\":\"EntryPoint\",\"urlTemplate\":\"https:\/\/www.stonecity.cz\/en\/?s={search_term_string}\"},\"query-input\":{\"@type\":\"PropertyValueSpecification\",\"valueRequired\":true,\"valueName\":\"search_term_string\"}}],\"inLanguage\":\"en-US\"}]}<\/script>\n<!-- \/ Yoast SEO plugin. -->","yoast_head_json":{"title":"Porphyry staircase irregular Natural Top XXL - POR-TR-31 - Stonecity.cz","robots":{"index":"index","follow":"follow","max-snippet":"max-snippet:-1","max-image-preview":"max-image-preview:large","max-video-preview":"max-video-preview:-1"},"canonical":"https:\/\/www.stonecity.cz\/en\/produkt\/stone-irregular-paving-porphyry-crazy-paving-por-xxxl-travelling-kopirovat\/","og_locale":"en_US","og_type":"article","og_title":"Porphyry staircase irregular Natural Top XXL - POR-TR-31 - Stonecity.cz","og_description":"NEW solid wood garden and pond stairs Porphyry &#8211; irregular shapes, large formats have different lengths of sides with a diagonal of approximately 70x120cm The beauty of this stone is emphasized by the natural surface, chipped edges and a mix of colors ranging from gray, purple, gray-brown and purple-purple. Porphyry is an igneous rock containing [...]","og_url":"https:\/\/www.stonecity.cz\/en\/produkt\/stone-irregular-paving-porphyry-crazy-paving-por-xxxl-travelling-kopirovat\/","og_site_name":"Stonecity.cz","article_modified_time":"2025-05-09T08:03:04+00:00","og_image":[{"width":1100,"height":733,"url":"https:\/\/www.stonecity.cz\/wp-content\/uploads\/2024\/05\/STONE-CITY-crazy-paving-XXL-extra-size-8.jpg","type":"image\/jpeg"}],"twitter_card":"summary_large_image","twitter_misc":{"Est. reading time":"1 minute"},"schema":{"@context":"https:\/\/schema.org","@graph":[{"@type":"WebPage","@id":"https:\/\/www.stonecity.cz\/en\/produkt\/stone-irregular-paving-porphyry-crazy-paving-por-xxxl-travelling-kopirovat\/","url":"https:\/\/www.stonecity.cz\/en\/produkt\/stone-irregular-paving-porphyry-crazy-paving-por-xxxl-travelling-kopirovat\/","name":"Porphyry staircase irregular Natural Top XXL - POR-TR-31 - Stonecity.cz","isPartOf":{"@id":"https:\/\/www.stonecity.cz\/en\/#website"},"primaryImageOfPage":{"@id":"https:\/\/www.stonecity.cz\/en\/produkt\/stone-irregular-paving-porphyry-crazy-paving-por-xxxl-travelling-kopirovat\/#primaryimage"},"image":{"@id":"https:\/\/www.stonecity.cz\/en\/produkt\/stone-irregular-paving-porphyry-crazy-paving-por-xxxl-travelling-kopirovat\/#primaryimage"},"thumbnailUrl":"https:\/\/www.stonecity.cz\/wp-content\/uploads\/2024\/05\/STONE-CITY-crazy-paving-XXL-extra-size-8.jpg","datePublished":"2025-05-09T07:50:51+00:00","dateModified":"2025-05-09T08:03:04+00:00","breadcrumb":{"@id":"https:\/\/www.stonecity.cz\/en\/produkt\/stone-irregular-paving-porphyry-crazy-paving-por-xxxl-travelling-kopirovat\/#breadcrumb"},"inLanguage":"en-US","potentialAction":[{"@type":"ReadAction","target":["https:\/\/www.stonecity.cz\/en\/produkt\/stone-irregular-paving-porphyry-crazy-paving-por-xxxl-travelling-kopirovat\/"]}]},{"@type":"ImageObject","inLanguage":"en-US","@id":"https:\/\/www.stonecity.cz\/en\/produkt\/stone-irregular-paving-porphyry-crazy-paving-por-xxxl-travelling-kopirovat\/#primaryimage","url":"https:\/\/www.stonecity.cz\/wp-content\/uploads\/2024\/05\/STONE-CITY-crazy-paving-XXL-extra-size-8.jpg","contentUrl":"https:\/\/www.stonecity.cz\/wp-content\/uploads\/2024\/05\/STONE-CITY-crazy-paving-XXL-extra-size-8.jpg","width":1100,"height":733},{"@type":"BreadcrumbList","@id":"https:\/\/www.stonecity.cz\/en\/produkt\/stone-irregular-paving-porphyry-crazy-paving-por-xxxl-travelling-kopirovat\/#breadcrumb","itemListElement":[{"@type":"ListItem","position":1,"name":"Dom\u016f","item":"https:\/\/www.stonecity.cz\/en\/"},{"@type":"ListItem","position":2,"name":"Shop","item":"https:\/\/www.stonecity.cz\/en\/shop\/"},{"@type":"ListItem","position":3,"name":"Porphyry staircase irregular Natural Top XXL &#8211; POR-TR-31"}]},{"@type":"WebSite","@id":"https:\/\/www.stonecity.cz\/en\/#website","url":"https:\/\/www.stonecity.cz\/en\/","name":"Stonecity.cz","description":"Dla\u017eba, obklady, um\u011bl\u00fd i p\u0159\u00edrodn\u00ed k\u00e1men","potentialAction":[{"@type":"SearchAction","target":{"@type":"EntryPoint","urlTemplate":"https:\/\/www.stonecity.cz\/en\/?s={search_term_string}"},"query-input":{"@type":"PropertyValueSpecification","valueRequired":true,"valueName":"search_term_string"}}],"inLanguage":"en-US"}]}},"_links":{"self":[{"href":"https:\/\/www.stonecity.cz\/en\/wp-json\/wp\/v2\/product\/19615","targetHints":{"allow":["GET"]}}],"collection":[{"href":"https:\/\/www.stonecity.cz\/en\/wp-json\/wp\/v2\/product"}],"about":[{"href":"https:\/\/www.stonecity.cz\/en\/wp-json\/wp\/v2\/types\/product"}],"wp:featuredmedia":[{"embeddable":true,"href":"https:\/\/www.stonecity.cz\/en\/wp-json\/wp\/v2\/media\/19516"}],"wp:attachment":[{"href":"https:\/\/www.stonecity.cz\/en\/wp-json\/wp\/v2\/media?parent=19615"}],"wp:term":[{"taxonomy":"product_cat","embeddable":true,"href":"https:\/\/www.stonecity.cz\/en\/wp-json\/wp\/v2\/product_cat?post=19615"},{"taxonomy":"product_tag","embeddable":true,"href":"https:\/\/www.stonecity.cz\/en\/wp-json\/wp\/v2\/product_tag?post=19615"}],"curies":[{"name":"wp","href":"https:\/\/api.w.org\/{rel}","templated":true}]}}