{"id":19957,"date":"2025-07-30T08:25:01","date_gmt":"2025-07-30T06:25:01","guid":{"rendered":"https:\/\/www.stonecity.cz\/?post_type=product&#038;p=19957"},"modified":"2025-07-30T08:52:32","modified_gmt":"2025-07-30T06:52:32","slug":"complete-set-90-cm-for-garden-fountain-df-09-kopirovat","status":"publish","type":"product","link":"https:\/\/www.stonecity.cz\/en\/produkt\/complete-set-90-cm-for-garden-fountain-df-09-kopirovat\/","title":{"rendered":"Complete set 90 cm for garden fountain DF-09 (Kop\u00edrovat)"},"content":{"rendered":"<p>Complete set of accessories for building a garden fountain with pump max. flow rate 2000 L\/h. Just choose the right fountain for your needs.<\/p>\n<p>A garden fountain is the simplest water feature you can put in a small garden. We recommend placing the outdoor fountain by the terrace or in a relaxing corner of the garden. The sparkling water, springing from the drilled stone, has a pleasant, soothing effect.<\/p>\n","protected":false},"excerpt":{"rendered":"<p>Complete set of accessories for building a garden fountain with pump max. flow rate 2000 L\/h. Just choose the right fountain for your needs. A garden fountain is the simplest water feature you can put in a small garden. We recommend placing the outdoor fountain by the terrace or in a relaxing corner of the [&#8230;]\n","protected":false},"featured_media":20031,"template":"","meta":[],"product_cat":[1984,2062],"product_tag":[1752,1751],"class_list":{"0":"post-19957","1":"product","2":"type-product","3":"status-publish","4":"has-post-thumbnail","6":"product_cat-stone-troughs","7":"product_cat-accessories","8":"product_tag-suitable-for-the-garden-en","9":"product_tag-suitable-for-the-terrace","11":"first","12":"onbackorder","13":"taxable","14":"shipping-taxable","15":"purchasable","16":"product-type-simple"},"yoast_head":"<!-- This site is optimized with the Yoast SEO plugin v26.8 - https:\/\/yoast.com\/product\/yoast-seo-wordpress\/ -->\n<title>Complete set 90 cm for garden fountain DF-09 (Kop\u00edrovat) - Stonecity.cz<\/title>\n<meta name=\"robots\" content=\"index, follow, max-snippet:-1, max-image-preview:large, max-video-preview:-1\" \/>\n<link rel=\"canonical\" href=\"https:\/\/www.stonecity.cz\/en\/produkt\/complete-set-90-cm-for-garden-fountain-df-09-kopirovat\/\" \/>\n<meta property=\"og:locale\" content=\"en_US\" \/>\n<meta property=\"og:type\" content=\"article\" \/>\n<meta property=\"og:title\" content=\"Complete set 90 cm for garden fountain DF-09 (Kop\u00edrovat) - Stonecity.cz\" \/>\n<meta property=\"og:description\" content=\"Complete set of accessories for building a garden fountain with pump max. flow rate 2000 L\/h. Just choose the right fountain for your needs. A garden fountain is the simplest water feature you can put in a small garden. We recommend placing the outdoor fountain by the terrace or in a relaxing corner of the [...]\" \/>\n<meta property=\"og:url\" content=\"https:\/\/www.stonecity.cz\/en\/produkt\/complete-set-90-cm-for-garden-fountain-df-09-kopirovat\/\" \/>\n<meta property=\"og:site_name\" content=\"Stonecity.cz\" \/>\n<meta property=\"article:modified_time\" content=\"2025-07-30T06:52:32+00:00\" \/>\n<meta property=\"og:image\" content=\"https:\/\/www.stonecity.cz\/wp-content\/uploads\/2025\/07\/STONE-CITY-prepad-ke-korytum-5.jpeg\" \/>\n\t<meta property=\"og:image:width\" content=\"2048\" \/>\n\t<meta property=\"og:image:height\" content=\"1536\" \/>\n\t<meta property=\"og:image:type\" content=\"image\/jpeg\" \/>\n<meta name=\"twitter:card\" content=\"summary_large_image\" \/>\n<script type=\"application\/ld+json\" class=\"yoast-schema-graph\">{\"@context\":\"https:\/\/schema.org\",\"@graph\":[{\"@type\":\"WebPage\",\"@id\":\"https:\/\/www.stonecity.cz\/en\/produkt\/complete-set-90-cm-for-garden-fountain-df-09-kopirovat\/\",\"url\":\"https:\/\/www.stonecity.cz\/en\/produkt\/complete-set-90-cm-for-garden-fountain-df-09-kopirovat\/\",\"name\":\"Complete set 90 cm for garden fountain DF-09 (Kop\u00edrovat) - Stonecity.cz\",\"isPartOf\":{\"@id\":\"https:\/\/www.stonecity.cz\/en\/#website\"},\"primaryImageOfPage\":{\"@id\":\"https:\/\/www.stonecity.cz\/en\/produkt\/complete-set-90-cm-for-garden-fountain-df-09-kopirovat\/#primaryimage\"},\"image\":{\"@id\":\"https:\/\/www.stonecity.cz\/en\/produkt\/complete-set-90-cm-for-garden-fountain-df-09-kopirovat\/#primaryimage\"},\"thumbnailUrl\":\"https:\/\/www.stonecity.cz\/wp-content\/uploads\/2025\/07\/STONE-CITY-prepad-ke-korytum-5.jpeg\",\"datePublished\":\"2025-07-30T06:25:01+00:00\",\"dateModified\":\"2025-07-30T06:52:32+00:00\",\"breadcrumb\":{\"@id\":\"https:\/\/www.stonecity.cz\/en\/produkt\/complete-set-90-cm-for-garden-fountain-df-09-kopirovat\/#breadcrumb\"},\"inLanguage\":\"en-US\",\"potentialAction\":[{\"@type\":\"ReadAction\",\"target\":[\"https:\/\/www.stonecity.cz\/en\/produkt\/complete-set-90-cm-for-garden-fountain-df-09-kopirovat\/\"]}]},{\"@type\":\"ImageObject\",\"inLanguage\":\"en-US\",\"@id\":\"https:\/\/www.stonecity.cz\/en\/produkt\/complete-set-90-cm-for-garden-fountain-df-09-kopirovat\/#primaryimage\",\"url\":\"https:\/\/www.stonecity.cz\/wp-content\/uploads\/2025\/07\/STONE-CITY-prepad-ke-korytum-5.jpeg\",\"contentUrl\":\"https:\/\/www.stonecity.cz\/wp-content\/uploads\/2025\/07\/STONE-CITY-prepad-ke-korytum-5.jpeg\",\"width\":2048,\"height\":1536},{\"@type\":\"BreadcrumbList\",\"@id\":\"https:\/\/www.stonecity.cz\/en\/produkt\/complete-set-90-cm-for-garden-fountain-df-09-kopirovat\/#breadcrumb\",\"itemListElement\":[{\"@type\":\"ListItem\",\"position\":1,\"name\":\"Dom\u016f\",\"item\":\"https:\/\/www.stonecity.cz\/en\/\"},{\"@type\":\"ListItem\",\"position\":2,\"name\":\"Shop\",\"item\":\"https:\/\/www.stonecity.cz\/en\/shop\/\"},{\"@type\":\"ListItem\",\"position\":3,\"name\":\"Complete set 90 cm for garden fountain DF-09 (Kop\u00edrovat)\"}]},{\"@type\":\"WebSite\",\"@id\":\"https:\/\/www.stonecity.cz\/en\/#website\",\"url\":\"https:\/\/www.stonecity.cz\/en\/\",\"name\":\"Stonecity.cz\",\"description\":\"Dla\u017eba, obklady, um\u011bl\u00fd i p\u0159\u00edrodn\u00ed k\u00e1men\",\"potentialAction\":[{\"@type\":\"SearchAction\",\"target\":{\"@type\":\"EntryPoint\",\"urlTemplate\":\"https:\/\/www.stonecity.cz\/en\/?s={search_term_string}\"},\"query-input\":{\"@type\":\"PropertyValueSpecification\",\"valueRequired\":true,\"valueName\":\"search_term_string\"}}],\"inLanguage\":\"en-US\"}]}<\/script>\n<!-- \/ Yoast SEO plugin. -->","yoast_head_json":{"title":"Complete set 90 cm for garden fountain DF-09 (Kop\u00edrovat) - Stonecity.cz","robots":{"index":"index","follow":"follow","max-snippet":"max-snippet:-1","max-image-preview":"max-image-preview:large","max-video-preview":"max-video-preview:-1"},"canonical":"https:\/\/www.stonecity.cz\/en\/produkt\/complete-set-90-cm-for-garden-fountain-df-09-kopirovat\/","og_locale":"en_US","og_type":"article","og_title":"Complete set 90 cm for garden fountain DF-09 (Kop\u00edrovat) - Stonecity.cz","og_description":"Complete set of accessories for building a garden fountain with pump max. flow rate 2000 L\/h. Just choose the right fountain for your needs. A garden fountain is the simplest water feature you can put in a small garden. We recommend placing the outdoor fountain by the terrace or in a relaxing corner of the [...]","og_url":"https:\/\/www.stonecity.cz\/en\/produkt\/complete-set-90-cm-for-garden-fountain-df-09-kopirovat\/","og_site_name":"Stonecity.cz","article_modified_time":"2025-07-30T06:52:32+00:00","og_image":[{"width":2048,"height":1536,"url":"https:\/\/www.stonecity.cz\/wp-content\/uploads\/2025\/07\/STONE-CITY-prepad-ke-korytum-5.jpeg","type":"image\/jpeg"}],"twitter_card":"summary_large_image","schema":{"@context":"https:\/\/schema.org","@graph":[{"@type":"WebPage","@id":"https:\/\/www.stonecity.cz\/en\/produkt\/complete-set-90-cm-for-garden-fountain-df-09-kopirovat\/","url":"https:\/\/www.stonecity.cz\/en\/produkt\/complete-set-90-cm-for-garden-fountain-df-09-kopirovat\/","name":"Complete set 90 cm for garden fountain DF-09 (Kop\u00edrovat) - Stonecity.cz","isPartOf":{"@id":"https:\/\/www.stonecity.cz\/en\/#website"},"primaryImageOfPage":{"@id":"https:\/\/www.stonecity.cz\/en\/produkt\/complete-set-90-cm-for-garden-fountain-df-09-kopirovat\/#primaryimage"},"image":{"@id":"https:\/\/www.stonecity.cz\/en\/produkt\/complete-set-90-cm-for-garden-fountain-df-09-kopirovat\/#primaryimage"},"thumbnailUrl":"https:\/\/www.stonecity.cz\/wp-content\/uploads\/2025\/07\/STONE-CITY-prepad-ke-korytum-5.jpeg","datePublished":"2025-07-30T06:25:01+00:00","dateModified":"2025-07-30T06:52:32+00:00","breadcrumb":{"@id":"https:\/\/www.stonecity.cz\/en\/produkt\/complete-set-90-cm-for-garden-fountain-df-09-kopirovat\/#breadcrumb"},"inLanguage":"en-US","potentialAction":[{"@type":"ReadAction","target":["https:\/\/www.stonecity.cz\/en\/produkt\/complete-set-90-cm-for-garden-fountain-df-09-kopirovat\/"]}]},{"@type":"ImageObject","inLanguage":"en-US","@id":"https:\/\/www.stonecity.cz\/en\/produkt\/complete-set-90-cm-for-garden-fountain-df-09-kopirovat\/#primaryimage","url":"https:\/\/www.stonecity.cz\/wp-content\/uploads\/2025\/07\/STONE-CITY-prepad-ke-korytum-5.jpeg","contentUrl":"https:\/\/www.stonecity.cz\/wp-content\/uploads\/2025\/07\/STONE-CITY-prepad-ke-korytum-5.jpeg","width":2048,"height":1536},{"@type":"BreadcrumbList","@id":"https:\/\/www.stonecity.cz\/en\/produkt\/complete-set-90-cm-for-garden-fountain-df-09-kopirovat\/#breadcrumb","itemListElement":[{"@type":"ListItem","position":1,"name":"Dom\u016f","item":"https:\/\/www.stonecity.cz\/en\/"},{"@type":"ListItem","position":2,"name":"Shop","item":"https:\/\/www.stonecity.cz\/en\/shop\/"},{"@type":"ListItem","position":3,"name":"Complete set 90 cm for garden fountain DF-09 (Kop\u00edrovat)"}]},{"@type":"WebSite","@id":"https:\/\/www.stonecity.cz\/en\/#website","url":"https:\/\/www.stonecity.cz\/en\/","name":"Stonecity.cz","description":"Dla\u017eba, obklady, um\u011bl\u00fd i p\u0159\u00edrodn\u00ed k\u00e1men","potentialAction":[{"@type":"SearchAction","target":{"@type":"EntryPoint","urlTemplate":"https:\/\/www.stonecity.cz\/en\/?s={search_term_string}"},"query-input":{"@type":"PropertyValueSpecification","valueRequired":true,"valueName":"search_term_string"}}],"inLanguage":"en-US"}]}},"_links":{"self":[{"href":"https:\/\/www.stonecity.cz\/en\/wp-json\/wp\/v2\/product\/19957","targetHints":{"allow":["GET"]}}],"collection":[{"href":"https:\/\/www.stonecity.cz\/en\/wp-json\/wp\/v2\/product"}],"about":[{"href":"https:\/\/www.stonecity.cz\/en\/wp-json\/wp\/v2\/types\/product"}],"wp:featuredmedia":[{"embeddable":true,"href":"https:\/\/www.stonecity.cz\/en\/wp-json\/wp\/v2\/media\/20031"}],"wp:attachment":[{"href":"https:\/\/www.stonecity.cz\/en\/wp-json\/wp\/v2\/media?parent=19957"}],"wp:term":[{"taxonomy":"product_cat","embeddable":true,"href":"https:\/\/www.stonecity.cz\/en\/wp-json\/wp\/v2\/product_cat?post=19957"},{"taxonomy":"product_tag","embeddable":true,"href":"https:\/\/www.stonecity.cz\/en\/wp-json\/wp\/v2\/product_tag?post=19957"}],"curies":[{"name":"wp","href":"https:\/\/api.w.org\/{rel}","templated":true}]}}