{"id":20110,"date":"2025-08-29T14:43:35","date_gmt":"2025-08-29T12:43:35","guid":{"rendered":"https:\/\/www.stonecity.cz\/?post_type=product&#038;p=20110"},"modified":"2025-08-29T14:55:10","modified_gmt":"2025-08-29T12:55:10","slug":"flowerpot-antique-va-04-kopirovat-2","status":"publish","type":"product","link":"https:\/\/www.stonecity.cz\/en\/produkt\/flowerpot-antique-va-04-kopirovat-2\/","title":{"rendered":"Flowerpot Antique Spot- VA-04"},"content":{"rendered":"<p>Complete your interior or outdoor space with this timeless stone planter that is suitable for the hallway, terrace, garden or balcony. It is made of natural, temperature-resistant stone. It is strong, but also low-maintenance. The elegant design with a textured surface is suitable for any garden.   <\/p>\n<p>&nbsp;<\/p>\n<p>&nbsp;<\/p>\n<p>&nbsp;<\/p>\n<p>&nbsp;<\/p>\n","protected":false},"excerpt":{"rendered":"<p>Complete your interior or outdoor space with this timeless stone planter that is suitable for the hallway, terrace, garden or balcony. It is made of natural, temperature-resistant stone. It is strong, but also low-maintenance. The elegant design with a textured surface is suitable for any garden. &nbsp; &nbsp; &nbsp; &nbsp;<\/p>\n","protected":false},"featured_media":20119,"template":"","meta":[],"product_cat":[1992],"product_tag":[],"class_list":{"0":"post-20110","1":"product","2":"type-product","3":"status-publish","4":"has-post-thumbnail","6":"product_cat-stone-decorations","7":"pa_hmotnost-v-kg-za-1-mj-900kg-en","9":"first","10":"instock","11":"taxable","12":"shipping-taxable","13":"purchasable","14":"product-type-simple"},"yoast_head":"<!-- This site is optimized with the Yoast SEO plugin v26.8 - https:\/\/yoast.com\/product\/yoast-seo-wordpress\/ -->\n<title>Flowerpot Antique Spot- VA-04 - Stonecity.cz<\/title>\n<meta name=\"robots\" content=\"index, follow, max-snippet:-1, max-image-preview:large, max-video-preview:-1\" \/>\n<link rel=\"canonical\" href=\"https:\/\/www.stonecity.cz\/en\/produkt\/flowerpot-antique-va-04-kopirovat-2\/\" \/>\n<meta property=\"og:locale\" content=\"en_US\" \/>\n<meta property=\"og:type\" content=\"article\" \/>\n<meta property=\"og:title\" content=\"Flowerpot Antique Spot- VA-04 - Stonecity.cz\" \/>\n<meta property=\"og:description\" content=\"Complete your interior or outdoor space with this timeless stone planter that is suitable for the hallway, terrace, garden or balcony. It is made of natural, temperature-resistant stone. It is strong, but also low-maintenance. The elegant design with a textured surface is suitable for any garden. &nbsp; &nbsp; &nbsp; &nbsp;\" \/>\n<meta property=\"og:url\" content=\"https:\/\/www.stonecity.cz\/en\/produkt\/flowerpot-antique-va-04-kopirovat-2\/\" \/>\n<meta property=\"og:site_name\" content=\"Stonecity.cz\" \/>\n<meta property=\"article:modified_time\" content=\"2025-08-29T12:55:10+00:00\" \/>\n<meta property=\"og:image\" content=\"https:\/\/www.stonecity.cz\/wp-content\/uploads\/2025\/08\/STONE-CITY-kvetinac-Antique-Spot-VA-04-5.jpeg\" \/>\n\t<meta property=\"og:image:width\" content=\"2048\" \/>\n\t<meta property=\"og:image:height\" content=\"1536\" \/>\n\t<meta property=\"og:image:type\" content=\"image\/jpeg\" \/>\n<meta name=\"twitter:card\" content=\"summary_large_image\" \/>\n<script type=\"application\/ld+json\" class=\"yoast-schema-graph\">{\"@context\":\"https:\/\/schema.org\",\"@graph\":[{\"@type\":\"WebPage\",\"@id\":\"https:\/\/www.stonecity.cz\/en\/produkt\/flowerpot-antique-va-04-kopirovat-2\/\",\"url\":\"https:\/\/www.stonecity.cz\/en\/produkt\/flowerpot-antique-va-04-kopirovat-2\/\",\"name\":\"Flowerpot Antique Spot- VA-04 - Stonecity.cz\",\"isPartOf\":{\"@id\":\"https:\/\/www.stonecity.cz\/en\/#website\"},\"primaryImageOfPage\":{\"@id\":\"https:\/\/www.stonecity.cz\/en\/produkt\/flowerpot-antique-va-04-kopirovat-2\/#primaryimage\"},\"image\":{\"@id\":\"https:\/\/www.stonecity.cz\/en\/produkt\/flowerpot-antique-va-04-kopirovat-2\/#primaryimage\"},\"thumbnailUrl\":\"https:\/\/www.stonecity.cz\/wp-content\/uploads\/2025\/08\/STONE-CITY-kvetinac-Antique-Spot-VA-04-5.jpeg\",\"datePublished\":\"2025-08-29T12:43:35+00:00\",\"dateModified\":\"2025-08-29T12:55:10+00:00\",\"breadcrumb\":{\"@id\":\"https:\/\/www.stonecity.cz\/en\/produkt\/flowerpot-antique-va-04-kopirovat-2\/#breadcrumb\"},\"inLanguage\":\"en-US\",\"potentialAction\":[{\"@type\":\"ReadAction\",\"target\":[\"https:\/\/www.stonecity.cz\/en\/produkt\/flowerpot-antique-va-04-kopirovat-2\/\"]}]},{\"@type\":\"ImageObject\",\"inLanguage\":\"en-US\",\"@id\":\"https:\/\/www.stonecity.cz\/en\/produkt\/flowerpot-antique-va-04-kopirovat-2\/#primaryimage\",\"url\":\"https:\/\/www.stonecity.cz\/wp-content\/uploads\/2025\/08\/STONE-CITY-kvetinac-Antique-Spot-VA-04-5.jpeg\",\"contentUrl\":\"https:\/\/www.stonecity.cz\/wp-content\/uploads\/2025\/08\/STONE-CITY-kvetinac-Antique-Spot-VA-04-5.jpeg\",\"width\":2048,\"height\":1536},{\"@type\":\"BreadcrumbList\",\"@id\":\"https:\/\/www.stonecity.cz\/en\/produkt\/flowerpot-antique-va-04-kopirovat-2\/#breadcrumb\",\"itemListElement\":[{\"@type\":\"ListItem\",\"position\":1,\"name\":\"Dom\u016f\",\"item\":\"https:\/\/www.stonecity.cz\/en\/\"},{\"@type\":\"ListItem\",\"position\":2,\"name\":\"Shop\",\"item\":\"https:\/\/www.stonecity.cz\/en\/shop\/\"},{\"@type\":\"ListItem\",\"position\":3,\"name\":\"Flowerpot Antique Spot- VA-04\"}]},{\"@type\":\"WebSite\",\"@id\":\"https:\/\/www.stonecity.cz\/en\/#website\",\"url\":\"https:\/\/www.stonecity.cz\/en\/\",\"name\":\"Stonecity.cz\",\"description\":\"Dla\u017eba, obklady, um\u011bl\u00fd i p\u0159\u00edrodn\u00ed k\u00e1men\",\"potentialAction\":[{\"@type\":\"SearchAction\",\"target\":{\"@type\":\"EntryPoint\",\"urlTemplate\":\"https:\/\/www.stonecity.cz\/en\/?s={search_term_string}\"},\"query-input\":{\"@type\":\"PropertyValueSpecification\",\"valueRequired\":true,\"valueName\":\"search_term_string\"}}],\"inLanguage\":\"en-US\"}]}<\/script>\n<!-- \/ Yoast SEO plugin. -->","yoast_head_json":{"title":"Flowerpot Antique Spot- VA-04 - Stonecity.cz","robots":{"index":"index","follow":"follow","max-snippet":"max-snippet:-1","max-image-preview":"max-image-preview:large","max-video-preview":"max-video-preview:-1"},"canonical":"https:\/\/www.stonecity.cz\/en\/produkt\/flowerpot-antique-va-04-kopirovat-2\/","og_locale":"en_US","og_type":"article","og_title":"Flowerpot Antique Spot- VA-04 - Stonecity.cz","og_description":"Complete your interior or outdoor space with this timeless stone planter that is suitable for the hallway, terrace, garden or balcony. It is made of natural, temperature-resistant stone. It is strong, but also low-maintenance. The elegant design with a textured surface is suitable for any garden. &nbsp; &nbsp; &nbsp; &nbsp;","og_url":"https:\/\/www.stonecity.cz\/en\/produkt\/flowerpot-antique-va-04-kopirovat-2\/","og_site_name":"Stonecity.cz","article_modified_time":"2025-08-29T12:55:10+00:00","og_image":[{"width":2048,"height":1536,"url":"https:\/\/www.stonecity.cz\/wp-content\/uploads\/2025\/08\/STONE-CITY-kvetinac-Antique-Spot-VA-04-5.jpeg","type":"image\/jpeg"}],"twitter_card":"summary_large_image","schema":{"@context":"https:\/\/schema.org","@graph":[{"@type":"WebPage","@id":"https:\/\/www.stonecity.cz\/en\/produkt\/flowerpot-antique-va-04-kopirovat-2\/","url":"https:\/\/www.stonecity.cz\/en\/produkt\/flowerpot-antique-va-04-kopirovat-2\/","name":"Flowerpot Antique Spot- VA-04 - Stonecity.cz","isPartOf":{"@id":"https:\/\/www.stonecity.cz\/en\/#website"},"primaryImageOfPage":{"@id":"https:\/\/www.stonecity.cz\/en\/produkt\/flowerpot-antique-va-04-kopirovat-2\/#primaryimage"},"image":{"@id":"https:\/\/www.stonecity.cz\/en\/produkt\/flowerpot-antique-va-04-kopirovat-2\/#primaryimage"},"thumbnailUrl":"https:\/\/www.stonecity.cz\/wp-content\/uploads\/2025\/08\/STONE-CITY-kvetinac-Antique-Spot-VA-04-5.jpeg","datePublished":"2025-08-29T12:43:35+00:00","dateModified":"2025-08-29T12:55:10+00:00","breadcrumb":{"@id":"https:\/\/www.stonecity.cz\/en\/produkt\/flowerpot-antique-va-04-kopirovat-2\/#breadcrumb"},"inLanguage":"en-US","potentialAction":[{"@type":"ReadAction","target":["https:\/\/www.stonecity.cz\/en\/produkt\/flowerpot-antique-va-04-kopirovat-2\/"]}]},{"@type":"ImageObject","inLanguage":"en-US","@id":"https:\/\/www.stonecity.cz\/en\/produkt\/flowerpot-antique-va-04-kopirovat-2\/#primaryimage","url":"https:\/\/www.stonecity.cz\/wp-content\/uploads\/2025\/08\/STONE-CITY-kvetinac-Antique-Spot-VA-04-5.jpeg","contentUrl":"https:\/\/www.stonecity.cz\/wp-content\/uploads\/2025\/08\/STONE-CITY-kvetinac-Antique-Spot-VA-04-5.jpeg","width":2048,"height":1536},{"@type":"BreadcrumbList","@id":"https:\/\/www.stonecity.cz\/en\/produkt\/flowerpot-antique-va-04-kopirovat-2\/#breadcrumb","itemListElement":[{"@type":"ListItem","position":1,"name":"Dom\u016f","item":"https:\/\/www.stonecity.cz\/en\/"},{"@type":"ListItem","position":2,"name":"Shop","item":"https:\/\/www.stonecity.cz\/en\/shop\/"},{"@type":"ListItem","position":3,"name":"Flowerpot Antique Spot- VA-04"}]},{"@type":"WebSite","@id":"https:\/\/www.stonecity.cz\/en\/#website","url":"https:\/\/www.stonecity.cz\/en\/","name":"Stonecity.cz","description":"Dla\u017eba, obklady, um\u011bl\u00fd i p\u0159\u00edrodn\u00ed k\u00e1men","potentialAction":[{"@type":"SearchAction","target":{"@type":"EntryPoint","urlTemplate":"https:\/\/www.stonecity.cz\/en\/?s={search_term_string}"},"query-input":{"@type":"PropertyValueSpecification","valueRequired":true,"valueName":"search_term_string"}}],"inLanguage":"en-US"}]}},"_links":{"self":[{"href":"https:\/\/www.stonecity.cz\/en\/wp-json\/wp\/v2\/product\/20110","targetHints":{"allow":["GET"]}}],"collection":[{"href":"https:\/\/www.stonecity.cz\/en\/wp-json\/wp\/v2\/product"}],"about":[{"href":"https:\/\/www.stonecity.cz\/en\/wp-json\/wp\/v2\/types\/product"}],"wp:featuredmedia":[{"embeddable":true,"href":"https:\/\/www.stonecity.cz\/en\/wp-json\/wp\/v2\/media\/20119"}],"wp:attachment":[{"href":"https:\/\/www.stonecity.cz\/en\/wp-json\/wp\/v2\/media?parent=20110"}],"wp:term":[{"taxonomy":"product_cat","embeddable":true,"href":"https:\/\/www.stonecity.cz\/en\/wp-json\/wp\/v2\/product_cat?post=20110"},{"taxonomy":"product_tag","embeddable":true,"href":"https:\/\/www.stonecity.cz\/en\/wp-json\/wp\/v2\/product_tag?post=20110"}],"curies":[{"name":"wp","href":"https:\/\/api.w.org\/{rel}","templated":true}]}}