{"id":20580,"date":"2026-04-17T15:15:19","date_gmt":"2026-04-17T13:15:19","guid":{"rendered":"https:\/\/www.stonecity.cz\/?post_type=product&#038;p=20580"},"modified":"2026-04-17T15:28:35","modified_gmt":"2026-04-17T13:28:35","slug":"granite-road-kerb-zl-obs-kopirovat","status":"publish","type":"product","link":"https:\/\/www.stonecity.cz\/en\/produkt\/granite-road-kerb-zl-obs-kopirovat\/","title":{"rendered":"Granite road kerb ZL-OBS (Kop\u00edrovat)"},"content":{"rendered":"<p>Granite road kerb with all sides cut, top sloping tanned. Timeless-durability-strength: granite pavers generally boast timeless elegance, exceptional strength and architectural versatility for use in any historic or contemporary design trend. These pavements and materials have surrounded us for hundreds of years. Installation in concrete. Use: exterior Hardy : YES<\/p>\n<p><img loading=\"lazy\" decoding=\"async\" class=\"alignnone size-full wp-image-18695\" src=\"https:\/\/www.stonecity.cz\/wp-content\/uploads\/2024\/11\/bordenstein.jpg\" alt=\"\" width=\"297\" height=\"263\"><\/p>\n<p>&nbsp;<\/p>\n<p>&nbsp;<\/p>\n<p>&nbsp;<\/p>\n<p>&nbsp;<\/p>\n<p>&nbsp;<\/p>\n","protected":false},"excerpt":{"rendered":"<p>Granite road kerb with all sides cut, top sloping tanned. Timeless-durability-strength: granite pavers generally boast timeless elegance, exceptional strength and architectural versatility for use in any historic or contemporary design trend. These pavements and materials have surrounded us for hundreds of years. Installation in concrete. Use: exterior Hardy : YES &nbsp; &nbsp; &nbsp; &nbsp; &nbsp;<\/p>\n","protected":false},"featured_media":20601,"template":"","meta":[],"product_cat":[3172,1916,2062],"product_tag":[1744,1746,1752,1747,1751],"class_list":{"0":"post-20580","1":"product","2":"type-product","3":"status-publish","4":"has-post-thumbnail","6":"product_cat-parapets-stairs-pool-edging","7":"product_cat-pavements","8":"product_cat-accessories","9":"product_tag-suitable-for-outdoors","10":"product_tag-suitable-for-the-bathroom","11":"product_tag-suitable-for-the-garden-en","12":"product_tag-suitable-for-the-kitchen","13":"product_tag-suitable-for-the-terrace","14":"pa_baleni-box-22m2","16":"first","17":"onbackorder","18":"purchasable","19":"product-type-simple"},"yoast_head":"<!-- This site is optimized with the Yoast SEO plugin v26.8 - https:\/\/yoast.com\/product\/yoast-seo-wordpress\/ -->\n<title>Granite road kerb ZL-OBS (Kop\u00edrovat) - Stonecity.cz<\/title>\n<meta name=\"robots\" content=\"index, follow, max-snippet:-1, max-image-preview:large, max-video-preview:-1\" \/>\n<link rel=\"canonical\" href=\"https:\/\/www.stonecity.cz\/en\/produkt\/granite-road-kerb-zl-obs-kopirovat\/\" \/>\n<meta property=\"og:locale\" content=\"en_US\" \/>\n<meta property=\"og:type\" content=\"article\" \/>\n<meta property=\"og:title\" content=\"Granite road kerb ZL-OBS (Kop\u00edrovat) - Stonecity.cz\" \/>\n<meta property=\"og:description\" content=\"Granite road kerb with all sides cut, top sloping tanned. Timeless-durability-strength: granite pavers generally boast timeless elegance, exceptional strength and architectural versatility for use in any historic or contemporary design trend. These pavements and materials have surrounded us for hundreds of years. Installation in concrete. Use: exterior Hardy : YES &nbsp; &nbsp; &nbsp; &nbsp; &nbsp;\" \/>\n<meta property=\"og:url\" content=\"https:\/\/www.stonecity.cz\/en\/produkt\/granite-road-kerb-zl-obs-kopirovat\/\" \/>\n<meta property=\"og:site_name\" content=\"Stonecity.cz\" \/>\n<meta property=\"article:modified_time\" content=\"2026-04-17T13:28:35+00:00\" \/>\n<meta property=\"og:image\" content=\"https:\/\/www.stonecity.cz\/wp-content\/uploads\/2026\/04\/obruba-scaled.jpg\" \/>\n\t<meta property=\"og:image:width\" content=\"2560\" \/>\n\t<meta property=\"og:image:height\" content=\"1920\" \/>\n\t<meta property=\"og:image:type\" content=\"image\/jpeg\" \/>\n<meta name=\"twitter:card\" content=\"summary_large_image\" \/>\n<script type=\"application\/ld+json\" class=\"yoast-schema-graph\">{\"@context\":\"https:\/\/schema.org\",\"@graph\":[{\"@type\":\"WebPage\",\"@id\":\"https:\/\/www.stonecity.cz\/en\/produkt\/granite-road-kerb-zl-obs-kopirovat\/\",\"url\":\"https:\/\/www.stonecity.cz\/en\/produkt\/granite-road-kerb-zl-obs-kopirovat\/\",\"name\":\"Granite road kerb ZL-OBS (Kop\u00edrovat) - Stonecity.cz\",\"isPartOf\":{\"@id\":\"https:\/\/www.stonecity.cz\/en\/#website\"},\"primaryImageOfPage\":{\"@id\":\"https:\/\/www.stonecity.cz\/en\/produkt\/granite-road-kerb-zl-obs-kopirovat\/#primaryimage\"},\"image\":{\"@id\":\"https:\/\/www.stonecity.cz\/en\/produkt\/granite-road-kerb-zl-obs-kopirovat\/#primaryimage\"},\"thumbnailUrl\":\"https:\/\/www.stonecity.cz\/wp-content\/uploads\/2026\/04\/obruba-scaled.jpg\",\"datePublished\":\"2026-04-17T13:15:19+00:00\",\"dateModified\":\"2026-04-17T13:28:35+00:00\",\"breadcrumb\":{\"@id\":\"https:\/\/www.stonecity.cz\/en\/produkt\/granite-road-kerb-zl-obs-kopirovat\/#breadcrumb\"},\"inLanguage\":\"en-US\",\"potentialAction\":[{\"@type\":\"ReadAction\",\"target\":[\"https:\/\/www.stonecity.cz\/en\/produkt\/granite-road-kerb-zl-obs-kopirovat\/\"]}]},{\"@type\":\"ImageObject\",\"inLanguage\":\"en-US\",\"@id\":\"https:\/\/www.stonecity.cz\/en\/produkt\/granite-road-kerb-zl-obs-kopirovat\/#primaryimage\",\"url\":\"https:\/\/www.stonecity.cz\/wp-content\/uploads\/2026\/04\/obruba-scaled.jpg\",\"contentUrl\":\"https:\/\/www.stonecity.cz\/wp-content\/uploads\/2026\/04\/obruba-scaled.jpg\",\"width\":2560,\"height\":1920},{\"@type\":\"BreadcrumbList\",\"@id\":\"https:\/\/www.stonecity.cz\/en\/produkt\/granite-road-kerb-zl-obs-kopirovat\/#breadcrumb\",\"itemListElement\":[{\"@type\":\"ListItem\",\"position\":1,\"name\":\"Dom\u016f\",\"item\":\"https:\/\/www.stonecity.cz\/en\/\"},{\"@type\":\"ListItem\",\"position\":2,\"name\":\"Shop\",\"item\":\"https:\/\/www.stonecity.cz\/en\/shop\/\"},{\"@type\":\"ListItem\",\"position\":3,\"name\":\"Granite road kerb ZL-OBS (Kop\u00edrovat)\"}]},{\"@type\":\"WebSite\",\"@id\":\"https:\/\/www.stonecity.cz\/en\/#website\",\"url\":\"https:\/\/www.stonecity.cz\/en\/\",\"name\":\"Stonecity.cz\",\"description\":\"Dla\u017eba, obklady, um\u011bl\u00fd i p\u0159\u00edrodn\u00ed k\u00e1men\",\"potentialAction\":[{\"@type\":\"SearchAction\",\"target\":{\"@type\":\"EntryPoint\",\"urlTemplate\":\"https:\/\/www.stonecity.cz\/en\/?s={search_term_string}\"},\"query-input\":{\"@type\":\"PropertyValueSpecification\",\"valueRequired\":true,\"valueName\":\"search_term_string\"}}],\"inLanguage\":\"en-US\"}]}<\/script>\n<!-- \/ Yoast SEO plugin. -->","yoast_head_json":{"title":"Granite road kerb ZL-OBS (Kop\u00edrovat) - Stonecity.cz","robots":{"index":"index","follow":"follow","max-snippet":"max-snippet:-1","max-image-preview":"max-image-preview:large","max-video-preview":"max-video-preview:-1"},"canonical":"https:\/\/www.stonecity.cz\/en\/produkt\/granite-road-kerb-zl-obs-kopirovat\/","og_locale":"en_US","og_type":"article","og_title":"Granite road kerb ZL-OBS (Kop\u00edrovat) - Stonecity.cz","og_description":"Granite road kerb with all sides cut, top sloping tanned. Timeless-durability-strength: granite pavers generally boast timeless elegance, exceptional strength and architectural versatility for use in any historic or contemporary design trend. These pavements and materials have surrounded us for hundreds of years. Installation in concrete. Use: exterior Hardy : YES &nbsp; &nbsp; &nbsp; &nbsp; &nbsp;","og_url":"https:\/\/www.stonecity.cz\/en\/produkt\/granite-road-kerb-zl-obs-kopirovat\/","og_site_name":"Stonecity.cz","article_modified_time":"2026-04-17T13:28:35+00:00","og_image":[{"width":2560,"height":1920,"url":"https:\/\/www.stonecity.cz\/wp-content\/uploads\/2026\/04\/obruba-scaled.jpg","type":"image\/jpeg"}],"twitter_card":"summary_large_image","schema":{"@context":"https:\/\/schema.org","@graph":[{"@type":"WebPage","@id":"https:\/\/www.stonecity.cz\/en\/produkt\/granite-road-kerb-zl-obs-kopirovat\/","url":"https:\/\/www.stonecity.cz\/en\/produkt\/granite-road-kerb-zl-obs-kopirovat\/","name":"Granite road kerb ZL-OBS (Kop\u00edrovat) - Stonecity.cz","isPartOf":{"@id":"https:\/\/www.stonecity.cz\/en\/#website"},"primaryImageOfPage":{"@id":"https:\/\/www.stonecity.cz\/en\/produkt\/granite-road-kerb-zl-obs-kopirovat\/#primaryimage"},"image":{"@id":"https:\/\/www.stonecity.cz\/en\/produkt\/granite-road-kerb-zl-obs-kopirovat\/#primaryimage"},"thumbnailUrl":"https:\/\/www.stonecity.cz\/wp-content\/uploads\/2026\/04\/obruba-scaled.jpg","datePublished":"2026-04-17T13:15:19+00:00","dateModified":"2026-04-17T13:28:35+00:00","breadcrumb":{"@id":"https:\/\/www.stonecity.cz\/en\/produkt\/granite-road-kerb-zl-obs-kopirovat\/#breadcrumb"},"inLanguage":"en-US","potentialAction":[{"@type":"ReadAction","target":["https:\/\/www.stonecity.cz\/en\/produkt\/granite-road-kerb-zl-obs-kopirovat\/"]}]},{"@type":"ImageObject","inLanguage":"en-US","@id":"https:\/\/www.stonecity.cz\/en\/produkt\/granite-road-kerb-zl-obs-kopirovat\/#primaryimage","url":"https:\/\/www.stonecity.cz\/wp-content\/uploads\/2026\/04\/obruba-scaled.jpg","contentUrl":"https:\/\/www.stonecity.cz\/wp-content\/uploads\/2026\/04\/obruba-scaled.jpg","width":2560,"height":1920},{"@type":"BreadcrumbList","@id":"https:\/\/www.stonecity.cz\/en\/produkt\/granite-road-kerb-zl-obs-kopirovat\/#breadcrumb","itemListElement":[{"@type":"ListItem","position":1,"name":"Dom\u016f","item":"https:\/\/www.stonecity.cz\/en\/"},{"@type":"ListItem","position":2,"name":"Shop","item":"https:\/\/www.stonecity.cz\/en\/shop\/"},{"@type":"ListItem","position":3,"name":"Granite road kerb ZL-OBS (Kop\u00edrovat)"}]},{"@type":"WebSite","@id":"https:\/\/www.stonecity.cz\/en\/#website","url":"https:\/\/www.stonecity.cz\/en\/","name":"Stonecity.cz","description":"Dla\u017eba, obklady, um\u011bl\u00fd i p\u0159\u00edrodn\u00ed k\u00e1men","potentialAction":[{"@type":"SearchAction","target":{"@type":"EntryPoint","urlTemplate":"https:\/\/www.stonecity.cz\/en\/?s={search_term_string}"},"query-input":{"@type":"PropertyValueSpecification","valueRequired":true,"valueName":"search_term_string"}}],"inLanguage":"en-US"}]}},"_links":{"self":[{"href":"https:\/\/www.stonecity.cz\/en\/wp-json\/wp\/v2\/product\/20580","targetHints":{"allow":["GET"]}}],"collection":[{"href":"https:\/\/www.stonecity.cz\/en\/wp-json\/wp\/v2\/product"}],"about":[{"href":"https:\/\/www.stonecity.cz\/en\/wp-json\/wp\/v2\/types\/product"}],"wp:featuredmedia":[{"embeddable":true,"href":"https:\/\/www.stonecity.cz\/en\/wp-json\/wp\/v2\/media\/20601"}],"wp:attachment":[{"href":"https:\/\/www.stonecity.cz\/en\/wp-json\/wp\/v2\/media?parent=20580"}],"wp:term":[{"taxonomy":"product_cat","embeddable":true,"href":"https:\/\/www.stonecity.cz\/en\/wp-json\/wp\/v2\/product_cat?post=20580"},{"taxonomy":"product_tag","embeddable":true,"href":"https:\/\/www.stonecity.cz\/en\/wp-json\/wp\/v2\/product_tag?post=20580"}],"curies":[{"name":"wp","href":"https:\/\/api.w.org\/{rel}","templated":true}]}}