{"id":3177,"date":"2020-05-21T14:33:13","date_gmt":"2020-05-21T12:33:13","guid":{"rendered":"http:\/\/www.stonecity.cz\/product\/porfyr-dlazebni-desky-standart-por-19\/"},"modified":"2025-07-09T16:29:32","modified_gmt":"2025-07-09T14:29:32","slug":"porfyr-dlazebni-desky-standart-por-19","status":"publish","type":"product","link":"https:\/\/www.stonecity.cz\/en\/produkt\/porfyr-dlazebni-desky-standart-por-19\/","title":{"rendered":"Porf\u00fdr &#8211; dla\u017eebn\u00ed desky Standard POR-19"},"content":{"rendered":"<p>Porfyr je vyv\u0159el\u00e1 hornina obsahuj\u00edc\u00ed velk\u00e9 krystaly &#8211; nejb\u011b\u017en\u011bji \u017eivce, nebo k\u0159emen.<br \/>\nVelmi vhodn\u00fd na terasy, p\u0159\u00edjezdov\u00e9 cesty, n\u00e1m\u011bst\u00ed i interi\u00e9ry &#8211; pochoz\u00ed i pojezdov\u00fd 3,5 tun.<\/p>\n<p>Mrazuvzdorn\u00fd.<\/p>\n<p><a href=\"https:\/\/www.stonecity.cz\/wp-content\/uploads\/2020\/05\/Protiskluznost.pdf\"><em><strong>Protiskluznost<\/strong><\/em><\/a><\/p>\n<p><em><strong><a href=\"https:\/\/www.stonecity.cz\/wp-content\/uploads\/2020\/05\/Pevnost-v-ohybu.pdf\">Pevnost v ohybu<\/a><\/strong><\/em><\/p>\n<p><em><strong><a href=\"https:\/\/www.stonecity.cz\/wp-content\/uploads\/2020\/05\/Absorpce-vody.pdf\">Absorpce vody<\/a><\/strong><\/em><\/p>\n<p>&nbsp;<\/p>\n","protected":false},"excerpt":{"rendered":"<p>Porfyr je vyv\u0159el\u00e1 hornina obsahuj\u00edc\u00ed velk\u00e9 krystaly &#8211; nejb\u011b\u017en\u011bji \u017eivce, nebo k\u0159emen. Velmi vhodn\u00fd na terasy, p\u0159\u00edjezdov\u00e9 cesty, n\u00e1m\u011bst\u00ed i interi\u00e9ry &#8211; pochoz\u00ed i pojezdov\u00fd 3,5 tun. Mrazuvzdorn\u00fd. Protiskluznost Pevnost v ohybu Absorpce vody &nbsp;<\/p>\n","protected":false},"featured_media":2660,"template":"","meta":[],"product_cat":[1126,1166,1178],"product_tag":[1157,1163,1181],"class_list":{"0":"post-3177","1":"product","2":"type-product","3":"status-publish","4":"has-post-thumbnail","6":"product_cat-dlazby","7":"product_cat-prirodni-kamen-dlazby","8":"product_cat-porfyr-prirodni-kamen-dlazby","9":"product_tag-vhodne-do-exterieru","10":"product_tag-vhodne-na-terasu","11":"product_tag-vhodne-na-zahradu","12":"pa_baleni-nevratna-paleta-cca-15-m2","13":"pa_sirka-10-cm","14":"pa_sirka-15-cm","15":"pa_sirka-20-cm","16":"pa_sirka-25-cm","17":"pa_sirka-30-cm","18":"pa_sirka-35-cm","19":"pa_tloustka-2-6-cm","21":"first","22":"instock","23":"purchasable","24":"product-type-variable"},"yoast_head":"<!-- This site is optimized with the Yoast SEO plugin v26.8 - https:\/\/yoast.com\/product\/yoast-seo-wordpress\/ -->\n<title>Porf\u00fdr - dla\u017eebn\u00ed desky Standard POR-19 - Stonecity.cz<\/title>\n<meta name=\"robots\" content=\"index, follow, max-snippet:-1, max-image-preview:large, max-video-preview:-1\" \/>\n<link rel=\"canonical\" href=\"https:\/\/www.stonecity.cz\/en\/produkt\/porfyr-dlazebni-desky-standart-por-19\/\" \/>\n<meta property=\"og:locale\" content=\"en_US\" \/>\n<meta property=\"og:type\" content=\"article\" \/>\n<meta property=\"og:title\" content=\"Porf\u00fdr - dla\u017eebn\u00ed desky Standard POR-19 - Stonecity.cz\" \/>\n<meta property=\"og:description\" content=\"Porfyr je vyv\u0159el\u00e1 hornina obsahuj\u00edc\u00ed velk\u00e9 krystaly &#8211; nejb\u011b\u017en\u011bji \u017eivce, nebo k\u0159emen. Velmi vhodn\u00fd na terasy, p\u0159\u00edjezdov\u00e9 cesty, n\u00e1m\u011bst\u00ed i interi\u00e9ry &#8211; pochoz\u00ed i pojezdov\u00fd 3,5 tun. Mrazuvzdorn\u00fd. Protiskluznost Pevnost v ohybu Absorpce vody &nbsp;\" \/>\n<meta property=\"og:url\" content=\"https:\/\/www.stonecity.cz\/en\/produkt\/porfyr-dlazebni-desky-standart-por-19\/\" \/>\n<meta property=\"og:site_name\" content=\"Stonecity.cz\" \/>\n<meta property=\"article:modified_time\" content=\"2025-07-09T14:29:32+00:00\" \/>\n<meta property=\"og:image\" content=\"https:\/\/www.stonecity.cz\/wp-content\/uploads\/2020\/05\/por-03-3-5.jpeg\" \/>\n\t<meta property=\"og:image:width\" content=\"675\" \/>\n\t<meta property=\"og:image:height\" content=\"522\" \/>\n\t<meta property=\"og:image:type\" content=\"image\/jpeg\" \/>\n<meta name=\"twitter:card\" content=\"summary_large_image\" \/>\n<meta name=\"twitter:label1\" content=\"Est. reading time\" \/>\n\t<meta name=\"twitter:data1\" content=\"1 minute\" \/>\n<script type=\"application\/ld+json\" class=\"yoast-schema-graph\">{\"@context\":\"https:\/\/schema.org\",\"@graph\":[{\"@type\":\"WebPage\",\"@id\":\"https:\/\/www.stonecity.cz\/en\/produkt\/porfyr-dlazebni-desky-standart-por-19\/\",\"url\":\"https:\/\/www.stonecity.cz\/en\/produkt\/porfyr-dlazebni-desky-standart-por-19\/\",\"name\":\"Porf\u00fdr - dla\u017eebn\u00ed desky Standard POR-19 - Stonecity.cz\",\"isPartOf\":{\"@id\":\"https:\/\/www.stonecity.cz\/en\/#website\"},\"primaryImageOfPage\":{\"@id\":\"https:\/\/www.stonecity.cz\/en\/produkt\/porfyr-dlazebni-desky-standart-por-19\/#primaryimage\"},\"image\":{\"@id\":\"https:\/\/www.stonecity.cz\/en\/produkt\/porfyr-dlazebni-desky-standart-por-19\/#primaryimage\"},\"thumbnailUrl\":\"https:\/\/www.stonecity.cz\/wp-content\/uploads\/2020\/05\/por-03-3-5.jpeg\",\"datePublished\":\"2020-05-21T12:33:13+00:00\",\"dateModified\":\"2025-07-09T14:29:32+00:00\",\"breadcrumb\":{\"@id\":\"https:\/\/www.stonecity.cz\/en\/produkt\/porfyr-dlazebni-desky-standart-por-19\/#breadcrumb\"},\"inLanguage\":\"en-US\",\"potentialAction\":[{\"@type\":\"ReadAction\",\"target\":[\"https:\/\/www.stonecity.cz\/en\/produkt\/porfyr-dlazebni-desky-standart-por-19\/\"]}]},{\"@type\":\"ImageObject\",\"inLanguage\":\"en-US\",\"@id\":\"https:\/\/www.stonecity.cz\/en\/produkt\/porfyr-dlazebni-desky-standart-por-19\/#primaryimage\",\"url\":\"https:\/\/www.stonecity.cz\/wp-content\/uploads\/2020\/05\/por-03-3-5.jpeg\",\"contentUrl\":\"https:\/\/www.stonecity.cz\/wp-content\/uploads\/2020\/05\/por-03-3-5.jpeg\",\"width\":675,\"height\":522},{\"@type\":\"BreadcrumbList\",\"@id\":\"https:\/\/www.stonecity.cz\/en\/produkt\/porfyr-dlazebni-desky-standart-por-19\/#breadcrumb\",\"itemListElement\":[{\"@type\":\"ListItem\",\"position\":1,\"name\":\"Dom\u016f\",\"item\":\"https:\/\/www.stonecity.cz\/en\/\"},{\"@type\":\"ListItem\",\"position\":2,\"name\":\"Shop\",\"item\":\"https:\/\/www.stonecity.cz\/en\/shop\/\"},{\"@type\":\"ListItem\",\"position\":3,\"name\":\"Porf\u00fdr &#8211; dla\u017eebn\u00ed desky Standard POR-19\"}]},{\"@type\":\"WebSite\",\"@id\":\"https:\/\/www.stonecity.cz\/en\/#website\",\"url\":\"https:\/\/www.stonecity.cz\/en\/\",\"name\":\"Stonecity.cz\",\"description\":\"Dla\u017eba, obklady, um\u011bl\u00fd i p\u0159\u00edrodn\u00ed k\u00e1men\",\"potentialAction\":[{\"@type\":\"SearchAction\",\"target\":{\"@type\":\"EntryPoint\",\"urlTemplate\":\"https:\/\/www.stonecity.cz\/en\/?s={search_term_string}\"},\"query-input\":{\"@type\":\"PropertyValueSpecification\",\"valueRequired\":true,\"valueName\":\"search_term_string\"}}],\"inLanguage\":\"en-US\"}]}<\/script>\n<!-- \/ Yoast SEO plugin. -->","yoast_head_json":{"title":"Porf\u00fdr - dla\u017eebn\u00ed desky Standard POR-19 - Stonecity.cz","robots":{"index":"index","follow":"follow","max-snippet":"max-snippet:-1","max-image-preview":"max-image-preview:large","max-video-preview":"max-video-preview:-1"},"canonical":"https:\/\/www.stonecity.cz\/en\/produkt\/porfyr-dlazebni-desky-standart-por-19\/","og_locale":"en_US","og_type":"article","og_title":"Porf\u00fdr - dla\u017eebn\u00ed desky Standard POR-19 - Stonecity.cz","og_description":"Porfyr je vyv\u0159el\u00e1 hornina obsahuj\u00edc\u00ed velk\u00e9 krystaly &#8211; nejb\u011b\u017en\u011bji \u017eivce, nebo k\u0159emen. Velmi vhodn\u00fd na terasy, p\u0159\u00edjezdov\u00e9 cesty, n\u00e1m\u011bst\u00ed i interi\u00e9ry &#8211; pochoz\u00ed i pojezdov\u00fd 3,5 tun. Mrazuvzdorn\u00fd. Protiskluznost Pevnost v ohybu Absorpce vody &nbsp;","og_url":"https:\/\/www.stonecity.cz\/en\/produkt\/porfyr-dlazebni-desky-standart-por-19\/","og_site_name":"Stonecity.cz","article_modified_time":"2025-07-09T14:29:32+00:00","og_image":[{"width":675,"height":522,"url":"https:\/\/www.stonecity.cz\/wp-content\/uploads\/2020\/05\/por-03-3-5.jpeg","type":"image\/jpeg"}],"twitter_card":"summary_large_image","twitter_misc":{"Est. reading time":"1 minute"},"schema":{"@context":"https:\/\/schema.org","@graph":[{"@type":"WebPage","@id":"https:\/\/www.stonecity.cz\/en\/produkt\/porfyr-dlazebni-desky-standart-por-19\/","url":"https:\/\/www.stonecity.cz\/en\/produkt\/porfyr-dlazebni-desky-standart-por-19\/","name":"Porf\u00fdr - dla\u017eebn\u00ed desky Standard POR-19 - Stonecity.cz","isPartOf":{"@id":"https:\/\/www.stonecity.cz\/en\/#website"},"primaryImageOfPage":{"@id":"https:\/\/www.stonecity.cz\/en\/produkt\/porfyr-dlazebni-desky-standart-por-19\/#primaryimage"},"image":{"@id":"https:\/\/www.stonecity.cz\/en\/produkt\/porfyr-dlazebni-desky-standart-por-19\/#primaryimage"},"thumbnailUrl":"https:\/\/www.stonecity.cz\/wp-content\/uploads\/2020\/05\/por-03-3-5.jpeg","datePublished":"2020-05-21T12:33:13+00:00","dateModified":"2025-07-09T14:29:32+00:00","breadcrumb":{"@id":"https:\/\/www.stonecity.cz\/en\/produkt\/porfyr-dlazebni-desky-standart-por-19\/#breadcrumb"},"inLanguage":"en-US","potentialAction":[{"@type":"ReadAction","target":["https:\/\/www.stonecity.cz\/en\/produkt\/porfyr-dlazebni-desky-standart-por-19\/"]}]},{"@type":"ImageObject","inLanguage":"en-US","@id":"https:\/\/www.stonecity.cz\/en\/produkt\/porfyr-dlazebni-desky-standart-por-19\/#primaryimage","url":"https:\/\/www.stonecity.cz\/wp-content\/uploads\/2020\/05\/por-03-3-5.jpeg","contentUrl":"https:\/\/www.stonecity.cz\/wp-content\/uploads\/2020\/05\/por-03-3-5.jpeg","width":675,"height":522},{"@type":"BreadcrumbList","@id":"https:\/\/www.stonecity.cz\/en\/produkt\/porfyr-dlazebni-desky-standart-por-19\/#breadcrumb","itemListElement":[{"@type":"ListItem","position":1,"name":"Dom\u016f","item":"https:\/\/www.stonecity.cz\/en\/"},{"@type":"ListItem","position":2,"name":"Shop","item":"https:\/\/www.stonecity.cz\/en\/shop\/"},{"@type":"ListItem","position":3,"name":"Porf\u00fdr &#8211; dla\u017eebn\u00ed desky Standard POR-19"}]},{"@type":"WebSite","@id":"https:\/\/www.stonecity.cz\/en\/#website","url":"https:\/\/www.stonecity.cz\/en\/","name":"Stonecity.cz","description":"Dla\u017eba, obklady, um\u011bl\u00fd i p\u0159\u00edrodn\u00ed k\u00e1men","potentialAction":[{"@type":"SearchAction","target":{"@type":"EntryPoint","urlTemplate":"https:\/\/www.stonecity.cz\/en\/?s={search_term_string}"},"query-input":{"@type":"PropertyValueSpecification","valueRequired":true,"valueName":"search_term_string"}}],"inLanguage":"en-US"}]}},"_links":{"self":[{"href":"https:\/\/www.stonecity.cz\/en\/wp-json\/wp\/v2\/product\/3177","targetHints":{"allow":["GET"]}}],"collection":[{"href":"https:\/\/www.stonecity.cz\/en\/wp-json\/wp\/v2\/product"}],"about":[{"href":"https:\/\/www.stonecity.cz\/en\/wp-json\/wp\/v2\/types\/product"}],"wp:featuredmedia":[{"embeddable":true,"href":"https:\/\/www.stonecity.cz\/en\/wp-json\/wp\/v2\/media\/2660"}],"wp:attachment":[{"href":"https:\/\/www.stonecity.cz\/en\/wp-json\/wp\/v2\/media?parent=3177"}],"wp:term":[{"taxonomy":"product_cat","embeddable":true,"href":"https:\/\/www.stonecity.cz\/en\/wp-json\/wp\/v2\/product_cat?post=3177"},{"taxonomy":"product_tag","embeddable":true,"href":"https:\/\/www.stonecity.cz\/en\/wp-json\/wp\/v2\/product_tag?post=3177"}],"curies":[{"name":"wp","href":"https:\/\/api.w.org\/{rel}","templated":true}]}}